{"id":7078,"date":"2026-01-09T12:22:30","date_gmt":"2026-01-09T11:22:30","guid":{"rendered":"https:\/\/www.horn-wzm.de\/shop\/unkategorisiert\/hardinge-gt27sp-gg-121_fanuc_fmb-unirobot-cnc-drehmaschine-bj-2013-_intnr231461\/"},"modified":"2026-01-09T12:22:30","modified_gmt":"2026-01-09T11:22:30","slug":"hardinge-gt27sp-gg-121_fanuc_fmb-unirobot-cnc-lathe-year-2013-_intnr231461","status":"publish","type":"product","link":"https:\/\/www.horn-wzm.de\/ru\/shop\/cnc-drehmaschinen-0-199mm-drehd\/hardinge-gt27sp-gg-121_fanuc_fmb-unirobot-cnc-drehmaschine-bj-2013-_intnr231461\/","title":{"rendered":"\u0422\u043e\u043a\u0430\u0440\u043d\u044b\u0439 \u0441\u0442\u0430\u043d\u043e\u043a \u0441 \u0427\u041f\u0423 HARDINGE GT27SP GG-121_Fanuc_FMB Unirobot \u0433\u043e\u0434 \u0432\u044b\u043f\u0443\u0441\u043a\u0430 2013 _IntNo231461"},"content":{"rendered":"<p><b>\u0420\u0430\u0441\u043f\u043e\u043b\u043e\u0436\u0435\u043d\u0438\u0435:<\/b> \u0413\u0435\u0440\u043c\u0430\u043d\u0438\u044f, \u0411\u0430\u0434\u0435\u043d-\u0412\u044e\u0440\u0442\u0435\u043c\u0431\u0435\u0440\u0433, \u044e\u0433\u043e-\u0437\u0430\u043f\u0430\u0434<\/p>\n<p><b>Zustand:<\/b> \u041f\u043e\u0434\u0435\u0440\u0436\u0430\u043d\u043d\u044b\u0435<\/p>\n<p><b>Hersteller:<\/b> Hardinge<\/p>\n<p><b>Modell:<\/b> Hardinge<\/p>\n<p><b>\u0413\u043e\u0434 \u043f\u043e\u0441\u0442\u0440\u043e\u0439\u043a\u0438:<\/b> 2013<\/p>\n<p><b>\u0427\u0430\u0441\u044b \u0440\u0430\u0431\u043e\u0442\u044b:<\/b> 59861<\/p>\n<p>\u041d\u0430\u0437\u043d\u0430\u0447\u0435\u043d\u0438\u0435 \u0441\u0442\u0430\u043d\u043a\u0430: \u043a\u043e\u0440\u043e\u0442\u043a\u043e\u0444\u043e\u043a\u0443\u0441\u043d\u044b\u0439 \u0442\u043e\u043a\u0430\u0440\u043d\u044b\u0439 \u0441\u0442\u0430\u043d\u043e\u043a \u0441 \u0427\u041f\u0423<br \/>\n\u041f\u0440\u043e\u0438\u0437\u0432\u043e\u0434\u0438\u0442\u0435\u043b\u044c: Hardinge<br \/>\n\u041c\u043e\u0434\u0435\u043b\u044c: GT27SP GG-121<br \/>\n\u0413\u043e\u0434 \u043f\u043e\u0441\u0442\u0440\u043e\u0439\u043a\u0438: 2013<br \/>\n\u0421\u0438\u0441\u0442\u0435\u043c\u0430 \u0443\u043f\u0440\u0430\u0432\u043b\u0435\u043d\u0438\u044f: Fanuc 32i A<br \/>\n\u0424\u0443\u043d\u043a\u0446\u0438\u043e\u043d\u0430\u043b\u044c\u043d\u043e\u0441\u0442\u044c: \u043f\u043e\u043b\u043d\u043e\u0441\u0442\u044c\u044e \u0444\u0443\u043d\u043a\u0446\u0438\u043e\u043d\u0430\u043b\u044c\u043d\u0430<br \/>\n\u0412\u0440\u0435\u043c\u044f \u0440\u0430\u0431\u043e\u0442\u044b: \u043e\u043a\u043e\u043b\u043e 60 000 \u0447\u0430\u0441\u043e\u0432<\/p>\n<p>Technische Daten<br \/>\n\u041e\u0442\u0432\u0435\u0440\u0441\u0442\u0438\u0435 \u0448\u043f\u0438\u043d\u0434\u0435\u043b\u044f: \u00d8 27 \u043c\u043c<br \/>\n\u0414\u0435\u0440\u0436\u0430\u0442\u0435\u043b\u044c \u0448\u043f\u0438\u043d\u0434\u0435\u043b\u044f: A2-5<br \/>\n\u041f\u0430\u0442\u0440\u043e\u043d \u043c\u0430\u043a\u0441. 80 \u043c\u043c<br \/>\n\u041c\u0430\u043a\u0441. \u0421\u043a\u043e\u0440\u043e\u0441\u0442\u044c \u0432\u0440\u0430\u0449\u0435\u043d\u0438\u044f \u0448\u043f\u0438\u043d\u0434\u0435\u043b\u044f: 6 000 \u043c\u0438\u043d-\u00b9<br \/>\n\u041e\u0441\u044c X: 607 \u043c\u043c<br \/>\n\u041e\u0441\u044c Z: 286 \u043c\u043c<\/p>\n<p>\u0421\u0438\u0441\u0442\u0435\u043c\u0430 \u043e\u0445\u043b\u0430\u0436\u0434\u0435\u043d\u0438\u044f<\/p>\n<p>\u0421\u0438\u0441\u0442\u0435\u043c\u0430 \u0437\u0430\u0433\u0440\u0443\u0437\u043a\u0438 \u0438 \u0440\u0430\u0437\u0433\u0440\u0443\u0437\u043a\u0438 FMB MH5LS-SP \/ 5 \u043f\u043e\u0434\u0434\u043e\u043d\u043e\u0432 \u0434\u043b\u044f \u0437\u0430\u0433\u043e\u0442\u043e\u0432\u043e\u043a, \u0434\u0432\u043e\u0439\u043d\u043e\u0439 \u0437\u0430\u0445\u0432\u0430\u0442<br \/>\n\u0410\u043a\u0441\u0435\u0441\u0441\u0443\u0430\u0440\u044b \/ \u0418\u043d\u0441\u0442\u0440\u0443\u043c\u0435\u043d\u0442\u044b \/ \u0420\u0443\u043a\u043e\u0432\u043e\u0434\u0441\u0442\u0432\u0430<\/p>\n<p>\u0412\u0435\u0441 \u0438 \u0440\u0430\u0437\u043c\u0435\u0440\u044b \u043c\u0430\u0448\u0438\u043d\u044b<br \/>\n\u0420\u0430\u0437\u043c\u0435\u0440\u044b \u043c\u0430\u0448\u0438\u043d\u044b: \u043e\u043a. 1850 \u00d7 1750 \u00d7 1750 \u043c\u043c<br \/>\n\u0412\u0435\u0441 \u043c\u0430\u0448\u0438\u043d\u044b: \u043e\u043a. 2100 \u043a\u0433<\/p>\n<p>\u0412\u0435\u0441 \u0438 \u0440\u0430\u0437\u043c\u0435\u0440\u044b \u0421\u0438\u0441\u0442\u0435\u043c\u0430 \u043f\u043e\u0433\u0440\u0443\u0437\u043a\u0438 \u0438 \u0440\u0430\u0437\u0433\u0440\u0443\u0437\u043a\u0438<br \/>\n\u0420\u0430\u0437\u043c\u0435\u0440\u044b \u043c\u0430\u0448\u0438\u043d\u044b: \u043e\u043a. 1900 \u00d7 950 \u00d7 2000 \u043c\u043c<br \/>\n\u0412\u0435\u0441 \u043c\u0430\u0448\u0438\u043d\u044b: \u043e\u043a. 1000 \u043a\u0433<\/p>\n<p>\u0412\u0435\u0441 \u0438 \u0440\u0430\u0437\u043c\u0435\u0440\u044b \u0441\u0438\u0441\u0442\u0435\u043c\u044b \u043e\u0445\u043b\u0430\u0436\u0434\u0435\u043d\u0438\u044f<br \/>\n\u0420\u0430\u0437\u043c\u0435\u0440\u044b \u043c\u0430\u0448\u0438\u043d\u044b: \u043e\u043a. 1500 \u00d7 800 \u00d7 1100 \u043c\u043c<br \/>\n\u0412\u0435\u0441 \u043c\u0430\u0448\u0438\u043d\u044b: \u043e\u043a. 250 \u043a\u0433<\/p>\n<p>\u041c\u0430\u0448\u0438\u043d\u0430 \u043f\u043e\u043b\u043d\u043e\u0441\u0442\u044c\u044e \u0438\u0441\u043f\u0440\u0430\u0432\u043d\u0430 \u0438 \u043d\u0430\u0445\u043e\u0434\u0438\u0442\u0441\u044f \u0432 \u0445\u043e\u0440\u043e\u0448\u0435\u043c \u0441\u043e\u0441\u0442\u043e\u044f\u043d\u0438\u0438.<br \/>\n\u0414\u043b\u044f \u043f\u043e\u043b\u0443\u0447\u0435\u043d\u0438\u044f \u0434\u043e\u043f\u043e\u043b\u043d\u0438\u0442\u0435\u043b\u044c\u043d\u043e\u0439 \u0438\u043d\u0444\u043e\u0440\u043c\u0430\u0446\u0438\u0438 \u0438\u043b\u0438 \u043f\u0440\u043e\u0441\u043c\u043e\u0442\u0440\u0430 \u043f\u043e\u0434 \u043d\u0430\u043f\u0440\u044f\u0436\u0435\u043d\u0438\u0435\u043c, \u043f\u043e\u0436\u0430\u043b\u0443\u0439\u0441\u0442\u0430, \u0441\u0432\u044f\u0436\u0438\u0442\u0435\u0441\u044c \u0441 \u043d\u0430\u043c\u0438.<br \/>\n\u0412\u043e\u0437\u043c\u043e\u0436\u043d\u044b \u0438\u0437\u043c\u0435\u043d\u0435\u043d\u0438\u044f \u0438 \u043e\u0448\u0438\u0431\u043a\u0438 \u0432 \u0442\u0435\u0445\u043d\u0438\u0447\u0435\u0441\u043a\u0438\u0445 \u0434\u0430\u043d\u043d\u044b\u0445 \u0438 \u0441\u043f\u0435\u0446\u0438\u0444\u0438\u043a\u0430\u0446\u0438\u044f\u0445, \u0430 \u0442\u0430\u043a\u0436\u0435 \u043f\u0440\u0435\u0434\u0432\u0430\u0440\u0438\u0442\u0435\u043b\u044c\u043d\u0430\u044f \u043f\u0440\u043e\u0434\u0430\u0436\u0430!<\/p>\n<p>\u0422\u0438\u043f \u0441\u0442\u0430\u043d\u043a\u0430: \u0422\u043e\u043a\u0430\u0440\u043d\u044b\u0439 \u0441\u0442\u0430\u043d\u043e\u043a \u0441 \u0427\u041f\u0423<br \/>\n\u041f\u0440\u043e\u0438\u0437\u0432\u043e\u0434\u0438\u0442\u0435\u043b\u044c: Hardinge<br \/>\n\u041c\u043e\u0434\u0435\u043b\u044c: GT27SP GG-121<br \/>\n\u0413\u043e\u0434 \u043f\u0440\u043e\u0438\u0437\u0432\u043e\u0434\u0441\u0442\u0432\u0430: 2013<br \/>\n\u0423\u043f\u0440\u0430\u0432\u043b\u0435\u043d\u0438\u0435: Fanuc 32i A<br \/>\n\u041e\u043f\u0435\u0440\u0430\u0442\u0438\u0432\u043d\u044b\u0439 \u0441\u0442\u0430\u0442\u0443\u0441: \u043f\u043e\u043b\u043d\u043e\u0441\u0442\u044c\u044e \u0433\u043e\u0442\u043e\u0432 \u043a \u0440\u0430\u0431\u043e\u0442\u0435<br \/>\n\u0412\u0440\u0435\u043c\u044f \u0440\u0430\u0431\u043e\u0442\u044b: \u043e\u043a\u043e\u043b\u043e 60 000 \u0447\u0430\u0441\u043e\u0432<\/p>\n<p>\u0422\u0435\u0445\u043d\u0438\u0447\u0435\u0441\u043a\u0438\u0435 \u0434\u0430\u043d\u043d\u044b\u0435<\/p>\n<p>\u041e\u0442\u0432\u0435\u0440\u0441\u0442\u0438\u0435 \u0448\u043f\u0438\u043d\u0434\u0435\u043b\u044f: \u00d8 27 \u043c\u043c<\/p>\n<p>\u041d\u043e\u0441\u0438\u043a \u0448\u043f\u0438\u043d\u0434\u0435\u043b\u044f: A2-5<\/p>\n<p>\u041e\u0431\u044a\u0435\u043c \u043f\u0430\u0442\u0440\u043e\u043d\u0430: \u043c\u0430\u043a\u0441. 80 \u043c\u043c<\/p>\n<p>\u041c\u0430\u043a\u0441\u0438\u043c\u0430\u043b\u044c\u043d\u0430\u044f \u0441\u043a\u043e\u0440\u043e\u0441\u0442\u044c \u0432\u0440\u0430\u0449\u0435\u043d\u0438\u044f \u0448\u043f\u0438\u043d\u0434\u0435\u043b\u044f: 6 000 \u043e\u0431\/\u043c\u0438\u043d<\/p>\n<p>\u0425\u043e\u0434 \u043e\u0441\u0438 X: 607 \u043c\u043c<\/p>\n<p>\u041f\u0435\u0440\u0435\u043c\u0435\u0449\u0435\u043d\u0438\u0435 \u043f\u043e \u043e\u0441\u0438 Z: 286 \u043c\u043c<\/p>\n<p>\u0421\u0438\u0441\u0442\u0435\u043c\u0430 \u043e\u0445\u043b\u0430\u0436\u0434\u0435\u043d\u0438\u044f<\/p>\n<p>\u0421\u0438\u0441\u0442\u0435\u043c\u0430 \u0437\u0430\u0433\u0440\u0443\u0437\u043a\u0438 \u0438 \u0440\u0430\u0437\u0433\u0440\u0443\u0437\u043a\u0438: FMB MH5LS-SP \/ 5 \u043f\u043e\u0434\u0434\u043e\u043d\u043e\u0432 \u0434\u043b\u044f \u0437\u0430\u0433\u043e\u0442\u043e\u0432\u043e\u043a, \u0434\u0432\u043e\u0439\u043d\u043e\u0439 \u0437\u0430\u0445\u0432\u0430\u0442<\/p>\n<p>\u0410\u043a\u0441\u0435\u0441\u0441\u0443\u0430\u0440\u044b \/ \u0418\u043d\u0441\u0442\u0440\u0443\u043c\u0435\u043d\u0442\u044b \/ \u0420\u0443\u043a\u043e\u0432\u043e\u0434\u0441\u0442\u0432\u0430<\/p>\n<p>\u0420\u0430\u0437\u043c\u0435\u0440\u044b \u0438 \u0432\u0435\u0441 \u043c\u0430\u0448\u0438\u043d\u044b<\/p>\n<p>\u0420\u0430\u0437\u043c\u0435\u0440\u044b \u043c\u0430\u0448\u0438\u043d\u044b: \u043e\u043a. 1850 \u00d7 1750 \u00d7 1750 \u043c\u043c<\/p>\n<p>\u0412\u0435\u0441 \u043c\u0430\u0448\u0438\u043d\u044b: \u043e\u043a\u043e\u043b\u043e 2100 \u043a\u0433<\/p>\n<p>\u0420\u0430\u0437\u043c\u0435\u0440\u044b \u0438 \u0432\u0435\u0441 \u0441\u0438\u0441\u0442\u0435\u043c\u044b \u043f\u043e\u0433\u0440\u0443\u0437\u043a\u0438\/\u0440\u0430\u0437\u0433\u0440\u0443\u0437\u043a\u0438<\/p>\n<p>\u0420\u0430\u0437\u043c\u0435\u0440\u044b: \u043f\u0440\u0438\u0431\u043b. 1900 \u00d7 950 \u00d7 2000 \u043c\u043c<\/p>\n<p>\u0412\u0435\u0441: \u043e\u043a\u043e\u043b\u043e 1000 \u043a\u0433<\/p>\n<p>\u0420\u0430\u0437\u043c\u0435\u0440\u044b \u0438 \u0432\u0435\u0441 \u0441\u0438\u0441\u0442\u0435\u043c\u044b \u043e\u0445\u043b\u0430\u0436\u0434\u0435\u043d\u0438\u044f<\/p>\n<p>\u0420\u0430\u0437\u043c\u0435\u0440\u044b: \u043e\u043a\u043e\u043b\u043e 1500 \u00d7 800 \u00d7 1100 \u043c\u043c<\/p>\n<p>\u0412\u0435\u0441: \u043e\u043a\u043e\u043b\u043e 250 \u043a\u0433<\/p>\n<p>\u041c\u0430\u0448\u0438\u043d\u0430 \u043f\u043e\u043b\u043d\u043e\u0441\u0442\u044c\u044e \u0433\u043e\u0442\u043e\u0432\u0430 \u043a \u0440\u0430\u0431\u043e\u0442\u0435 \u0438 \u043d\u0430\u0445\u043e\u0434\u0438\u0442\u0441\u044f \u0432 \u0445\u043e\u0440\u043e\u0448\u0435\u043c \u0440\u0430\u0431\u043e\u0447\u0435\u043c \u0441\u043e\u0441\u0442\u043e\u044f\u043d\u0438\u0438.<br \/>\n\u0414\u043b\u044f \u043f\u043e\u043b\u0443\u0447\u0435\u043d\u0438\u044f \u0434\u043e\u043f\u043e\u043b\u043d\u0438\u0442\u0435\u043b\u044c\u043d\u043e\u0439 \u0438\u043d\u0444\u043e\u0440\u043c\u0430\u0446\u0438\u0438 \u0438\u043b\u0438 \u0434\u043b\u044f \u043e\u0440\u0433\u0430\u043d\u0438\u0437\u0430\u0446\u0438\u0438 \u0434\u0435\u043c\u043e\u043d\u0441\u0442\u0440\u0430\u0446\u0438\u0438 \u0432 \u0440\u0435\u0430\u043b\u044c\u043d\u043e\u043c \u0432\u0440\u0435\u043c\u0435\u043d\u0438 \u043f\u043e\u0434 \u043d\u0430\u043f\u0440\u044f\u0436\u0435\u043d\u0438\u0435\u043c, \u043f\u043e\u0436\u0430\u043b\u0443\u0439\u0441\u0442\u0430, \u0441\u0432\u044f\u0436\u0438\u0442\u0435\u0441\u044c \u0441 \u043d\u0430\u043c\u0438.<br \/>\n\u0412\u0441\u0435 \u0442\u0435\u0445\u043d\u0438\u0447\u0435\u0441\u043a\u0438\u0435 \u0434\u0430\u043d\u043d\u044b\u0435 \u0438 \u0438\u043d\u0444\u043e\u0440\u043c\u0430\u0446\u0438\u044f \u044f\u0432\u043b\u044f\u044e\u0442\u0441\u044f \u043f\u0440\u0438\u0431\u043b\u0438\u0437\u0438\u0442\u0435\u043b\u044c\u043d\u044b\u043c\u0438. \u041f\u0440\u0438 \u0443\u0441\u043b\u043e\u0432\u0438\u0438 \u043f\u0440\u0435\u0434\u0432\u0430\u0440\u0438\u0442\u0435\u043b\u044c\u043d\u043e\u0439 \u043f\u0440\u043e\u0434\u0430\u0436\u0438 \u0438 \u0438\u0441\u043a\u043b\u044e\u0447\u0435\u043d\u0438\u044f \u043e\u0448\u0438\u0431\u043e\u043a.<\/p>","protected":false},"excerpt":{"rendered":"<p>Standort: Deutschland, Baden-W\u00fcrttemberg S\u00fcdwest Zustand: Gebraucht Hersteller: Hardinge Modell: Hardinge Baujahr: 2013 Betriebsstunden: 59861 Maschinenbezeichnung: CNC-Kurzdrehmaschine Hersteller: Hardinge Modell: GT27SP GG-121 Baujahr: 2013 Steuerung: Fanuc 32i A Funktionsf\u00e4higkeit: voll funktionsf\u00e4hig Bearbeitungsstunden: ca. 60.000 Stunden Technische Daten Spindelbohrung: \u00d8 27 mm Spindelaufnahme: A2-5 Spannfutter max. 80mm Max. Spindeldrehzahl: 6.000 min\u207b\u00b9 X-Achse: 607 mm Z-Achse: 286 mm [&hellip;]<\/p>\n","protected":false},"featured_media":7075,"template":"","meta":[],"product_brand":[],"product_cat":[80],"product_tag":[],"class_list":{"0":"post-7078","1":"product","2":"type-product","3":"status-publish","4":"has-post-thumbnail","6":"product_cat-cnc-drehmaschinen-0-199mm-drehd","8":"first","9":"instock","10":"taxable","11":"shipping-taxable","12":"product-type-simple"},"aioseo_notices":[],"_links":{"self":[{"href":"https:\/\/www.horn-wzm.de\/ru\/wp-json\/wp\/v2\/product\/7078","targetHints":{"allow":["GET"]}}],"collection":[{"href":"https:\/\/www.horn-wzm.de\/ru\/wp-json\/wp\/v2\/product"}],"about":[{"href":"https:\/\/www.horn-wzm.de\/ru\/wp-json\/wp\/v2\/types\/product"}],"version-history":[{"count":1,"href":"https:\/\/www.horn-wzm.de\/ru\/wp-json\/wp\/v2\/product\/7078\/revisions"}],"predecessor-version":[{"id":7079,"href":"https:\/\/www.horn-wzm.de\/ru\/wp-json\/wp\/v2\/product\/7078\/revisions\/7079"}],"wp:featuredmedia":[{"embeddable":true,"href":"https:\/\/www.horn-wzm.de\/ru\/wp-json\/wp\/v2\/media\/7075"}],"wp:attachment":[{"href":"https:\/\/www.horn-wzm.de\/ru\/wp-json\/wp\/v2\/media?parent=7078"}],"wp:term":[{"taxonomy":"product_brand","embeddable":true,"href":"https:\/\/www.horn-wzm.de\/ru\/wp-json\/wp\/v2\/product_brand?post=7078"},{"taxonomy":"product_cat","embeddable":true,"href":"https:\/\/www.horn-wzm.de\/ru\/wp-json\/wp\/v2\/product_cat?post=7078"},{"taxonomy":"product_tag","embeddable":true,"href":"https:\/\/www.horn-wzm.de\/ru\/wp-json\/wp\/v2\/product_tag?post=7078"}],"curies":[{"name":"wp","href":"https:\/\/api.w.org\/{rel}","templated":true}]}}