{"id":7039,"date":"2025-12-15T10:52:23","date_gmt":"2025-12-15T09:52:23","guid":{"rendered":"https:\/\/www.horn-wzm.de\/shop\/unkategorisiert\/star-sr-20_rii_mit_fmb_turbo_3-26_bj-07-2007_intnr231447\/"},"modified":"2025-12-15T10:52:23","modified_gmt":"2025-12-15T09:52:23","slug":"star-sr-20_rii_with_fmb_turbo_3-26_bj-07-2007_intnr231447","status":"publish","type":"product","link":"https:\/\/www.horn-wzm.de\/ru\/shop\/cnc-langdrehmaschinen\/star-sr-20_rii_mit_fmb_turbo_3-26_bj-07-2007_intnr231447\/","title":{"rendered":"Star SR-20_RII_with_FMB_Turbo_3-26_Year 07.2007_IntNo231447"},"content":{"rendered":"<p><b>Standort:<\/b> Deutschland, Baden-W\u00fcrttemberg S\u00fcdwest<\/p>\n<p><b>Zustand:<\/b> Gebraucht<\/p>\n<p><b>Hersteller:<\/b> STAR Micronics<\/p>\n<p><b>Modell:<\/b> STAR Micronics<\/p>\n<p><b>Baujahr:<\/b> 2007<\/p>\n<p><b>Betriebsstunden:<\/b> 20279<\/p>\n<p>CNC-Langdrehmaschine  SR20RII, Bj. 2007<br \/>\nMaschinentyp: CNC-Langdrehmaschine (Swiss-Type)<br \/>\nSteuerung,  Fanuc, Serie 18i-TB,<br \/>\nEinschaltstunden:  20279<br \/>\nBetriebsstunden:  67058<\/p>\n<p>Max. Drehdurchmesser: \u00d8 20 mm (Optional bis 22mm)<br \/>\nDrehl\u00e4nge:  205 mm<br \/>\nHauptspindel:<br \/>\nDrehzahl: bis ca. 10.000\u201312.000 min\u207b\u00b9<br \/>\nLeistung: ca. 3,7\u20135,5 kW<br \/>\nC-Achse<br \/>\nGegenspindel:<br \/>\nDrehzahl: bis ca. 6.000\u20138.000 min\u207b\u00b9<br \/>\nC-Achse<br \/>\nAchsen:<br \/>\nX1 \/ Z1 \/ Y1 (Hauptbearbeitung)<br \/>\nX2 \/ Z2 (Gegenspindel)<br \/>\nEilgang: ca. 24\u201330 m\/min<\/p>\n<p>Abmessungen der Maschine 2400x1205x1700 mm<br \/>\nGewicht der Maschine 2200 kg<\/p>\n<p>Stangenlademagazin FMB TURBO 3-26\/3200<br \/>\nStangenkapazit\u00e4t 3-26 mm Anbauvariante &#8222;A&#8220; Bj.2007<\/p>\n<p>Abmessungen Lademagazin: ca. 4500 x 1000 x 1800 [mm]\nGewicht Lademagazin: ca. 800 [kg]\n<p>Aenderungen und Irrtuemer in den technischen Daten und Angaben sowie Zwischenverkauf vorbehalten!<\/p>\n<p>CNC Swiss-Type Lathe STAR SR-20RII<br \/>\nYear of manufacture: 2007<\/p>\n<p>Machine type: CNC Swiss-type sliding headstock lathe<br \/>\nControl: Fanuc, Series 18i-TB<\/p>\n<p>Power-on hours: 20,279 h<br \/>\nOperating hours: 67,058 h<\/p>\n<p>Technical Data<\/p>\n<p>Machining capacity:<br \/>\nMax. turning diameter: \u00d8 20 mm (optional up to \u00d8 22 mm)<br \/>\nMax. turning length: 205 mm<br \/>\nMain spindle:<br \/>\nSpeed: up to approx. 10,000\u201312,000 rpm<br \/>\nPower: approx. 3.7\u20135.5 kW<br \/>\nC-axis<br \/>\nSub-spindle:<br \/>\nSpeed: up to approx. 6,000\u20138,000 rpm<br \/>\nC-axis<br \/>\nAxes configuration:<br \/>\nX1 \/ Z1 \/ Y1 (main machining)<br \/>\nX2 \/ Z2 (sub-spindle)<br \/>\nRapid traverse: approx. 24\u201330 m\/min<br \/>\nMachine dimensions &amp; weight<br \/>\nDimensions (L \u00d7 W \u00d7 H): 2400 \u00d7 1205 \u00d7 1700 mm<br \/>\nMachine weight: approx. 2,200 kg<br \/>\nBar Feeder<br \/>\nBar feeder: FMB TURBO 3-26\/3200<br \/>\nBar capacity: \u00d8 3\u201326 mm<br \/>\nMounting version: Type \u201cA\u201d<br \/>\nYear of manufacture: 2007<br \/>\nBar feeder dimensions: approx. 4500 \u00d7 1000 \u00d7 1800 mm<br \/>\nBar feeder weight: approx. 800 kg<br \/>\nSubject to prior sale, changes and errors in technical data and specifications excepted.<\/p>\n","protected":false},"excerpt":{"rendered":"<p>Standort: Deutschland, Baden-W\u00fcrttemberg S\u00fcdwest Zustand: Gebraucht Hersteller: STAR Micronics Modell: STAR Micronics Baujahr: 2007 Betriebsstunden: 20279 CNC-Langdrehmaschine SR20RII, Bj. 2007 Maschinentyp: CNC-Langdrehmaschine (Swiss-Type) Steuerung, Fanuc, Serie 18i-TB, Einschaltstunden: 20279 Betriebsstunden: 67058 Max. Drehdurchmesser: \u00d8 20 mm (Optional bis 22mm) Drehl\u00e4nge: 205 mm Hauptspindel: Drehzahl: bis ca. 10.000\u201312.000 min\u207b\u00b9 Leistung: ca. 3,7\u20135,5 kW C-Achse Gegenspindel: Drehzahl: [&hellip;]<\/p>\n","protected":false},"featured_media":7034,"template":"","meta":[],"product_brand":[],"product_cat":[81],"product_tag":[],"class_list":{"0":"post-7039","1":"product","2":"type-product","3":"status-publish","4":"has-post-thumbnail","6":"product_cat-cnc-langdrehmaschinen","8":"first","9":"instock","10":"taxable","11":"shipping-taxable","12":"product-type-simple"},"aioseo_notices":[],"_links":{"self":[{"href":"https:\/\/www.horn-wzm.de\/ru\/wp-json\/wp\/v2\/product\/7039","targetHints":{"allow":["GET"]}}],"collection":[{"href":"https:\/\/www.horn-wzm.de\/ru\/wp-json\/wp\/v2\/product"}],"about":[{"href":"https:\/\/www.horn-wzm.de\/ru\/wp-json\/wp\/v2\/types\/product"}],"version-history":[{"count":1,"href":"https:\/\/www.horn-wzm.de\/ru\/wp-json\/wp\/v2\/product\/7039\/revisions"}],"predecessor-version":[{"id":7040,"href":"https:\/\/www.horn-wzm.de\/ru\/wp-json\/wp\/v2\/product\/7039\/revisions\/7040"}],"wp:featuredmedia":[{"embeddable":true,"href":"https:\/\/www.horn-wzm.de\/ru\/wp-json\/wp\/v2\/media\/7034"}],"wp:attachment":[{"href":"https:\/\/www.horn-wzm.de\/ru\/wp-json\/wp\/v2\/media?parent=7039"}],"wp:term":[{"taxonomy":"product_brand","embeddable":true,"href":"https:\/\/www.horn-wzm.de\/ru\/wp-json\/wp\/v2\/product_brand?post=7039"},{"taxonomy":"product_cat","embeddable":true,"href":"https:\/\/www.horn-wzm.de\/ru\/wp-json\/wp\/v2\/product_cat?post=7039"},{"taxonomy":"product_tag","embeddable":true,"href":"https:\/\/www.horn-wzm.de\/ru\/wp-json\/wp\/v2\/product_tag?post=7039"}],"curies":[{"name":"wp","href":"https:\/\/api.w.org\/{rel}","templated":true}]}}