{"id":6868,"date":"2025-10-31T17:40:10","date_gmt":"2025-10-31T16:40:10","guid":{"rendered":"https:\/\/www.horn-wzm.de\/shop\/unkategorisiert\/teilereinigungsanlage-pero-r1-414-ex_bj-2079_intnr231417\/"},"modified":"2025-10-31T17:40:10","modified_gmt":"2025-10-31T16:40:10","slug":"%d1%81%d0%b8%d1%81%d1%82%d0%b5%d0%bc%d0%b0-%d0%be%d1%87%d0%b8%d1%81%d1%82%d0%ba%d0%b8-%d0%b4%d0%b5%d1%82%d0%b0%d0%bb%d0%b5%d0%b9-pero-r1-414-ex_bj-2079_intnr231417","status":"publish","type":"product","link":"https:\/\/www.horn-wzm.de\/ru\/shop\/industrielle-reinigungsanlagen\/teilereinigungsanlage-pero-r1-414-ex_bj-2079_intnr231417\/","title":{"rendered":"\u0421\u0438\u0441\u0442\u0435\u043c\u0430 \u043e\u0447\u0438\u0441\u0442\u043a\u0438 \u0434\u0435\u0442\u0430\u043b\u0435\u0439 PERO R1 \/ 414 EX_Bj. 2079_IntNr231417"},"content":{"rendered":"<p><b>\u0420\u0430\u0441\u043f\u043e\u043b\u043e\u0436\u0435\u043d\u0438\u0435:<\/b> \u0413\u0435\u0440\u043c\u0430\u043d\u0438\u044f, \u0411\u0430\u0434\u0435\u043d-\u0412\u044e\u0440\u0442\u0435\u043c\u0431\u0435\u0440\u0433, \u044e\u0433\u043e-\u0437\u0430\u043f\u0430\u0434<\/p>\n<p><b>Zustand:<\/b> \u041f\u043e\u0434\u0435\u0440\u0436\u0430\u043d\u043d\u044b\u0435<\/p>\n<p><b>Hersteller:<\/b> Pero<\/p>\n<p><b>Modell:<\/b> Pero<\/p>\n<p><b>\u0413\u043e\u0434 \u043f\u043e\u0441\u0442\u0440\u043e\u0439\u043a\u0438:<\/b> 2017<\/p>\n<p>\u0422\u0435\u0445\u043d\u0438\u0447\u0435\u0441\u043a\u043e\u0435 \u043e\u043f\u0438\u0441\u0430\u043d\u0438\u0435 - PERO RO<br \/>\n\u041f\u0440\u043e\u0438\u0437\u0432\u043e\u0434\u0438\u0442\u0435\u043b\u044c: PERO AG<br \/>\n\u041c\u043e\u0434\u0435\u043b\u044c: RO R1 \/ 414-EX<br \/>\n\u0413\u043e\u0434 2017 \/ 10<\/p>\n<p>\u0422\u0438\u043f \u043e\u0431\u043e\u0440\u0443\u0434\u043e\u0432\u0430\u043d\u0438\u044f: \u0441\u0438\u0441\u0442\u0435\u043c\u0430 \u043e\u0447\u0438\u0441\u0442\u043a\u0438 \/ \u0441\u0438\u0441\u0442\u0435\u043c\u0430 \u043e\u0431\u0435\u0437\u0436\u0438\u0440\u0438\u0432\u0430\u043d\u0438\u044f<br \/>\n\u041f\u0440\u043e\u0446\u0435\u0441\u0441: \u041e\u0447\u0438\u0441\u0442\u043a\u0430 \u0440\u0430\u0441\u0442\u0432\u043e\u0440\u0438\u0442\u0435\u043b\u044f\u043c\u0438 (\u043d\u0430\u043f\u0440\u0438\u043c\u0435\u0440, \u043c\u043e\u0434\u0438\u0444\u0438\u0446\u0438\u0440\u043e\u0432\u0430\u043d\u043d\u044b\u043c\u0438 \u0441\u043f\u0438\u0440\u0442\u0430\u043c\u0438 \u0438\u043b\u0438 \u0443\u0433\u043b\u0435\u0432\u043e\u0434\u043e\u0440\u043e\u0434\u0430\u043c\u0438)<\/p>\n<p>\u0422\u0435\u0445\u043d\u0438\u0447\u0435\u0441\u043a\u0438\u0435 \u0445\u0430\u0440\u0430\u043a\u0442\u0435\u0440\u0438\u0441\u0442\u0438\u043a\u0438 (\u0442\u0438\u043f\u0438\u0447\u043d\u044b\u0435 \u0434\u043b\u044f \u044d\u0442\u043e\u0439 \u0441\u0435\u0440\u0438\u0438):<\/p>\n<p>\u0421\u0438\u0441\u0442\u0435\u043c\u0430 \u043e\u0447\u0438\u0441\u0442\u043a\u0438: \u0437\u0430\u043a\u0440\u044b\u0442\u044b\u0439 \u043a\u043e\u043d\u0442\u0443\u0440, \u043f\u043e\u043b\u043d\u043e\u0441\u0442\u044c\u044e \u0430\u0432\u0442\u043e\u043c\u0430\u0442\u0438\u0447\u0435\u0441\u043a\u0430\u044f<\/p>\n<p>\u0420\u0430\u0437\u043c\u0435\u0440 \u0440\u0430\u0431\u043e\u0447\u0435\u0439 \u043a\u0430\u043c\u0435\u0440\u044b: \u043f\u0440\u0438\u0431\u043b. 530 \u00d7 320 \u00d7 200 \u043c\u043c<\/p>\n<p>\u041c\u0430\u043a\u0441. \u0412\u0435\u0441 \u043f\u0430\u0440\u0442\u0438\u0438: \u043f\u0440\u0438\u0431\u043b. 50 - 80 \u043a\u0433<\/p>\n<p>\u0420\u0430\u0441\u0442\u0432\u043e\u0440\u0438\u0442\u0435\u043b\u044c: \u043c\u043e\u0434\u0438\u0444\u0438\u0446\u0438\u0440\u043e\u0432\u0430\u043d\u043d\u044b\u0439 \u0441\u043f\u0438\u0440\u0442 (\u043d\u0430 \u0443\u0433\u043b\u0435\u0432\u043e\u0434\u043e\u0440\u043e\u0434\u043d\u043e\u0439 \u043e\u0441\u043d\u043e\u0432\u0435)<\/p>\n<p>\u0421\u0443\u0448\u043a\u0430: \u0432\u0430\u043a\u0443\u0443\u043c\u043d\u0430\u044f \u0441\u0443\u0448\u043a\u0430<\/p>\n<p>\u0423\u043f\u0440\u0430\u0432\u043b\u0435\u043d\u0438\u0435: \u041f\u041b\u041a \u0441 \u0441\u0435\u043d\u0441\u043e\u0440\u043d\u043e\u0439 \u043f\u0430\u043d\u0435\u043b\u044c\u044e<\/p>\n<p>\u041e\u0431\u043e\u0440\u0443\u0434\u043e\u0432\u0430\u043d\u0438\u0435: \u0438\u043d\u0442\u0435\u0433\u0440\u0438\u0440\u043e\u0432\u0430\u043d\u043d\u0430\u044f \u0434\u0438\u0441\u0442\u0438\u043b\u043b\u044f\u0446\u0438\u043e\u043d\u043d\u0430\u044f \u0443\u0441\u0442\u0430\u043d\u043e\u0432\u043a\u0430, \u0441\u0438\u0441\u0442\u0435\u043c\u0430 \u0444\u0438\u043b\u044c\u0442\u0440\u043e\u0432, \u0441\u0435\u043f\u0430\u0440\u0430\u0446\u0438\u044f \u043c\u0430\u0441\u043b\u0430<\/p>\n<p>\u041f\u043e\u0442\u0440\u0435\u0431\u043b\u044f\u0435\u043c\u0430\u044f \u043c\u043e\u0449\u043d\u043e\u0441\u0442\u044c: \u043f\u0440\u0438\u0431\u043b. 10 - 15 \u043a\u0412\u0442<\/p>\n<p>\u0412\u0430\u043a\u0443\u0443\u043c\u043d\u044b\u0439 \u043d\u0430\u0441\u043e\u0441: \u0432\u0441\u0442\u0440\u043e\u0435\u043d\u043d\u044b\u0439<\/p>\n<p>\u0421\u043e\u0441\u0442\u043e\u044f\u043d\u0438\u0435: \u043e\u0447\u0435\u043d\u044c \u0445\u043e\u0440\u043e\u0448\u0435\u0435, \u0443\u0445\u043e\u0436\u0435\u043d\u043d\u043e\u0435 \u0441\u043e\u0441\u0442\u043e\u044f\u043d\u0438\u0435 - \u0438\u0437 \u0442\u0435\u043a\u0443\u0449\u0435\u0433\u043e \u043f\u0440\u043e\u0438\u0437\u0432\u043e\u0434\u0441\u0442\u0432\u0430<\/p>\n<p>\u0421\u043f\u0435\u0446\u0438\u0430\u043b\u044c\u043d\u044b\u0435 \u0432\u043e\u0437\u043c\u043e\u0436\u043d\u043e\u0441\u0442\u0438:<\/p>\n<p>\u042d\u043d\u0435\u0440\u0433\u043e\u0441\u0431\u0435\u0440\u0435\u0433\u0430\u044e\u0449\u0430\u044f \u0441\u0438\u0441\u0442\u0435\u043c\u0430 \u043e\u0447\u0438\u0441\u0442\u043a\u0438 \u0441 \u0437\u0430\u043c\u043a\u043d\u0443\u0442\u044b\u043c \u043a\u043e\u043d\u0442\u0443\u0440\u043e\u043c \u0440\u0430\u0441\u0442\u0432\u043e\u0440\u0438\u0442\u0435\u043b\u044f<\/p>\n<p>\u0412\u044b\u0441\u043e\u043a\u043e\u0435 \u043a\u0430\u0447\u0435\u0441\u0442\u0432\u043e \u043e\u0447\u0438\u0441\u0442\u043a\u0438 \u043f\u0440\u0438 \u043c\u0438\u043d\u0438\u043c\u0430\u043b\u044c\u043d\u043e\u043c \u0440\u0430\u0441\u0445\u043e\u0434\u0435 \u0440\u0430\u0441\u0442\u0432\u043e\u0440\u0438\u0442\u0435\u043b\u044f<\/p>\n<p>\u0418\u0434\u0435\u0430\u043b\u044c\u043d\u043e \u043f\u043e\u0434\u0445\u043e\u0434\u0438\u0442 \u0434\u043b\u044f \u0442\u043e\u0447\u043d\u043e\u0433\u043e \u043c\u0430\u0448\u0438\u043d\u043e\u0441\u0442\u0440\u043e\u0435\u043d\u0438\u044f \u0438 \u043c\u0435\u0445\u0430\u043d\u0438\u0447\u0435\u0441\u043a\u043e\u0439 \u043e\u0431\u0440\u0430\u0431\u043e\u0442\u043a\u0438<\/p>\n<p>Die Maschine kann nach Terminvereinbarung Strom besichtigt werden.<br \/>\n\u0418\u0437\u043c\u0435\u043d\u0435\u043d\u0438\u044f \u0438 \u043e\u0448\u0438\u0431\u043a\u0438 \u0432 \u0442\u0435\u0445\u043d\u0438\u0447\u0435\u0441\u043a\u0438\u0445 \u0434\u0430\u043d\u043d\u044b\u0445 \u0438 \u0438\u043d\u0444\u043e\u0440\u043c\u0430\u0446\u0438\u0438, \u0430 \u0442\u0430\u043a\u0436\u0435 \u043f\u0440\u0435\u0434\u0432\u0430\u0440\u0438\u0442\u0435\u043b\u044c\u043d\u0430\u044f \u043f\u0440\u043e\u0434\u0430\u0436\u0430 \u0437\u0430\u0440\u0435\u0437\u0435\u0440\u0432\u0438\u0440\u043e\u0432\u0430\u043d\u044b!<\/p>\n<p>\u041f\u0440\u043e\u0438\u0437\u0432\u043e\u0434\u0438\u0442\u0435\u043b\u044c: PERO AG<br \/>\n\u041c\u043e\u0434\u0435\u043b\u044c: RO R1 \/ 414-EX<br \/>\n\u0413\u043e\u0434 \u0432\u044b\u043f\u0443\u0441\u043a\u0430: 10 \/ 2017<\/p>\n<p>\u0422\u0438\u043f \u043e\u0431\u043e\u0440\u0443\u0434\u043e\u0432\u0430\u043d\u0438\u044f: \u0421\u0438\u0441\u0442\u0435\u043c\u0430 \u043e\u0447\u0438\u0441\u0442\u043a\u0438 \/ \u041e\u0431\u0435\u0437\u0436\u0438\u0440\u0438\u0432\u0430\u0442\u0435\u043b\u044c<br \/>\n\u041f\u0440\u043e\u0446\u0435\u0441\u0441: \u041e\u0447\u0438\u0441\u0442\u043a\u0430 \u0440\u0430\u0441\u0442\u0432\u043e\u0440\u0438\u0442\u0435\u043b\u044f\u043c\u0438 (\u043d\u0430\u043f\u0440\u0438\u043c\u0435\u0440, \u043c\u043e\u0434\u0438\u0444\u0438\u0446\u0438\u0440\u043e\u0432\u0430\u043d\u043d\u044b\u043c\u0438 \u0441\u043f\u0438\u0440\u0442\u0430\u043c\u0438 \u0438\u043b\u0438 \u0443\u0433\u043b\u0435\u0432\u043e\u0434\u043e\u0440\u043e\u0434\u0430\u043c\u0438)<\/p>\n<p>\u0422\u0435\u0445\u043d\u0438\u0447\u0435\u0441\u043a\u0438\u0435 \u0445\u0430\u0440\u0430\u043a\u0442\u0435\u0440\u0438\u0441\u0442\u0438\u043a\u0438 (\u0442\u0438\u043f\u0438\u0447\u043d\u044b\u0435 \u0434\u043b\u044f \u044d\u0442\u043e\u0439 \u0441\u0435\u0440\u0438\u0438):<\/p>\n<p>\u0421\u0438\u0441\u0442\u0435\u043c\u0430 \u043e\u0447\u0438\u0441\u0442\u043a\u0438: \u0441\u0438\u0441\u0442\u0435\u043c\u0430 \u0437\u0430\u043c\u043a\u043d\u0443\u0442\u043e\u0433\u043e \u0446\u0438\u043a\u043b\u0430, \u043f\u043e\u043b\u043d\u043e\u0441\u0442\u044c\u044e \u0430\u0432\u0442\u043e\u043c\u0430\u0442\u0438\u0447\u0435\u0441\u043a\u0430\u044f<\/p>\n<p>\u0420\u0430\u0437\u043c\u0435\u0440\u044b \u0440\u0430\u0431\u043e\u0447\u0435\u0439 \u043a\u0430\u043c\u0435\u0440\u044b: \u043f\u0440\u0438\u0431\u043b. 530 \u00d7 320 \u00d7 200 \u043c\u043c<\/p>\n<p>\u041c\u0430\u043a\u0441\u0438\u043c\u0430\u043b\u044c\u043d\u044b\u0439 \u0432\u0435\u0441 \u043f\u0430\u0440\u0442\u0438\u0438: \u043f\u0440\u0438\u0431\u043b. 50 - 80 \u043a\u0433<\/p>\n<p>\u0420\u0430\u0441\u0442\u0432\u043e\u0440\u0438\u0442\u0435\u043b\u044c: \u041c\u043e\u0434\u0438\u0444\u0438\u0446\u0438\u0440\u043e\u0432\u0430\u043d\u043d\u044b\u0439 \u0441\u043f\u0438\u0440\u0442 (\u043d\u0430 \u0443\u0433\u043b\u0435\u0432\u043e\u0434\u043e\u0440\u043e\u0434\u043d\u043e\u0439 \u043e\u0441\u043d\u043e\u0432\u0435)<\/p>\n<p>\u0421\u0443\u0448\u043a\u0430: \u0432\u0430\u043a\u0443\u0443\u043c\u043d\u0430\u044f \u0441\u0443\u0448\u043a\u0430<\/p>\n<p>\u0421\u0438\u0441\u0442\u0435\u043c\u0430 \u0443\u043f\u0440\u0430\u0432\u043b\u0435\u043d\u0438\u044f: \u041f\u041b\u041a \u0441 \u0441\u0435\u043d\u0441\u043e\u0440\u043d\u043e\u0439 \u043f\u0430\u043d\u0435\u043b\u044c\u044e<\/p>\n<p>\u041e\u0431\u043e\u0440\u0443\u0434\u043e\u0432\u0430\u043d\u0438\u0435: \u0432\u0441\u0442\u0440\u043e\u0435\u043d\u043d\u0430\u044f \u0434\u0438\u0441\u0442\u0438\u043b\u043b\u044f\u0446\u0438\u043e\u043d\u043d\u0430\u044f \u0443\u0441\u0442\u0430\u043d\u043e\u0432\u043a\u0430, \u0441\u0438\u0441\u0442\u0435\u043c\u0430 \u0444\u0438\u043b\u044c\u0442\u0440\u0430\u0446\u0438\u0438, \u043c\u0430\u0441\u043b\u043e\u043e\u0442\u0434\u0435\u043b\u0438\u0442\u0435\u043b\u044c<\/p>\n<p>\u041f\u043e\u0442\u0440\u0435\u0431\u043b\u044f\u0435\u043c\u0430\u044f \u043c\u043e\u0449\u043d\u043e\u0441\u0442\u044c: \u043f\u0440\u0438\u0431\u043b. 10 - 15 \u043a\u0412\u0442<\/p>\n<p>\u0412\u0430\u043a\u0443\u0443\u043c\u043d\u044b\u0439 \u043d\u0430\u0441\u043e\u0441: \u0432\u0441\u0442\u0440\u043e\u0435\u043d\u043d\u044b\u0439<\/p>\n<p>\u0421\u043e\u0441\u0442\u043e\u044f\u043d\u0438\u0435: \u041e\u0447\u0435\u043d\u044c \u0445\u043e\u0440\u043e\u0448\u0435\u0435, \u0443\u0445\u043e\u0436\u0435\u043d\u043d\u043e\u0435 \u0441\u043e\u0441\u0442\u043e\u044f\u043d\u0438\u0435 - \u0441 \u0434\u0435\u0439\u0441\u0442\u0432\u0443\u044e\u0449\u0435\u0433\u043e \u043f\u0440\u043e\u0438\u0437\u0432\u043e\u0434\u0441\u0442\u0432\u0430<\/p>\n<p>\u0421\u043f\u0435\u0446\u0438\u0430\u043b\u044c\u043d\u044b\u0435 \u0432\u043e\u0437\u043c\u043e\u0436\u043d\u043e\u0441\u0442\u0438:<\/p>\n<p>\u042d\u043d\u0435\u0440\u0433\u043e\u044d\u0444\u0444\u0435\u043a\u0442\u0438\u0432\u043d\u0430\u044f \u0441\u0438\u0441\u0442\u0435\u043c\u0430 \u043e\u0447\u0438\u0441\u0442\u043a\u0438 \u0441 \u0437\u0430\u043c\u043a\u043d\u0443\u0442\u044b\u043c \u043a\u043e\u043d\u0442\u0443\u0440\u043e\u043c \u0440\u0430\u0441\u0442\u0432\u043e\u0440\u0438\u0442\u0435\u043b\u044f<\/p>\n<p>\u041e\u0442\u043b\u0438\u0447\u043d\u043e\u0435 \u043a\u0430\u0447\u0435\u0441\u0442\u0432\u043e \u043e\u0447\u0438\u0441\u0442\u043a\u0438 \u043f\u0440\u0438 \u043c\u0438\u043d\u0438\u043c\u0430\u043b\u044c\u043d\u043e\u043c \u0440\u0430\u0441\u0445\u043e\u0434\u0435 \u0440\u0430\u0441\u0442\u0432\u043e\u0440\u0438\u0442\u0435\u043b\u044f<\/p>\n<p>\u0418\u0434\u0435\u0430\u043b\u044c\u043d\u043e \u043f\u043e\u0434\u0445\u043e\u0434\u0438\u0442 \u0434\u043b\u044f \u0442\u043e\u0447\u043d\u043e\u0433\u043e \u043c\u0430\u0448\u0438\u043d\u043e\u0441\u0442\u0440\u043e\u0435\u043d\u0438\u044f \u0438 \u043c\u0435\u0442\u0430\u043b\u043b\u043e\u0440\u0435\u0436\u0443\u0449\u0438\u0445 \u043f\u0440\u043e\u0438\u0437\u0432\u043e\u0434\u0441\u0442\u0432<\/p>\n<p>\u041f\u043e \u043f\u0440\u0435\u0434\u0432\u0430\u0440\u0438\u0442\u0435\u043b\u044c\u043d\u043e\u0439 \u0434\u043e\u0433\u043e\u0432\u043e\u0440\u0435\u043d\u043d\u043e\u0441\u0442\u0438 \u043c\u0430\u0448\u0438\u043d\u0430 \u043c\u043e\u0436\u0435\u0442 \u0431\u044b\u0442\u044c \u043e\u0441\u043c\u043e\u0442\u0440\u0435\u043d\u0430 \u043f\u043e\u0434 \u043d\u0430\u043f\u0440\u044f\u0436\u0435\u043d\u0438\u0435\u043c.<br \/>\n\u0422\u0435\u0445\u043d\u0438\u0447\u0435\u0441\u043a\u0438\u0435 \u0434\u0430\u043d\u043d\u044b\u0435 \u0438 \u0445\u0430\u0440\u0430\u043a\u0442\u0435\u0440\u0438\u0441\u0442\u0438\u043a\u0438 \u043c\u043e\u0433\u0443\u0442 \u0431\u044b\u0442\u044c \u0438\u0437\u043c\u0435\u043d\u0435\u043d\u044b \u0438 \u0441\u043e\u0434\u0435\u0440\u0436\u0430\u0442\u044c \u043e\u0448\u0438\u0431\u043a\u0438. \u041f\u0440\u0435\u0434\u0432\u0430\u0440\u0438\u0442\u0435\u043b\u044c\u043d\u0430\u044f \u043f\u0440\u043e\u0434\u0430\u0436\u0430 \u0437\u0430\u0440\u0435\u0437\u0435\u0440\u0432\u0438\u0440\u043e\u0432\u0430\u043d\u0430.<\/p>","protected":false},"excerpt":{"rendered":"<p>Standort: Deutschland, Baden-W\u00fcrttemberg S\u00fcdwest Zustand: Gebraucht Hersteller: Pero Modell: Pero Baujahr: 2017 Technische Beschreibung \u2013 PERO RO Hersteller: PERO AG Modell: RO R1 \/ 414-EX Bj. 2017 \/ 10 Maschinentyp: Reinigungsanlage \/ Entfettungsanlage Verfahren: L\u00f6semittelreinigung (z. B. modifizierte Alkohole oder Kohlenwasserstoffe) Technische Daten (typisch f\u00fcr diese Baureihe): Reinigungssystem: geschlossener Kreislauf, vollautomatisch Arbeitskammergr\u00f6\u00dfe: ca. 530 \u00d7 [&hellip;]<\/p>\n","protected":false},"featured_media":6864,"template":"","meta":[],"product_brand":[],"product_cat":[97],"product_tag":[],"class_list":{"0":"post-6868","1":"product","2":"type-product","3":"status-publish","4":"has-post-thumbnail","6":"product_cat-industrielle-reinigungsanlagen","8":"first","9":"instock","10":"taxable","11":"shipping-taxable","12":"product-type-simple"},"aioseo_notices":[],"_links":{"self":[{"href":"https:\/\/www.horn-wzm.de\/ru\/wp-json\/wp\/v2\/product\/6868","targetHints":{"allow":["GET"]}}],"collection":[{"href":"https:\/\/www.horn-wzm.de\/ru\/wp-json\/wp\/v2\/product"}],"about":[{"href":"https:\/\/www.horn-wzm.de\/ru\/wp-json\/wp\/v2\/types\/product"}],"version-history":[{"count":1,"href":"https:\/\/www.horn-wzm.de\/ru\/wp-json\/wp\/v2\/product\/6868\/revisions"}],"predecessor-version":[{"id":6869,"href":"https:\/\/www.horn-wzm.de\/ru\/wp-json\/wp\/v2\/product\/6868\/revisions\/6869"}],"wp:featuredmedia":[{"embeddable":true,"href":"https:\/\/www.horn-wzm.de\/ru\/wp-json\/wp\/v2\/media\/6864"}],"wp:attachment":[{"href":"https:\/\/www.horn-wzm.de\/ru\/wp-json\/wp\/v2\/media?parent=6868"}],"wp:term":[{"taxonomy":"product_brand","embeddable":true,"href":"https:\/\/www.horn-wzm.de\/ru\/wp-json\/wp\/v2\/product_brand?post=6868"},{"taxonomy":"product_cat","embeddable":true,"href":"https:\/\/www.horn-wzm.de\/ru\/wp-json\/wp\/v2\/product_cat?post=6868"},{"taxonomy":"product_tag","embeddable":true,"href":"https:\/\/www.horn-wzm.de\/ru\/wp-json\/wp\/v2\/product_tag?post=6868"}],"curies":[{"name":"wp","href":"https:\/\/api.w.org\/{rel}","templated":true}]}}