{"id":6677,"date":"2025-10-18T11:40:49","date_gmt":"2025-10-18T09:40:49","guid":{"rendered":"https:\/\/www.horn-wzm.de\/shop\/unkategorisiert\/star-sv-32jii_bj-2002_-typ-440_intnr231159\/"},"modified":"2025-10-18T11:40:49","modified_gmt":"2025-10-18T09:40:49","slug":"%d0%b7%d0%b2%d0%b5%d0%b7%d0%b4%d0%b0-sv-32jii_bj-2002_-%d1%82%d0%b8%d0%bf-440_intnr231159","status":"publish","type":"product","link":"https:\/\/www.horn-wzm.de\/ru\/shop\/cnc-langdrehmaschinen\/star-sv-32jii_bj-2002_-typ-440_intnr231159\/","title":{"rendered":"Star SV-32JII_\u0413\u043e\u0434 \u0432\u044b\u043f\u0443\u0441\u043a\u0430 2002_\u0422\u0438\u043f 440_IntNo231159"},"content":{"rendered":"<p><b>\u0420\u0430\u0441\u043f\u043e\u043b\u043e\u0436\u0435\u043d\u0438\u0435:<\/b> \u0413\u0435\u0440\u043c\u0430\u043d\u0438\u044f, \u0411\u0430\u0434\u0435\u043d-\u0412\u044e\u0440\u0442\u0435\u043c\u0431\u0435\u0440\u0433, \u044e\u0433\u043e-\u0437\u0430\u043f\u0430\u0434<\/p>\n<p><b>Zustand:<\/b> \u041f\u043e\u0434\u0435\u0440\u0436\u0430\u043d\u043d\u044b\u0435<\/p>\n<p><b>Hersteller:<\/b> STAR Micronics<\/p>\n<p><b>Modell:<\/b> STAR Micronics<\/p>\n<p><b>\u0413\u043e\u0434 \u043f\u043e\u0441\u0442\u0440\u043e\u0439\u043a\u0438:<\/b> 2002<\/p>\n<p><b>\u0427\u0430\u0441\u044b \u0440\u0430\u0431\u043e\u0442\u044b:<\/b> 18000<\/p>\n<p>IntNo231159<br \/>\n\u0422\u0438\u043f \u0441\u0442\u0430\u043d\u043a\u0430 \u0410\u0432\u0442\u043e\u043c\u0430\u0442\u0438\u0447\u0435\u0441\u043a\u0438\u0439 \u0442\u043e\u043a\u0430\u0440\u043d\u044b\u0439 \u0441\u0442\u0430\u043d\u043e\u043a \u0441 \u0427\u041f\u0423 \u0441\u043e \u0441\u043a\u043e\u043b\u044c\u0437\u044f\u0449\u0435\u0439 \u0431\u0430\u0431\u043a\u043e\u0439<br \/>\n\u041f\u0440\u043e\u0438\u0437\u0432\u043e\u0434\u0438\u0442\u0435\u043b\u044c STAR Micronics<br \/>\n\u041c\u043e\u0434\u0435\u043b\u044c SV32 JII<br \/>\n\u0413\u043e\u0434 \u043f\u043e\u0441\u0442\u0440\u043e\u0439\u043a\u0438 2002<br \/>\n\u0421\u043e\u0441\u0442\u043e\u044f\u043d\u0438\u0435 \u043e\u0447\u0435\u043d\u044c \u0445\u043e\u0440\u043e\u0448\u0435\u0435 (\u0431\/\u0443)<br \/>\n\u041e\u0447\u0435\u043d\u044c \u0443\u0445\u043e\u0436\u0435\u043d\u043d\u0430\u044f \u043c\u0430\u0448\u0438\u043d\u0430, \u043f\u043e\u043b\u0443\u0447\u0435\u043d\u043d\u0430\u044f \u043d\u0435\u043f\u043e\u0441\u0440\u0435\u0434\u0441\u0442\u0432\u0435\u043d\u043d\u043e \u043e\u0442 \u043f\u043e\u043b\u044c\u0437\u043e\u0432\u0430\u0442\u0435\u043b\u044f<br \/>\n\u041c\u0430\u0448\u0438\u043d\u0430 \u0440\u0430\u0431\u043e\u0442\u0430\u043b\u0430 \u0442\u043e\u043b\u044c\u043a\u043e \u0441 \u043c\u0430\u0441\u043b\u043e\u043c<br \/>\n\u0412\u0440\u0435\u043c\u044f \u0440\u0430\u0431\u043e\u0442\u044b \u043e\u043a\u043e\u043b\u043e 18 000 \u0447\u0430\u0441\u043e\u0432.<br \/>\n\u0421\u0442\u0430\u043d\u0434\u0430\u0440\u0442\u043d\u044b\u0435 \u043f\u0440\u0438\u043d\u0430\u0434\u043b\u0435\u0436\u043d\u043e\u0441\u0442\u0438 \u043c\u0430\u0448\u0438\u043d\u044b<br \/>\n. \u041d\u0430\u043f\u0440\u0430\u0432\u043b\u044f\u044e\u0449\u0430\u044f \u0432\u0442\u0443\u043b\u043a\u0430 \u0441 \u0441\u0438\u043d\u0445\u0440\u043e\u043d\u043d\u044b\u043c \u043f\u0440\u0438\u0432\u043e\u0434\u043e\u043c<br \/>\n. \u041e\u0441\u044c C \u043d\u0430 \u0433\u043b\u0430\u0432\u043d\u043e\u043c \u0438 \u043f\u0440\u0438\u0435\u043c\u043d\u043e\u043c \u0448\u043f\u0438\u043d\u0434\u0435\u043b\u0435<br \/>\n. \u041b\u0435\u043d\u0442\u043e\u0447\u043d\u044b\u0439 \u043a\u043e\u043d\u0432\u0435\u0439\u0435\u0440 \u0434\u043b\u044f \u0437\u0430\u0433\u043e\u0442\u043e\u0432\u043e\u043a<br \/>\n. \u0426\u0430\u043d\u0433\u043e\u0432\u0430\u044f \u0432\u0442\u0443\u043b\u043a\u0430 \u0433\u043b\u0430\u0432\u043d\u043e\u0433\u043e \u0448\u043f\u0438\u043d\u0434\u0435\u043b\u044f F37 (673-53)<br \/>\n. \u0428\u043f\u0438\u043d\u0434\u0435\u043b\u044c \u0434\u043b\u044f \u043f\u043e\u0434\u0431\u043e\u0440\u0430 \u0446\u0430\u043d\u0433\u043e\u0432\u044b\u0445 \u0432\u0442\u0443\u043b\u043e\u043a F37 (673-73)<br \/>\n. \u0422\u0440\u0435\u0445\u0448\u043f\u0438\u043d\u0434\u0435\u043b\u044c\u043d\u0430\u044f \u0443\u0441\u0442\u0430\u043d\u043e\u0432\u043a\u0430 \u043f\u043e\u043f\u0435\u0440\u0435\u0447\u043d\u043e\u0433\u043e \u0441\u0432\u0435\u0440\u043b\u0435\u043d\u0438\u044f<br \/>\n. 4-\u043f\u043e\u0437\u0438\u0446\u0438\u043e\u043d\u043d\u044b\u0439 \u0434\u0435\u0440\u0436\u0430\u0442\u0435\u043b\u044c \u0438\u043d\u0441\u0442\u0440\u0443\u043c\u0435\u043d\u0442\u0430 16x16 \u043c\u043c<br \/>\n. \u0428\u043f\u0438\u043d\u0434\u0435\u043b\u044c \u0441\u043e \u0441\u044a\u0435\u043c\u043d\u0438\u043a\u043e\u043c 32 \u043c\u043c<br \/>\n. \u0423\u0441\u0442\u0440\u043e\u0439\u0441\u0442\u0432\u043e \u0434\u043b\u044f \u0432\u044b\u0434\u0443\u0432\u0430\u043d\u0438\u044f \u0447\u0430\u0441\u0442\u0438 \u0432\u043e\u0437\u0434\u0443\u0445\u0430 \u0441\u043f\u0435\u0440\u0435\u0434\u0438<br \/>\n. \u0412\u044b\u0442\u0430\u043b\u043a\u0438\u0432\u0430\u0442\u0435\u043b\u044c \u0434\u0435\u0442\u0430\u043b\u0435\u0439, \u0437\u0430\u0449\u0438\u0442\u0430 \u043e\u0442 \u0432\u044b\u0431\u0440\u043e\u0441\u0430 \u0434\u0435\u0442\u0430\u043b\u0435\u0439,<br \/>\n. \u0417\u0430\u0449\u0438\u0442\u0430 \u043e\u0442 \u043f\u0435\u0440\u0435\u043b\u043e\u043c\u0430 \u0441\u0442\u0430\u043b\u0438<br \/>\n. \u041e\u0442\u0434\u0435\u043b\u044c\u043d\u044b\u0439 \u0431\u0430\u043a \u0434\u043b\u044f \u043e\u0445\u043b\u0430\u0436\u0434\u0430\u044e\u0449\u0435\u0433\u043e \u043c\u0430\u0441\u043b\u0430 \u0441 \u043a\u043e\u043d\u0442\u0440\u043e\u043b\u0435\u043c \u0443\u0440\u043e\u0432\u043d\u044f \u0438 \u0440\u0430\u0441\u0445\u043e\u0434\u0430<br \/>\n. \u0410\u0432\u0442\u043e\u043c\u0430\u0442\u0438\u0447\u0435\u0441\u043a\u0430\u044f \u0446\u0435\u043d\u0442\u0440\u0430\u043b\u0438\u0437\u043e\u0432\u0430\u043d\u043d\u0430\u044f \u0441\u043c\u0430\u0437\u043a\u0430 \u0441 \u043a\u043e\u043d\u0442\u0440\u043e\u043b\u0435\u043c \u0443\u0440\u043e\u0432\u043d\u044f \u043c\u0430\u0441\u043b\u0430<br \/>\n. \u041d\u0438\u0432\u0435\u043b\u0438\u0440\u043e\u0432\u043e\u0447\u043d\u044b\u0435 \u0431\u043e\u043b\u0442\u044b \u0438 \u043f\u043b\u0430\u0441\u0442\u0438\u043d\u044b, \u044f\u0449\u0438\u043a \u0434\u043b\u044f \u0438\u043d\u0441\u0442\u0440\u0443\u043c\u0435\u043d\u0442\u043e\u0432<br \/>\n. \u0418\u043d\u0442\u0435\u0440\u0444\u0435\u0439\u0441 \u0434\u043b\u044f \u0443\u0441\u0442\u0440\u043e\u0439\u0441\u0442\u0432\u0430 \u043f\u043e\u0434\u0430\u0447\u0438 \u043f\u0440\u0443\u0442\u043a\u0430<br \/>\n. \u0418\u043d\u0442\u0435\u0440\u0444\u0435\u0439\u0441 RS232C<\/p>\n<p>\u0417\u0430\u0440\u044f\u0434\u043d\u044b\u0439 \u043c\u0430\u0433\u0430\u0437\u0438\u043d FMB Turbo 3-26, \u043f\u043e\u0441\u0442\u0440\u043e\u0435\u043d\u043d\u044b\u0439 \u0432 2004 \u0433\u043e\u0434\u0443<br \/>\n\u0421\u0438\u0441\u0442\u0435\u043c\u0430 \u043f\u043e\u0436\u0430\u0440\u043e\u0442\u0443\u0448\u0435\u043d\u0438\u044f Kraft &amp; Bauer \/ GUT Feuerschutz<br \/>\n\u0422\u0440\u0430\u043d\u0441\u043f\u043e\u0440\u0442\u0435\u0440 \u0434\u043b\u044f \u0441\u0442\u0440\u0443\u0436\u043a\u0438 Mayfran<\/p>\n<p>Die Maschine kann nach Terminvereinbarung Strom besichtigt werden.<br \/>\n\u0418\u0437\u043c\u0435\u043d\u0435\u043d\u0438\u044f \u0438 \u043e\u0448\u0438\u0431\u043a\u0438 \u0432 \u0442\u0435\u0445\u043d\u0438\u0447\u0435\u0441\u043a\u0438\u0445 \u0434\u0430\u043d\u043d\u044b\u0445 \u0438 \u0438\u043d\u0444\u043e\u0440\u043c\u0430\u0446\u0438\u0438, \u0430 \u0442\u0430\u043a\u0436\u0435 \u043f\u0440\u0435\u0434\u0432\u0430\u0440\u0438\u0442\u0435\u043b\u044c\u043d\u0430\u044f \u043f\u0440\u043e\u0434\u0430\u0436\u0430 \u0437\u0430\u0440\u0435\u0437\u0435\u0440\u0432\u0438\u0440\u043e\u0432\u0430\u043d\u044b!<\/p>\n<p>IntNo231159<br \/>\n\u0422\u0438\u043f \u0441\u0442\u0430\u043d\u043a\u0430 \u0410\u0432\u0442\u043e\u043c\u0430\u0442\u0438\u0447\u0435\u0441\u043a\u0438\u0439 \u0442\u043e\u043a\u0430\u0440\u043d\u044b\u0439 \u0441\u0442\u0430\u043d\u043e\u043a \u0441 \u0427\u041f\u0423 \u0441\u043e \u0441\u043a\u043e\u043b\u044c\u0437\u044f\u0449\u0435\u0439 \u0431\u0430\u0431\u043a\u043e\u0439<br \/>\n\u041f\u0440\u043e\u0438\u0437\u0432\u043e\u0434\u0438\u0442\u0435\u043b\u044c STAR Micronics<br \/>\n\u041c\u043e\u0434\u0435\u043b\u044c SV32 JII<br \/>\n\u0433\u043e\u0434 \u043f\u043e\u0441\u0442\u0440\u043e\u0439\u043a\u0438 2002<br \/>\n\u0421\u043e\u0441\u0442\u043e\u044f\u043d\u0438\u0435 \u043e\u0447\u0435\u043d\u044c \u0445\u043e\u0440\u043e\u0448\u0435\u0435 (\u0431\/\u0443)<br \/>\n\u041e\u0447\u0435\u043d\u044c \u0443\u0445\u043e\u0436\u0435\u043d\u043d\u0430\u044f \u043c\u0430\u0448\u0438\u043d\u0430 \u043d\u0435\u043f\u043e\u0441\u0440\u0435\u0434\u0441\u0442\u0432\u0435\u043d\u043d\u043e \u043e\u0442 \u043f\u043e\u043b\u044c\u0437\u043e\u0432\u0430\u0442\u0435\u043b\u044f<br \/>\n\u041c\u0430\u0448\u0438\u043d\u0430 \u0440\u0430\u0431\u043e\u0442\u0430\u043b\u0430 \u0442\u043e\u043b\u044c\u043a\u043e \u0441 \u043c\u0430\u0441\u043b\u043e\u043c<br \/>\n\u0412\u0440\u0435\u043c\u044f \u0440\u0430\u0431\u043e\u0442\u044b \u043e\u043a\u043e\u043b\u043e 18 000 \u0447\u0430\u0441\u043e\u0432<br \/>\n\u0421\u0442\u0430\u043d\u0434\u0430\u0440\u0442\u043d\u044b\u0435 \u043f\u0440\u0438\u043d\u0430\u0434\u043b\u0435\u0436\u043d\u043e\u0441\u0442\u0438 \u043c\u0430\u0448\u0438\u043d\u044b<br \/>\n. \u041d\u0430\u043f\u0440\u0430\u0432\u043b\u044f\u044e\u0449\u0430\u044f \u0432\u0442\u0443\u043b\u043a\u0430 \u0441 \u0441\u0438\u043d\u0445\u0440\u043e\u043d\u043d\u044b\u043c \u043f\u0440\u0438\u0432\u043e\u0434\u043e\u043c<br \/>\n. \u041e\u0441\u044c C \u043d\u0430 \u0433\u043b\u0430\u0432\u043d\u043e\u043c \u0438 \u043f\u0440\u0438\u0435\u043c\u043d\u043e\u043c \u0448\u043f\u0438\u043d\u0434\u0435\u043b\u0435<br \/>\n. \u041b\u0435\u043d\u0442\u043e\u0447\u043d\u044b\u0439 \u043a\u043e\u043d\u0432\u0435\u0439\u0435\u0440 \u0434\u043b\u044f \u0437\u0430\u0433\u043e\u0442\u043e\u0432\u043e\u043a<br \/>\n. \u0426\u0430\u043d\u0433\u043e\u0432\u0430\u044f \u0432\u0442\u0443\u043b\u043a\u0430 \u0433\u043b\u0430\u0432\u043d\u043e\u0433\u043e \u0448\u043f\u0438\u043d\u0434\u0435\u043b\u044f F37 (673-53)<br \/>\n. \u0428\u043f\u0438\u043d\u0434\u0435\u043b\u044c \u0434\u043b\u044f \u043f\u043e\u0434\u0431\u043e\u0440\u0430 \u0446\u0430\u043d\u0433\u043e\u0432\u044b\u0445 \u0432\u0442\u0443\u043b\u043e\u043a F37 (673-73)<br \/>\n. \u0422\u0440\u0435\u0445\u0448\u043f\u0438\u043d\u0434\u0435\u043b\u044c\u043d\u0430\u044f \u0443\u0441\u0442\u0430\u043d\u043e\u0432\u043a\u0430 \u043f\u043e\u043f\u0435\u0440\u0435\u0447\u043d\u043e\u0433\u043e \u0441\u0432\u0435\u0440\u043b\u0435\u043d\u0438\u044f<br \/>\n. 4-\u043f\u043e\u0437\u0438\u0446\u0438\u043e\u043d\u043d\u044b\u0439 \u0434\u0435\u0440\u0436\u0430\u0442\u0435\u043b\u044c \u0438\u043d\u0441\u0442\u0440\u0443\u043c\u0435\u043d\u0442\u0430 16x16 \u043c\u043c<br \/>\n. \u0428\u043f\u0438\u043d\u0434\u0435\u043b\u044c \u0441 \u0432\u043e\u0437\u043c\u043e\u0436\u043d\u043e\u0441\u0442\u044c\u044e \u0437\u0430\u0445\u0432\u0430\u0442\u0430 32 \u043c\u043c<br \/>\n. \u0423\u0441\u0442\u0440\u043e\u0439\u0441\u0442\u0432\u043e \u0434\u043b\u044f \u0432\u044b\u0434\u0443\u0432\u0430\u043d\u0438\u044f \u0447\u0430\u0441\u0442\u0438 \u0432\u043e\u0437\u0434\u0443\u0445\u0430 \u0441\u043f\u0435\u0440\u0435\u0434\u0438<br \/>\n. \u0412\u044b\u0442\u0430\u043b\u043a\u0438\u0432\u0430\u0442\u0435\u043b\u044c \u0434\u0435\u0442\u0430\u043b\u0435\u0439, \u0437\u0430\u0449\u0438\u0442\u0430 \u043e\u0442 \u0432\u044b\u0431\u0440\u043e\u0441\u0430 \u0434\u0435\u0442\u0430\u043b\u0435\u0439 ,<br \/>\n. \u0417\u0430\u0449\u0438\u0442\u0430 \u043e\u0442 \u043f\u043e\u043b\u043e\u043c\u043a\u0438 \u043e\u0442\u0440\u0435\u0437\u043d\u043e\u0439 \u0441\u0442\u0430\u043b\u0438<br \/>\n. \u041e\u0442\u0434\u0435\u043b\u044c\u043d\u044b\u0439 \u0431\u0430\u043a \u0434\u043b\u044f \u043e\u0445\u043b\u0430\u0436\u0434\u0430\u044e\u0449\u0435\u0433\u043e \u043c\u0430\u0441\u043b\u0430 \u0441 \u043a\u043e\u043d\u0442\u0440\u043e\u043b\u0435\u043c \u0443\u0440\u043e\u0432\u043d\u044f \u0438 \u0440\u0430\u0441\u0445\u043e\u0434\u0430<br \/>\n. \u0410\u0432\u0442\u043e\u043c\u0430\u0442\u0438\u0447\u0435\u0441\u043a\u0430\u044f \u0446\u0435\u043d\u0442\u0440\u0430\u043b\u044c\u043d\u0430\u044f \u0441\u043c\u0430\u0437\u043a\u0430 \u0441 \u043a\u043e\u043d\u0442\u0440\u043e\u043b\u0435\u043c \u0443\u0440\u043e\u0432\u043d\u044f \u043c\u0430\u0441\u043b\u0430<br \/>\n. \u0412\u044b\u0440\u0430\u0432\u043d\u0438\u0432\u0430\u044e\u0449\u0438\u0435 \u0431\u043e\u043b\u0442\u044b \u0438 \u043f\u043b\u0430\u0441\u0442\u0438\u043d\u044b, \u044f\u0449\u0438\u043a \u0434\u043b\u044f \u0438\u043d\u0441\u0442\u0440\u0443\u043c\u0435\u043d\u0442\u043e\u0432<br \/>\n. \u0418\u043d\u0442\u0435\u0440\u0444\u0435\u0439\u0441 \u0434\u043b\u044f \u0443\u0441\u0442\u0440\u043e\u0439\u0441\u0442\u0432\u0430 \u043f\u043e\u0434\u0430\u0447\u0438 \u043f\u0440\u0443\u0442\u043a\u0430<br \/>\n. \u0418\u043d\u0442\u0435\u0440\u0444\u0435\u0439\u0441 RS232C<\/p>\n<p>\u0416\u0443\u0440\u043d\u0430\u043b \u0437\u0430\u0433\u0440\u0443\u0437\u043a\u0438 FMB Turbo 3-26 2004 \u0433\u043e\u0434<br \/>\n\u0421\u0438\u0441\u0442\u0435\u043c\u0430 \u043f\u043e\u0436\u0430\u0440\u043e\u0442\u0443\u0448\u0435\u043d\u0438\u044f Kraft &amp; Bauer \/ GUT Feuerschutz<br \/>\n\u0422\u0440\u0430\u043d\u0441\u043f\u043e\u0440\u0442\u0435\u0440 \u0434\u043b\u044f \u0441\u0442\u0440\u0443\u0436\u043a\u0438 Mayfran<\/p>\n<p>The machine can be inspected by appointment.<br \/>\nChanges and errors in the technical data and information as well as prior sale reserved!<\/p>","protected":false},"excerpt":{"rendered":"<p>Standort: Deutschland, Baden-W\u00fcrttemberg S\u00fcdwest Zustand: Gebraucht Hersteller: STAR Micronics Modell: STAR Micronics Baujahr: 2002 Betriebsstunden: 18000 IntNr231159 Maschinentyp CNC-Langdrehautomat Hersteller STAR Micronics Modell SV32 JII Baujahr 2002 Zustand sehr gut (gebraucht) Sehr gepflegte Maschine direkt vom Anwender Maschine ist nur mit \u00d6l gelaufen Betriebsstunden um die 18.000std. Standardzubeh\u00f6r Maschine . Synchron angetriebene F\u00fchrungsb\u00fcchse . C-Achse [&hellip;]<\/p>\n","protected":false},"featured_media":6671,"template":"","meta":[],"product_brand":[],"product_cat":[81],"product_tag":[],"class_list":{"0":"post-6677","1":"product","2":"type-product","3":"status-publish","4":"has-post-thumbnail","6":"product_cat-cnc-langdrehmaschinen","8":"first","9":"instock","10":"taxable","11":"shipping-taxable","12":"product-type-simple"},"aioseo_notices":[],"_links":{"self":[{"href":"https:\/\/www.horn-wzm.de\/ru\/wp-json\/wp\/v2\/product\/6677","targetHints":{"allow":["GET"]}}],"collection":[{"href":"https:\/\/www.horn-wzm.de\/ru\/wp-json\/wp\/v2\/product"}],"about":[{"href":"https:\/\/www.horn-wzm.de\/ru\/wp-json\/wp\/v2\/types\/product"}],"version-history":[{"count":1,"href":"https:\/\/www.horn-wzm.de\/ru\/wp-json\/wp\/v2\/product\/6677\/revisions"}],"predecessor-version":[{"id":6678,"href":"https:\/\/www.horn-wzm.de\/ru\/wp-json\/wp\/v2\/product\/6677\/revisions\/6678"}],"wp:featuredmedia":[{"embeddable":true,"href":"https:\/\/www.horn-wzm.de\/ru\/wp-json\/wp\/v2\/media\/6671"}],"wp:attachment":[{"href":"https:\/\/www.horn-wzm.de\/ru\/wp-json\/wp\/v2\/media?parent=6677"}],"wp:term":[{"taxonomy":"product_brand","embeddable":true,"href":"https:\/\/www.horn-wzm.de\/ru\/wp-json\/wp\/v2\/product_brand?post=6677"},{"taxonomy":"product_cat","embeddable":true,"href":"https:\/\/www.horn-wzm.de\/ru\/wp-json\/wp\/v2\/product_cat?post=6677"},{"taxonomy":"product_tag","embeddable":true,"href":"https:\/\/www.horn-wzm.de\/ru\/wp-json\/wp\/v2\/product_tag?post=6677"}],"curies":[{"name":"wp","href":"https:\/\/api.w.org\/{rel}","templated":true}]}}