{"id":6634,"date":"2025-10-13T10:45:50","date_gmt":"2025-10-13T08:45:50","guid":{"rendered":"https:\/\/www.horn-wzm.de\/shop\/unkategorisiert\/gebr-star-sw-12rii-_bj-2015-7_intnr231346-2\/"},"modified":"2025-10-13T10:46:49","modified_gmt":"2025-10-13T08:46:49","slug":"gebr-star-sw-12rii-_bj-2015-7_intnr231346-2","status":"publish","type":"product","link":"https:\/\/www.horn-wzm.de\/ru\/shop\/cnc-langdrehmaschinen\/gebr-star-sw-12rii-_bj-2015-7_intnr231346-2\/","title":{"rendered":"\u0424\u0438\u0440\u043c\u0435\u043d\u043d\u0430\u044f \u0437\u0432\u0435\u0437\u0434\u0430 SW-12RII _\u0413\u043e\u0434 \u0432\u044b\u043f\u0443\u0441\u043a\u0430 2015\/7_IntNo231346"},"content":{"rendered":"<p><b>Standort:<\/b> Deutschland, Baden-W\u00fcrttemberg S\u00fcdwest<\/p>\n<p><b>Zustand:<\/b> Gebraucht<\/p>\n<p><b>Hersteller:<\/b> STAR Micronics<\/p>\n<p><b>Modell:<\/b> STAR Micronics<\/p>\n<p><b>Baujahr:<\/b> 2015<\/p>\n<p><b>Betriebsstunden:<\/b> 32100<\/p>\n<p>STAR SW-12 RII, Bj. 2015\/7<br \/>\nBetriebsstunden 32.500<\/p>\n<p>CNC-Steuerung FANUC 31i-B5 mit 10 Achsen<br \/>\nC-Achse auf Haupt- und Gegenspindel<br \/>\nVom Lang- zum Kurzdreher umr\u00fcstbar<br \/>\nHaupt- und Gegenspindelspannzangentyp E1212<br \/>\nSynchron angetriebene F\u00fchrungsbuchseneinheit<br \/>\nF\u00fchrungsbuchse Typ F853<br \/>\nStandardausr\u00fcstung Werkzeughalter<br \/>\nLinearschlitten vorne<br \/>\n5-fach Werkzeughalter Schaft 10x10mm<br \/>\n3 Querbohrapparate ER11 (101-52)<br \/>\nLinearschlitten hinten<br \/>\n2-fach Werkzeughalter Schaft 10x10mm<br \/>\n3 Querbohrapparate ER11 (101-52)<br \/>\nBohreinrichtung f\u00fcr front-\/r\u00fcckseitige Stirnseitenbearbeitung, mit 4 Bohrpinolen ER11 (691-21)<br \/>\nAntriebseinrichtung f\u00fcr Werkzeuge zur Hauptseitenbearbeitung<br \/>\nGegenspindel zur R\u00fcckseitenbearbeitung<br \/>\nR\u00fcckseitenbearbeitung mit 8 Bearbeitungsstationen ER16 (101-04)<br \/>\nAntriebseinrichtung f\u00fcr Werkzeuge zur R\u00fcckseitenbearbeitung auf 8 Stationen<br \/>\nAbstechstahlbruchsicherung<br \/>\nMechanische Werkst\u00fcckauswurfeinrichtung<br \/>\nTeileauswurfkontrolle<br \/>\nAusblaseinrichtung f\u00fcr Gegenspindel<br \/>\nWerkst\u00fcckabnehmer<br \/>\nWerkst\u00fcckf\u00f6rderer zum Ausbringen der Werkst\u00fccke<br \/>\nSeparater K\u00fchlmittelbeh\u00e4lter mit Niveau- und Durchfluss\u00fcberwachung<br \/>\nLademagazin LNS TRYTON Bj 2016 (26R)<br \/>\nScharnierbandf\u00f6rderer MAYFRAN, Farbe: STAR-<br \/>\nKleinl\u00f6schanlage Kraft und Bauer und L\u00f6schmittelbeh\u00e4lter CO2<br \/>\n(10 kg)<\/p>\n<p>Abmessungen Maschine: ca. 1995 x 920 x 1700 [mm]\nGewicht Maschine: ca. 2100 [kg]\nAbmessungen Lademagazin: ca. 4200 x 890 x 1800 [mm]\nGewicht Lademagazin: ca. 1800 [kg]\n<p>Abmessungen Peripherie &amp; Zubeh\u00f6r: ca. 1900 x 700 x 800 [mm]\nGewicht Peripherie &amp; Zubeh\u00f6r: ca. 200 [kg]\nAbmessungen Peripherie &amp; Zubeh\u00f6r: ca. 1200 x 800 x 1000 [mm]\nGewicht Peripherie &amp; Zubeh\u00f6r: ca. 200 [kg]\n<p>Die Maschine kann nach Terminvereinbarung Strom besichtigt werden.<br \/>\nAenderungen und Irrtuemer in den technischen Daten und Angaben sowie Zwischenverkauf vorbehalten!<\/p>\n<p>STAR SW-12 RII, Year 2015\/7<br \/>\nOperating hours: 32,500<\/p>\n<p>CNC control FANUC 31i-B5 with 10 axes<\/p>\n<p>C-axis on main and sub spindle<\/p>\n<p>Convertible from sliding-headstock to fixed-headstock turning<\/p>\n<p>Main and sub spindle collet type E1212<\/p>\n<p>Synchronously driven guide bushing unit<\/p>\n<p>Guide bushing type F853<\/p>\n<p>Standard equipment tool holder<\/p>\n<p>Front linear tool post<\/p>\n<p>5-position tool holder, shank 10&#215;10 mm<\/p>\n<p>3 cross drilling units ER11 (101-52)<\/p>\n<p>Rear linear tool post<\/p>\n<p>2-position tool holder, shank 10&#215;10 mm<\/p>\n<p>3 cross drilling units ER11 (101-52)<\/p>\n<p>Drilling unit for front\/rear end-face machining with 4 drilling spindles ER11 (691-21)<\/p>\n<p>Drive unit for tools on the main side machining<\/p>\n<p>Sub spindle for back machining<\/p>\n<p>Back machining with 8 machining stations ER16 (101-04)<\/p>\n<p>Drive unit for tools on 8 stations for back machining<\/p>\n<p>Additional equipment<\/p>\n<p>Cut-off tool breakage detection<\/p>\n<p>Mechanical workpiece ejector<\/p>\n<p>Part ejection control<\/p>\n<p>Air blast device for sub spindle<\/p>\n<p>Workpiece catcher<\/p>\n<p>Workpiece conveyor for part removal<\/p>\n<p>Separate coolant tank with level and flow monitoring<\/p>\n<p>Bar feeder LNS TRYTON, year 2016 (26R)<\/p>\n<p>Mayfran hinge belt conveyor, color: STAR<\/p>\n<p>Compact fire extinguishing system Kraft &amp; Bauer with CO\u2082 extinguisher tank (10 kg)<\/p>\n<p>Machine dimensions: approx. 1995 x 920 x 1700 mm<br \/>\nMachine weight: approx. 2100 kg<\/p>\n<p>Bar feeder dimensions: approx. 4200 x 890 x 1800 mm<br \/>\nBar feeder weight: approx. 1800 kg<\/p>\n<p>Peripheral equipment &amp; accessories dimensions:<\/p>\n<p>approx. 1900 x 700 x 800 mm, weight approx. 200 kg<\/p>\n<p>approx. 1200 x 800 x 1000 mm, weight approx. 200 kg<\/p>\n<p>The machine can be inspected under power by appointment.<br \/>\nSpecifications and details subject to change and error. Prior sale reserved!<\/p>\n","protected":false},"excerpt":{"rendered":"<p>Standort: Deutschland, Baden-W\u00fcrttemberg S\u00fcdwest Zustand: Gebraucht Hersteller: STAR Micronics Modell: STAR Micronics Baujahr: 2015 Betriebsstunden: 32100 STAR SW-12 RII, Bj. 2015\/7 Betriebsstunden 32.500 CNC-Steuerung FANUC 31i-B5 mit 10 Achsen C-Achse auf Haupt- und Gegenspindel Vom Lang- zum Kurzdreher umr\u00fcstbar Haupt- und Gegenspindelspannzangentyp E1212 Synchron angetriebene F\u00fchrungsbuchseneinheit F\u00fchrungsbuchse Typ F853 Standardausr\u00fcstung Werkzeughalter Linearschlitten vorne 5-fach Werkzeughalter [&hellip;]<\/p>\n","protected":false},"featured_media":6636,"template":"","meta":[],"product_brand":[],"product_cat":[81],"product_tag":[],"class_list":{"0":"post-6634","1":"product","2":"type-product","3":"status-publish","4":"has-post-thumbnail","6":"product_cat-cnc-langdrehmaschinen","8":"first","9":"instock","10":"taxable","11":"shipping-taxable","12":"product-type-simple"},"aioseo_notices":[],"_links":{"self":[{"href":"https:\/\/www.horn-wzm.de\/ru\/wp-json\/wp\/v2\/product\/6634","targetHints":{"allow":["GET"]}}],"collection":[{"href":"https:\/\/www.horn-wzm.de\/ru\/wp-json\/wp\/v2\/product"}],"about":[{"href":"https:\/\/www.horn-wzm.de\/ru\/wp-json\/wp\/v2\/types\/product"}],"version-history":[{"count":1,"href":"https:\/\/www.horn-wzm.de\/ru\/wp-json\/wp\/v2\/product\/6634\/revisions"}],"predecessor-version":[{"id":6635,"href":"https:\/\/www.horn-wzm.de\/ru\/wp-json\/wp\/v2\/product\/6634\/revisions\/6635"}],"wp:featuredmedia":[{"embeddable":true,"href":"https:\/\/www.horn-wzm.de\/ru\/wp-json\/wp\/v2\/media\/6636"}],"wp:attachment":[{"href":"https:\/\/www.horn-wzm.de\/ru\/wp-json\/wp\/v2\/media?parent=6634"}],"wp:term":[{"taxonomy":"product_brand","embeddable":true,"href":"https:\/\/www.horn-wzm.de\/ru\/wp-json\/wp\/v2\/product_brand?post=6634"},{"taxonomy":"product_cat","embeddable":true,"href":"https:\/\/www.horn-wzm.de\/ru\/wp-json\/wp\/v2\/product_cat?post=6634"},{"taxonomy":"product_tag","embeddable":true,"href":"https:\/\/www.horn-wzm.de\/ru\/wp-json\/wp\/v2\/product_tag?post=6634"}],"curies":[{"name":"wp","href":"https:\/\/api.w.org\/{rel}","templated":true}]}}