{"id":6400,"date":"2025-09-22T14:10:34","date_gmt":"2025-09-22T12:10:34","guid":{"rendered":"https:\/\/www.horn-wzm.de\/shop\/unkategorisiert\/gebr-weiler-ergodor_bj-1998-intnr231387\/"},"modified":"2025-09-22T14:10:34","modified_gmt":"2025-09-22T12:10:34","slug":"gebr-weiler-ergodor_bj-1998-intnr231387","status":"publish","type":"product","link":"https:\/\/www.horn-wzm.de\/ru\/shop\/drehmaschinen\/gebr-weiler-ergodor_bj-1998-intnr231387\/","title":{"rendered":"\u0424\u0438\u0440\u043c\u0435\u043d\u043d\u044b\u0439 \u0445\u0443\u0442\u043e\u0440 \u042d\u0420\u0413\u041e\u0414\u041e\u0420_\u043f\u043e\u0441\u0442\u0440\u043e\u0435\u043d 1998, IntNo231387"},"content":{"rendered":"<p><b>\u0420\u0430\u0441\u043f\u043e\u043b\u043e\u0436\u0435\u043d\u0438\u0435:<\/b> \u0413\u0435\u0440\u043c\u0430\u043d\u0438\u044f, \u0411\u0430\u0434\u0435\u043d-\u0412\u044e\u0440\u0442\u0435\u043c\u0431\u0435\u0440\u0433, \u044e\u0433\u043e-\u0437\u0430\u043f\u0430\u0434<\/p>\n<p><b>Zustand:<\/b> \u041f\u043e\u0434\u0435\u0440\u0436\u0430\u043d\u043d\u044b\u0435<\/p>\n<p><b>Modell:<\/b> \u043d\u043e\u043b\u044c<\/p>\n<p><b>\u0413\u043e\u0434 \u043f\u043e\u0441\u0442\u0440\u043e\u0439\u043a\u0438:<\/b> 1998<\/p>\n<p>\u0422\u043e\u043a\u0430\u0440\u043d\u043e-\u043c\u0435\u0445\u0430\u043d\u0438\u0447\u0435\u0441\u043a\u0438\u0439 \u0441\u0442\u0430\u043d\u043e\u043a WEILER, ERGODOR, \u0433\u043e\u0434 \u0432\u044b\u043f\u0443\u0441\u043a\u0430 1998<br \/>\n\u041f\u0440\u0435\u0446\u0438\u0437\u0438\u043e\u043d\u043d\u044b\u0439 \u0442\u043e\u043a\u0430\u0440\u043d\u044b\u0439 \u0441\u0442\u0430\u043d\u043e\u043a \u0441 \u044d\u0440\u0433\u043e\u043d\u043e\u043c\u0438\u0447\u043d\u044b\u043c \u0434\u0438\u0437\u0430\u0439\u043d\u043e\u043c<\/p>\n<p>Technische Daten<br \/>\n\u041c\u0430\u043a\u0441. \u0414\u0438\u0430\u043c\u0435\u0442\u0440 \u043f\u043e\u0432\u043e\u0440\u043e\u0442\u0430 \u043d\u0430\u0434 \u0441\u0442\u0430\u043d\u0438\u043d\u043e\u0439: \u043f\u0440\u0438\u0431\u043b. 320 \u043c\u043c<br \/>\n\u041c\u0430\u043a\u0441. \u0414\u0438\u0430\u043c\u0435\u0442\u0440 \u043f\u043e\u0432\u043e\u0440\u043e\u0442\u0430 \u043d\u0430\u0434 \u043e\u043f\u043e\u0440\u043e\u0439: \u043f\u0440\u0438\u0431\u043b. 160 \u043c\u043c<br \/>\n\u041c\u0430\u043a\u0441. \u0414\u043b\u0438\u043d\u0430 \u043f\u043e\u0432\u043e\u0440\u043e\u0442\u0430: \u043f\u0440\u0438\u0431\u043b. 470 \u043c\u043c<br \/>\n\u0410\u043f\u0435\u0440\u0442\u0443\u0440\u0430 \u0441\u0442\u0435\u0440\u0436\u043d\u044f: \u043e\u043a\u043e\u043b\u043e 36 \u043c\u043c<br \/>\n\u0428\u043f\u0438\u043d\u0434\u0435\u043b\u044c: \u0434\u0438\u0430\u043f\u0430\u0437\u043e\u043d \u0447\u0430\u0441\u0442\u043e\u0442 \u0432\u0440\u0430\u0449\u0435\u043d\u0438\u044f: \u043f\u0440\u0438\u0431\u043b. 30 - 3550 \u043e\u0431\/\u043c\u0438\u043d<br \/>\n\u0428\u043f\u0438\u043d\u0434\u0435\u043b\u044c: A 2 - 5<br \/>\n\u041c\u043e\u0449\u043d\u043e\u0441\u0442\u044c \u043f\u0440\u0438\u0432\u043e\u0434\u0430: \u043e\u043a. 3,0 \u043a\u0412\u0442<br \/>\n\u0410\u0432\u0442\u043e\u043c\u0430\u0442\u0438\u0447\u0435\u0441\u043a\u0430\u044f \u043f\u0440\u043e\u0434\u043e\u043b\u044c\u043d\u0430\u044f \u0438 \u0442\u043e\u0440\u0446\u0435\u0432\u0430\u044f \u043f\u043e\u0434\u0430\u0447\u0430:<br \/>\n\u0414\u0438\u0430\u043f\u0430\u0437\u043e\u043d \u043f\u043e\u0434\u0430\u0447\u0438: \u043f\u0440\u0438\u0431\u043b. 0,020 - 2,0 \u043c\u043c\/\u043e\u0431.<\/p>\n<p>Die Maschine kann nach Terminvereinbarung Strom besichtigt werden.<br \/>\n\u0418\u0437\u043c\u0435\u043d\u0435\u043d\u0438\u044f \u0438 \u043e\u0448\u0438\u0431\u043a\u0438 \u0432 \u0442\u0435\u0445\u043d\u0438\u0447\u0435\u0441\u043a\u0438\u0445 \u0434\u0430\u043d\u043d\u044b\u0445 \u0438 \u0438\u043d\u0444\u043e\u0440\u043c\u0430\u0446\u0438\u0438, \u0430 \u0442\u0430\u043a\u0436\u0435 \u043f\u0440\u0435\u0434\u0432\u0430\u0440\u0438\u0442\u0435\u043b\u044c\u043d\u0430\u044f \u043f\u0440\u043e\u0434\u0430\u0436\u0430 \u0437\u0430\u0440\u0435\u0437\u0435\u0440\u0432\u0438\u0440\u043e\u0432\u0430\u043d\u044b!<\/p>\n<p>\u041c\u0435\u0445\u0430\u043d\u0438\u0447\u0435\u0441\u043a\u0438\u0439 \u0442\u043e\u043a\u0430\u0440\u043d\u044b\u0439 \u0441\u0442\u0430\u043d\u043e\u043a WEILER ERGODOR, \u043f\u043e\u0441\u0442\u0440\u043e\u0435\u043d \u0432 1998 \u0433\u043e\u0434\u0443<br \/>\n\u0412\u044b\u0441\u043e\u043a\u043e\u0442\u043e\u0447\u043d\u044b\u0439 \u0442\u043e\u043a\u0430\u0440\u043d\u044b\u0439 \u0441\u0442\u0430\u043d\u043e\u043a \u0441 \u044d\u0440\u0433\u043e\u043d\u043e\u043c\u0438\u0447\u043d\u044b\u043c \u0434\u0438\u0437\u0430\u0439\u043d\u043e\u043c<\/p>\n<p>\u0422\u0435\u0445\u043d\u0438\u0447\u0435\u0441\u043a\u0438\u0435 \u0434\u0430\u043d\u043d\u044b\u0435<br \/>\n\u041c\u0430\u043a\u0441. \u0434\u0438\u0430\u043c\u0435\u0442\u0440 \u043f\u043e\u0432\u043e\u0440\u043e\u0442\u0430 \u043d\u0430\u0434 \u0441\u0442\u0430\u043d\u0438\u043d\u043e\u0439: \u043f\u0440\u0438\u0431\u043b. 320 \u043c\u043c<br \/>\n\u041c\u0430\u043a\u0441. \u0434\u0438\u0430\u043c\u0435\u0442\u0440 \u043f\u043e\u0432\u043e\u0440\u043e\u0442\u0430 \u043d\u0430\u0434 \u043e\u043f\u043e\u0440\u043e\u0439: \u043f\u0440\u0438\u0431\u043b. 160 \u043c\u043c<br \/>\n\u041c\u0430\u043a\u0441. \u0434\u043b\u0438\u043d\u0430 \u043f\u043e\u0432\u043e\u0440\u043e\u0442\u0430: \u043e\u043a. 470 \u043c\u043c<br \/>\n\u041f\u0440\u043e\u0445\u043e\u0434 \u0434\u043b\u044f \u0448\u0442\u0430\u043d\u0433\u0438: \u043e\u043a\u043e\u043b\u043e 36 \u043c\u043c<br \/>\n\u0428\u043f\u0438\u043d\u0434\u0435\u043b\u044c: \u0434\u0438\u0430\u043f\u0430\u0437\u043e\u043d \u0447\u0430\u0441\u0442\u043e\u0442 \u0432\u0440\u0430\u0449\u0435\u043d\u0438\u044f: \u043f\u0440\u0438\u0431\u043b. 30 - 3550 \u043e\u0431\/\u043c\u0438\u043d<br \/>\n\u0428\u043f\u0438\u043d\u0434\u0435\u043b\u044c: A 2 - 5<br \/>\n\u041c\u043e\u0449\u043d\u043e\u0441\u0442\u044c \u043f\u0440\u0438\u0432\u043e\u0434\u0430: \u043e\u043a. 3,0 \u043a\u0412\u0442<br \/>\n\u0410\u0432\u0442\u043e\u043c\u0430\u0442\u0438\u0447\u0435\u0441\u043a\u0430\u044f \u043f\u0440\u043e\u0434\u043e\u043b\u044c\u043d\u0430\u044f \u0438 \u043f\u043e\u043f\u0435\u0440\u0435\u0447\u043d\u0430\u044f \u043f\u043e\u0434\u0430\u0447\u0430:<br \/>\n\u0414\u0438\u0430\u043f\u0430\u0437\u043e\u043d \u043f\u043e\u0434\u0430\u0447\u0438: \u043f\u0440\u0438\u0431\u043b. 0,020 - 2,0 \u043c\u043c\/\u043e\u0431.<\/p>\n<p>\u041e\u0441\u043c\u043e\u0442\u0440\u0435\u0442\u044c \u043c\u0430\u0448\u0438\u043d\u0443 \u043c\u043e\u0436\u043d\u043e \u043f\u043e \u043f\u0440\u0435\u0434\u0432\u0430\u0440\u0438\u0442\u0435\u043b\u044c\u043d\u043e\u0439 \u0437\u0430\u043f\u0438\u0441\u0438.<br \/>\n\u0412\u043e\u0437\u043c\u043e\u0436\u043d\u044b \u0438\u0437\u043c\u0435\u043d\u0435\u043d\u0438\u044f \u0438 \u043e\u0448\u0438\u0431\u043a\u0438 \u0432 \u0442\u0435\u0445\u043d\u0438\u0447\u0435\u0441\u043a\u0438\u0445 \u0434\u0430\u043d\u043d\u044b\u0445 \u0438 \u0441\u043f\u0435\u0446\u0438\u0444\u0438\u043a\u0430\u0446\u0438\u044f\u0445, \u0430 \u0442\u0430\u043a\u0436\u0435 \u043f\u0440\u0435\u0434\u0432\u0430\u0440\u0438\u0442\u0435\u043b\u044c\u043d\u0430\u044f \u043f\u0440\u043e\u0434\u0430\u0436\u0430!<\/p>","protected":false},"excerpt":{"rendered":"<p>Standort: Deutschland, Baden-W\u00fcrttemberg S\u00fcdwest Zustand: Gebraucht Modell: null Baujahr: 1998 Mechanikerdrehmaschine WEILER, ERGODOR, Bj. 1998 Genauigkeits-Spitzendrehmaschine in ergonomischer Bauart Technische Daten Max. Drehdurchmesser \u00fcber Bett: ca. 320 mm Max. Drehdurchmesser \u00fcber Support: ca. 160 mm Max. Drehl\u00e4nge: ca. 470 mm Stangendurchlass: ca. 36 mm Spindel: Drehzahlbereich: ca. 30 &#8211; 3550 U\/min Spindelnase: A 2 &#8211; [&hellip;]<\/p>\n","protected":false},"featured_media":6395,"template":"","meta":[],"product_brand":[],"product_cat":[95],"product_tag":[],"class_list":{"0":"post-6400","1":"product","2":"type-product","3":"status-publish","4":"has-post-thumbnail","6":"product_cat-drehmaschinen","8":"first","9":"instock","10":"taxable","11":"shipping-taxable","12":"product-type-simple"},"aioseo_notices":[],"_links":{"self":[{"href":"https:\/\/www.horn-wzm.de\/ru\/wp-json\/wp\/v2\/product\/6400","targetHints":{"allow":["GET"]}}],"collection":[{"href":"https:\/\/www.horn-wzm.de\/ru\/wp-json\/wp\/v2\/product"}],"about":[{"href":"https:\/\/www.horn-wzm.de\/ru\/wp-json\/wp\/v2\/types\/product"}],"version-history":[{"count":1,"href":"https:\/\/www.horn-wzm.de\/ru\/wp-json\/wp\/v2\/product\/6400\/revisions"}],"predecessor-version":[{"id":6401,"href":"https:\/\/www.horn-wzm.de\/ru\/wp-json\/wp\/v2\/product\/6400\/revisions\/6401"}],"wp:featuredmedia":[{"embeddable":true,"href":"https:\/\/www.horn-wzm.de\/ru\/wp-json\/wp\/v2\/media\/6395"}],"wp:attachment":[{"href":"https:\/\/www.horn-wzm.de\/ru\/wp-json\/wp\/v2\/media?parent=6400"}],"wp:term":[{"taxonomy":"product_brand","embeddable":true,"href":"https:\/\/www.horn-wzm.de\/ru\/wp-json\/wp\/v2\/product_brand?post=6400"},{"taxonomy":"product_cat","embeddable":true,"href":"https:\/\/www.horn-wzm.de\/ru\/wp-json\/wp\/v2\/product_cat?post=6400"},{"taxonomy":"product_tag","embeddable":true,"href":"https:\/\/www.horn-wzm.de\/ru\/wp-json\/wp\/v2\/product_tag?post=6400"}],"curies":[{"name":"wp","href":"https:\/\/api.w.org\/{rel}","templated":true}]}}