{"id":6127,"date":"2025-07-29T13:24:39","date_gmt":"2025-07-29T11:24:39","guid":{"rendered":"https:\/\/www.horn-wzm.de\/?post_type=product&#038;p=6127"},"modified":"2025-07-29T13:24:43","modified_gmt":"2025-07-29T11:24:43","slug":"bzi-52-sk-52-%d0%b7%d0%b0%d0%b6%d0%b8%d0%bc%d0%bd%d1%8b%d0%b5-%d0%b3%d0%be%d0%bb%d0%be%d0%b2%d0%ba%d0%b8-%d0%b3%d0%bb%d0%b0%d0%b4%d0%ba%d0%b8%d0%b5-%d1%81-%d0%bf%d0%be%d0%bf%d0%b5%d1%80%d0%b5%d1%87","status":"publish","type":"product","link":"https:\/\/www.horn-wzm.de\/ru\/shop\/spannzangen\/bzi-52-sk-52-spannkoepfe-glatt-mit-quer-und-laengsrillen-intnr231184\/","title":{"rendered":"BZI 52 \/ SK 52 \u0417\u0430\u0436\u0438\u043c\u043d\u044b\u0435 \u0433\u043e\u043b\u043e\u0432\u043a\u0438 \u0433\u043b\u0430\u0434\u043a\u0438\u0435, \u0441 \u043f\u043e\u043f\u0435\u0440\u0435\u0447\u043d\u044b\u043c\u0438 \u0438 \u043f\u0440\u043e\u0434\u043e\u043b\u044c\u043d\u044b\u043c\u0438 \u043a\u0430\u043d\u0430\u0432\u043a\u0430\u043c\u0438 IntNr231184"},"content":{"rendered":"<p><b>\u0420\u0430\u0441\u043f\u043e\u043b\u043e\u0436\u0435\u043d\u0438\u0435:<\/b> \u0413\u0435\u0440\u043c\u0430\u043d\u0438\u044f, \u0411\u0430\u0434\u0435\u043d-\u0412\u044e\u0440\u0442\u0435\u043c\u0431\u0435\u0440\u0433, \u044e\u0433\u043e-\u0437\u0430\u043f\u0430\u0434<\/p>\n<p><b>Zustand:<\/b> \u041a\u0430\u043a \u043d\u043e\u0432\u0435\u043d\u044c\u043a\u0438\u0439<\/p>\n<p><b>Modell:<\/b> \u043d\u043e\u043b\u044c<\/p>\n<p>\u0412\u043d\u0443\u0442\u0440\u0435\u043d\u043d\u0438\u0439 \u043d\u043e\u043c\u0435\u0440: IntNr231184<br \/>\n\u041e\u043f\u0438\u0441\u0430\u043d\u0438\u0435 \u0438\u0437\u0434\u0435\u043b\u0438\u044f: \u0420\u0430\u0441\u0448\u0438\u0440\u0438\u0442\u0435\u043b\u044c\u043d\u044b\u0435 \u043f\u0430\u0442\u0440\u043e\u043d\u044b BZI 52 \/ SK 52<\/p>\n<p>\u041f\u043e\u0434\u0445\u043e\u0434\u0438\u0442 \u0434\u043b\u044f:<\/p>\n<p>HAINBUCH SPANNTOP 52-A5 \/ Nova \u0438 MINI<br \/>\n\u0421\u043e\u043f\u043e\u0441\u0442\u0430\u0432\u0438\u043c\u044b\u0435 \u043c\u0430\u0440\u043a\u0438 \/ \u043f\u0440\u043e\u0438\u0437\u0432\u043e\u0434\u0438\u0442\u0435\u043b\u0438<br \/>\n\u0412\u0435\u0440\u0441\u0438\u0438:<\/p>\n<p>\u0413\u043b\u0430\u0434\u043a\u0438\u0435 \u0437\u0430\u0436\u0438\u043c\u043d\u044b\u0435 \u0433\u043e\u043b\u043e\u0432\u043a\u0438<br \/>\n\u0421 \u043f\u043e\u043f\u0435\u0440\u0435\u0447\u043d\u044b\u043c\u0438 \u0438 \u043f\u0440\u043e\u0434\u043e\u043b\u044c\u043d\u044b\u043c\u0438 \u043f\u0430\u0437\u0430\u043c\u0438 \u0434\u043b\u044f \u0441\u044b\u0440\u044c\u044f<br \/>\n\u0412\u0430\u0440\u0438\u0430\u043d\u0442\u044b \u043f\u0440\u043e\u0444\u0438\u043b\u044f: \u041a\u0440\u0443\u0433\u043b\u044b\u0439 \u0438 \u0448\u0435\u0441\u0442\u0438\u0433\u0440\u0430\u043d\u043d\u044b\u0439 (\u0441 \u0443\u0432\u0435\u043b\u0438\u0447\u0435\u043d\u0438\u0435\u043c \u043d\u0430 0,5 \u043c\u043c \u0438\u043b\u0438 1 \u043c\u043c)<br \/>\n\u0412\u043e\u0437\u043c\u043e\u0436\u043d\u044b\u0435 \u043e\u0431\u043b\u0430\u0441\u0442\u0438 \u043f\u0440\u0438\u043c\u0435\u043d\u0435\u043d\u0438\u044f: \u0422\u043e\u043d\u043a\u0430\u044f \u043e\u0431\u0440\u0430\u0431\u043e\u0442\u043a\u0430<br \/>\nZustand:<\/p>\n<p>\u041d\u043e\u0432\u044b\u0435 \u0438 \u0431\u044b\u0432\u0448\u0438\u0435 \u0432 \u0443\u043f\u043e\u0442\u0440\u0435\u0431\u043b\u0435\u043d\u0438\u0438 \u0438\u0437\u0434\u0435\u043b\u0438\u044f \u0440\u0430\u0437\u043b\u0438\u0447\u043d\u044b\u0445 \u0440\u0430\u0437\u043c\u0435\u0440\u043e\u0432<br \/>\n\u0417\u0430\u043a\u0430\u0437:<br \/>\n\u041f\u043e\u0436\u0430\u043b\u0443\u0439\u0441\u0442\u0430, \u043f\u0440\u0438 \u0437\u0430\u043a\u0430\u0437\u0435 \u0443\u043a\u0430\u0436\u0438\u0442\u0435 \u0436\u0435\u043b\u0430\u0435\u043c\u0443\u044e \u0441\u0442\u0435\u043f\u0435\u043d\u044c \u0437\u0430\u0436\u0438\u043c\u0430\u2300.<\/p>\n<p>\u041e\u0431\u043b\u0430\u0441\u0442\u0438 \u043f\u0440\u0438\u043c\u0435\u043d\u0435\u043d\u0438\u044f:<\/p>\n<p>\u041e\u0431\u0440\u0430\u0431\u0430\u0442\u044b\u0432\u0430\u044e\u0449\u0438\u0435 \u0446\u0435\u043d\u0442\u0440\u044b<br \/>\n\u0418\u0437\u043c\u0435\u0440\u0438\u0442\u0435\u043b\u044c\u043d\u044b\u0435 \u043c\u0430\u0448\u0438\u043d\u044b<br \/>\n\u0417\u0430\u0436\u0438\u043c \u043f\u043e\u0434\u0434\u043e\u043d\u0430<br \/>\n\u041f\u0440\u0438\u043c\u0435\u0447\u0430\u043d\u0438\u044f:<\/p>\n<p>\u0417\u0430\u0436\u0438\u043c\u043d\u044b\u0435 \u0433\u043e\u043b\u043e\u0432\u043a\u0438 \u0434\u043b\u044f \u0441\u043f\u0435\u0446\u0438\u0430\u043b\u044c\u043d\u044b\u0445 \u043f\u0440\u043e\u0444\u0438\u043b\u0435\u0439 \u0432 \u0441\u043e\u043e\u0442\u0432\u0435\u0442\u0441\u0442\u0432\u0438\u0438 \u0441 \u0438\u043d\u0434\u0438\u0432\u0438\u0434\u0443\u0430\u043b\u044c\u043d\u044b\u043c\u0438 \u0442\u0440\u0435\u0431\u043e\u0432\u0430\u043d\u0438\u044f\u043c\u0438 \u043f\u043e \u0437\u0430\u043f\u0440\u043e\u0441\u0443<br \/>\n\u0414\u0440\u0443\u0433\u0438\u0435 \u0440\u0430\u0437\u043c\u0435\u0440\u044b \u043a\u043e\u043d\u0443\u0441\u043e\u0432, \u0444\u043e\u0440\u043c\u044b (\u043d\u0430\u043f\u0440\u0438\u043c\u0435\u0440, \u043a\u0432\u0430\u0434\u0440\u0430\u0442\u043d\u044b\u0435) \u0438 \u043e\u0431\u0440\u0430\u0431\u0430\u0442\u044b\u0432\u0430\u0435\u043c\u044b\u0435 \u0437\u0430\u0433\u043e\u0442\u043e\u0432\u043a\u0438 \u0442\u0430\u043a\u0436\u0435 \u0434\u043e\u0441\u0442\u0443\u043f\u043d\u044b \u043f\u043e \u0437\u0430\u043f\u0440\u043e\u0441\u0443<\/p>\n<p>\u0418\u0437\u043c\u0435\u043d\u0435\u043d\u0438\u044f \u0438 \u043e\u0448\u0438\u0431\u043a\u0438 \u0432 \u0442\u0435\u0445\u043d\u0438\u0447\u0435\u0441\u043a\u0438\u0445 \u0434\u0430\u043d\u043d\u044b\u0445 \u0438 \u0438\u043d\u0444\u043e\u0440\u043c\u0430\u0446\u0438\u0438, \u0430 \u0442\u0430\u043a\u0436\u0435 \u043f\u0440\u0435\u0434\u0432\u0430\u0440\u0438\u0442\u0435\u043b\u044c\u043d\u0430\u044f \u043f\u0440\u043e\u0434\u0430\u0436\u0430 \u0437\u0430\u0440\u0435\u0437\u0435\u0440\u0432\u0438\u0440\u043e\u0432\u0430\u043d\u044b!<\/p>\n<p>\u0412\u043d\u0443\u0442\u0440\u0435\u043d\u043d\u0438\u0439 \u043d\u043e\u043c\u0435\u0440: IntNr231184<br \/>\n\u041e\u043f\u0438\u0441\u0430\u043d\u0438\u0435 \u0438\u0437\u0434\u0435\u043b\u0438\u044f: \u0417\u0430\u0436\u0438\u043c\u043d\u044b\u0435 \u0433\u043e\u043b\u043e\u0432\u043a\u0438 BZI 52 \/ SK 52<\/p>\n<p>\u041f\u043e\u0434\u0445\u043e\u0434\u0438\u0442 \u0434\u043b\u044f:<\/p>\n<p>HAINBUCH SPANNTOP 52-A5 \/ Nova \u0438 MINI<br \/>\n\u0421\u043e\u043f\u043e\u0441\u0442\u0430\u0432\u0438\u043c\u044b\u0435 \u043c\u0430\u0440\u043a\u0438 \/ \u043f\u0440\u043e\u0438\u0437\u0432\u043e\u0434\u0438\u0442\u0435\u043b\u0438<br \/>\n\u0412\u0435\u0440\u0441\u0438\u0438:<\/p>\n<p>\u041f\u0430\u0442\u0440\u043e\u043d\u044b \u0441 \u043f\u043b\u0430\u0432\u043d\u044b\u043c \u0440\u0430\u0441\u0448\u0438\u0440\u0435\u043d\u0438\u0435\u043c<br \/>\n\u0421 \u043f\u043e\u043f\u0435\u0440\u0435\u0447\u043d\u044b\u043c\u0438 \u0438 \u043f\u0440\u043e\u0434\u043e\u043b\u044c\u043d\u044b\u043c\u0438 \u043f\u0430\u0437\u0430\u043c\u0438 \u0434\u043b\u044f \u0441\u044b\u0440\u044c\u044f<br \/>\n\u0412\u0430\u0440\u0438\u0430\u043d\u0442\u044b \u043f\u0440\u043e\u0444\u0438\u043b\u044f: \u043a\u0440\u0443\u0433\u043b\u044b\u0439 \u0438 \u0448\u0435\u0441\u0442\u0438\u0433\u0440\u0430\u043d\u043d\u044b\u0439 (\u0441 \u0443\u0432\u0435\u043b\u0438\u0447\u0435\u043d\u0438\u0435\u043c \u043d\u0430 0,5 \u043c\u043c \u0438\u043b\u0438 1 \u043c\u043c)<br \/>\n\u0412\u043e\u0437\u043c\u043e\u0436\u043d\u044b\u0435 \u043e\u0431\u043b\u0430\u0441\u0442\u0438 \u043f\u0440\u0438\u043c\u0435\u043d\u0435\u043d\u0438\u044f: \u0422\u043e\u043d\u043a\u0430\u044f \u043e\u0431\u0440\u0430\u0431\u043e\u0442\u043a\u0430<br \/>\n\u0421\u043e\u0441\u0442\u043e\u044f\u043d\u0438\u0435:<\/p>\n<p>\u041d\u043e\u0432\u044b\u0435 \u0438 \u0431\u044b\u0432\u0448\u0438\u0435 \u0432 \u0443\u043f\u043e\u0442\u0440\u0435\u0431\u043b\u0435\u043d\u0438\u0438 \u0438\u0437\u0434\u0435\u043b\u0438\u044f \u0440\u0430\u0437\u043b\u0438\u0447\u043d\u044b\u0445 \u0440\u0430\u0437\u043c\u0435\u0440\u043e\u0432<br \/>\n\u0417\u0430\u043a\u0430\u0437:<br \/>\n\u041f\u0440\u0438 \u0437\u0430\u043a\u0430\u0437\u0435 \u0443\u043a\u0430\u0436\u0438\u0442\u0435 \u0442\u0440\u0435\u0431\u0443\u0435\u043c\u044b\u0439 \u0437\u0430\u0436\u0438\u043c \u2300.<\/p>\n<p>\u041e\u0431\u043b\u0430\u0441\u0442\u0438 \u043f\u0440\u0438\u043c\u0435\u043d\u0435\u043d\u0438\u044f:<\/p>\n<p>\u041e\u0431\u0440\u0430\u0431\u0430\u0442\u044b\u0432\u0430\u044e\u0449\u0438\u0435 \u0446\u0435\u043d\u0442\u0440\u044b<br \/>\n\u0418\u0437\u043c\u0435\u0440\u0438\u0442\u0435\u043b\u044c\u043d\u044b\u0435 \u043c\u0430\u0448\u0438\u043d\u044b<br \/>\n\u0417\u0430\u0436\u0438\u043c \u043f\u043e\u0434\u0434\u043e\u043d\u0430<br \/>\n\u041f\u0440\u0438\u043c\u0435\u0447\u0430\u043d\u0438\u044f:<\/p>\n<p>\u0417\u0430\u0436\u0438\u043c\u043d\u044b\u0435 \u0433\u043e\u043b\u043e\u0432\u043a\u0438 \u0434\u043b\u044f \u0441\u043f\u0435\u0446\u0438\u0430\u043b\u044c\u043d\u044b\u0445 \u043f\u0440\u043e\u0444\u0438\u043b\u0435\u0439 \u0432 \u0441\u043e\u043e\u0442\u0432\u0435\u0442\u0441\u0442\u0432\u0438\u0438 \u0441 \u0438\u043d\u0434\u0438\u0432\u0438\u0434\u0443\u0430\u043b\u044c\u043d\u044b\u043c\u0438 \u0442\u0440\u0435\u0431\u043e\u0432\u0430\u043d\u0438\u044f\u043c\u0438 \u043f\u043e \u0437\u0430\u043f\u0440\u043e\u0441\u0443<br \/>\n\u0414\u0440\u0443\u0433\u0438\u0435 \u0440\u0430\u0437\u043c\u0435\u0440\u044b \u043a\u043e\u043d\u0443\u0441\u0430, \u0444\u043e\u0440\u043c\u044b (\u043d\u0430\u043f\u0440\u0438\u043c\u0435\u0440, \u043a\u0432\u0430\u0434\u0440\u0430\u0442\u043d\u044b\u0435) \u0438 \u043e\u0431\u0440\u0430\u0431\u0430\u0442\u044b\u0432\u0430\u0435\u043c\u044b\u0435 \u0437\u0430\u0433\u043e\u0442\u043e\u0432\u043a\u0438 \u0442\u0430\u043a\u0436\u0435 \u0434\u043e\u0441\u0442\u0443\u043f\u043d\u044b \u043f\u043e \u0437\u0430\u043f\u0440\u043e\u0441\u0443<\/p>\n<p>\u0412\u043e\u0437\u043c\u043e\u0436\u043d\u044b \u0438\u0437\u043c\u0435\u043d\u0435\u043d\u0438\u044f \u0438 \u043e\u0448\u0438\u0431\u043a\u0438 \u0432 \u0442\u0435\u0445\u043d\u0438\u0447\u0435\u0441\u043a\u0438\u0445 \u0434\u0430\u043d\u043d\u044b\u0445 \u0438 \u0438\u043d\u0444\u043e\u0440\u043c\u0430\u0446\u0438\u0438, \u0430 \u0442\u0430\u043a\u0436\u0435 \u043f\u0440\u0435\u0434\u0432\u0430\u0440\u0438\u0442\u0435\u043b\u044c\u043d\u0430\u044f \u043f\u0440\u043e\u0434\u0430\u0436\u0430!<\/p>","protected":false},"excerpt":{"rendered":"<p>Standort: Deutschland, Baden-W\u00fcrttemberg S\u00fcdwest Zustand: Neuwertig Modell: null Interne Nummer: IntNr231184 Artikelbeschreibung: BZI 52 \/ SK 52 Spannk\u00f6pfe Geeignet f\u00fcr: HAINBUCH SPANNTOP 52-A5 \/ Nova und MINI Vergleichbare Fabrikate \/ Hersteller Ausf\u00fchrungen: Glatte Spannk\u00f6pfe Mit Quer- und L\u00e4ngsrillen f\u00fcr Rohmaterial Profilvarianten: Rund und 6-Kant (0,5 mm oder 1 mm steigend) Einsatzm\u00f6glichkeiten: Feinbearbeitung Zustand: Neu und [&hellip;]<\/p>\n","protected":false},"featured_media":5283,"template":"","meta":[],"product_brand":[],"product_cat":[92],"product_tag":[],"class_list":{"0":"post-6127","1":"product","2":"type-product","3":"status-publish","4":"has-post-thumbnail","6":"product_cat-spannzangen","8":"first","9":"instock","10":"taxable","11":"shipping-taxable","12":"product-type-simple"},"aioseo_notices":[],"_links":{"self":[{"href":"https:\/\/www.horn-wzm.de\/ru\/wp-json\/wp\/v2\/product\/6127","targetHints":{"allow":["GET"]}}],"collection":[{"href":"https:\/\/www.horn-wzm.de\/ru\/wp-json\/wp\/v2\/product"}],"about":[{"href":"https:\/\/www.horn-wzm.de\/ru\/wp-json\/wp\/v2\/types\/product"}],"version-history":[{"count":1,"href":"https:\/\/www.horn-wzm.de\/ru\/wp-json\/wp\/v2\/product\/6127\/revisions"}],"predecessor-version":[{"id":6135,"href":"https:\/\/www.horn-wzm.de\/ru\/wp-json\/wp\/v2\/product\/6127\/revisions\/6135"}],"wp:featuredmedia":[{"embeddable":true,"href":"https:\/\/www.horn-wzm.de\/ru\/wp-json\/wp\/v2\/media\/5283"}],"wp:attachment":[{"href":"https:\/\/www.horn-wzm.de\/ru\/wp-json\/wp\/v2\/media?parent=6127"}],"wp:term":[{"taxonomy":"product_brand","embeddable":true,"href":"https:\/\/www.horn-wzm.de\/ru\/wp-json\/wp\/v2\/product_brand?post=6127"},{"taxonomy":"product_cat","embeddable":true,"href":"https:\/\/www.horn-wzm.de\/ru\/wp-json\/wp\/v2\/product_cat?post=6127"},{"taxonomy":"product_tag","embeddable":true,"href":"https:\/\/www.horn-wzm.de\/ru\/wp-json\/wp\/v2\/product_tag?post=6127"}],"curies":[{"name":"wp","href":"https:\/\/api.w.org\/{rel}","templated":true}]}}