{"id":6080,"date":"2025-07-01T16:38:30","date_gmt":"2025-07-01T14:38:30","guid":{"rendered":"https:\/\/www.horn-wzm.de\/shop\/unkategorisiert\/siemens-motor_1fk6063-6af71-1eh2-intnr231328\/"},"modified":"2025-07-01T16:38:30","modified_gmt":"2025-07-01T14:38:30","slug":"%d0%b4%d0%b2%d0%b8%d0%b3%d0%b0%d1%82%d0%b5%d0%bb%d1%8c-siemens_1fk6063-6af71-1eh2-intnr231328","status":"publish","type":"product","link":"https:\/\/www.horn-wzm.de\/ru\/shop\/servomotoren\/siemens-motor_1fk6063-6af71-1eh2-intnr231328\/","title":{"rendered":"Siemens \u0414\u0432\u0438\u0433\u0430\u0442\u0435\u043b\u044c_1FK6063-6AF71-1EH2 IntNo231328"},"content":{"rendered":"<p><b>\u0420\u0430\u0441\u043f\u043e\u043b\u043e\u0436\u0435\u043d\u0438\u0435:<\/b> \u0413\u0435\u0440\u043c\u0430\u043d\u0438\u044f, \u0411\u0430\u0434\u0435\u043d-\u0412\u044e\u0440\u0442\u0435\u043c\u0431\u0435\u0440\u0433, \u044e\u0433\u043e-\u0437\u0430\u043f\u0430\u0434<\/p>\n<p><b>Zustand:<\/b> \u041f\u043e\u0434\u0435\u0440\u0436\u0430\u043d\u043d\u044b\u0435<\/p>\n<p><b>Hersteller:<\/b> Siemens<\/p>\n<p><b>Modell:<\/b> Siemens<\/p>\n<p><b>\u0413\u043e\u0434 \u043f\u043e\u0441\u0442\u0440\u043e\u0439\u043a\u0438:<\/b> 2004<\/p>\n<p><b>\u0427\u0430\u0441\u044b \u0440\u0430\u0431\u043e\u0442\u044b:<\/b> 0<\/p>\n<p>Siemens SV_Motor_A06B-0866-B380 \u0428\u043f\u0438\u043d\u0434\u0435\u043b\u044c\u043d\u044b\u0439 \u0434\u0432\u0438\u0433\u0430\u0442\u0435\u043b\u044c \u043f\u0435\u0440\u0435\u043c\u0435\u043d\u043d\u043e\u0433\u043e \u0442\u043e\u043a\u0430<br \/>\nTechnische Daten<br \/>\n\u0422\u0438\u043f: \u0441\u0438\u043d\u0445\u0440\u043e\u043d\u043d\u044b\u0439 \u0441\u0435\u0440\u0432\u043e\u0434\u0432\u0438\u0433\u0430\u0442\u0435\u043b\u044c, \u043c\u043e\u0434\u0435\u043b\u044c 1FK6, 6-\u043f\u043e\u043b\u044e\u0441\u043d\u044b\u0439<br \/>\n\u041d\u043e\u043c\u0438\u043d\u0430\u043b\u044c\u043d\u044b\u0439 \u043a\u0440\u0443\u0442\u044f\u0449\u0438\u0439 \u043c\u043e\u043c\u0435\u043d\u0442: 11 \u041d\u043c<br \/>\n\u041d\u043e\u043c\u0438\u043d\u0430\u043b\u044c\u043d\u0430\u044f \u0441\u043a\u043e\u0440\u043e\u0441\u0442\u044c: 3000 \u043e\u0431\/\u043c\u0438\u043d (100 \u0413\u0446)<br \/>\n\u041e\u0445\u043b\u0430\u0436\u0434\u0435\u043d\u0438\u0435: \u0415\u0441\u0442\u0435\u0441\u0442\u0432\u0435\u043d\u043d\u043e\u0435 \u043e\u0445\u043b\u0430\u0436\u0434\u0435\u043d\u0438\u0435, \u043a\u043e\u043d\u0441\u0442\u0440\u0443\u043a\u0446\u0438\u044f IM B5 (V1, V3)<br \/>\n\u041f\u043e\u0434\u043a\u043b\u044e\u0447\u0435\u043d\u0438\u0435: \u0448\u0442\u0435\u043a\u0435\u0440 \u043f\u0438\u0442\u0430\u043d\u0438\u044f\/\u0441\u0438\u0433\u043d\u0430\u043b\u0430, \u043f\u043e\u0432\u043e\u0440\u0430\u0447\u0438\u0432\u0430\u0435\u0442\u0441\u044f \u043d\u0430 270\u00b0<br \/>\n\u042d\u043d\u043a\u043e\u0434\u0435\u0440: \u0410\u0431\u0441\u043e\u043b\u044e\u0442\u043d\u044b\u0439 \u044d\u043d\u043a\u043e\u0434\u0435\u0440 EnDat 2048 S\/R (\u044d\u043d\u043a\u043e\u0434\u0435\u0440 A-2048)<br \/>\n\u0412\u0430\u043b: \u0433\u043b\u0430\u0434\u043a\u0438\u0439, \u043a\u043b\u0430\u0441\u0441 \u0434\u043e\u043f\u0443\u0441\u043a\u0430 N, \u0441\u043e \u0432\u0441\u0442\u0440\u043e\u0435\u043d\u043d\u044b\u043c \u0441\u0442\u043e\u043f\u043e\u0440\u043d\u044b\u043c \u0442\u043e\u0440\u043c\u043e\u0437\u043e\u043c<br \/>\n\u0421\u0442\u0435\u043f\u0435\u043d\u044c \u0437\u0430\u0449\u0438\u0442\u044b: IP65, \u0434\u043e\u043f\u043e\u043b\u043d\u0438\u0442\u0435\u043b\u044c\u043d\u043e IP67 \u043d\u0430 \u0444\u043b\u0430\u043d\u0446\u0435 \u0432\u0430\u043b\u0430 (DE)<br \/>\n\u0412\u0435\u0441: \u043e\u043a\u043e\u043b\u043e 14,6 \u043a\u0433<br \/>\n\u0418\u0441\u043f\u043e\u043b\u043d\u0435\u043d\u0438\u0435\/\u0444\u043b\u0430\u043d\u0435\u0446: \u0444\u043b\u0430\u043d\u0435\u0446 DE, \u0441\u043e\u0432\u043c\u0435\u0441\u0442\u0438\u043c\u044b\u0439 \u0441 IP67<br \/>\n\u041f\u0440\u043e\u0438\u0441\u0445\u043e\u0436\u0434\u0435\u043d\u0438\u0435: \u0413\u0435\u0440\u043c\u0430\u043d\u0438\u044f<br \/>\n\u0421\u0442\u0430\u043d\u0434\u0430\u0440\u0442: \u0421\u043e\u043e\u0442\u0432\u0435\u0442\u0441\u0442\u0432\u0443\u0435\u0442 \u0434\u0438\u0440\u0435\u043a\u0442\u0438\u0432\u0435 \u043f\u043e \u043c\u0430\u0448\u0438\u043d\u043d\u043e\u043c\u0443 \u043e\u0431\u043e\u0440\u0443\u0434\u043e\u0432\u0430\u043d\u0438\u044e 2006\/42\/EC<br \/>\n\u0414\u0432\u0438\u0433\u0430\u0442\u0435\u043b\u044c \u043c\u043e\u0436\u0435\u0442 \u0431\u044b\u0442\u044c \u043e\u0441\u043c\u043e\u0442\u0440\u0435\u043d \u043f\u043e \u043f\u0440\u0435\u0434\u0432\u0430\u0440\u0438\u0442\u0435\u043b\u044c\u043d\u043e\u0439 \u0434\u043e\u0433\u043e\u0432\u043e\u0440\u0435\u043d\u043d\u043e\u0441\u0442\u0438.<br \/>\n\u0418\u0437\u043c\u0435\u043d\u0435\u043d\u0438\u044f \u0438 \u043e\u0448\u0438\u0431\u043a\u0438 \u0432 \u0442\u0435\u0445\u043d\u0438\u0447\u0435\u0441\u043a\u0438\u0445 \u0434\u0430\u043d\u043d\u044b\u0445 \u0438 \u0438\u043d\u0444\u043e\u0440\u043c\u0430\u0446\u0438\u0438, \u0430 \u0442\u0430\u043a\u0436\u0435 \u043f\u0440\u0435\u0434\u0432\u0430\u0440\u0438\u0442\u0435\u043b\u044c\u043d\u0430\u044f \u043f\u0440\u043e\u0434\u0430\u0436\u0430 \u0437\u0430\u0440\u0435\u0437\u0435\u0440\u0432\u0438\u0440\u043e\u0432\u0430\u043d\u044b!<\/p>\n<p>\u0422\u0435\u0445\u043d\u0438\u0447\u0435\u0441\u043a\u0438\u0435 \u0434\u0430\u043d\u043d\u044b\u0435<br \/>\n\u0422\u0438\u043f: \u0441\u0438\u043d\u0445\u0440\u043e\u043d\u043d\u044b\u0439 \u0441\u0435\u0440\u0432\u043e\u0434\u0432\u0438\u0433\u0430\u0442\u0435\u043b\u044c, \u043c\u043e\u0434\u0435\u043b\u044c 1FK6, 6-\u043f\u043e\u043b\u044e\u0441\u043d\u044b\u0439<br \/>\n\u041d\u043e\u043c\u0438\u043d\u0430\u043b\u044c\u043d\u044b\u0439 \u043a\u0440\u0443\u0442\u044f\u0449\u0438\u0439 \u043c\u043e\u043c\u0435\u043d\u0442: 11 \u041d\u043c<br \/>\n\u041d\u043e\u043c\u0438\u043d\u0430\u043b\u044c\u043d\u0430\u044f \u0441\u043a\u043e\u0440\u043e\u0441\u0442\u044c: 3000 \u043e\u0431\/\u043c\u0438\u043d (100 \u0413\u0446)<br \/>\n\u041e\u0445\u043b\u0430\u0436\u0434\u0435\u043d\u0438\u0435: \u0415\u0441\u0442\u0435\u0441\u0442\u0432\u0435\u043d\u043d\u043e\u0435 \u043e\u0445\u043b\u0430\u0436\u0434\u0435\u043d\u0438\u0435, \u043a\u043e\u043d\u0441\u0442\u0440\u0443\u043a\u0446\u0438\u044f IM B5 (V1, V3)<br \/>\n\u041f\u043e\u0434\u043a\u043b\u044e\u0447\u0435\u043d\u0438\u0435: \u0440\u0430\u0437\u044a\u0435\u043c \u043f\u0438\u0442\u0430\u043d\u0438\u044f\/\u0441\u0438\u0433\u043d\u0430\u043b\u0430, \u043f\u043e\u0432\u043e\u0440\u0430\u0447\u0438\u0432\u0430\u0435\u0442\u0441\u044f \u043d\u0430 270\u00b0<br \/>\n\u042d\u043d\u043a\u043e\u0434\u0435\u0440: \u0430\u0431\u0441\u043e\u043b\u044e\u0442\u043d\u044b\u0439 \u044d\u043d\u043a\u043e\u0434\u0435\u0440 EnDat 2048 S\/R (\u044d\u043d\u043a\u043e\u0434\u0435\u0440 A-2048)<br \/>\n\u0412\u0430\u043b: \u0433\u043b\u0430\u0434\u043a\u0438\u0439, \u043a\u043b\u0430\u0441\u0441 \u0434\u043e\u043f\u0443\u0441\u043a\u0430 N, \u0441\u043e \u0432\u0441\u0442\u0440\u043e\u0435\u043d\u043d\u044b\u043c \u0441\u0442\u043e\u043f\u043e\u0440\u043d\u044b\u043c \u0442\u043e\u0440\u043c\u043e\u0437\u043e\u043c<br \/>\n\u0421\u0442\u0435\u043f\u0435\u043d\u044c \u0437\u0430\u0449\u0438\u0442\u044b: IP65, \u043d\u0430 \u0444\u043b\u0430\u043d\u0446\u0435 \u0432\u0430\u043b\u0430 (DE) \u0434\u043e\u043f\u043e\u043b\u043d\u0438\u0442\u0435\u043b\u044c\u043d\u043e IP67<br \/>\n\u0412\u0435\u0441: \u043e\u043a\u043e\u043b\u043e 14,6 \u043a\u0433<br \/>\n\u0418\u0441\u043f\u043e\u043b\u043d\u0435\u043d\u0438\u0435\/\u0444\u043b\u0430\u043d\u0435\u0446: \u0444\u043b\u0430\u043d\u0435\u0446 DE, \u0441\u043e\u0432\u043c\u0435\u0441\u0442\u0438\u043c\u044b\u0439 \u0441 IP67<br \/>\n\u041f\u0440\u043e\u0438\u0441\u0445\u043e\u0436\u0434\u0435\u043d\u0438\u0435: \u0413\u0435\u0440\u043c\u0430\u043d\u0438\u044f<br \/>\n\u0421\u0442\u0430\u043d\u0434\u0430\u0440\u0442: \u0421\u043e\u043e\u0442\u0432\u0435\u0442\u0441\u0442\u0432\u0438\u0435 \u0434\u0438\u0440\u0435\u043a\u0442\u0438\u0432\u0435 \u043f\u043e \u043c\u0430\u0448\u0438\u043d\u043d\u043e\u043c\u0443 \u043e\u0431\u043e\u0440\u0443\u0434\u043e\u0432\u0430\u043d\u0438\u044e 2006\/42\/EC<\/p>\n<p>\u0414\u0432\u0438\u0433\u0430\u0442\u0435\u043b\u044c \u043c\u043e\u0436\u043d\u043e \u043e\u0441\u043c\u043e\u0442\u0440\u0435\u0442\u044c \u043f\u043e \u043f\u0440\u0435\u0434\u0432\u0430\u0440\u0438\u0442\u0435\u043b\u044c\u043d\u043e\u0439 \u0434\u043e\u0433\u043e\u0432\u043e\u0440\u0435\u043d\u043d\u043e\u0441\u0442\u0438.<br \/>\nSubject to changes and errors in the technical data and information as well as prior sale!<\/p>\n<p>\u041f\u0435\u0440\u0435\u0432\u0435\u0434\u0435\u043d\u043e \u0441 \u043f\u043e\u043c\u043e\u0449\u044c\u044e DeepL.com (\u0431\u0435\u0441\u043f\u043b\u0430\u0442\u043d\u0430\u044f \u0432\u0435\u0440\u0441\u0438\u044f)<\/p>","protected":false},"excerpt":{"rendered":"<p>Standort: Deutschland, Baden-W\u00fcrttemberg S\u00fcdwest Zustand: Gebraucht Hersteller: Siemens Modell: Siemens Baujahr: 2004 Betriebsstunden: 0 Siemens SV_Motor_A06B-0866-B380 AC Spindel Motor Technische Daten Typ: Synchronsservomotor, Modell 1FK6, 6\u2011polig Nenndrehmoment: 11\u202fNm Nenndrehzahl: 3000\u202fU\/min (100\u202fHz) K\u00fchlung: Nat\u00fcrlich gek\u00fchlt, Bauform IM\u202fB5 (V1, V3) Anschluss: Leistungs-\/Signalstecker, drehbar um 270\u00b0 Encoder: Absolutwertgeber EnDat 2048 S\/R (Encoder A\u20112048) Welle: Glatt, Toleranzklasse N, mit [&hellip;]<\/p>\n","protected":false},"featured_media":6079,"template":"","meta":[],"product_brand":[],"product_cat":[82],"product_tag":[],"class_list":{"0":"post-6080","1":"product","2":"type-product","3":"status-publish","4":"has-post-thumbnail","6":"product_cat-servomotoren","8":"first","9":"instock","10":"taxable","11":"shipping-taxable","12":"product-type-simple"},"aioseo_notices":[],"_links":{"self":[{"href":"https:\/\/www.horn-wzm.de\/ru\/wp-json\/wp\/v2\/product\/6080","targetHints":{"allow":["GET"]}}],"collection":[{"href":"https:\/\/www.horn-wzm.de\/ru\/wp-json\/wp\/v2\/product"}],"about":[{"href":"https:\/\/www.horn-wzm.de\/ru\/wp-json\/wp\/v2\/types\/product"}],"version-history":[{"count":1,"href":"https:\/\/www.horn-wzm.de\/ru\/wp-json\/wp\/v2\/product\/6080\/revisions"}],"predecessor-version":[{"id":6081,"href":"https:\/\/www.horn-wzm.de\/ru\/wp-json\/wp\/v2\/product\/6080\/revisions\/6081"}],"wp:featuredmedia":[{"embeddable":true,"href":"https:\/\/www.horn-wzm.de\/ru\/wp-json\/wp\/v2\/media\/6079"}],"wp:attachment":[{"href":"https:\/\/www.horn-wzm.de\/ru\/wp-json\/wp\/v2\/media?parent=6080"}],"wp:term":[{"taxonomy":"product_brand","embeddable":true,"href":"https:\/\/www.horn-wzm.de\/ru\/wp-json\/wp\/v2\/product_brand?post=6080"},{"taxonomy":"product_cat","embeddable":true,"href":"https:\/\/www.horn-wzm.de\/ru\/wp-json\/wp\/v2\/product_cat?post=6080"},{"taxonomy":"product_tag","embeddable":true,"href":"https:\/\/www.horn-wzm.de\/ru\/wp-json\/wp\/v2\/product_tag?post=6080"}],"curies":[{"name":"wp","href":"https:\/\/api.w.org\/{rel}","templated":true}]}}