{"id":5990,"date":"2025-05-13T14:52:21","date_gmt":"2025-05-13T12:52:21","guid":{"rendered":"https:\/\/www.horn-wzm.de\/shop\/unkategorisiert\/schunk-rota-2b-160-zwei-backen-keilspannfutter-schunk-rota-2b-160-two-jaw-wedge-style-power-chuck-intnr231294\/"},"modified":"2025-05-13T14:52:21","modified_gmt":"2025-05-13T12:52:21","slug":"%d0%bf%d0%b0%d1%82%d1%80%d0%be%d0%bd-schunk-rota-2b-160-%d0%b4%d0%b2%d1%83%d1%85%d0%ba%d1%83%d0%bb%d0%b0%d1%87%d0%ba%d0%be%d0%b2%d1%8b%d0%b9-%d0%ba%d0%bb%d0%b8%d0%bd%d0%be%d0%b2%d0%be%d0%b9-%d0%bf","status":"publish","type":"product","link":"https:\/\/www.horn-wzm.de\/ru\/shop\/spannzangen\/schunk-rota-2b-160-zwei-backen-keilspannfutter-schunk-rota-2b-160-two-jaw-wedge-style-power-chuck-intnr231294\/","title":{"rendered":"Schunk ROTA 2B 160 Zwei-Backen-Keilspannfutter \/ \u0414\u0432\u0443\u0445\u043a\u0443\u043b\u0430\u0447\u043a\u043e\u0432\u044b\u0439 \u043a\u043b\u0438\u043d\u043e\u0432\u043e\u0439 \u043f\u0430\u0442\u0440\u043e\u043d Schunk ROTA 2B 160 IntNr231294"},"content":{"rendered":"<p><b>\u0420\u0430\u0441\u043f\u043e\u043b\u043e\u0436\u0435\u043d\u0438\u0435:<\/b> \u0413\u0435\u0440\u043c\u0430\u043d\u0438\u044f, \u0411\u0430\u0434\u0435\u043d-\u0412\u044e\u0440\u0442\u0435\u043c\u0431\u0435\u0440\u0433, \u044e\u0433\u043e-\u0437\u0430\u043f\u0430\u0434<\/p>\n<p><b>Zustand:<\/b> \u041a\u0430\u043a \u043d\u043e\u0432\u0435\u043d\u044c\u043a\u0438\u0439<\/p>\n<p><b>Modell:<\/b> \u043d\u043e\u043b\u044c<\/p>\n<p>\u0422\u0435\u0445\u043d\u0438\u0447\u0435\u0441\u043a\u043e\u0435 \u043e\u043f\u0438\u0441\u0430\u043d\u0438\u0435 - Schunk ROTA 2B 160<br \/>\n\u041d\u0430\u0437\u043d\u0430\u0447\u0435\u043d\u0438\u0435: \u0420\u0443\u0447\u043d\u043e\u0439 \u0434\u0432\u0443\u0445\u043a\u0443\u043b\u0430\u0447\u043a\u043e\u0432\u044b\u0439 \u043a\u043b\u0438\u043d\u043e\u0432\u043e\u0439 \u043f\u0430\u0442\u0440\u043e\u043d<br \/>\n\u041f\u0440\u043e\u0438\u0437\u0432\u043e\u0434\u0438\u0442\u0435\u043b\u044c: SCHUNK GmbH &amp; Co. KG<br \/>\n\u041c\u043e\u0434\u0435\u043b\u044c: ROTA 2B 160<br \/>\n\u041a\u043e\u043d\u0441\u0442\u0440\u0443\u043a\u0446\u0438\u044f: \u043a\u043b\u0438\u043d\u043e\u0432\u043e\u0439 \u043f\u0430\u0442\u0440\u043e\u043d \u0441 \u0440\u0443\u0447\u043d\u044b\u043c \u043f\u0440\u0438\u0432\u043e\u0434\u043e\u043c \u0438 2 \u0437\u0430\u0436\u0438\u043c\u043d\u044b\u043c\u0438 \u0433\u0443\u0431\u043a\u0430\u043c\u0438 \u043f\u043e \u0446\u0435\u043d\u0442\u0440\u0443<\/p>\n<p>?\ufe0f \u0422\u0438\u043f\u0438\u0447\u043d\u044b\u0435 \u0442\u0435\u0445\u043d\u0438\u0447\u0435\u0441\u043a\u0438\u0435 \u0445\u0430\u0440\u0430\u043a\u0442\u0435\u0440\u0438\u0441\u0442\u0438\u043a\u0438:<br \/>\n\u0414\u0438\u0430\u043c\u0435\u0442\u0440 \u043f\u0430\u0442\u0440\u043e\u043d\u0430: 160 \u043c\u043c<\/p>\n<p>\u041a\u043e\u043b\u0438\u0447\u0435\u0441\u0442\u0432\u043e \u0433\u0443\u0431\u043e\u043a: 2<\/p>\n<p>\u041f\u0440\u0438\u0432\u0435\u0434\u0435\u043d\u0438\u0435 \u0432 \u0434\u0435\u0439\u0441\u0442\u0432\u0438\u0435: \u0412\u0440\u0443\u0447\u043d\u0443\u044e \u0441 \u043f\u043e\u043c\u043e\u0449\u044c\u044e \u0437\u0430\u0436\u0438\u043c\u043d\u043e\u0433\u043e \u043a\u043b\u044e\u0447\u0430<\/p>\n<p>\u0417\u0430\u0436\u0438\u043c\u043d\u043e\u0439 \u043c\u0435\u0445\u0430\u043d\u0438\u0437\u043c: \u043f\u0440\u0438\u043d\u0446\u0438\u043f \u043a\u043b\u0438\u043d\u043e\u0432\u043e\u0433\u043e \u043a\u0440\u044e\u043a\u0430 (\u0434\u043b\u044f \u0432\u044b\u0441\u043e\u043a\u043e\u0439 \u0441\u0438\u043b\u044b \u0437\u0430\u0436\u0438\u043c\u0430 \u0438 \u043d\u0430\u0434\u0435\u0436\u043d\u043e\u0441\u0442\u0438)<\/p>\n<p>\u0426\u0435\u043d\u0442\u0440\u0430\u043b\u044c\u043d\u043e\u0435 \u0441\u043a\u0432\u043e\u0437\u043d\u043e\u0435 \u043e\u0442\u0432\u0435\u0440\u0441\u0442\u0438\u0435: \u043f\u0440\u0438\u0431\u043b. 40-45 \u043c\u043c (\u0432 \u0437\u0430\u0432\u0438\u0441\u0438\u043c\u043e\u0441\u0442\u0438 \u043e\u0442 \u043c\u043e\u0434\u0435\u043b\u0438)<\/p>\n<p>\u041c\u043e\u043d\u0442\u0430\u0436: \u0444\u043b\u0430\u043d\u0435\u0446 \u0438\u043b\u0438 \u043f\u0440\u044f\u043c\u043e\u0439 \u043c\u043e\u043d\u0442\u0430\u0436, \u043d\u0430\u043f\u0440\u0438\u043c\u0435\u0440, DIN 55026 A5 (\u0432 \u0437\u0430\u0432\u0438\u0441\u0438\u043c\u043e\u0441\u0442\u0438 \u043e\u0442 \u0438\u0441\u043f\u043e\u043b\u043d\u0435\u043d\u0438\u044f)<\/p>\n<p>\u041c\u0430\u043a\u0441. \u0423\u0441\u0438\u043b\u0438\u0435 \u0437\u0430\u0436\u0438\u043c\u0430: \u043f\u0440\u0438\u0431\u043b. 30-35 \u043a\u041d (\u0432 \u0437\u0430\u0432\u0438\u0441\u0438\u043c\u043e\u0441\u0442\u0438 \u043e\u0442 \u043c\u043e\u043c\u0435\u043d\u0442\u0430 \u0437\u0430\u0436\u0438\u043c\u043d\u043e\u0433\u043e \u043a\u043b\u044e\u0447\u0430)<\/p>\n<p>\u0422\u043e\u0447\u043d\u043e\u0441\u0442\u044c \u043f\u043e\u0432\u0442\u043e\u0440\u0435\u043d\u0438\u044f: \u0442\u0438\u043f. \u2264 0,02 \u043c\u043c<\/p>\n<p>\u041e\u0431\u043b\u0430\u0441\u0442\u044c \u043f\u0440\u0438\u043c\u0435\u043d\u0435\u043d\u0438\u044f: \u0414\u043b\u044f \u043d\u0435\u043a\u0440\u0443\u0433\u043b\u044b\u0445 \u0438\u043b\u0438 \u0447\u0443\u0432\u0441\u0442\u0432\u0438\u0442\u0435\u043b\u044c\u043d\u044b\u0445 \u0437\u0430\u0433\u043e\u0442\u043e\u0432\u043e\u043a, \u043f\u043e\u0434\u0445\u043e\u0434\u0438\u0442 \u0434\u043b\u044f \u0442\u043e\u043a\u0430\u0440\u043d\u044b\u0445 \u0441\u0442\u0430\u043d\u043a\u043e\u0432, \u0434\u0435\u043b\u0438\u0442\u0435\u043b\u044c\u043d\u044b\u0445 \u0433\u043e\u043b\u043e\u0432\u043e\u043a \u0438 \u0441\u043f\u0435\u0446\u0438\u0430\u043b\u044c\u043d\u044b\u0445 \u043f\u0440\u0438\u0441\u043f\u043e\u0441\u043e\u0431\u043b\u0435\u043d\u0438\u0439<\/p>\n<p>\u041c\u0430\u0442\u0435\u0440\u0438\u0430\u043b: \u041a\u043e\u0440\u043f\u0443\u0441 \u0438 \u0437\u0430\u0436\u0438\u043c\u043d\u044b\u0435 \u0434\u0435\u0442\u0430\u043b\u0438 \u0437\u0430\u043a\u0430\u043b\u0435\u043d\u044b \u0438 \u043e\u0442\u0448\u043b\u0438\u0444\u043e\u0432\u0430\u043d\u044b \u0434\u043b\u044f \u0434\u043b\u0438\u0442\u0435\u043b\u044c\u043d\u043e\u0433\u043e \u0441\u0440\u043e\u043a\u0430 \u0441\u043b\u0443\u0436\u0431\u044b<\/p>\n<p>\u2699\ufe0f \u0421\u043f\u0435\u0446\u0438\u0430\u043b\u044c\u043d\u044b\u0435 \u0432\u043e\u0437\u043c\u043e\u0436\u043d\u043e\u0441\u0442\u0438:<br \/>\n\u0414\u0432\u0443\u0445\u0447\u0435\u043b\u044e\u0441\u0442\u043d\u0430\u044f \u043a\u043e\u043d\u0441\u0442\u0440\u0443\u043a\u0446\u0438\u044f \u0434\u043b\u044f \u0441\u043f\u0435\u0446\u0438\u0430\u043b\u044c\u043d\u044b\u0445 \u0437\u0430\u0434\u0430\u0447 \u0437\u0430\u0436\u0438\u043c\u0430 (\u043d\u0430\u043f\u0440\u0438\u043c\u0435\u0440, \u043d\u0435\u043a\u0440\u0443\u0433\u043b\u044b\u0445 \u0438\u043b\u0438 \u043e\u0432\u0430\u043b\u044c\u043d\u044b\u0445 \u0437\u0430\u0433\u043e\u0442\u043e\u0432\u043e\u043a)<\/p>\n<p>\u0412\u044b\u0441\u043e\u043a\u043e\u0435 \u0443\u0441\u0438\u043b\u0438\u0435 \u0437\u0430\u0436\u0438\u043c\u0430 \u0431\u043b\u0430\u0433\u043e\u0434\u0430\u0440\u044f \u043a\u043b\u0438\u043d\u043e\u0432\u043e\u043c\u0443 \u043c\u0435\u0445\u0430\u043d\u0438\u0437\u043c\u0443 \u043a\u0440\u044e\u043a\u0430<\/p>\n<p>\u041a\u043e\u043c\u043f\u0430\u043a\u0442\u043d\u044b\u0439 \u0434\u0438\u0437\u0430\u0439\u043d<\/p>\n<p>\u041f\u0440\u043e\u0447\u043d\u044b\u0439 \u0438 \u043d\u0435 \u0442\u0440\u0435\u0431\u0443\u044e\u0449\u0438\u0439 \u043e\u0441\u043e\u0431\u043e\u0433\u043e \u0443\u0445\u043e\u0434\u0430<\/p>\n<p>\u0412\u043e\u0437\u043c\u043e\u0436\u043d\u044b \u0442\u0435\u0445\u043d\u0438\u0447\u0435\u0441\u043a\u0438\u0435 \u0438\u0437\u043c\u0435\u043d\u0435\u043d\u0438\u044f \u0438 \u0438\u0441\u043a\u043b\u044e\u0447\u0435\u043d\u0438\u044f \u043e\u0448\u0438\u0431\u043e\u043a. \u0414\u043b\u044f \u043f\u043e\u043b\u0443\u0447\u0435\u043d\u0438\u044f \u0442\u043e\u0447\u043d\u044b\u0445 \u0434\u0430\u043d\u043d\u044b\u0445, \u043f\u043e\u0436\u0430\u043b\u0443\u0439\u0441\u0442\u0430, \u043f\u043e\u043b\u0443\u0447\u0438\u0442\u0435 \u043e\u0444\u0438\u0446\u0438\u0430\u043b\u044c\u043d\u0443\u044e \u0441\u043f\u0435\u0446\u0438\u0444\u0438\u043a\u0430\u0446\u0438\u044e \u043e\u0442 SCHUNK \u0438\u043b\u0438 \u0441\u0432\u044f\u0436\u0438\u0442\u0435\u0441\u044c \u0441 \u043f\u0440\u043e\u0438\u0437\u0432\u043e\u0434\u0438\u0442\u0435\u043b\u0435\u043c \u043d\u0430\u043f\u0440\u044f\u043c\u0443\u044e.<\/p>\n<p>? \u0422\u0435\u0445\u043d\u0438\u0447\u0435\u0441\u043a\u043e\u0435 \u043e\u043f\u0438\u0441\u0430\u043d\u0438\u0435 - Schunk ROTA 2B 160<br \/>\n\u041d\u0430\u0437\u043d\u0430\u0447\u0435\u043d\u0438\u0435: \u0420\u0443\u0447\u043d\u043e\u0439 \u0434\u0432\u0443\u0445\u043a\u0443\u043b\u0430\u0447\u043a\u043e\u0432\u044b\u0439 \u043a\u043b\u0438\u043d\u043e\u0432\u043e\u0439 \u043f\u0430\u0442\u0440\u043e\u043d<br \/>\n\u041f\u0440\u043e\u0438\u0437\u0432\u043e\u0434\u0438\u0442\u0435\u043b\u044c: SCHUNK GmbH &amp; Co. KG<br \/>\n\u041c\u043e\u0434\u0435\u043b\u044c: ROTA 2B 160<br \/>\n\u041a\u043e\u043d\u0441\u0442\u0440\u0443\u043a\u0446\u0438\u044f: \u043a\u043b\u0438\u043d\u043e\u0432\u043e\u0439 \u043f\u0430\u0442\u0440\u043e\u043d \u0441 \u0440\u0443\u0447\u043d\u044b\u043c \u043f\u0440\u0438\u0432\u043e\u0434\u043e\u043c \u0438 2 \u0441\u0430\u043c\u043e\u0446\u0435\u043d\u0442\u0440\u0438\u0440\u0443\u044e\u0449\u0438\u043c\u0438\u0441\u044f \u0433\u0443\u0431\u043a\u0430\u043c\u0438<\/p>\n<p>?\ufe0f \u0422\u0438\u043f\u0438\u0447\u043d\u044b\u0435 \u0442\u0435\u0445\u043d\u0438\u0447\u0435\u0441\u043a\u0438\u0435 \u0434\u0430\u043d\u043d\u044b\u0435:<br \/>\n\u0414\u0438\u0430\u043c\u0435\u0442\u0440 \u043f\u0430\u0442\u0440\u043e\u043d\u0430: 160 \u043c\u043c<\/p>\n<p>\u041a\u043e\u043b\u0438\u0447\u0435\u0441\u0442\u0432\u043e \u0433\u0443\u0431\u043e\u043a: 2<\/p>\n<p>\u041f\u0440\u0438\u0432\u0435\u0434\u0435\u043d\u0438\u0435 \u0432 \u0434\u0435\u0439\u0441\u0442\u0432\u0438\u0435: \u0432\u0440\u0443\u0447\u043d\u0443\u044e \u0441 \u043f\u043e\u043c\u043e\u0449\u044c\u044e \u043a\u043b\u044e\u0447\u0430 \u043f\u0430\u0442\u0440\u043e\u043d\u0430<\/p>\n<p>\u0417\u0430\u0436\u0438\u043c\u043d\u043e\u0439 \u043c\u0435\u0445\u0430\u043d\u0438\u0437\u043c: \u0441\u0438\u0441\u0442\u0435\u043c\u0430 \u043a\u043b\u0438\u043d\u043e\u0432\u044b\u0445 \u043a\u0440\u044e\u043a\u043e\u0432 (\u0434\u043b\u044f \u0432\u044b\u0441\u043e\u043a\u043e\u0439 \u0441\u0438\u043b\u044b \u0437\u0430\u0436\u0438\u043c\u0430 \u0438 \u043d\u0430\u0434\u0435\u0436\u043d\u043e\u0441\u0442\u0438)<\/p>\n<p>\u0426\u0435\u043d\u0442\u0440\u0430\u043b\u044c\u043d\u043e\u0435 \u0441\u043a\u0432\u043e\u0437\u043d\u043e\u0435 \u043e\u0442\u0432\u0435\u0440\u0441\u0442\u0438\u0435: \u043e\u043a. 40-45 \u043c\u043c (\u0432 \u0437\u0430\u0432\u0438\u0441\u0438\u043c\u043e\u0441\u0442\u0438 \u043e\u0442 \u0438\u0441\u043f\u043e\u043b\u043d\u0435\u043d\u0438\u044f)<\/p>\n<p>\u041c\u043e\u043d\u0442\u0430\u0436\u043d\u044b\u0439 \u0438\u043d\u0442\u0435\u0440\u0444\u0435\u0439\u0441: \u0424\u043b\u0430\u043d\u0435\u0446 \u0438\u043b\u0438 \u043f\u0440\u044f\u043c\u043e\u0439 \u043c\u043e\u043d\u0442\u0430\u0436, \u043d\u0430\u043f\u0440\u0438\u043c\u0435\u0440, DIN 55026 A5 (\u0432 \u0437\u0430\u0432\u0438\u0441\u0438\u043c\u043e\u0441\u0442\u0438 \u043e\u0442 \u043a\u043e\u043d\u0444\u0438\u0433\u0443\u0440\u0430\u0446\u0438\u0438)<\/p>\n<p>\u041c\u0430\u043a\u0441. \u0443\u0441\u0438\u043b\u0438\u0435 \u0437\u0430\u0436\u0438\u043c\u0430: \u043e\u043a. 30-35 \u043a\u041d (\u0432 \u0437\u0430\u0432\u0438\u0441\u0438\u043c\u043e\u0441\u0442\u0438 \u043e\u0442 \u043f\u0440\u0438\u043b\u0430\u0433\u0430\u0435\u043c\u043e\u0433\u043e \u043a\u0440\u0443\u0442\u044f\u0449\u0435\u0433\u043e \u043c\u043e\u043c\u0435\u043d\u0442\u0430)<\/p>\n<p>\u041f\u043e\u0432\u0442\u043e\u0440\u044f\u0435\u043c\u043e\u0441\u0442\u044c: \u043e\u0431\u044b\u0447\u043d\u043e \u2264 0,02 \u043c\u043c<\/p>\n<p>\u041f\u0440\u0438\u043c\u0435\u043d\u0435\u043d\u0438\u0435: \u041f\u043e\u0434\u0445\u043e\u0434\u0438\u0442 \u0434\u043b\u044f \u043d\u0435\u0441\u0442\u0430\u043d\u0434\u0430\u0440\u0442\u043d\u044b\u0445 \u0438\u043b\u0438 \u0447\u0443\u0432\u0441\u0442\u0432\u0438\u0442\u0435\u043b\u044c\u043d\u044b\u0445 \u0437\u0430\u0433\u043e\u0442\u043e\u0432\u043e\u043a; \u0438\u0434\u0435\u0430\u043b\u044c\u043d\u043e \u043f\u043e\u0434\u0445\u043e\u0434\u0438\u0442 \u0434\u043b\u044f \u0438\u0441\u043f\u043e\u043b\u044c\u0437\u043e\u0432\u0430\u043d\u0438\u044f \u043d\u0430 \u0442\u043e\u043a\u0430\u0440\u043d\u044b\u0445 \u0441\u0442\u0430\u043d\u043a\u0430\u0445, \u043f\u0440\u0438\u0441\u043f\u043e\u0441\u043e\u0431\u043b\u0435\u043d\u0438\u044f\u0445 \u0434\u043b\u044f \u0438\u043d\u0434\u0435\u043a\u0441\u0430\u0446\u0438\u0438 \u0438 \u043d\u0435\u0441\u0442\u0430\u043d\u0434\u0430\u0440\u0442\u043d\u044b\u0445 \u0443\u0441\u0442\u0430\u043d\u043e\u0432\u043a\u0430\u0445<\/p>\n<p>\u041c\u0430\u0442\u0435\u0440\u0438\u0430\u043b: \u041a\u043e\u0440\u043f\u0443\u0441 \u0438 \u0437\u0430\u0436\u0438\u043c\u043d\u044b\u0435 \u0434\u0435\u0442\u0430\u043b\u0438 \u0437\u0430\u043a\u0430\u043b\u0435\u043d\u044b \u0438 \u043e\u0442\u0448\u043b\u0438\u0444\u043e\u0432\u0430\u043d\u044b \u0434\u043b\u044f \u0443\u0432\u0435\u043b\u0438\u0447\u0435\u043d\u0438\u044f \u0441\u0440\u043e\u043a\u0430 \u0441\u043b\u0443\u0436\u0431\u044b<\/p>\n<p>\u2699\ufe0f \u041a\u043b\u044e\u0447\u0435\u0432\u044b\u0435 \u043e\u0441\u043e\u0431\u0435\u043d\u043d\u043e\u0441\u0442\u0438:<br \/>\n\u0414\u0432\u0443\u0445\u0447\u0435\u043b\u044e\u0441\u0442\u043d\u0430\u044f \u0432\u0435\u0440\u0441\u0438\u044f \u0434\u043b\u044f \u043e\u0441\u043e\u0431\u044b\u0445 \u0437\u0430\u0434\u0430\u0447 \u0437\u0430\u0436\u0438\u043c\u0430 (\u043d\u0430\u043f\u0440\u0438\u043c\u0435\u0440, \u043d\u0435\u0441\u0442\u0430\u043d\u0434\u0430\u0440\u0442\u043d\u044b\u0445 \u0438\u043b\u0438 \u043e\u0432\u0430\u043b\u044c\u043d\u044b\u0445 \u0437\u0430\u0433\u043e\u0442\u043e\u0432\u043e\u043a)<\/p>\n<p>\u0412\u044b\u0441\u043e\u043a\u043e\u0435 \u0443\u0441\u0438\u043b\u0438\u0435 \u0437\u0430\u0436\u0438\u043c\u0430 \u0431\u043b\u0430\u0433\u043e\u0434\u0430\u0440\u044f \u043a\u043b\u0438\u043d\u043e\u0432\u043e\u043c\u0443 \u043a\u0440\u044e\u043a\u043e\u0432\u043e\u043c\u0443 \u043c\u0435\u0445\u0430\u043d\u0438\u0437\u043c\u0443<\/p>\n<p>\u041a\u043e\u043c\u043f\u0430\u043a\u0442\u043d\u0430\u044f \u0438 \u043f\u0440\u043e\u0447\u043d\u0430\u044f \u043a\u043e\u043d\u0441\u0442\u0440\u0443\u043a\u0446\u0438\u044f<\/p>\n<p>\u0414\u043e\u043b\u0433\u043e\u0432\u0435\u0447\u043d\u043e\u0441\u0442\u044c \u0438 \u043d\u0438\u0437\u043a\u0430\u044f \u0441\u0442\u043e\u0438\u043c\u043e\u0441\u0442\u044c \u043e\u0431\u0441\u043b\u0443\u0436\u0438\u0432\u0430\u043d\u0438\u044f<\/p>\n<p>\u0422\u0435\u0445\u043d\u0438\u0447\u0435\u0441\u043a\u0438\u0435 \u0445\u0430\u0440\u0430\u043a\u0442\u0435\u0440\u0438\u0441\u0442\u0438\u043a\u0438 \u043c\u043e\u0433\u0443\u0442 \u0431\u044b\u0442\u044c \u0438\u0437\u043c\u0435\u043d\u0435\u043d\u044b \u0438 \u0441\u043e\u0434\u0435\u0440\u0436\u0430\u0442\u044c \u043e\u0448\u0438\u0431\u043a\u0438. \u0414\u043b\u044f \u043f\u043e\u043b\u0443\u0447\u0435\u043d\u0438\u044f \u0442\u043e\u0447\u043d\u044b\u0445 \u0434\u0430\u043d\u043d\u044b\u0445 \u043e\u0431\u0440\u0430\u0442\u0438\u0442\u0435\u0441\u044c \u043a \u043e\u0444\u0438\u0446\u0438\u0430\u043b\u044c\u043d\u043e\u043c\u0443 \u0442\u0435\u0445\u043d\u0438\u0447\u0435\u0441\u043a\u043e\u043c\u0443 \u043f\u0430\u0441\u043f\u043e\u0440\u0442\u0443 SCHUNK \u0438\u043b\u0438 \u0441\u0432\u044f\u0436\u0438\u0442\u0435\u0441\u044c \u0441 \u043f\u0440\u043e\u0438\u0437\u0432\u043e\u0434\u0438\u0442\u0435\u043b\u0435\u043c \u043d\u0430\u043f\u0440\u044f\u043c\u0443\u044e.<\/p>","protected":false},"excerpt":{"rendered":"<p>Standort: Deutschland, Baden-W\u00fcrttemberg S\u00fcdwest Zustand: Neuwertig Modell: null Technische Beschreibung \u2013 Schunk ROTA 2B 160 Bezeichnung: Manuelles Zwei-Backen-Keilspannfutter Hersteller: SCHUNK GmbH &amp; Co. KG Modell: ROTA 2B 160 Ausf\u00fchrung: Manuell bet\u00e4tigtes Keilspannfutter mit 2 zentrisch spannenden Backen ?\ufe0f Typische Technische Daten: Spannfutterdurchmesser: 160 mm Backenzahl: 2 Bet\u00e4tigung: Manuell \u00fcber Spannschl\u00fcssel Spannmechanismus: Keilhaken-Prinzip (f\u00fcr hohe Spannkraft [&hellip;]<\/p>\n","protected":false},"featured_media":5988,"template":"","meta":[],"product_brand":[],"product_cat":[92],"product_tag":[],"class_list":{"0":"post-5990","1":"product","2":"type-product","3":"status-publish","4":"has-post-thumbnail","6":"product_cat-spannzangen","8":"first","9":"instock","10":"taxable","11":"shipping-taxable","12":"product-type-simple"},"aioseo_notices":[],"_links":{"self":[{"href":"https:\/\/www.horn-wzm.de\/ru\/wp-json\/wp\/v2\/product\/5990","targetHints":{"allow":["GET"]}}],"collection":[{"href":"https:\/\/www.horn-wzm.de\/ru\/wp-json\/wp\/v2\/product"}],"about":[{"href":"https:\/\/www.horn-wzm.de\/ru\/wp-json\/wp\/v2\/types\/product"}],"version-history":[{"count":1,"href":"https:\/\/www.horn-wzm.de\/ru\/wp-json\/wp\/v2\/product\/5990\/revisions"}],"predecessor-version":[{"id":5991,"href":"https:\/\/www.horn-wzm.de\/ru\/wp-json\/wp\/v2\/product\/5990\/revisions\/5991"}],"wp:featuredmedia":[{"embeddable":true,"href":"https:\/\/www.horn-wzm.de\/ru\/wp-json\/wp\/v2\/media\/5988"}],"wp:attachment":[{"href":"https:\/\/www.horn-wzm.de\/ru\/wp-json\/wp\/v2\/media?parent=5990"}],"wp:term":[{"taxonomy":"product_brand","embeddable":true,"href":"https:\/\/www.horn-wzm.de\/ru\/wp-json\/wp\/v2\/product_brand?post=5990"},{"taxonomy":"product_cat","embeddable":true,"href":"https:\/\/www.horn-wzm.de\/ru\/wp-json\/wp\/v2\/product_cat?post=5990"},{"taxonomy":"product_tag","embeddable":true,"href":"https:\/\/www.horn-wzm.de\/ru\/wp-json\/wp\/v2\/product_tag?post=5990"}],"curies":[{"name":"wp","href":"https:\/\/api.w.org\/{rel}","templated":true}]}}