{"id":5881,"date":"2025-04-07T14:03:15","date_gmt":"2025-04-07T12:03:15","guid":{"rendered":"https:\/\/www.horn-wzm.de\/shop\/unkategorisiert\/gebr-profilprojektor-mitutoyo-pv-500-_intnr231045\/"},"modified":"2025-04-07T14:03:15","modified_gmt":"2025-04-07T12:03:15","slug":"gebr-%d0%bf%d1%80%d0%be%d1%84%d0%b8%d0%bb%d1%8c%d0%bd%d1%8b%d0%b9-%d0%bf%d1%80%d0%be%d0%b5%d0%ba%d1%82%d0%be%d1%80-mitutoyo-pv-500-_intnr231045","status":"publish","type":"product","link":"https:\/\/www.horn-wzm.de\/ru\/shop\/messtechnik\/gebr-profilprojektor-mitutoyo-pv-500-_intnr231045\/","title":{"rendered":"\u041f\u0440\u043e\u0444\u0438\u043b\u044c\u043d\u044b\u0439 \u043f\u0440\u043e\u0435\u043a\u0442\u043e\u0440 Mitutoyo PV 500 _IntNr231045"},"content":{"rendered":"<p><b>\u0420\u0430\u0441\u043f\u043e\u043b\u043e\u0436\u0435\u043d\u0438\u0435:<\/b> \u0413\u0435\u0440\u043c\u0430\u043d\u0438\u044f, \u0411\u0430\u0434\u0435\u043d-\u0412\u044e\u0440\u0442\u0435\u043c\u0431\u0435\u0440\u0433, \u044e\u0433\u043e-\u0437\u0430\u043f\u0430\u0434<\/p>\n<p><b>Zustand:<\/b> \u041f\u043e\u0434\u0435\u0440\u0436\u0430\u043d\u043d\u044b\u0435<\/p>\n<p><b>\u0427\u0430\u0441\u044b \u0440\u0430\u0431\u043e\u0442\u044b:<\/b> \u043d\u0435\u0442<\/p>\n<p>IntNo231045<br \/>\nGebr.<br \/>\n\u041f\u0440\u043e\u0444\u0438\u043b\u0435\u043c\u0435\u0440 Mitutoyo PV 500<br \/>\n\u0441 \u044d\u043a\u0440\u0430\u043d\u043e\u043c 500 \u043c\u043c \u0438 \u0446\u0438\u0444\u0440\u043e\u0432\u044b\u043c \u0434\u0438\u0441\u043f\u043b\u0435\u0435\u043c<br \/>\nTechnische Daten:<br \/>\n\u041f\u0440\u043e\u0444\u0438\u043b\u044c\u043d\u044b\u0439 \u043f\u0440\u043e\u0435\u043a\u0442\u043e\u0440 \u043f\u0440\u043e\u0438\u0437\u0432\u043e\u0434\u0441\u0442\u0432\u0430 MITUTOYO \u0442\u0438\u043f PV-500<br \/>\n\u0414\u0438\u0430\u043c\u0435\u0442\u0440 \u044d\u043a\u0440\u0430\u043d\u0430 508 \u043c\u043c<br \/>\n\u042d\u043a\u0440\u0430\u043d \u043f\u043e\u0432\u043e\u0440\u0430\u0447\u0438\u0432\u0430\u0435\u0442\u0441\u044f \u043d\u0430 360\u00b0 (\u0432\u0435\u0440\u043d\u044c\u0435\u0440 1')<br \/>\n\u0412\u043e\u0437\u043c\u043e\u0436\u043d\u043e\u0435 \u0443\u0432\u0435\u043b\u0438\u0447\u0435\u043d\u0438\u0435 5 x , 10 x , 20 x , 50 x , 100 x<br \/>\n\u0423\u0441\u0442\u0430\u043d\u043e\u0432\u043a\u0430 \u0441 \u043f\u043e\u043c\u043e\u0449\u044c\u044e \u0432\u0441\u0442\u0430\u0432\u043d\u043e\u0439 \u0441\u0438\u0441\u0442\u0435\u043c\u044b \u0441 \u0430\u0434\u0430\u043f\u0442\u0435\u0440\u043e\u043c<br \/>\n\u0422\u043e\u0447\u043d\u043e\u0441\u0442\u044c \u0443\u0432\u0435\u043b\u0438\u0447\u0435\u043d\u0438\u044f \u043f\u0440\u0438 \u043f\u0440\u043e\u0445\u043e\u0434\u044f\u0449\u0435\u043c\/\u043e\u0442\u0440\u0430\u0436\u0435\u043d\u043d\u043e\u043c \u0441\u0432\u0435\u0442\u0435 +- 0,1% \/ +- 0,15%<br \/>\n\u0421\u0435\u0442\u044c 220 \u0412, 50 \u0413\u0446<br \/>\n\u041f\u043e\u0442\u0440\u0435\u0431\u043b\u044f\u0435\u043c\u0430\u044f \u043c\u043e\u0449\u043d\u043e\u0441\u0442\u044c 340 \u0412\u0410<br \/>\n\u041e\u0441\u043d\u043e\u0432\u043d\u044b\u0435 \u0440\u0430\u0437\u043c\u0435\u0440\u044b \u043f\u0440\u0438\u0431\u043e\u0440\u0430 900 x 700 x 1700 \u043c\u043c<br \/>\n\u0412\u0435\u0441 180 \u043a\u0433<br \/>\n\u0441<br \/>\n- \u0414\u0432\u0443\u0445\u043e\u0441\u0435\u0432\u043e\u0439 \u0446\u0438\u0444\u0440\u043e\u0432\u043e\u0439 \u0434\u0438\u0441\u043f\u043b\u0435\u0439 Mitutoyo<br \/>\n\u0410\u043a\u0441\u0435\u0441\u0441\u0443\u0430\u0440\u044b <\/p>\n<p>Die Maschine kann nach Terminvereinbarung Strom besichtigt werden.<br \/>\n\u0418\u0437\u043c\u0435\u043d\u0435\u043d\u0438\u044f \u0438 \u043e\u0448\u0438\u0431\u043a\u0438 \u0432 \u0442\u0435\u0445\u043d\u0438\u0447\u0435\u0441\u043a\u0438\u0445 \u0434\u0430\u043d\u043d\u044b\u0445 \u0438 \u0438\u043d\u0444\u043e\u0440\u043c\u0430\u0446\u0438\u0438, \u0430 \u0442\u0430\u043a\u0436\u0435 \u043f\u0440\u0435\u0434\u0432\u0430\u0440\u0438\u0442\u0435\u043b\u044c\u043d\u0430\u044f \u043f\u0440\u043e\u0434\u0430\u0436\u0430 \u0437\u0430\u0440\u0435\u0437\u0435\u0440\u0432\u0438\u0440\u043e\u0432\u0430\u043d\u044b!<\/p>\n<p>\u041f\u043e\u0434\u0435\u0440\u0436\u0430\u043d\u043d\u044b\u0435<br \/>\n\u041f\u0440\u043e\u0444\u0438\u043b\u0435\u043c\u0435\u0440 Mitutoyo PV 500<br \/>\n\u0441 \u044d\u043a\u0440\u0430\u043d\u043e\u043c 500 \u043c\u043c \u0438 \u0446\u0438\u0444\u0440\u043e\u0432\u044b\u043c \u0434\u0438\u0441\u043f\u043b\u0435\u0435\u043c<br \/>\n\u0422\u0435\u0445\u043d\u0438\u0447\u0435\u0441\u043a\u0438\u0435 \u0434\u0430\u043d\u043d\u044b\u0435:<br \/>\n\u041f\u0440\u043e\u0444\u0438\u043b\u044c\u043d\u044b\u0439 \u043f\u0440\u043e\u0435\u043a\u0442\u043e\u0440 \u043f\u0440\u043e\u0438\u0437\u0432\u043e\u0434\u0441\u0442\u0432\u0430 MITUTOYO \u0442\u0438\u043f PV-500<br \/>\n\u0414\u0438\u0430\u043c\u0435\u0442\u0440 \u044d\u043a\u0440\u0430\u043d\u0430 508 \u043c\u043c<br \/>\n\u042d\u043a\u0440\u0430\u043d \u043f\u043e\u0432\u043e\u0440\u0430\u0447\u0438\u0432\u0430\u0435\u0442\u0441\u044f \u043d\u0430 360\u00b0 (\u0432\u0435\u0440\u043d\u044c\u0435\u0440 1\u2032)<br \/>\n\u0412\u043e\u0437\u043c\u043e\u0436\u043d\u043e\u0435 \u0443\u0432\u0435\u043b\u0438\u0447\u0435\u043d\u0438\u0435 5 x , 10 x , 20 x , 50 x , 100 x<br \/>\n\u0423\u0441\u0442\u0430\u043d\u043e\u0432\u043a\u0430 \u0441 \u043f\u043e\u043c\u043e\u0449\u044c\u044e \u0441\u0438\u0441\u0442\u0435\u043c\u044b \u0432\u0441\u0442\u0430\u0432\u043e\u043a \u0441 \u0430\u0434\u0430\u043f\u0442\u0435\u0440\u043e\u043c<br \/>\n\u0422\u043e\u0447\u043d\u043e\u0441\u0442\u044c \u0443\u0432\u0435\u043b\u0438\u0447\u0435\u043d\u0438\u044f \u043f\u0440\u0438 \u043f\u0440\u043e\u0445\u043e\u0434\u044f\u0449\u0435\u043c\/\u043e\u0442\u0440\u0430\u0436\u0435\u043d\u043d\u043e\u043c \u0441\u0432\u0435\u0442\u0435 +- 0,1% \/ +- 0,15%<br \/>\n\u0421\u0435\u0442\u044c 220 \u0412, 50 \u0413\u0446<br \/>\n\u041f\u043e\u0442\u0440\u0435\u0431\u043b\u044f\u0435\u043c\u0430\u044f \u043c\u043e\u0449\u043d\u043e\u0441\u0442\u044c 340 \u0412\u0410<br \/>\n\u0420\u0430\u0437\u043c\u0435\u0440\u044b \u0431\u0430\u0437\u043e\u0432\u043e\u0433\u043e \u0443\u0441\u0442\u0440\u043e\u0439\u0441\u0442\u0432\u0430 900 x 700 x 1700 \u043c\u043c<br \/>\n\u0412\u0435\u0441 180 \u043a\u0433<br \/>\n\u0421<br \/>\n- 2-\u043e\u0441\u0435\u0432\u043e\u0439 \u0446\u0438\u0444\u0440\u043e\u0432\u043e\u0439 \u0434\u0438\u0441\u043f\u043b\u0435\u0439 Mitutoyo<br \/>\n\u0410\u043a\u0441\u0435\u0441\u0441\u0443\u0430\u0440\u044b <\/p>\n<p>The machine can be inspected by appointment.<br \/>\nChanges and errors in the technical data and information as well as prior sale reserved!<\/p>","protected":false},"excerpt":{"rendered":"<p>Standort: Deutschland, Baden-W\u00fcrttemberg S\u00fcdwest Zustand: Gebraucht Betriebsstunden: keine IntNr231045 Gebr. Profilprojektor Mitutoyo PV 500 mit Bildschirm 500 mm und digitaler Anzeige Technische Daten: Profilprojektor Fabrikat MITUTOYO Typ PV-500 Bildschirmdurchmesser 508 mm Bildschirm drehbar um 360\u00b0 (Nonius 1\u00b4) Vergr\u00f6\u00dferung m\u00f6glich 5 x , 10 x , 20 x ,50x , 100 x Einbau erfolgt durch Einsatzsystem [&hellip;]<\/p>\n","protected":false},"featured_media":5877,"template":"","meta":[],"product_brand":[],"product_cat":[90],"product_tag":[],"class_list":{"0":"post-5881","1":"product","2":"type-product","3":"status-publish","4":"has-post-thumbnail","6":"product_cat-messtechnik","8":"first","9":"instock","10":"taxable","11":"shipping-taxable","12":"product-type-simple"},"aioseo_notices":[],"_links":{"self":[{"href":"https:\/\/www.horn-wzm.de\/ru\/wp-json\/wp\/v2\/product\/5881","targetHints":{"allow":["GET"]}}],"collection":[{"href":"https:\/\/www.horn-wzm.de\/ru\/wp-json\/wp\/v2\/product"}],"about":[{"href":"https:\/\/www.horn-wzm.de\/ru\/wp-json\/wp\/v2\/types\/product"}],"version-history":[{"count":1,"href":"https:\/\/www.horn-wzm.de\/ru\/wp-json\/wp\/v2\/product\/5881\/revisions"}],"predecessor-version":[{"id":5882,"href":"https:\/\/www.horn-wzm.de\/ru\/wp-json\/wp\/v2\/product\/5881\/revisions\/5882"}],"wp:featuredmedia":[{"embeddable":true,"href":"https:\/\/www.horn-wzm.de\/ru\/wp-json\/wp\/v2\/media\/5877"}],"wp:attachment":[{"href":"https:\/\/www.horn-wzm.de\/ru\/wp-json\/wp\/v2\/media?parent=5881"}],"wp:term":[{"taxonomy":"product_brand","embeddable":true,"href":"https:\/\/www.horn-wzm.de\/ru\/wp-json\/wp\/v2\/product_brand?post=5881"},{"taxonomy":"product_cat","embeddable":true,"href":"https:\/\/www.horn-wzm.de\/ru\/wp-json\/wp\/v2\/product_cat?post=5881"},{"taxonomy":"product_tag","embeddable":true,"href":"https:\/\/www.horn-wzm.de\/ru\/wp-json\/wp\/v2\/product_tag?post=5881"}],"curies":[{"name":"wp","href":"https:\/\/api.w.org\/{rel}","templated":true}]}}