{"id":5748,"date":"2025-03-19T15:33:55","date_gmt":"2025-03-19T14:33:55","guid":{"rendered":"https:\/\/www.horn-wzm.de\/shop\/unkategorisiert\/lang-lader_bevorratung-und-zufuehrsystem-inkl-20-schraubstoecke-intnr231262\/"},"modified":"2025-03-19T15:33:56","modified_gmt":"2025-03-19T14:33:56","slug":"%d0%b4%d0%bb%d0%b8%d0%bd%d0%bd%d1%8b%d0%b9-%d0%bf%d0%be%d0%b3%d1%80%d1%83%d0%b7%d1%87%d0%b8%d0%ba_%d1%81%d0%b8%d1%81%d1%82%d0%b5%d0%bc%d0%b0-%d1%85%d1%80%d0%b0%d0%bd%d0%b5%d0%bd%d0%b8%d1%8f-%d0%b8","status":"publish","type":"product","link":"https:\/\/www.horn-wzm.de\/ru\/shop\/zubehoer-sonstiges\/lang-lader_bevorratung-und-zufuehrsystem-inkl-20-schraubstoecke-intnr231262\/","title":{"rendered":"LANG \u043f\u043e\u0433\u0440\u0443\u0437\u0447\u0438\u043a_\u0441\u0438\u0441\u0442\u0435\u043c\u0430 \u0441\u043a\u043b\u0430\u0434\u0438\u0440\u043e\u0432\u0430\u043d\u0438\u044f \u0438 \u043f\u043e\u0434\u0430\u0447\u0438, \u0432\u043a\u043b\u044e\u0447\u0430\u044f 20 \u0432\u0438\u043d\u0442\u043e\u0432, IntNo231262"},"content":{"rendered":"<p><b>\u0420\u0430\u0441\u043f\u043e\u043b\u043e\u0436\u0435\u043d\u0438\u0435:<\/b> \u0413\u0435\u0440\u043c\u0430\u043d\u0438\u044f, \u0411\u0430\u0434\u0435\u043d-\u0412\u044e\u0440\u0442\u0435\u043c\u0431\u0435\u0440\u0433, \u044e\u0433\u043e-\u0437\u0430\u043f\u0430\u0434<\/p>\n<p><b>Zustand:<\/b> \u041f\u043e\u0434\u0435\u0440\u0436\u0430\u043d\u043d\u044b\u0435<\/p>\n<p><b>Hersteller:<\/b> LANG<\/p>\n<p><b>Modell:<\/b> LANG<\/p>\n<p><b>\u0413\u043e\u0434 \u043f\u043e\u0441\u0442\u0440\u043e\u0439\u043a\u0438:<\/b> 2005<\/p>\n<p>\u0421\u0438\u0441\u0442\u0435\u043c\u0430 \u0445\u0440\u0430\u043d\u0435\u043d\u0438\u044f \u0438 \u043f\u043e\u0434\u0430\u0447\u0438 LANG Technik, \u043f\u043e\u0441\u0442\u0440\u043e\u0435\u043d\u043d\u0430\u044f \u0432 2005 \u0433\u043e\u0434\u0443, \u0432\u043a\u043b\u044e\u0447\u0430\u0435\u0442 20 \u0442\u0438\u0441\u043a\u043e\u0432<\/p>\n<p>\u0421\u0438\u0441\u0442\u0435\u043c\u0430 \u0430\u0432\u0442\u043e\u043c\u0430\u0442\u0438\u0437\u0430\u0446\u0438\u0438 \u0441 \u043b\u043e\u0442\u043a\u043e\u0432\u044b\u043c \u0440\u0430\u0441\u043f\u043e\u043b\u043e\u0436\u0435\u043d\u0438\u0435\u043c \u0412\u043c\u0435\u0441\u0442\u0438\u043c\u043e\u0441\u0442\u044c \u043f\u0440\u0438\u043c\u0435\u0440\u043d\u043e 50-60 \u0437\u0430\u0436\u0438\u043c\u043d\u044b\u0445 \u0442\u0438\u0441\u043a\u043e\u0432.<\/p>\n<p>\u0422\u0435\u0445\u043d\u0438\u0447\u0435\u0441\u043a\u043e\u0435 \u043e\u043f\u0438\u0441\u0430\u043d\u0438\u0435:<br \/>\n\u0421\u0438\u0441\u0442\u0435\u043c\u0430 \u0441\u043a\u043b\u0430\u0434\u0438\u0440\u043e\u0432\u0430\u043d\u0438\u044f \u0438 \u043f\u043e\u0434\u0430\u0447\u0438 LANG Technik<br \/>\n\u0421\u0438\u0441\u0442\u0435\u043c\u0430 \u0430\u0432\u0442\u043e\u043c\u0430\u0442\u0438\u0437\u0430\u0446\u0438\u0438 LANG Technik \u0441 \u0443\u0441\u0442\u0440\u043e\u0439\u0441\u0442\u0432\u043e\u043c \u0436\u0435\u043b\u043e\u0431\u0430 - \u044d\u0442\u043e \u043f\u0435\u0440\u0435\u0434\u043e\u0432\u043e\u0435 \u0430\u0432\u0442\u043e\u043c\u0430\u0442\u0438\u0437\u0438\u0440\u043e\u0432\u0430\u043d\u043d\u043e\u0435 \u0440\u0435\u0448\u0435\u043d\u0438\u0435 \u0434\u043b\u044f \u043e\u0431\u0440\u0430\u0431\u043e\u0442\u043a\u0438 \u0438 \u043f\u0435\u0440\u0435\u043c\u0435\u0449\u0435\u043d\u0438\u044f \u0437\u0430\u0433\u043e\u0442\u043e\u0432\u043e\u043a, \u0441\u043f\u0435\u0446\u0438\u0430\u043b\u044c\u043d\u043e \u0440\u0430\u0437\u0440\u0430\u0431\u043e\u0442\u0430\u043d\u043d\u043e\u0435 \u0434\u043b\u044f \u044d\u0444\u0444\u0435\u043a\u0442\u0438\u0432\u043d\u043e\u0433\u043e \u0438 \u0442\u043e\u0447\u043d\u043e\u0433\u043e \u0443\u043f\u0440\u0430\u0432\u043b\u0435\u043d\u0438\u044f \u0437\u0430\u0436\u0438\u043c\u043d\u044b\u043c\u0438 \u0442\u0438\u0441\u043a\u0430\u043c\u0438. \u0421\u043e\u0437\u0434\u0430\u043d\u043d\u0430\u044f \u0432 2005 \u0433\u043e\u0434\u0443, \u044d\u0442\u0430 \u0441\u0438\u0441\u0442\u0435\u043c\u0430 \u043f\u0440\u0435\u0434\u043d\u0430\u0437\u043d\u0430\u0447\u0435\u043d\u0430 \u0434\u043b\u044f \u0430\u0432\u0442\u043e\u043c\u0430\u0442\u0438\u0437\u0430\u0446\u0438\u0438 \u043f\u0440\u043e\u0438\u0437\u0432\u043e\u0434\u0441\u0442\u0432\u0435\u043d\u043d\u044b\u0445 \u043f\u0440\u043e\u0446\u0435\u0441\u0441\u043e\u0432 \u0438 \u043f\u043e\u0432\u044b\u0448\u0435\u043d\u0438\u044f \u044d\u0444\u0444\u0435\u043a\u0442\u0438\u0432\u043d\u043e\u0441\u0442\u0438 \u0437\u0430 \u0441\u0447\u0435\u0442 \u043e\u043f\u0442\u0438\u043c\u0438\u0437\u0430\u0446\u0438\u0438 \u043e\u0431\u0440\u0430\u0431\u043e\u0442\u043a\u0438 \u0437\u0430\u0433\u043e\u0442\u043e\u0432\u043e\u043a \u0438 \u0441\u043e\u043a\u0440\u0430\u0449\u0435\u043d\u0438\u044f \u0440\u0443\u0447\u043d\u043e\u0433\u043e \u0432\u043c\u0435\u0448\u0430\u0442\u0435\u043b\u044c\u0441\u0442\u0432\u0430.<\/p>\n<p>\u0420\u0430\u0437\u0434\u0432\u0438\u0436\u043d\u0430\u044f \u043a\u043e\u043d\u0441\u0442\u0440\u0443\u043a\u0446\u0438\u044f:<br \/>\n\u0421\u0438\u0441\u0442\u0435\u043c\u0430 \u0430\u0432\u0442\u043e\u043c\u0430\u0442\u0438\u0437\u0430\u0446\u0438\u0438 \u043e\u0441\u043d\u0430\u0449\u0435\u043d\u0430 \u0441\u0438\u0441\u0442\u0435\u043c\u043e\u0439 \u0436\u0435\u043b\u043e\u0431\u043e\u0432, \u043a\u043e\u0442\u043e\u0440\u0430\u044f \u043e\u0431\u0435\u0441\u043f\u0435\u0447\u0438\u0432\u0430\u0435\u0442 \u043d\u0435\u043f\u0440\u0435\u0440\u044b\u0432\u043d\u0443\u044e, \u0431\u0435\u0437\u043e\u043f\u0430\u0441\u043d\u0443\u044e \u0438 \u0431\u044b\u0441\u0442\u0440\u0443\u044e \u0432\u044b\u0433\u0440\u0443\u0437\u043a\u0443 \u0438 \u0442\u0440\u0430\u043d\u0441\u043f\u043e\u0440\u0442\u0438\u0440\u043e\u0432\u043a\u0443 \u0437\u0430\u0433\u043e\u0442\u043e\u0432\u043e\u043a. \u0416\u0435\u043b\u043e\u0431\u0430 \u0441\u043b\u0443\u0436\u0430\u0442 \u0441\u043e\u0435\u0434\u0438\u043d\u0438\u0442\u0435\u043b\u044c\u043d\u044b\u043c \u044d\u043b\u0435\u043c\u0435\u043d\u0442\u043e\u043c \u043c\u0435\u0436\u0434\u0443 \u0440\u0430\u0437\u043b\u0438\u0447\u043d\u044b\u043c\u0438 \u0441\u0442\u0430\u043d\u0446\u0438\u044f\u043c\u0438 \u043e\u0431\u0440\u0430\u0431\u043e\u0442\u043a\u0438 \u0438 \u0441\u043f\u0435\u0446\u0438\u0430\u043b\u044c\u043d\u043e \u0440\u0430\u0437\u0440\u0430\u0431\u043e\u0442\u0430\u043d\u044b \u0434\u043b\u044f \u043e\u0431\u0435\u0441\u043f\u0435\u0447\u0435\u043d\u0438\u044f \u0441\u0442\u0430\u0431\u0438\u043b\u044c\u043d\u043e\u0433\u043e \u0438 \u0442\u043e\u0447\u043d\u043e\u0433\u043e \u043f\u0435\u0440\u0435\u043c\u0435\u0449\u0435\u043d\u0438\u044f \u0437\u0430\u0433\u043e\u0442\u043e\u0432\u043e\u043a \u0432 \u0442\u0435\u0447\u0435\u043d\u0438\u0435 \u0432\u0441\u0435\u0433\u043e \u043f\u0440\u043e\u0438\u0437\u0432\u043e\u0434\u0441\u0442\u0432\u0435\u043d\u043d\u043e\u0433\u043e \u043f\u0440\u043e\u0446\u0435\u0441\u0441\u0430.<\/p>\n<p>\u0421\u0438\u0441\u0442\u0435\u043c\u0430 \u0443\u043f\u0440\u0430\u0432\u043b\u0435\u043d\u0438\u044f: \u0440\u0430\u0441\u043f\u043e\u043b\u043e\u0436\u0435\u043d\u0438\u0435 \u0437\u0430\u0441\u043b\u043e\u043d\u043e\u043a \u043a\u043e\u043e\u0440\u0434\u0438\u043d\u0438\u0440\u0443\u0435\u0442\u0441\u044f \u0441 \u043f\u043e\u043c\u043e\u0449\u044c\u044e \u0446\u0435\u043d\u0442\u0440\u0430\u043b\u044c\u043d\u043e\u0433\u043e \u0431\u043b\u043e\u043a\u0430 \u0443\u043f\u0440\u0430\u0432\u043b\u0435\u043d\u0438\u044f \u0441\u0438\u0441\u0442\u0435\u043c\u044b, \u043f\u043e\u044d\u0442\u043e\u043c\u0443 \u0440\u0430\u0431\u043e\u0442\u0430 \u043f\u043e\u043b\u043d\u043e\u0441\u0442\u044c\u044e \u0430\u0432\u0442\u043e\u043c\u0430\u0442\u0438\u0437\u0438\u0440\u043e\u0432\u0430\u043d\u0430 \u0438 \u044d\u0444\u0444\u0435\u043a\u0442\u0438\u0432\u043d\u0430.<\/p>\n<p>- \u0412\u043c\u0435\u0441\u0442\u0438\u043c\u043e\u0441\u0442\u044c: \u043e\u043a. 50-60 \u0437\u0430\u0436\u0438\u043c\u043d\u044b\u0445 \u0442\u0438\u0441\u043a\u043e\u0432<br \/>\n- \u041c\u0430\u0442\u0435\u0440\u0438\u0430\u043b \u043d\u0430\u043f\u0440\u0430\u0432\u043b\u044f\u044e\u0449\u0438\u0445: \u0441\u0442\u0430\u043b\u044c \u0438\u043b\u0438 \u0430\u043b\u044e\u043c\u0438\u043d\u0438\u0439, \u0432 \u0437\u0430\u0432\u0438\u0441\u0438\u043c\u043e\u0441\u0442\u0438 \u043e\u0442 \u043f\u0440\u0438\u043c\u0435\u043d\u0435\u043d\u0438\u044f<br \/>\n- \u0410\u0432\u0442\u043e\u043c\u0430\u0442\u0438\u0437\u0430\u0446\u0438\u044f: \u041f\u043e\u043b\u043d\u043e\u0441\u0442\u044c\u044e \u0430\u0432\u0442\u043e\u043c\u0430\u0442\u0438\u0437\u0438\u0440\u043e\u0432\u0430\u043d\u043d\u044b\u0439 \u0441 \u0446\u0435\u043d\u0442\u0440\u0430\u043b\u044c\u043d\u044b\u043c \u043f\u0443\u043b\u044c\u0442\u043e\u043c \u0443\u043f\u0440\u0430\u0432\u043b\u0435\u043d\u0438\u044f<br \/>\n- \u041e\u0431\u043b\u0430\u0441\u0442\u044c \u043f\u0440\u0438\u043c\u0435\u043d\u0435\u043d\u0438\u044f: \u0414\u043b\u044f \u043e\u0431\u0440\u0430\u0431\u043e\u0442\u043a\u0438 \u0437\u0430\u0433\u043e\u0442\u043e\u0432\u043e\u043a \u0440\u0430\u0437\u043b\u0438\u0447\u043d\u044b\u0445 \u0440\u0430\u0437\u043c\u0435\u0440\u043e\u0432 \u0438 \u0444\u043e\u0440\u043c<br \/>\n- \u041f\u0440\u0438\u043c\u0435\u043d\u0435\u043d\u0438\u0435: \u041e\u0441\u043e\u0431\u0435\u043d\u043d\u043e \u043f\u043e\u0434\u0445\u043e\u0434\u0438\u0442 \u0434\u043b\u044f \u043c\u0435\u0442\u0430\u043b\u043b\u043e\u043e\u0431\u0440\u0430\u0431\u043e\u0442\u043a\u0438 \u0438 \u043f\u0440\u043e\u043c\u044b\u0448\u043b\u0435\u043d\u043d\u043e\u0433\u043e \u043f\u0440\u043e\u0438\u0437\u0432\u043e\u0434\u0441\u0442\u0432\u0430<br \/>\n- \u0418\u043d\u0442\u0435\u0433\u0440\u0430\u0446\u0438\u044f: \u041b\u0435\u0433\u043a\u043e \u0438\u043d\u0442\u0435\u0433\u0440\u0438\u0440\u0443\u0435\u0442\u0441\u044f \u0432 \u0441\u0443\u0449\u0435\u0441\u0442\u0432\u0443\u044e\u0449\u0438\u0435 \u043f\u0440\u043e\u0438\u0437\u0432\u043e\u0434\u0441\u0442\u0432\u0435\u043d\u043d\u044b\u0435 \u043f\u0440\u043e\u0446\u0435\u0441\u0441\u044b<\/p>\n<p>\u041f\u043e \u043f\u0440\u0435\u0434\u0432\u0430\u0440\u0438\u0442\u0435\u043b\u044c\u043d\u043e\u0439 \u0434\u043e\u0433\u043e\u0432\u043e\u0440\u0435\u043d\u043d\u043e\u0441\u0442\u0438 \u043c\u0430\u0448\u0438\u043d\u0443 \u043c\u043e\u0436\u043d\u043e \u043e\u0441\u043c\u043e\u0442\u0440\u0435\u0442\u044c \u043f\u043e\u0434 \u043d\u0430\u043f\u0440\u044f\u0436\u0435\u043d\u0438\u0435\u043c.<br \/>\n\u0412\u043e\u0437\u043c\u043e\u0436\u043d\u044b \u0438\u0437\u043c\u0435\u043d\u0435\u043d\u0438\u044f \u0438 \u043e\u0448\u0438\u0431\u043a\u0438 \u0432 \u0442\u0435\u0445\u043d\u0438\u0447\u0435\u0441\u043a\u0438\u0445 \u0434\u0430\u043d\u043d\u044b\u0445 \u0438 \u0441\u043f\u0435\u0446\u0438\u0444\u0438\u043a\u0430\u0446\u0438\u044f\u0445, \u0430 \u0442\u0430\u043a\u0436\u0435 \u043f\u0440\u0435\u0434\u0432\u0430\u0440\u0438\u0442\u0435\u043b\u044c\u043d\u0430\u044f \u043f\u0440\u043e\u0434\u0430\u0436\u0430!<\/p>\n<p>\u0421\u0438\u0441\u0442\u0435\u043c\u0430 \u0445\u0440\u0430\u043d\u0435\u043d\u0438\u044f \u0438 \u043f\u043e\u0434\u0430\u0447\u0438 LANG Technik, \u043f\u043e\u0441\u0442\u0440\u043e\u0435\u043d\u043d\u0430\u044f \u0432 2005 \u0433\u043e\u0434\u0443, \u0432\u043a\u043b\u044e\u0447\u0430\u0435\u0442 20 \u0442\u0438\u0441\u043a\u043e\u0432<\/p>\n<p>\u0421\u0438\u0441\u0442\u0435\u043c\u0430 \u0430\u0432\u0442\u043e\u043c\u0430\u0442\u0438\u0437\u0430\u0446\u0438\u0438 \u0441 \u043b\u043e\u0442\u043a\u043e\u0432\u044b\u043c \u0440\u0430\u0441\u043f\u043e\u043b\u043e\u0436\u0435\u043d\u0438\u0435\u043c \u0412\u043c\u0435\u0441\u0442\u0438\u043c\u043e\u0441\u0442\u044c \u043f\u0440\u0438\u043c\u0435\u0440\u043d\u043e 50-60 \u0437\u0430\u0436\u0438\u043c\u043d\u044b\u0445 \u0442\u0438\u0441\u043a\u043e\u0432.<\/p>\n<p>\u0422\u0435\u0445\u043d\u0438\u0447\u0435\u0441\u043a\u043e\u0435 \u043e\u043f\u0438\u0441\u0430\u043d\u0438\u0435:<br \/>\n\u0421\u0438\u0441\u0442\u0435\u043c\u0430 \u0445\u0440\u0430\u043d\u0435\u043d\u0438\u044f \u0438 \u043f\u043e\u0434\u0430\u0447\u0438 LANG Technik<br \/>\n\u0421\u0438\u0441\u0442\u0435\u043c\u0430 \u0430\u0432\u0442\u043e\u043c\u0430\u0442\u0438\u0437\u0430\u0446\u0438\u0438 LANG Technik \u0441 \u0443\u0441\u0442\u0440\u043e\u0439\u0441\u0442\u0432\u043e\u043c \u0436\u0435\u043b\u043e\u0431\u0430 - \u044d\u0442\u043e \u043f\u0435\u0440\u0435\u0434\u043e\u0432\u043e\u0435 \u0430\u0432\u0442\u043e\u043c\u0430\u0442\u0438\u0437\u0438\u0440\u043e\u0432\u0430\u043d\u043d\u043e\u0435 \u0440\u0435\u0448\u0435\u043d\u0438\u0435 \u0434\u043b\u044f \u043e\u0431\u0440\u0430\u0431\u043e\u0442\u043a\u0438 \u0438 \u043f\u0435\u0440\u0435\u043c\u0435\u0449\u0435\u043d\u0438\u044f \u0437\u0430\u0433\u043e\u0442\u043e\u0432\u043e\u043a, \u0441\u043f\u0435\u0446\u0438\u0430\u043b\u044c\u043d\u043e \u0440\u0430\u0437\u0440\u0430\u0431\u043e\u0442\u0430\u043d\u043d\u043e\u0435 \u0434\u043b\u044f \u044d\u0444\u0444\u0435\u043a\u0442\u0438\u0432\u043d\u043e\u0433\u043e \u0438 \u0442\u043e\u0447\u043d\u043e\u0433\u043e \u0443\u043f\u0440\u0430\u0432\u043b\u0435\u043d\u0438\u044f \u0442\u0438\u0441\u043a\u0430\u043c\u0438. \u0421\u043e\u0437\u0434\u0430\u043d\u043d\u0430\u044f \u0432 2005 \u0433\u043e\u0434\u0443, \u044d\u0442\u0430 \u0441\u0438\u0441\u0442\u0435\u043c\u0430 \u043f\u0440\u0435\u0434\u043d\u0430\u0437\u043d\u0430\u0447\u0435\u043d\u0430 \u0434\u043b\u044f \u0430\u0432\u0442\u043e\u043c\u0430\u0442\u0438\u0437\u0430\u0446\u0438\u0438 \u043f\u0440\u043e\u0438\u0437\u0432\u043e\u0434\u0441\u0442\u0432\u0435\u043d\u043d\u044b\u0445 \u043f\u0440\u043e\u0446\u0435\u0441\u0441\u043e\u0432 \u0438 \u043f\u043e\u0432\u044b\u0448\u0435\u043d\u0438\u044f \u044d\u0444\u0444\u0435\u043a\u0442\u0438\u0432\u043d\u043e\u0441\u0442\u0438 \u0437\u0430 \u0441\u0447\u0435\u0442 \u043e\u043f\u0442\u0438\u043c\u0438\u0437\u0430\u0446\u0438\u0438 \u043e\u0431\u0440\u0430\u0431\u043e\u0442\u043a\u0438 \u0437\u0430\u0433\u043e\u0442\u043e\u0432\u043e\u043a \u0438 \u0441\u043e\u043a\u0440\u0430\u0449\u0435\u043d\u0438\u044f \u0440\u0443\u0447\u043d\u043e\u0433\u043e \u0432\u043c\u0435\u0448\u0430\u0442\u0435\u043b\u044c\u0441\u0442\u0432\u0430.<\/p>\n<p>\u0420\u0430\u0441\u043f\u043e\u043b\u043e\u0436\u0435\u043d\u0438\u0435 \u0436\u0435\u043b\u043e\u0431\u0430:<br \/>\n\u0421\u0438\u0441\u0442\u0435\u043c\u0430 \u0430\u0432\u0442\u043e\u043c\u0430\u0442\u0438\u0437\u0430\u0446\u0438\u0438 \u043e\u0441\u043d\u0430\u0449\u0435\u043d\u0430 \u0441\u0438\u0441\u0442\u0435\u043c\u043e\u0439 \u0436\u0435\u043b\u043e\u0431\u043e\u0432, \u043a\u043e\u0442\u043e\u0440\u0430\u044f \u043e\u0431\u0435\u0441\u043f\u0435\u0447\u0438\u0432\u0430\u0435\u0442 \u043d\u0435\u043f\u0440\u0435\u0440\u044b\u0432\u043d\u0443\u044e, \u0431\u0435\u0437\u043e\u043f\u0430\u0441\u043d\u0443\u044e \u0438 \u0431\u044b\u0441\u0442\u0440\u0443\u044e \u0432\u044b\u0433\u0440\u0443\u0437\u043a\u0443 \u0438 \u0442\u0440\u0430\u043d\u0441\u043f\u043e\u0440\u0442\u0438\u0440\u043e\u0432\u043a\u0443 \u0437\u0430\u0433\u043e\u0442\u043e\u0432\u043e\u043a. \u0416\u0435\u043b\u043e\u0431\u0430 \u0441\u043b\u0443\u0436\u0430\u0442 \u0441\u043e\u0435\u0434\u0438\u043d\u0438\u0442\u0435\u043b\u044c\u043d\u044b\u043c \u044d\u043b\u0435\u043c\u0435\u043d\u0442\u043e\u043c \u043c\u0435\u0436\u0434\u0443 \u0440\u0430\u0437\u043b\u0438\u0447\u043d\u044b\u043c\u0438 \u0441\u0442\u0430\u043d\u0446\u0438\u044f\u043c\u0438 \u043e\u0431\u0440\u0430\u0431\u043e\u0442\u043a\u0438 \u0438 \u0441\u043f\u0435\u0446\u0438\u0430\u043b\u044c\u043d\u043e \u0440\u0430\u0437\u0440\u0430\u0431\u043e\u0442\u0430\u043d\u044b \u0434\u043b\u044f \u043e\u0431\u0435\u0441\u043f\u0435\u0447\u0435\u043d\u0438\u044f \u0441\u0442\u0430\u0431\u0438\u043b\u044c\u043d\u043e\u0433\u043e \u0438 \u0442\u043e\u0447\u043d\u043e\u0433\u043e \u043f\u0435\u0440\u0435\u043c\u0435\u0449\u0435\u043d\u0438\u044f \u0437\u0430\u0433\u043e\u0442\u043e\u0432\u043e\u043a \u0432 \u0442\u0435\u0447\u0435\u043d\u0438\u0435 \u0432\u0441\u0435\u0433\u043e \u043f\u0440\u043e\u0438\u0437\u0432\u043e\u0434\u0441\u0442\u0432\u0435\u043d\u043d\u043e\u0433\u043e \u043f\u0440\u043e\u0446\u0435\u0441\u0441\u0430.<\/p>\n<p>\u0423\u043f\u0440\u0430\u0432\u043b\u0435\u043d\u0438\u0435: \u0420\u0430\u0441\u043f\u043e\u043b\u043e\u0436\u0435\u043d\u0438\u0435 \u0436\u0435\u043b\u043e\u0431\u043e\u0432 \u043a\u043e\u043e\u0440\u0434\u0438\u043d\u0438\u0440\u0443\u0435\u0442\u0441\u044f \u0441 \u043f\u043e\u043c\u043e\u0449\u044c\u044e \u0446\u0435\u043d\u0442\u0440\u0430\u043b\u044c\u043d\u043e\u0433\u043e \u0431\u043b\u043e\u043a\u0430 \u0443\u043f\u0440\u0430\u0432\u043b\u0435\u043d\u0438\u044f \u0441\u0438\u0441\u0442\u0435\u043c\u044b, \u043f\u043e\u044d\u0442\u043e\u043c\u0443 \u0440\u0430\u0431\u043e\u0442\u0430 \u043f\u043e\u043b\u043d\u043e\u0441\u0442\u044c\u044e \u0430\u0432\u0442\u043e\u043c\u0430\u0442\u0438\u0437\u0438\u0440\u043e\u0432\u0430\u043d\u0430 \u0438 \u044d\u0444\u0444\u0435\u043a\u0442\u0438\u0432\u043d\u0430.<\/p>\n<p>- \u0412\u043c\u0435\u0441\u0442\u0438\u043c\u043e\u0441\u0442\u044c: \u043e\u043a. 50-60 \u0437\u0430\u0436\u0438\u043c\u043d\u044b\u0445 \u0442\u0438\u0441\u043a\u043e\u0432<br \/>\n- \u041c\u0430\u0442\u0435\u0440\u0438\u0430\u043b \u043f\u043e\u043b\u043e\u0437\u044c\u0435\u0432: \u0441\u0442\u0430\u043b\u044c \u0438\u043b\u0438 \u0430\u043b\u044e\u043c\u0438\u043d\u0438\u0439, \u0432 \u0437\u0430\u0432\u0438\u0441\u0438\u043c\u043e\u0441\u0442\u0438 \u043e\u0442 \u043f\u0440\u0438\u043c\u0435\u043d\u0435\u043d\u0438\u044f<br \/>\n- \u0410\u0432\u0442\u043e\u043c\u0430\u0442\u0438\u0437\u0430\u0446\u0438\u044f: \u041f\u043e\u043b\u043d\u043e\u0441\u0442\u044c\u044e \u0430\u0432\u0442\u043e\u043c\u0430\u0442\u0438\u0437\u0438\u0440\u043e\u0432\u0430\u043d\u043d\u044b\u0439 \u0441 \u0446\u0435\u043d\u0442\u0440\u0430\u043b\u044c\u043d\u044b\u043c \u043f\u0443\u043b\u044c\u0442\u043e\u043c \u0443\u043f\u0440\u0430\u0432\u043b\u0435\u043d\u0438\u044f<br \/>\n- \u041e\u0431\u043b\u0430\u0441\u0442\u044c \u043f\u0440\u0438\u043c\u0435\u043d\u0435\u043d\u0438\u044f: \u0414\u043b\u044f \u043e\u0431\u0440\u0430\u0431\u043e\u0442\u043a\u0438 \u0437\u0430\u0433\u043e\u0442\u043e\u0432\u043e\u043a \u0440\u0430\u0437\u043b\u0438\u0447\u043d\u044b\u0445 \u0440\u0430\u0437\u043c\u0435\u0440\u043e\u0432 \u0438 \u0444\u043e\u0440\u043c<br \/>\n- \u041f\u0440\u0438\u043c\u0435\u043d\u0435\u043d\u0438\u0435: \u041e\u0441\u043e\u0431\u0435\u043d\u043d\u043e \u043f\u043e\u0434\u0445\u043e\u0434\u0438\u0442 \u0434\u043b\u044f \u043c\u0435\u0442\u0430\u043b\u043b\u043e\u043e\u0431\u0440\u0430\u0431\u043e\u0442\u043a\u0438 \u0438 \u043f\u0440\u043e\u043c\u044b\u0448\u043b\u0435\u043d\u043d\u043e\u0433\u043e \u043f\u0440\u043e\u0438\u0437\u0432\u043e\u0434\u0441\u0442\u0432\u0430<br \/>\n- \u0418\u043d\u0442\u0435\u0433\u0440\u0430\u0446\u0438\u044f: \u041b\u0435\u0433\u043a\u043e \u0438\u043d\u0442\u0435\u0433\u0440\u0438\u0440\u0443\u0435\u0442\u0441\u044f \u0432 \u0441\u0443\u0449\u0435\u0441\u0442\u0432\u0443\u044e\u0449\u0438\u0435 \u043f\u0440\u043e\u0438\u0437\u0432\u043e\u0434\u0441\u0442\u0432\u0435\u043d\u043d\u044b\u0435 \u043f\u0440\u043e\u0446\u0435\u0441\u0441\u044b<\/p>\n<p>\u041f\u043e \u043f\u0440\u0435\u0434\u0432\u0430\u0440\u0438\u0442\u0435\u043b\u044c\u043d\u043e\u0439 \u0434\u043e\u0433\u043e\u0432\u043e\u0440\u0435\u043d\u043d\u043e\u0441\u0442\u0438 \u043c\u0430\u0448\u0438\u043d\u0443 \u043c\u043e\u0436\u043d\u043e \u043e\u0441\u043c\u043e\u0442\u0440\u0435\u0442\u044c \u043f\u043e\u0434 \u043d\u0430\u043f\u0440\u044f\u0436\u0435\u043d\u0438\u0435\u043c.<br \/>\nSubject to changes and errors in the technical data and information as well as prior sale!<\/p>","protected":false},"excerpt":{"rendered":"<p>Standort: Deutschland, Baden-W\u00fcrttemberg S\u00fcdwest Zustand: Gebraucht Hersteller: LANG Modell: LANG Baujahr: 2005 LANG Technik Bevorratung und Zuf\u00fchrsystem Baujahr 2005, inkl. 20 Schraubst\u00f6cke Automationssystem mit Rutschen-Anordnung Speicherkapazit\u00e4t von ca. 50-60 Spannschraubstocken. Technische Beschreibung: LANG Technik Bevorratung und Zuf\u00fchrsystem LANG Technik Automationssystem mit Rutschenanordnung ist eine hochentwickelte, automatisierte L\u00f6sung zur Handhabung und Bearbeitung von Werkst\u00fccken, die speziell [&hellip;]<\/p>\n","protected":false},"featured_media":5738,"template":"","meta":[],"product_brand":[],"product_cat":[94],"product_tag":[],"class_list":{"0":"post-5748","1":"product","2":"type-product","3":"status-publish","4":"has-post-thumbnail","6":"product_cat-zubehoer-sonstiges","8":"first","9":"instock","10":"taxable","11":"shipping-taxable","12":"product-type-simple"},"aioseo_notices":[],"_links":{"self":[{"href":"https:\/\/www.horn-wzm.de\/ru\/wp-json\/wp\/v2\/product\/5748","targetHints":{"allow":["GET"]}}],"collection":[{"href":"https:\/\/www.horn-wzm.de\/ru\/wp-json\/wp\/v2\/product"}],"about":[{"href":"https:\/\/www.horn-wzm.de\/ru\/wp-json\/wp\/v2\/types\/product"}],"version-history":[{"count":1,"href":"https:\/\/www.horn-wzm.de\/ru\/wp-json\/wp\/v2\/product\/5748\/revisions"}],"predecessor-version":[{"id":5749,"href":"https:\/\/www.horn-wzm.de\/ru\/wp-json\/wp\/v2\/product\/5748\/revisions\/5749"}],"wp:featuredmedia":[{"embeddable":true,"href":"https:\/\/www.horn-wzm.de\/ru\/wp-json\/wp\/v2\/media\/5738"}],"wp:attachment":[{"href":"https:\/\/www.horn-wzm.de\/ru\/wp-json\/wp\/v2\/media?parent=5748"}],"wp:term":[{"taxonomy":"product_brand","embeddable":true,"href":"https:\/\/www.horn-wzm.de\/ru\/wp-json\/wp\/v2\/product_brand?post=5748"},{"taxonomy":"product_cat","embeddable":true,"href":"https:\/\/www.horn-wzm.de\/ru\/wp-json\/wp\/v2\/product_cat?post=5748"},{"taxonomy":"product_tag","embeddable":true,"href":"https:\/\/www.horn-wzm.de\/ru\/wp-json\/wp\/v2\/product_tag?post=5748"}],"curies":[{"name":"wp","href":"https:\/\/api.w.org\/{rel}","templated":true}]}}