{"id":5255,"date":"2025-01-23T12:41:49","date_gmt":"2025-01-23T11:41:49","guid":{"rendered":"https:\/\/www.horn-wzm.de\/shop\/unkategorisiert\/gebr-biglia-wkz-halter-fest-used-toolholder-fixed-oesterle-mit-ikz_intnr231227\/"},"modified":"2025-01-23T12:41:49","modified_gmt":"2025-01-23T11:41:49","slug":"gebr-biglia-wkz-%d0%b4%d0%b5%d1%80%d0%b6%d0%b0%d1%82%d0%b5%d0%bb%d1%8c-%d1%84%d0%b8%d0%ba%d1%81%d0%b8%d1%80%d0%be%d0%b2%d0%b0%d0%bd%d0%bd%d1%8b%d0%b9-%d0%b1-%d1%83-%d0%b4%d0%b5%d1%80%d0%b6%d0%b0%d1%82-2","status":"publish","type":"product","link":"https:\/\/www.horn-wzm.de\/ru\/shop\/werkzeughalter\/gebr-biglia-wkz-halter-fest-used-toolholder-fixed-oesterle-mit-ikz_intnr231227\/","title":{"rendered":"gebbr. Biglia WKZ-Halter fest\/used \u0440\u0435\u0437\u0446\u0435\u0434\u0435\u0440\u0436\u0430\u0442\u0435\u043b\u044c \u0444\u0438\u043a\u0441\u0438\u0440\u043e\u0432\u0430\u043d\u043d\u044b\u0439 Oesterle \u0441 IKZ_IntNr231227"},"content":{"rendered":"<p><b>\u0420\u0430\u0441\u043f\u043e\u043b\u043e\u0436\u0435\u043d\u0438\u0435:<\/b> \u0413\u0435\u0440\u043c\u0430\u043d\u0438\u044f, \u0411\u0430\u0434\u0435\u043d-\u0412\u044e\u0440\u0442\u0435\u043c\u0431\u0435\u0440\u0433, \u044e\u0433\u043e-\u0437\u0430\u043f\u0430\u0434<\/p>\n<p><b>Zustand:<\/b> \u041a\u0430\u043a \u043d\u043e\u0432\u0435\u043d\u044c\u043a\u0438\u0439<\/p>\n<p><b>Hersteller:<\/b> Oesterle<\/p>\n<p><b>Modell:<\/b> 350 5421 D25 B109 XKA<\/p>\n<p><b>\u0413\u043e\u0434 \u043f\u043e\u0441\u0442\u0440\u043e\u0439\u043a\u0438:<\/b> 2015<\/p>\n<p>\u0414\u0435\u0440\u0436\u0430\u0442\u0435\u043b\u044c \u0441\u0432\u0435\u0440\u043b\u0430<br \/>\n\u0421\u043e\u0432\u043c\u0435\u0441\u0442\u0438\u043c\u044b\u0435 \u043c\u0430\u0448\u0438\u043d\u044b<br \/>\n\u0411\u0418\u0413\u041b\u0418\u042f - B436<br \/>\n\u0411\u0418\u0413\u041b\u0418\u042f - B438<br \/>\nBIGLIA - BMX 45Y2<br \/>\nBI-WZ16BO25i<br \/>\n\u0412\u044b\u0441\u043e\u043a\u043e\u0442\u043e\u0447\u043d\u044b\u0439 \u0434\u0435\u0440\u0436\u0430\u0442\u0435\u043b\u044c \u0440\u0430\u0441\u0442\u043e\u0447\u043d\u043e\u0433\u043e \u043f\u0440\u0443\u0442\u043a\u0430 \u00d8 25 \u043c\u043c<br \/>\n\u0441 IKZ (Oesterle)<br \/>\n350 5421 D25 BI09 XKA<br \/>\n\u0414\u0438\u0430\u043c\u0435\u0442\u0440 \u0437\u0430\u0436\u0438\u043c\u0430 \u00d8 25 \u043c\u043c H6<br \/>\n\u041e\u0445\u043b\u0430\u0436\u0434\u0430\u044e\u0449\u0430\u044f \u0436\u0438\u0434\u043a\u043e\u0441\u0442\u044c<br \/>\n\u0432\u043d\u0435\u0448\u043d\u0438\u0439 + IKZ 180 \u0431\u0430\u0440<br \/>\n\u0412\u0435\u0441 2,5 \u043a\u0433<\/p>\n<p>\u0434\u0435\u0440\u0436\u0430\u0442\u0435\u043b\u044c \u0441\u0432\u0435\u0440\u043b\u0430<br \/>\nBI-WZ16BO25i<br \/>\n\u0421\u043e\u0432\u043c\u0435\u0441\u0442\u0438\u043c\u044b\u0435 \u043c\u0430\u0448\u0438\u043d\u044b<br \/>\n\u0411\u0418\u0413\u041b\u0418\u042f - B436<br \/>\n\u0411\u0418\u0413\u041b\u0418\u042f - B438<br \/>\nBIGLIA - BMX 45Y2<br \/>\n\u0412\u044b\u0441\u043e\u043a\u043e\u0442\u043e\u0447\u043d\u044b\u0439 \u0434\u0435\u0440\u0436\u0430\u0442\u0435\u043b\u044c \u0440\u0430\u0441\u0442\u043e\u0447\u043d\u043e\u0433\u043e \u043f\u0440\u0443\u0442\u043a\u0430 \u00d8 25 \u043c\u043c<br \/>\n\u0441 IKZ (Oesterle)<br \/>\n350 5421 D25 BI09 XKA<br \/>\n\u0414\u0438\u0430\u043c\u0435\u0442\u0440 \u0437\u0430\u0436\u0438\u043c\u0430 \u00d8 25 \u043c\u043c H6<br \/>\n\u041e\u0445\u043b\u0430\u0436\u0434\u0430\u044e\u0449\u0430\u044f \u0436\u0438\u0434\u043a\u043e\u0441\u0442\u044c<br \/>\n\u0432\u043d\u0435\u0448\u043d\u0438\u0439 + IKZ 180 \u0431\u0430\u0440<br \/>\n\u0412\u0435\u0441 2,5 \u043a\u0433<\/p>","protected":false},"excerpt":{"rendered":"<p>Standort: Deutschland, Baden-W\u00fcrttemberg S\u00fcdwest Zustand: Neuwertig Hersteller: Oesterle Modell: 350 5421 D25 B109 XKA Baujahr: 2015 gebr. Bohrhalter Kompatible Maschinen BIGLIA &#8211; B436 BIGLIA &#8211; B438 BIGLIA &#8211; BMX 45Y2 BI-WZ16BO25i Hochpr\u00e4zision-Bohrstangenhalter \u00d8 25 mm mit IKZ (Oesterle) 350 5421 D25 BI09 XKA Spanndurchmesser \u00d8 25 mm H6 K\u00fchlmittel extern + IKZ 180 bar Gewicht [&hellip;]<\/p>\n","protected":false},"featured_media":5247,"template":"","meta":[],"product_brand":[],"product_cat":[84],"product_tag":[],"class_list":{"0":"post-5255","1":"product","2":"type-product","3":"status-publish","4":"has-post-thumbnail","6":"product_cat-werkzeughalter","8":"first","9":"instock","10":"taxable","11":"shipping-taxable","12":"product-type-simple"},"aioseo_notices":[],"_links":{"self":[{"href":"https:\/\/www.horn-wzm.de\/ru\/wp-json\/wp\/v2\/product\/5255","targetHints":{"allow":["GET"]}}],"collection":[{"href":"https:\/\/www.horn-wzm.de\/ru\/wp-json\/wp\/v2\/product"}],"about":[{"href":"https:\/\/www.horn-wzm.de\/ru\/wp-json\/wp\/v2\/types\/product"}],"version-history":[{"count":1,"href":"https:\/\/www.horn-wzm.de\/ru\/wp-json\/wp\/v2\/product\/5255\/revisions"}],"predecessor-version":[{"id":5256,"href":"https:\/\/www.horn-wzm.de\/ru\/wp-json\/wp\/v2\/product\/5255\/revisions\/5256"}],"wp:featuredmedia":[{"embeddable":true,"href":"https:\/\/www.horn-wzm.de\/ru\/wp-json\/wp\/v2\/media\/5247"}],"wp:attachment":[{"href":"https:\/\/www.horn-wzm.de\/ru\/wp-json\/wp\/v2\/media?parent=5255"}],"wp:term":[{"taxonomy":"product_brand","embeddable":true,"href":"https:\/\/www.horn-wzm.de\/ru\/wp-json\/wp\/v2\/product_brand?post=5255"},{"taxonomy":"product_cat","embeddable":true,"href":"https:\/\/www.horn-wzm.de\/ru\/wp-json\/wp\/v2\/product_cat?post=5255"},{"taxonomy":"product_tag","embeddable":true,"href":"https:\/\/www.horn-wzm.de\/ru\/wp-json\/wp\/v2\/product_tag?post=5255"}],"curies":[{"name":"wp","href":"https:\/\/api.w.org\/{rel}","templated":true}]}}