{"id":4658,"date":"2024-11-12T15:23:50","date_gmt":"2024-11-12T14:23:50","guid":{"rendered":"https:\/\/www.horn-wzm.de\/shop\/unkategorisiert\/gebr-werkzeughalter-star-_wto_410510005-44-sv-20-intnr231143\/"},"modified":"2024-11-12T15:23:50","modified_gmt":"2024-11-12T14:23:50","slug":"gebr-%d0%b4%d0%b5%d1%80%d0%b6%d0%b0%d1%82%d0%b5%d0%bb%d1%8c-%d0%b8%d0%bd%d1%81%d1%82%d1%80%d1%83%d0%bc%d0%b5%d0%bd%d1%82%d0%b0-star-_wto_410510005-44-sv-20-intnr231143","status":"publish","type":"product","link":"https:\/\/www.horn-wzm.de\/ru\/shop\/werkzeughalter\/gebr-werkzeughalter-star-_wto_410510005-44-sv-20-intnr231143\/","title":{"rendered":"\u0424\u0438\u0440\u043c\u0435\u043d\u043d\u044b\u0439 \u0434\u0435\u0440\u0436\u0430\u0442\u0435\u043b\u044c \u0438\u043d\u0441\u0442\u0440\u0443\u043c\u0435\u043d\u0442\u0430 STAR _WTO_410510005-44 SV 20 (IntNo231143)"},"content":{"rendered":"<p><b>\u0420\u0430\u0441\u043f\u043e\u043b\u043e\u0436\u0435\u043d\u0438\u0435:<\/b> \u0413\u0435\u0440\u043c\u0430\u043d\u0438\u044f, \u0411\u0430\u0434\u0435\u043d-\u0412\u044e\u0440\u0442\u0435\u043c\u0431\u0435\u0440\u0433, \u044e\u0433\u043e-\u0437\u0430\u043f\u0430\u0434<\/p>\n<p><b>Zustand:<\/b> \u041a\u0430\u043a \u043d\u043e\u0432\u0435\u043d\u044c\u043a\u0438\u0439<\/p>\n<p><b>Hersteller:<\/b> \u0412\u0422\u041e<\/p>\n<p>\u0421\u0432\u0435\u0440\u043b\u0438\u043b\u044c\u043d\u043e-\u0444\u0440\u0435\u0437\u0435\u0440\u043d\u043e\u0435 \u0443\u0441\u0442\u0440\u043e\u0439\u0441\u0442\u0432\u043e \u0434\u043b\u044f \u0441\u0432\u0435\u0440\u043b\u0435\u043d\u0438\u044f \u0433\u043b\u0443\u0431\u043e\u043a\u0438\u0445 \u043e\u0442\u0432\u0435\u0440\u0441\u0442\u0438\u0439 \u0434\u043b\u044f \u0444\u0440\u043e\u043d\u0442\u0430\u043b\u044c\u043d\u043e\u0439 \u043e\u0431\u0440\u0430\u0431\u043e\u0442\u043a\u0438<br \/>\n\u043a \u0433\u043b\u0430\u0432\u043d\u043e\u043c\u0443 \u0448\u043f\u0438\u043d\u0434\u0435\u043b\u044e<br \/>\n410510005-44<br \/>\n\u041f\u043e\u0434\u0445\u043e\u0434\u0438\u0442 \u0434\u043b\u044f \u0441\u043b\u0435\u0434\u0443\u044e\u0449\u0438\u0445 \u0442\u0438\u043f\u043e\u0432 \u043c\u0430\u0448\u0438\u043d STAR:<br \/>\nST-20-32-38 SV-12-20-32 \/ ECAS<br \/>\n\u0412\u043d\u0443\u0442\u0440\u0435\u043d\u043d\u0438\u0439 + \u0432\u043d\u0435\u0448\u043d\u0438\u0439 \u043f\u043e\u0434\u0432\u043e\u0434 \u043e\u0445\u043b\u0430\u0436\u0434\u0430\u044e\u0449\u0435\u0439 \u0436\u0438\u0434\u043a\u043e\u0441\u0442\u0438<br \/>\n\u0414\u0430\u0432\u043b\u0435\u043d\u0438\u0435 \u043e\u0445\u043b\u0430\u0436\u0434\u0430\u044e\u0449\u0435\u0439 \u0436\u0438\u0434\u043a\u043e\u0441\u0442\u0438 \u043c\u0430\u043a\u0441. 120 \u0431\u0430\u0440<br \/>\n97 \u043c\u043c<br \/>\nER 16<br \/>\n\u0425\u0432\u043e\u0441\u0442\u043e\u0432\u0438\u043a \u00d844 \u043c\u043c<br \/>\n\u0418\u043d\u0441\u0442\u0440\u0443\u043c\u0435\u043d\u0442 - \u00d8\u00d80.5-10 \u043c\u043c<br \/>\n10 \u041d\u043c<br \/>\nN2 \u043c\u0430\u043a\u0441. 6 000 \u043e\u0431\/\u043c\u0438\u043d<br \/>\nI 1:1<br \/>\n\u0418\u0437\u043c\u0435\u043d\u0435\u043d\u0438\u044f \u0438 \u043e\u0448\u0438\u0431\u043a\u0438 \u0432 \u0442\u0435\u0445\u043d\u0438\u0447\u0435\u0441\u043a\u0438\u0445 \u0434\u0430\u043d\u043d\u044b\u0445 \u0438 \u0438\u043d\u0444\u043e\u0440\u043c\u0430\u0446\u0438\u0438, \u0430 \u0442\u0430\u043a\u0436\u0435 \u043f\u0440\u0435\u0434\u0432\u0430\u0440\u0438\u0442\u0435\u043b\u044c\u043d\u0430\u044f \u043f\u0440\u043e\u0434\u0430\u0436\u0430 \u0437\u0430\u0440\u0435\u0437\u0435\u0440\u0432\u0438\u0440\u043e\u0432\u0430\u043d\u044b!<\/p>\n<p>\u0421\u0432\u0435\u0440\u043b\u0438\u043b\u044c\u043d\u043e-\u0444\u0440\u0435\u0437\u0435\u0440\u043d\u043e\u0435 \u0443\u0441\u0442\u0440\u043e\u0439\u0441\u0442\u0432\u043e \u0434\u043b\u044f \u0441\u0432\u0435\u0440\u043b\u0435\u043d\u0438\u044f \u0433\u043b\u0443\u0431\u043e\u043a\u0438\u0445 \u043e\u0442\u0432\u0435\u0440\u0441\u0442\u0438\u0439 \u0434\u043b\u044f \u0444\u0440\u043e\u043d\u0442\u0430\u043b\u044c\u043d\u043e\u0439 \u043e\u0431\u0440\u0430\u0431\u043e\u0442\u043a\u0438<br \/>\n\u0434\u043b\u044f \u0433\u043b\u0430\u0432\u043d\u043e\u0433\u043e \u0448\u043f\u0438\u043d\u0434\u0435\u043b\u044f<br \/>\n410510005-44<br \/>\n\u041f\u043e\u0434\u0445\u043e\u0434\u0438\u0442 \u0434\u043b\u044f \u0441\u043b\u0435\u0434\u0443\u044e\u0449\u0438\u0445 \u0442\u0438\u043f\u043e\u0432 \u043c\u0430\u0448\u0438\u043d STAR:<br \/>\nST-20-32-38 SV-12-20-32 \/ ECAS<br \/>\n\u0412\u043d\u0443\u0442\u0440\u0435\u043d\u043d\u0438\u0439 + \u0432\u043d\u0435\u0448\u043d\u0438\u0439 \u043f\u043e\u0434\u0432\u043e\u0434 \u043e\u0445\u043b\u0430\u0436\u0434\u0430\u044e\u0449\u0435\u0439 \u0436\u0438\u0434\u043a\u043e\u0441\u0442\u0438<br \/>\n\u0414\u0430\u0432\u043b\u0435\u043d\u0438\u0435 \u043e\u0445\u043b\u0430\u0436\u0434\u0430\u044e\u0449\u0435\u0439 \u0436\u0438\u0434\u043a\u043e\u0441\u0442\u0438 \u043c\u0430\u043a\u0441. 120 \u0431\u0430\u0440<br \/>\n97 \u043c\u043c<br \/>\nER 16<br \/>\n\u0425\u0432\u043e\u0441\u0442\u043e\u0432\u0438\u043a \u00d844 \u043c\u043c<br \/>\n\u0418\u043d\u0441\u0442\u0440\u0443\u043c\u0435\u043d\u0442 - \u00d8\u00d80.5-10 \u043c\u043c<br \/>\n10 \u041d\u043c<br \/>\nN2 \u043c\u0430\u043a\u0441. 6 000 \u043e\u0431\/\u043c\u0438\u043d<br \/>\nI 1:1<br \/>\nChanges and errors in the technical data and information as well as prior sale reserved!<\/p>","protected":false},"excerpt":{"rendered":"<p>Standort: Deutschland, Baden-W\u00fcrttemberg S\u00fcdwest Zustand: Neuwertig Hersteller: WTO Bohr-Fr\u00e4seinrichtung zum Tieflochbohren f\u00fcr Frontalbearbeitung zu Hauptspindel 410510005-44 Passend f\u00fcr folgende STAR-Maschinentypen: ST-20-32-38 SV-12-20-32 \/ ECAS Interne + Externe K\u00fchlmittelzufuhr K\u00fchlmitteldruck max. 120bar 97mm ER 16 Schaft \u00d844mm Werkzeug \u2013 \u00d8\u00d80,5-10mm 10 Nm N2 max. 6.000 rpm I 1:1 Aenderungen und Irrtuemer in den technischen Daten und [&hellip;]<\/p>\n","protected":false},"featured_media":4655,"template":"","meta":[],"product_brand":[],"product_cat":[84],"product_tag":[],"class_list":{"0":"post-4658","1":"product","2":"type-product","3":"status-publish","4":"has-post-thumbnail","6":"product_cat-werkzeughalter","8":"first","9":"instock","10":"taxable","11":"shipping-taxable","12":"product-type-simple"},"aioseo_notices":[],"_links":{"self":[{"href":"https:\/\/www.horn-wzm.de\/ru\/wp-json\/wp\/v2\/product\/4658","targetHints":{"allow":["GET"]}}],"collection":[{"href":"https:\/\/www.horn-wzm.de\/ru\/wp-json\/wp\/v2\/product"}],"about":[{"href":"https:\/\/www.horn-wzm.de\/ru\/wp-json\/wp\/v2\/types\/product"}],"version-history":[{"count":1,"href":"https:\/\/www.horn-wzm.de\/ru\/wp-json\/wp\/v2\/product\/4658\/revisions"}],"predecessor-version":[{"id":4659,"href":"https:\/\/www.horn-wzm.de\/ru\/wp-json\/wp\/v2\/product\/4658\/revisions\/4659"}],"wp:featuredmedia":[{"embeddable":true,"href":"https:\/\/www.horn-wzm.de\/ru\/wp-json\/wp\/v2\/media\/4655"}],"wp:attachment":[{"href":"https:\/\/www.horn-wzm.de\/ru\/wp-json\/wp\/v2\/media?parent=4658"}],"wp:term":[{"taxonomy":"product_brand","embeddable":true,"href":"https:\/\/www.horn-wzm.de\/ru\/wp-json\/wp\/v2\/product_brand?post=4658"},{"taxonomy":"product_cat","embeddable":true,"href":"https:\/\/www.horn-wzm.de\/ru\/wp-json\/wp\/v2\/product_cat?post=4658"},{"taxonomy":"product_tag","embeddable":true,"href":"https:\/\/www.horn-wzm.de\/ru\/wp-json\/wp\/v2\/product_tag?post=4658"}],"curies":[{"name":"wp","href":"https:\/\/api.w.org\/{rel}","templated":true}]}}