{"id":4645,"date":"2024-11-12T15:13:39","date_gmt":"2024-11-12T14:13:39","guid":{"rendered":"https:\/\/www.horn-wzm.de\/shop\/unkategorisiert\/gebr-werkzeughalter-star-451-59-00_star-sv-20-intnr231152\/"},"modified":"2024-11-12T15:13:39","modified_gmt":"2024-11-12T14:13:39","slug":"%d0%b4%d0%b5%d1%80%d0%b6%d0%b0%d1%82%d0%b5%d0%bb%d1%8c-%d0%b8%d0%bd%d1%81%d1%82%d1%80%d1%83%d0%bc%d0%b5%d0%bd%d1%82%d0%b0-gebr-star-451-59-00_star-sv-20-intnr231152","status":"publish","type":"product","link":"https:\/\/www.horn-wzm.de\/ru\/shop\/werkzeughalter\/gebr-werkzeughalter-star-451-59-00_star-sv-20-intnr231152\/","title":{"rendered":"STAR 451-59-00_Star SV-20 \u0434\u0435\u0440\u0436\u0430\u0442\u0435\u043b\u044c \u0438\u043d\u0441\u0442\u0440\u0443\u043c\u0435\u043d\u0442\u0430 (IntNo231152)"},"content":{"rendered":"<p><b>\u0420\u0430\u0441\u043f\u043e\u043b\u043e\u0436\u0435\u043d\u0438\u0435:<\/b> \u0413\u0435\u0440\u043c\u0430\u043d\u0438\u044f, \u0411\u0430\u0434\u0435\u043d-\u0412\u044e\u0440\u0442\u0435\u043c\u0431\u0435\u0440\u0433, \u044e\u0433\u043e-\u0437\u0430\u043f\u0430\u0434<\/p>\n<p><b>Zustand:<\/b> \u041a\u0430\u043a \u043d\u043e\u0432\u0435\u043d\u044c\u043a\u0438\u0439<\/p>\n<p><b>Hersteller:<\/b> STAR Micronics<\/p>\n<p>2-\u0448\u043f\u0438\u043d\u0434\u0435\u043b\u044c\u043d\u044b\u0439 \u0434\u0432\u0443\u0445\u0444\u0440\u043e\u043d\u0442\u0430\u043b\u044c\u043d\u044b\u0439 \u0441\u0432\u0435\u0440\u043b\u0438\u043b\u044c\u043d\u043e-\u0444\u0440\u0435\u0437\u0435\u0440\u043d\u044b\u0439 \u0430\u0433\u0440\u0435\u0433\u0430\u0442 ER11 \u0434\u043b\u044f \u0441\u0432\u0435\u0440\u043b\u0435\u043d\u0438\u044f \u0441\u043f\u0435\u0440\u0435\u0434\u0438 \u0438 \u0441\u0437\u0430\u0434\u0438<br \/>\n\u041e\u0431\u0440\u0430\u0442\u043d\u0430\u044f \u043e\u0431\u0440\u0430\u0431\u043e\u0442\u043a\u0430; \u0432\u044b\u0441\u043e\u043a\u0430\u044f \u0441\u043a\u043e\u0440\u043e\u0441\u0442\u044c 12000 1\/\u043c\u0438\u043d \u0441<br \/>\n\u041f\u043e\u0434\u0430\u0447\u0430 \u043e\u0445\u043b\u0430\u0436\u0434\u0430\u044e\u0449\u0435\u0439 \u0436\u0438\u0434\u043a\u043e\u0441\u0442\u0438 (\u0432\u043d\u0435\u0448\u043d\u044f\u044f)<br \/>\n\u0434\u043b\u044f \u0433\u043b\u0430\u0432\u043d\u043e\u0433\u043e \u0448\u043f\u0438\u043d\u0434\u0435\u043b\u044f \u0438 \u043a\u043e\u043d\u0442\u0440\u0448\u043f\u0438\u043d\u0434\u0435\u043b\u044f<br \/>\n451-59-00<br \/>\n\u041f\u043e\u0434\u0445\u043e\u0434\u0438\u0442 \u0434\u043b\u044f \u0441\u043b\u0435\u0434\u0443\u044e\u0449\u0438\u0445 \u0442\u0438\u043f\u043e\u0432 \u043c\u0430\u0448\u0438\u043d STAR:<br \/>\nST-20-32-38 SV-12-20-32 \/ ECAS<br \/>\n\u041f\u0435\u0440\u0435\u0434\u0430\u0442\u043e\u0447\u043d\u043e\u0435 \u0447\u0438\u0441\u043b\u043e 1:2.115<br \/>\n\u0421\u043a\u043e\u0440\u043e\u0441\u0442\u044c \u0432\u0432\u043e\u0434\u0430 \u043c\u0430\u043a\u0441. 6000 1\/\u043c\u0438\u043d<br \/>\n\u0421\u043a\u043e\u0440\u043e\u0441\u0442\u044c \u0432\u044b\u0445\u043e\u0434\u0430 \u043c\u0430\u043a\u0441. 12000 1\/\u043c\u0438\u043d<br \/>\n\u0412\u044b\u0445\u043e\u0434\u043d\u043e\u0439 \u043a\u0440\u0443\u0442\u044f\u0449\u0438\u0439 \u043c\u043e\u043c\u0435\u043d\u0442 \u043c\u0430\u043a\u0441. 12 \u041d\u043c<br \/>\n\u0418\u0437\u043c\u0435\u043d\u0435\u043d\u0438\u044f \u0438 \u043e\u0448\u0438\u0431\u043a\u0438 \u0432 \u0442\u0435\u0445\u043d\u0438\u0447\u0435\u0441\u043a\u0438\u0445 \u0434\u0430\u043d\u043d\u044b\u0445 \u0438 \u0438\u043d\u0444\u043e\u0440\u043c\u0430\u0446\u0438\u0438, \u0430 \u0442\u0430\u043a\u0436\u0435 \u043f\u0440\u0435\u0434\u0432\u0430\u0440\u0438\u0442\u0435\u043b\u044c\u043d\u0430\u044f \u043f\u0440\u043e\u0434\u0430\u0436\u0430 \u0437\u0430\u0440\u0435\u0437\u0435\u0440\u0432\u0438\u0440\u043e\u0432\u0430\u043d\u044b!<\/p>\n<p>\u0421\u0432\u0435\u0440\u043b\u0438\u043b\u044c\u043d\u043e-\u0444\u0440\u0435\u0437\u0435\u0440\u043d\u0430\u044f \u043d\u0430\u0441\u0430\u0434\u043a\u0430 ER11 \u0441 \u0440\u0435\u0433\u0443\u043b\u0438\u0440\u043e\u0432\u043a\u043e\u0439 \u0443\u0433\u043b\u0430 \u043d\u0430\u043a\u043b\u043e\u043d\u0430 (0-90\u00b0); \u0432\u044b\u0441\u043e\u043a\u043e\u0441\u043a\u043e\u0440\u043e\u0441\u0442\u043d\u0430\u044f \u0440\u0430\u0431\u043e\u0442\u0430<br \/>\n12000 1\/\u043c\u0438\u043d<br \/>\n\u0434\u043b\u044f \u0433\u043b\u0430\u0432\u043d\u043e\u0433\u043e \u0448\u043f\u0438\u043d\u0434\u0435\u043b\u044f<br \/>\n451-55-00<br \/>\n\u041f\u043e\u0434\u0445\u043e\u0434\u0438\u0442 \u0434\u043b\u044f \u0441\u043b\u0435\u0434\u0443\u044e\u0449\u0438\u0445 \u0442\u0438\u043f\u043e\u0432 \u043c\u0430\u0448\u0438\u043d STAR:<br \/>\nST-20-32-38 SV-12-20-32 \/ ECAS<br \/>\n\u0421\u043a\u043e\u0440\u043e\u0441\u0442\u044c \u0432\u044b\u0445\u043e\u0434\u0430 \u043c\u0430\u043a\u0441. 12000 1\/\u043c\u0438\u043d<br \/>\nSubject to changes and errors in the technical data and information as well as prior sale!<\/p>","protected":false},"excerpt":{"rendered":"<p>Standort: Deutschland, Baden-W\u00fcrttemberg S\u00fcdwest Zustand: Neuwertig Hersteller: STAR Micronics 2-Spindel-Doppelfrontalbohr-\/Fr\u00e4sapparat ER11 f\u00fcr Front- und R\u00fcckseitenbearbeitung; Schnelllauf 12000 1\/min mit K\u00fchlmittelzuf\u00fchrung (extern) zu Hauptspindel und Gegenspindel 451-59-00 Passend f\u00fcr folgende STAR-Maschinentypen: ST-20-32-38 SV-12-20-32 \/ ECAS \u00dcbersetzung 1:2,115 Eingangsdrehzahl max. 6000 1\/min Ausgangsdrehzahl max. 12000 1\/min Ausgangsdrehmoment max. 12 Nm Aenderungen und Irrtuemer in den technischen Daten [&hellip;]<\/p>\n","protected":false},"featured_media":4643,"template":"","meta":[],"product_brand":[],"product_cat":[84],"product_tag":[],"class_list":{"0":"post-4645","1":"product","2":"type-product","3":"status-publish","4":"has-post-thumbnail","6":"product_cat-werkzeughalter","8":"first","9":"instock","10":"taxable","11":"shipping-taxable","12":"product-type-simple"},"aioseo_notices":[],"_links":{"self":[{"href":"https:\/\/www.horn-wzm.de\/ru\/wp-json\/wp\/v2\/product\/4645","targetHints":{"allow":["GET"]}}],"collection":[{"href":"https:\/\/www.horn-wzm.de\/ru\/wp-json\/wp\/v2\/product"}],"about":[{"href":"https:\/\/www.horn-wzm.de\/ru\/wp-json\/wp\/v2\/types\/product"}],"version-history":[{"count":1,"href":"https:\/\/www.horn-wzm.de\/ru\/wp-json\/wp\/v2\/product\/4645\/revisions"}],"predecessor-version":[{"id":4646,"href":"https:\/\/www.horn-wzm.de\/ru\/wp-json\/wp\/v2\/product\/4645\/revisions\/4646"}],"wp:featuredmedia":[{"embeddable":true,"href":"https:\/\/www.horn-wzm.de\/ru\/wp-json\/wp\/v2\/media\/4643"}],"wp:attachment":[{"href":"https:\/\/www.horn-wzm.de\/ru\/wp-json\/wp\/v2\/media?parent=4645"}],"wp:term":[{"taxonomy":"product_brand","embeddable":true,"href":"https:\/\/www.horn-wzm.de\/ru\/wp-json\/wp\/v2\/product_brand?post=4645"},{"taxonomy":"product_cat","embeddable":true,"href":"https:\/\/www.horn-wzm.de\/ru\/wp-json\/wp\/v2\/product_cat?post=4645"},{"taxonomy":"product_tag","embeddable":true,"href":"https:\/\/www.horn-wzm.de\/ru\/wp-json\/wp\/v2\/product_tag?post=4645"}],"curies":[{"name":"wp","href":"https:\/\/api.w.org\/{rel}","templated":true}]}}