{"id":4145,"date":"2024-10-23T14:54:09","date_gmt":"2024-10-23T12:54:09","guid":{"rendered":"https:\/\/www.horn-wzm.de\/shop\/unkategorisiert\/werkzeughalter-agw_hanwha-xd32_38_6-07_28x28mm_d32mm-intnr202101161\/"},"modified":"2024-10-23T14:54:09","modified_gmt":"2024-10-23T12:54:09","slug":"%d0%b4%d0%b5%d1%80%d0%b6%d0%b0%d1%82%d0%b5%d0%bb%d1%8c-%d0%b8%d0%bd%d1%81%d1%82%d1%80%d1%83%d0%bc%d0%b5%d0%bd%d1%82%d0%b0-agw_hanwha-xd32_38_6-07_28x28mm_d32mm-intnr202101161","status":"publish","type":"product","link":"https:\/\/www.horn-wzm.de\/ru\/shop\/werkzeughalter\/werkzeughalter-agw_hanwha-xd32_38_6-07_28x28mm_d32mm-intnr202101161\/","title":{"rendered":"\u0414\u0435\u0440\u0436\u0430\u0442\u0435\u043b\u044c \u0438\u043d\u0441\u0442\u0440\u0443\u043c\u0435\u043d\u0442\u0430 AGW_Hanwha XD32_38_6.07_28x28mm_D32mm (IntNo202101161)"},"content":{"rendered":"<p><b>\u0420\u0430\u0441\u043f\u043e\u043b\u043e\u0436\u0435\u043d\u0438\u0435:<\/b> \u0413\u0435\u0440\u043c\u0430\u043d\u0438\u044f, \u0411\u0430\u0434\u0435\u043d-\u0412\u044e\u0440\u0442\u0435\u043c\u0431\u0435\u0440\u0433, \u044e\u0433\u043e-\u0437\u0430\u043f\u0430\u0434<\/p>\n<p><b>Zustand:<\/b> \u041f\u043e\u0434\u0435\u0440\u0436\u0430\u043d\u043d\u044b\u0435<\/p>\n<p><b>Hersteller:<\/b> \u0412\u0422\u041e<\/p>\n<p>\u0414\u0435\u0440\u0436\u0430\u0442\u0435\u043b\u044c \u0438\u043d\u0441\u0442\u0440\u0443\u043c\u0435\u043d\u0442\u0430 ER 16 \u0434\u043b\u044f \u0444\u0440\u043e\u043d\u0442\u0430\u043b\u044c\u043d\u043e\u0433\u043e \u0441\u0432\u0435\u0440\u043b\u0435\u043d\u0438\u044f\/\u0444\u0440\u0435\u0437\u0435\u0440\u043e\u0432\u0430\u043d\u0438\u044f \u0434\u043b\u044f \u043e\u0431\u0440\u0430\u0442\u043d\u043e\u0439 \u043e\u0431\u0440\u0430\u0431\u043e\u0442\u043a\u0438<br \/>\n\u041f\u043e\u0434\u0445\u043e\u0434\u0438\u0442 \u0434\u043b\u044f Hanwha \u0442\u0438\u043f\u0430 XD-32-38<br \/>\nD32 \u043c\u043c<br \/>\n28 \u043c\u043c x28 \u043c\u043c<br \/>\n1 \u043a 1<br \/>\n\u0418\u0437\u043c\u0435\u043d\u0435\u043d\u0438\u044f \u0438 \u043e\u0448\u0438\u0431\u043a\u0438 \u0432 \u0442\u0435\u0445\u043d\u0438\u0447\u0435\u0441\u043a\u0438\u0445 \u0434\u0430\u043d\u043d\u044b\u0445 \u0438 \u0438\u043d\u0444\u043e\u0440\u043c\u0430\u0446\u0438\u0438, \u0430 \u0442\u0430\u043a\u0436\u0435 \u043f\u0440\u0435\u0434\u0432\u0430\u0440\u0438\u0442\u0435\u043b\u044c\u043d\u0430\u044f \u043f\u0440\u043e\u0434\u0430\u0436\u0430 \u0437\u0430\u0440\u0435\u0437\u0435\u0440\u0432\u0438\u0440\u043e\u0432\u0430\u043d\u044b!<\/p>\n<p>\u0414\u0435\u0440\u0436\u0430\u0442\u0435\u043b\u044c \u0438\u043d\u0441\u0442\u0440\u0443\u043c\u0435\u043d\u0442\u0430 \u043f\u0435\u0440\u0435\u0434\u043d\u0438\u0439 \u0441\u0432\u0435\u0440\u043b\u0438\u043b\u044c\u043d\u043e-\u0444\u0440\u0435\u0437\u0435\u0440\u043d\u044b\u0439 \u0431\u043b\u043e\u043a ER 16 \u0434\u043b\u044f \u043e\u0431\u0440\u0430\u0442\u043d\u043e\u0439 \u043e\u0431\u0440\u0430\u0431\u043e\u0442\u043a\u0438<br \/>\n\u041f\u043e\u0434\u0445\u043e\u0434\u0438\u0442 \u0434\u043b\u044f Hanwha \u0442\u0438\u043f\u0430 XD-32-38<br \/>\nD32 \u043c\u043c<br \/>\n28 \u043c\u043c x28 \u043c\u043c<br \/>\n1 \u043a 1<br \/>\nSubject to changes and errors in the technical data and information as well as prior sale!<\/p>","protected":false},"excerpt":{"rendered":"<p>Standort: Deutschland, Baden-W\u00fcrttemberg S\u00fcdwest Zustand: Gebraucht Hersteller: WTO Werkzeughalter Frontbohr- Fr\u00e4sapparat ER 16 f\u00fcr die R\u00fcckseitenbearbeitung Passend f\u00fcr Hanwha Typ XD-32-38 D32mm 28mm x28mm 1 zu 1 Aenderungen und Irrtuemer in den technischen Daten und Angaben sowie Zwischenverkauf vorbehalten! Tool holder front drilling\/milling unit ER 16 for back machining Suitable for Hanwha type XD-32-38 D32mm [&hellip;]<\/p>\n","protected":false},"featured_media":4144,"template":"","meta":[],"product_brand":[],"product_cat":[84],"product_tag":[],"class_list":{"0":"post-4145","1":"product","2":"type-product","3":"status-publish","4":"has-post-thumbnail","6":"product_cat-werkzeughalter","8":"first","9":"instock","10":"taxable","11":"shipping-taxable","12":"product-type-simple"},"aioseo_notices":[],"_links":{"self":[{"href":"https:\/\/www.horn-wzm.de\/ru\/wp-json\/wp\/v2\/product\/4145","targetHints":{"allow":["GET"]}}],"collection":[{"href":"https:\/\/www.horn-wzm.de\/ru\/wp-json\/wp\/v2\/product"}],"about":[{"href":"https:\/\/www.horn-wzm.de\/ru\/wp-json\/wp\/v2\/types\/product"}],"version-history":[{"count":1,"href":"https:\/\/www.horn-wzm.de\/ru\/wp-json\/wp\/v2\/product\/4145\/revisions"}],"predecessor-version":[{"id":4146,"href":"https:\/\/www.horn-wzm.de\/ru\/wp-json\/wp\/v2\/product\/4145\/revisions\/4146"}],"wp:featuredmedia":[{"embeddable":true,"href":"https:\/\/www.horn-wzm.de\/ru\/wp-json\/wp\/v2\/media\/4144"}],"wp:attachment":[{"href":"https:\/\/www.horn-wzm.de\/ru\/wp-json\/wp\/v2\/media?parent=4145"}],"wp:term":[{"taxonomy":"product_brand","embeddable":true,"href":"https:\/\/www.horn-wzm.de\/ru\/wp-json\/wp\/v2\/product_brand?post=4145"},{"taxonomy":"product_cat","embeddable":true,"href":"https:\/\/www.horn-wzm.de\/ru\/wp-json\/wp\/v2\/product_cat?post=4145"},{"taxonomy":"product_tag","embeddable":true,"href":"https:\/\/www.horn-wzm.de\/ru\/wp-json\/wp\/v2\/product_tag?post=4145"}],"curies":[{"name":"wp","href":"https:\/\/api.w.org\/{rel}","templated":true}]}}