{"id":8247,"date":"2026-05-12T10:31:15","date_gmt":"2026-05-12T08:31:15","guid":{"rendered":"https:\/\/www.horn-wzm.de\/shop\/unkategorisiert\/wicki-cg-12ge_-spitzenlose-schleifmaschine_bj-05_2015_intnr231595\/"},"modified":"2026-05-12T10:31:15","modified_gmt":"2026-05-12T08:31:15","slug":"wicki-cg-12ge_-spitzenlose-schleifmaschine_bj-05_2015_intnr231595","status":"publish","type":"product","link":"https:\/\/www.horn-wzm.de\/pl\/shop\/schleifmaschinen\/wicki-cg-12ge_-spitzenlose-schleifmaschine_bj-05_2015_intnr231595\/","title":{"rendered":"WICKI CG 12GE_ Spitzenlose Schleifmaschine_Bj.05_2015_IntNr231595"},"content":{"rendered":"<p><b>Lokalizacja:<\/b> Niemcy, Badenia-Wirtembergia, po\u0142udniowy zach\u00f3d<\/p>\n<p><b>Zustand:<\/b> Jak nowy<\/p>\n<p><b>Hersteller:<\/b> WICKI<\/p>\n<p><b>Modell:<\/b> WICKI<\/p>\n<p><b>Rok budowy:<\/b> 2015<\/p>\n<p>WICKI CG12GE \u2013 Spitzenlose Rundschleifmaschine<br \/>\nBj. 05_2015<br \/>\nDie WICKI CG12GE ist eine hochpr\u00e4zise spitzenlose Rundschleifmaschine (Centerless Grinder) f\u00fcr die wirtschaftliche Serienfertigung von Rundteilen im kleinen bis mittleren Durchmesserbereich.<\/p>\n<p>Die Maschine arbeitet ohne Spannmittel zwischen Spitzen. Das Werkst\u00fcck wird zwischen Schleifscheibe, Regelscheibe und Auflage kontinuierlich gef\u00fchrt, wodurch eine sehr hohe Ma\u00dfhaltigkeit und Oberfl\u00e4cheng\u00fcte bei gleichzeitig hoher Produktivit\u00e4t erreicht wird.<\/p>\n<p>Bearbeitungsverfahren<br \/>\nDurchgangsschleifen f\u00fcr kontinuierliche Serienproduktion<br \/>\nEinstechschleifen (Centerless) f\u00fcr kurze Pr\u00e4zisionsteile und Schultern<\/p>\n<p>Technische Daten (ca.)<br \/>\nSchleifbereich: \u00d8 1 \u2013 30 mm<br \/>\nWerkst\u00fcckl\u00e4nge: bis ca. 140 mm (je nach Verfahren)<br \/>\nSchleifscheibe: \u00d8 305 \u00d7 150\u00d7 127 mm<br \/>\nRegelscheibe: \u00d8 205 \u00d7 150 \u00d7 90 mm<br \/>\nSchleifscheibendrehzahl: ca. 1.900 U\/min<br \/>\nSchleifgeschwindigkeit: ca. 30 m\/s<br \/>\nLeistung Schleifscheibe: ca. 5,5 kW<br \/>\nLeistung Regelscheibe: ca. 1,3 kW<br \/>\nAnschlussleistung: ca. 10kW \/ 400 V<\/p>\n<p>Eigenschaften &amp; Vorteile<br \/>\nSehr hohe Rundlauf- und Ma\u00dfgenauigkeit<br \/>\nIdeal f\u00fcr Serien- und Gro\u00dfserienfertigung<br \/>\nKurze Taktzeiten durch kontinuierlichen Materialfluss<br \/>\nRobuste Industrieausf\u00fchrung f\u00fcr Dauerbetrieb<br \/>\nGeringer R\u00fcst- und Bedienaufwand<br \/>\nSehr gute Oberfl\u00e4chenqualit\u00e4t<\/p>\n<p>Einsatzbereiche<br \/>\nAutomobilzulieferindustrie<br \/>\nHydraulik- und Pneumatikkomponenten<br \/>\nPr\u00e4zisionswellen, Stifte und Bolzen<br \/>\nMaschinenbau und Serienfertigung<br \/>\nMetallbearbeitung und Lohnfertigung<\/p>\n<p>Bruttogewicht :1.750kg<br \/>\nAbmessungen:<br \/>\n2250 x 1100 x 1700<\/p>\n<p>Die Maschine kann nach Terminvereinbarung Strom besichtigt werden.<br \/>\nAenderungen und Irrtuemer in den technischen Daten und Angaben sowie Zwischenverkauf vorbehalten!<\/p>\n<p>WICKI CG12GE Centerless Grinding Machine<br \/>\nYear of manufacture 05 2015<\/p>\n<p>The WICKI CG12GE is a high precision centerless grinding machine designed for efficient mass production of small to medium diameter cylindrical parts<\/p>\n<p>The machine operates without workpiece clamping between centers The workpiece is continuously guided between the grinding wheel regulating wheel and support blade ensuring very high dimensional accuracy surface quality and high productivity<\/p>\n<p>Grinding processes<br \/>\nThrough feed grinding for continuous serial production<br \/>\nIn feed plunge grinding for short precision parts and shoulders<\/p>\n<p>Technical data approx<br \/>\nGrinding range \u00d8 1 30 mm<br \/>\nWorkpiece length up to approx 140 mm depending on process<br \/>\nGrinding wheel \u00d8 305 150 127 mm<br \/>\nRegulating wheel \u00d8 205 150 90 mm<br \/>\nGrinding wheel speed approx 1900 rpm<br \/>\nGrinding speed approx 30 m s<br \/>\nGrinding wheel motor power approx 5 5 kW<br \/>\nRegulating wheel motor power approx 1 3 kW<br \/>\nTotal connected load approx 10 kW 400 V<\/p>\n<p>Features and advantages<br \/>\nVery high roundness and dimensional accuracy<br \/>\nIdeal for serial and mass production<br \/>\nShort cycle times due to continuous material flow<br \/>\nRobust industrial design for continuous operation<br \/>\nLow setup and operator effort<br \/>\nExcellent surface finish quality<\/p>\n<p>Applications<br \/>\nAutomotive supply industry<br \/>\nHydraulic and pneumatic components<br \/>\nPrecision shafts pins and bolts<br \/>\nMechanical engineering and series production<br \/>\nMetal processing and contract manufacturing<\/p>\n<p>Gross weight approx 1750 kg<br \/>\nDimensions approx 2250 x 1100 x 1700 mm<\/p>\n<p>Condition of the machine: The machine has been dismantled by the seller so that it can be quickly put back into operation as a replacement machine in an emergency and is fully functional.<\/p>\n<p>The machine can be inspected by appointment.<br \/>\nChanges and errors in the technical data and information as well as prior sale reserved!<\/p>","protected":false},"excerpt":{"rendered":"<p>Standort: Deutschland, Baden-W\u00fcrttemberg S\u00fcdwest Zustand: Neuwertig Hersteller: WICKI Modell: WICKI Baujahr: 2015 WICKI CG12GE \u2013 Spitzenlose Rundschleifmaschine Bj. 05_2015 Die WICKI CG12GE ist eine hochpr\u00e4zise spitzenlose Rundschleifmaschine (Centerless Grinder) f\u00fcr die wirtschaftliche Serienfertigung von Rundteilen im kleinen bis mittleren Durchmesserbereich. Die Maschine arbeitet ohne Spannmittel zwischen Spitzen. Das Werkst\u00fcck wird zwischen Schleifscheibe, Regelscheibe und Auflage [&hellip;]<\/p>\n","protected":false},"featured_media":8237,"template":"","meta":[],"product_brand":[],"product_cat":[100],"product_tag":[],"class_list":{"0":"post-8247","1":"product","2":"type-product","3":"status-publish","4":"has-post-thumbnail","6":"product_cat-schleifmaschinen","8":"first","9":"instock","10":"taxable","11":"shipping-taxable","12":"product-type-simple"},"aioseo_notices":[],"_links":{"self":[{"href":"https:\/\/www.horn-wzm.de\/pl\/wp-json\/wp\/v2\/product\/8247","targetHints":{"allow":["GET"]}}],"collection":[{"href":"https:\/\/www.horn-wzm.de\/pl\/wp-json\/wp\/v2\/product"}],"about":[{"href":"https:\/\/www.horn-wzm.de\/pl\/wp-json\/wp\/v2\/types\/product"}],"version-history":[{"count":1,"href":"https:\/\/www.horn-wzm.de\/pl\/wp-json\/wp\/v2\/product\/8247\/revisions"}],"predecessor-version":[{"id":8248,"href":"https:\/\/www.horn-wzm.de\/pl\/wp-json\/wp\/v2\/product\/8247\/revisions\/8248"}],"wp:featuredmedia":[{"embeddable":true,"href":"https:\/\/www.horn-wzm.de\/pl\/wp-json\/wp\/v2\/media\/8237"}],"wp:attachment":[{"href":"https:\/\/www.horn-wzm.de\/pl\/wp-json\/wp\/v2\/media?parent=8247"}],"wp:term":[{"taxonomy":"product_brand","embeddable":true,"href":"https:\/\/www.horn-wzm.de\/pl\/wp-json\/wp\/v2\/product_brand?post=8247"},{"taxonomy":"product_cat","embeddable":true,"href":"https:\/\/www.horn-wzm.de\/pl\/wp-json\/wp\/v2\/product_cat?post=8247"},{"taxonomy":"product_tag","embeddable":true,"href":"https:\/\/www.horn-wzm.de\/pl\/wp-json\/wp\/v2\/product_tag?post=8247"}],"curies":[{"name":"wp","href":"https:\/\/api.w.org\/{rel}","templated":true}]}}