{"id":8115,"date":"2026-04-28T17:55:51","date_gmt":"2026-04-28T15:55:51","guid":{"rendered":"https:\/\/www.horn-wzm.de\/shop\/unkategorisiert\/cnc-dn-solutions-doosan-leo-1600-bj-23_-intnr231501\/"},"modified":"2026-04-28T17:55:51","modified_gmt":"2026-04-28T15:55:51","slug":"cnc-dn-solutions-doosan-leo-1600-bj-23_-intnr231501","status":"publish","type":"product","link":"https:\/\/www.horn-wzm.de\/pl\/shop\/cnc-kurzdrehmaschinen\/cnc-dn-solutions-doosan-leo-1600-bj-23_-intnr231501\/","title":{"rendered":"CNC DN Solutions Doosan LEO 1600, Bj. `23_ IntNr231501"},"content":{"rendered":"<p><b>Lokalizacja:<\/b> Niemcy, Badenia-Wirtembergia, po\u0142udniowy zach\u00f3d<\/p>\n<p><b>Zustand:<\/b> U\u017cywany<\/p>\n<p><b>Hersteller:<\/b> DOOSAN-PUMA<\/p>\n<p><b>Modell:<\/b> DOOSAN-PUMA<\/p>\n<p><b>Rok budowy:<\/b> 2023<\/p>\n<p>Tokarka CNC - DN Solutions (Doosan) LEO 1600<br \/>\nRok budowy: 2023<\/p>\n<p>Sprz\u0119t \/ Najwa\u017cniejsze wydarzenia<br \/>\nPozioma tokarka CNC<br \/>\nWydajne wrzeciono g\u0142\u00f3wne<br \/>\nSolidna konstrukcja maszyny zapewniaj\u0105ca wysok\u0105 dok\u0142adno\u015b\u0107 wymiarow\u0105<br \/>\nRewolwer narz\u0119dziowy z szybkim indeksowaniem<br \/>\nKompaktowa konstrukcja, niewielkie zapotrzebowanie na miejsce<br \/>\nPrzyjazne dla u\u017cytkownika sterowanie CNC<br \/>\nWysoka niezawodno\u015b\u0107 i niskie koszty utrzymania<\/p>\n<p>Technische Daten<br \/>\nMaks. \u015brednica obrotu: ok. 300 mm<br \/>\nMaks. D\u0142ugo\u015b\u0107 obrotu: ok. 300 mm<br \/>\nSpindelbohrung: ca. \u00d8 52 mm<br \/>\nPr\u0119dko\u015b\u0107 obrotowa wrzeciona g\u0142\u00f3wnego: do ok. 4500 obr.<br \/>\nG\u0142owica narz\u0119dziowa: 12 stacji<br \/>\nSystem sterowania: FANUC CNC<br \/>\nMaschinengewicht: ca. 2.200 kg<\/p>\n<p>Maszyna w pe\u0142ni sprawna elektrycznie i mechanicznie<br \/>\nDost\u0119pna pe\u0142na dokumentacja techniczna<\/p>\n<p>Die Maschine kann nach Terminvereinbarung Strom besichtigt werden.<br \/>\nAenderungen und Irrtuemer in den technischen Daten und Angaben sowie Zwischenverkauf vorbehalten!<\/p>\n<p>Tokarka CNC - DN Solutions (Doosan) LEO 1600<br \/>\nRok produkcji: 2023<\/p>\n<p>Najwa\u017cniejsze funkcje<br \/>\nPozioma tokarka CNC<br \/>\nWydajne wrzeciono g\u0142\u00f3wne<br \/>\nSolidna konstrukcja maszyny zapewniaj\u0105ca wysok\u0105 dok\u0142adno\u015b\u0107 wymiarow\u0105<br \/>\nRewolwer narz\u0119dziowy z szybkim indeksowaniem<br \/>\nKompaktowa konstrukcja, niewielkie zapotrzebowanie na miejsce<br \/>\nPrzyjazne dla u\u017cytkownika sterowanie CNC<br \/>\nWysoka niezawodno\u015b\u0107 i niskie koszty utrzymania<\/p>\n<p>Dane techniczne<br \/>\nMaks. \u015brednica toczenia: ok. 300 mm<br \/>\nMaks. d\u0142ugo\u015b\u0107 obrotu: ok. 300 mm<br \/>\nSpindle bore: approx. \u00d8 52 mm<br \/>\nPr\u0119dko\u015b\u0107 obrotowa wrzeciona g\u0142\u00f3wnego: do ok. 4500 obr.<br \/>\nG\u0142owica narz\u0119dziowa: 12 stacji<br \/>\nSterowanie: FANUC CNC<br \/>\nMasa maszyny: ok. 2200 kg<\/p>\n<p>Maszyna w pe\u0142ni funkcjonalna, zar\u00f3wno pod wzgl\u0119dem elektrycznym, jak i mechanicznym.<br \/>\nDost\u0119pna pe\u0142na dokumentacja techniczna<\/p>\n<p>Maszyn\u0119 mo\u017cna obejrze\u0107 po wcze\u015bniejszym um\u00f3wieniu.<br \/>\nZastrzega si\u0119 prawo do zmian i b\u0142\u0119d\u00f3w w danych technicznych i specyfikacjach, a tak\u017ce do wcze\u015bniejszej sprzeda\u017cy!<\/p>","protected":false},"excerpt":{"rendered":"<p>Standort: Deutschland, Baden-W\u00fcrttemberg S\u00fcdwest Zustand: Gebraucht Hersteller: DOOSAN-PUMA Modell: DOOSAN-PUMA Baujahr: 2023 CNC-Drehmaschine \u2013 DN Solutions (Doosan) LEO 1600 Baujahr: 2023 Ausstattung \/ Highlights Horizontale CNC-Drehmaschine Leistungsstarke Hauptspindel Robuste Maschinenkonstruktion f\u00fcr hohe Ma\u00dfhaltigkeit Werkzeugrevolver mit schneller Indexierung Kompakte Bauweise, geringer Platzbedarf Bedienerfreundliche CNC-Steuerung Hohe Zuverl\u00e4ssigkeit und geringer Wartungsaufwand Technische Daten Max. Drehdurchmesser: ca. 300 mm [&hellip;]<\/p>\n","protected":false},"featured_media":8110,"template":"","meta":[],"product_brand":[],"product_cat":[87],"product_tag":[],"class_list":{"0":"post-8115","1":"product","2":"type-product","3":"status-publish","4":"has-post-thumbnail","6":"product_cat-cnc-kurzdrehmaschinen","8":"first","9":"instock","10":"taxable","11":"shipping-taxable","12":"product-type-simple"},"aioseo_notices":[],"_links":{"self":[{"href":"https:\/\/www.horn-wzm.de\/pl\/wp-json\/wp\/v2\/product\/8115","targetHints":{"allow":["GET"]}}],"collection":[{"href":"https:\/\/www.horn-wzm.de\/pl\/wp-json\/wp\/v2\/product"}],"about":[{"href":"https:\/\/www.horn-wzm.de\/pl\/wp-json\/wp\/v2\/types\/product"}],"version-history":[{"count":1,"href":"https:\/\/www.horn-wzm.de\/pl\/wp-json\/wp\/v2\/product\/8115\/revisions"}],"predecessor-version":[{"id":8116,"href":"https:\/\/www.horn-wzm.de\/pl\/wp-json\/wp\/v2\/product\/8115\/revisions\/8116"}],"wp:featuredmedia":[{"embeddable":true,"href":"https:\/\/www.horn-wzm.de\/pl\/wp-json\/wp\/v2\/media\/8110"}],"wp:attachment":[{"href":"https:\/\/www.horn-wzm.de\/pl\/wp-json\/wp\/v2\/media?parent=8115"}],"wp:term":[{"taxonomy":"product_brand","embeddable":true,"href":"https:\/\/www.horn-wzm.de\/pl\/wp-json\/wp\/v2\/product_brand?post=8115"},{"taxonomy":"product_cat","embeddable":true,"href":"https:\/\/www.horn-wzm.de\/pl\/wp-json\/wp\/v2\/product_cat?post=8115"},{"taxonomy":"product_tag","embeddable":true,"href":"https:\/\/www.horn-wzm.de\/pl\/wp-json\/wp\/v2\/product_tag?post=8115"}],"curies":[{"name":"wp","href":"https:\/\/api.w.org\/{rel}","templated":true}]}}