{"id":8017,"date":"2026-04-21T20:21:15","date_gmt":"2026-04-21T18:21:15","guid":{"rendered":"https:\/\/www.horn-wzm.de\/shop\/unkategorisiert\/star-sr20r-bj-2001-iemca-g-226-32-intnr231554\/"},"modified":"2026-04-21T20:21:15","modified_gmt":"2026-04-21T18:21:15","slug":"star-sr20r-bj-2001-iemca-g-226-32-intnr231554","status":"publish","type":"product","link":"https:\/\/www.horn-wzm.de\/pl\/shop\/cnc-langdrehmaschinen\/star-sr20r-bj-2001-iemca-g-226-32-intnr231554\/","title":{"rendered":"STAR SR20R, Bj. 2001 IEMCA G-226-32 (IntNr231554)"},"content":{"rendered":"<p><b>Lokalizacja:<\/b> Niemcy, Badenia-Wirtembergia, po\u0142udniowy zach\u00f3d<\/p>\n<p><b>Zustand:<\/b> U\u017cywany<\/p>\n<p><b>Hersteller:<\/b> STAR Micronics<\/p>\n<p><b>Modell:<\/b> STAR Micronics<\/p>\n<p><b>Rok budowy:<\/b> 2001<\/p>\n<p>gebr. CNC-Langdrehmaschine STAR SR20R, Bj. 2001<br \/>\nSteuerung, Fabr. Fanuc, Serie 18i-T,<br \/>\n7 Achsen (X\/Z\/Y\/C1\/X1\/Z1(C2),<br \/>\nStangen-\u00d8 max. 20 mm,<br \/>\nDrehl\u00e4nge max. 205 mm,<br \/>\nHauptspindel, Drehzahl max. 10.000 U\/min, C-Achse 0,001 Grad,<br \/>\nGegenspindel mit Spannzange, Drehzahl max. 8.000 U\/min, C-Achse,<br \/>\nWerkzeughalter f. insgesamt 19 Werkzeuge (Linearwerkzeughalter, Frontapparat, R\u00fcckseitenbearbeitung),<br \/>\nTeilef\u00f6rderband,<br \/>\nStandard-F\u00fchrungsbuchseneinheit<br \/>\nLademagazin IEMCA G-226\/32, Bj. 2001<br \/>\nK\u00fchlmitteleinsatz der Machine: \u00d6l.<br \/>\nL\u00f6schanlage Bosch<\/p>\n<p>Die Maschine kann nach Terminvereinbarung unter Strom besichtigt werden.<br \/>\nAenderungen und Irrtuemer in den technischen Daten und Angaben sowie<br \/>\nZwischenverkauf vorbehalten!<\/p>\n<p>u\u017cywana tokarka CNC z wrzeciennikiem przesuwnym STAR SR20R, rok 2001<br \/>\nsterowanie, marka Fanuc, seria 18i-T,<br \/>\n7 osi (X\/Z\/Y\/C1\/X1\/Z1(C2),<br \/>\nbar-\u00d8 maks. 20 mm,<br \/>\nd\u0142ugo\u015b\u0107 obrotu maks. 205 mm,<br \/>\nwrzeciono g\u0142\u00f3wne, pr\u0119dko\u015b\u0107 maks. 10 000 obr\/min, o\u015b C 0,001 stopnia,<br \/>\nprzeciwwrzeciono z tulej\u0105 zaciskow\u0105, pr\u0119dko\u015b\u0107 maks. 8000 obr,<br \/>\nuchwyt narz\u0119dziowy dla \u0142\u0105cznie 19 narz\u0119dzi (liniowy uchwyt narz\u0119dziowy, mocowanie przednie, obr\u00f3bka tylna),<br \/>\nprzeno\u015bnik ta\u015bmowy cz\u0119\u015bci,<br \/>\nstandardowa tuleja prowadz\u0105ca<br \/>\nloading magazine IEMCA G-226\/32, year 2001<br \/>\nCh\u0142odziwo maszyny: olej.<br \/>\nExtinguishing system Bosch<\/p>\n<p>Po wcze\u015bniejszym um\u00f3wieniu si\u0119 maszyna mo\u017ce zosta\u0107 sprawdzona pod napi\u0119ciem.<br \/>\nZmiany i b\u0142\u0119dy w danych technicznych i informacjach, jak r\u00f3wnie\u017c<br \/>\npodlega wcze\u015bniejszej sprzeda\u017cy!<\/p>","protected":false},"excerpt":{"rendered":"<p>Standort: Deutschland, Baden-W\u00fcrttemberg S\u00fcdwest Zustand: Gebraucht Hersteller: STAR Micronics Modell: STAR Micronics Baujahr: 2001 gebr. CNC-Langdrehmaschine STAR SR20R, Bj. 2001 Steuerung, Fabr. Fanuc, Serie 18i-T, 7 Achsen (X\/Z\/Y\/C1\/X1\/Z1(C2), Stangen-\u00d8 max. 20 mm, Drehl\u00e4nge max. 205 mm, Hauptspindel, Drehzahl max. 10.000 U\/min, C-Achse 0,001 Grad, Gegenspindel mit Spannzange, Drehzahl max. 8.000 U\/min, C-Achse, Werkzeughalter f. insgesamt [&hellip;]<\/p>\n","protected":false},"featured_media":8009,"template":"","meta":[],"product_brand":[],"product_cat":[81],"product_tag":[],"class_list":{"0":"post-8017","1":"product","2":"type-product","3":"status-publish","4":"has-post-thumbnail","6":"product_cat-cnc-langdrehmaschinen","8":"first","9":"instock","10":"taxable","11":"shipping-taxable","12":"product-type-simple"},"aioseo_notices":[],"_links":{"self":[{"href":"https:\/\/www.horn-wzm.de\/pl\/wp-json\/wp\/v2\/product\/8017","targetHints":{"allow":["GET"]}}],"collection":[{"href":"https:\/\/www.horn-wzm.de\/pl\/wp-json\/wp\/v2\/product"}],"about":[{"href":"https:\/\/www.horn-wzm.de\/pl\/wp-json\/wp\/v2\/types\/product"}],"version-history":[{"count":1,"href":"https:\/\/www.horn-wzm.de\/pl\/wp-json\/wp\/v2\/product\/8017\/revisions"}],"predecessor-version":[{"id":8018,"href":"https:\/\/www.horn-wzm.de\/pl\/wp-json\/wp\/v2\/product\/8017\/revisions\/8018"}],"wp:featuredmedia":[{"embeddable":true,"href":"https:\/\/www.horn-wzm.de\/pl\/wp-json\/wp\/v2\/media\/8009"}],"wp:attachment":[{"href":"https:\/\/www.horn-wzm.de\/pl\/wp-json\/wp\/v2\/media?parent=8017"}],"wp:term":[{"taxonomy":"product_brand","embeddable":true,"href":"https:\/\/www.horn-wzm.de\/pl\/wp-json\/wp\/v2\/product_brand?post=8017"},{"taxonomy":"product_cat","embeddable":true,"href":"https:\/\/www.horn-wzm.de\/pl\/wp-json\/wp\/v2\/product_cat?post=8017"},{"taxonomy":"product_tag","embeddable":true,"href":"https:\/\/www.horn-wzm.de\/pl\/wp-json\/wp\/v2\/product_tag?post=8017"}],"curies":[{"name":"wp","href":"https:\/\/api.w.org\/{rel}","templated":true}]}}