{"id":7779,"date":"2026-03-30T12:48:57","date_gmt":"2026-03-30T10:48:57","guid":{"rendered":"https:\/\/www.horn-wzm.de\/shop\/unkategorisiert\/mayfran-spaenefoerderer-typ-scharnierband-bj-15-intnr231541\/"},"modified":"2026-03-30T12:48:58","modified_gmt":"2026-03-30T10:48:58","slug":"mayfran-spaenefoerderer-typ-scharnierband-bj-15-intnr231541","status":"publish","type":"product","link":"https:\/\/www.horn-wzm.de\/pl\/shop\/zubehoer-sonstiges\/mayfran-spaenefoerderer-typ-scharnierband-bj-15-intnr231541\/","title":{"rendered":"Mayfran Sp\u00e4nef\u00f6rderer Typ Scharnierband Bj. `15, IntNr231541"},"content":{"rendered":"<p><b>Lokalizacja:<\/b> Niemcy, Badenia-Wirtembergia, po\u0142udniowy zach\u00f3d<\/p>\n<p><b>Zustand:<\/b> U\u017cywany<\/p>\n<p><b>Hersteller:<\/b> MAYFRAN<\/p>\n<p><b>Modell:<\/b> MAYFRAN<\/p>\n<p><b>Rok budowy:<\/b> 2015<\/p>\n<p>MAYFRAN Sp\u00e4nef\u00f6rderer Typ Scharnierband Bj. 2015<\/p>\n<p>Technische Daten<br \/>\nvol funktionsf\u00e4hig<br \/>\nEinschubl\u00e4nge : 940 mm<br \/>\nzuletzt angebaut an CNC-Langdrehmaschine<\/p>\n<p>WAGA I WYMIARY<br \/>\nAbmessungen Lademagazin: ca. 2200 x 710 x 1100 mm<br \/>\nGewicht Lademagazin: ca. 250 kg<\/p>\n<p>Die Maschine kann nach Terminvereinbarung Strom besichtigt werden.<br \/>\nAenderungen und Irrtuemer in den technischen Daten und Angaben sowie Zwischenverkauf vorbehalten!<\/p>\n<p>MAYFRAN chip conveyor, hinged belt type, built in 2015<\/p>\n<p>Specyfikacja techniczna<br \/>\nFully operational<br \/>\nLoading length: 940 mm<br \/>\nLast used on a CNC vertical turning lathe<\/p>\n<p>WAGA I WYMIARY<br \/>\nLoading magazine dimensions: approx. 2200 x 710 x 1100 mm<br \/>\nWeight of loading magazine: approx. 250 kg<\/p>\n<p>Maszyn\u0119 mo\u017cna obejrze\u0107 po wcze\u015bniejszym um\u00f3wieniu.<br \/>\nWe reserve the right to make changes and corrections to the technical data and specifications, and to sell the item in the meantime!<\/p>","protected":false},"excerpt":{"rendered":"<p>Standort: Deutschland, Baden-W\u00fcrttemberg S\u00fcdwest Zustand: Gebraucht Hersteller: MAYFRAN Modell: MAYFRAN Baujahr: 2015 MAYFRAN Sp\u00e4nef\u00f6rderer Typ Scharnierband Bj. 2015 Technische Daten vol funktionsf\u00e4hig Einschubl\u00e4nge : 940 mm zuletzt angebaut an CNC-Langdrehmaschine GEWICHT UND ABMESSUNGEN Abmessungen Lademagazin: ca. 2200 x 710 x 1100 mm Gewicht Lademagazin: ca. 250 kg Die Maschine kann nach Terminvereinbarung Strom besichtigt werden. [&hellip;]<\/p>\n","protected":false},"featured_media":7776,"template":"","meta":[],"product_brand":[],"product_cat":[94],"product_tag":[],"class_list":{"0":"post-7779","1":"product","2":"type-product","3":"status-publish","4":"has-post-thumbnail","6":"product_cat-zubehoer-sonstiges","8":"first","9":"instock","10":"taxable","11":"shipping-taxable","12":"product-type-simple"},"aioseo_notices":[],"_links":{"self":[{"href":"https:\/\/www.horn-wzm.de\/pl\/wp-json\/wp\/v2\/product\/7779","targetHints":{"allow":["GET"]}}],"collection":[{"href":"https:\/\/www.horn-wzm.de\/pl\/wp-json\/wp\/v2\/product"}],"about":[{"href":"https:\/\/www.horn-wzm.de\/pl\/wp-json\/wp\/v2\/types\/product"}],"version-history":[{"count":1,"href":"https:\/\/www.horn-wzm.de\/pl\/wp-json\/wp\/v2\/product\/7779\/revisions"}],"predecessor-version":[{"id":7780,"href":"https:\/\/www.horn-wzm.de\/pl\/wp-json\/wp\/v2\/product\/7779\/revisions\/7780"}],"wp:featuredmedia":[{"embeddable":true,"href":"https:\/\/www.horn-wzm.de\/pl\/wp-json\/wp\/v2\/media\/7776"}],"wp:attachment":[{"href":"https:\/\/www.horn-wzm.de\/pl\/wp-json\/wp\/v2\/media?parent=7779"}],"wp:term":[{"taxonomy":"product_brand","embeddable":true,"href":"https:\/\/www.horn-wzm.de\/pl\/wp-json\/wp\/v2\/product_brand?post=7779"},{"taxonomy":"product_cat","embeddable":true,"href":"https:\/\/www.horn-wzm.de\/pl\/wp-json\/wp\/v2\/product_cat?post=7779"},{"taxonomy":"product_tag","embeddable":true,"href":"https:\/\/www.horn-wzm.de\/pl\/wp-json\/wp\/v2\/product_tag?post=7779"}],"curies":[{"name":"wp","href":"https:\/\/api.w.org\/{rel}","templated":true}]}}