{"id":7695,"date":"2026-03-19T15:03:06","date_gmt":"2026-03-19T14:03:06","guid":{"rendered":"https:\/\/www.horn-wzm.de\/shop\/unkategorisiert\/deckel-maho-dmf-220-linear-bj-2001-intnr231491\/"},"modified":"2026-03-19T15:03:06","modified_gmt":"2026-03-19T14:03:06","slug":"deckel-maho-dmf-220-linear-bj-2001-intnr231491","status":"publish","type":"product","link":"https:\/\/www.horn-wzm.de\/pl\/shop\/cnc-bearbeitungszentrum\/deckel-maho-dmf-220-linear-bj-2001-intnr231491\/","title":{"rendered":"Deckel Maho DMF 220 linear Bj. 2001, IntNr231491"},"content":{"rendered":"<p><b>Lokalizacja:<\/b> Niemcy, Badenia-Wirtembergia, po\u0142udniowy zach\u00f3d<\/p>\n<p><b>Zustand:<\/b> U\u017cywany<\/p>\n<p><b>Hersteller:<\/b> DMG<\/p>\n<p><b>Modell:<\/b> DMG<\/p>\n<p><b>Rok budowy:<\/b> 2001<\/p>\n<p><b>Godziny pracy:<\/b> 0<\/p>\n<p>Hersteller: DECKEL MAHO, Typ: DMF 220 linear, Baujahr: 2001<br \/>\nSteuerung: Siemens 840D Powerline<\/p>\n<p>Verfahrwege &amp; Achsen<br \/>\nX-Achse (L\u00e4ngs): 2.200 mm<br \/>\nY-Achse (Quer): 560 mm<br \/>\nZ-Achse (Vertikal): 720 mm<br \/>\nEilgang X\/Y\/Z: 50 m\/min<br \/>\nAntrieb X-Achse: Hochdynamischer Linearantrieb <\/p>\n<p>Arbeitstisch<br \/>\nAufspannfl\u00e4che: 2.600 x 600 mm<br \/>\nMax. Tischbelastung: 2.200 kg<\/p>\n<p>Wrzeciono g\u0142\u00f3wne<br \/>\nDrehzahlbereich: 20 &#8211; 12.000 U\/min (Standard)<br \/>\nAntriebsleistung (100% ED): 35 \/ 25 kW (S1\/S6)<br \/>\nMax. Drehmoment: 130 \/ 87 Nm (bei 100% ED)<br \/>\nWerkzeugaufnahme: SK 40 nach DIN 69871 <\/p>\n<p>Werkzeugwechsler<br \/>\nAnzahl der Pl\u00e4tze: 30-fach Magazin<br \/>\nWechselzeit (Span-zu-Span): ca. 4-6 Sekunden (modellabh\u00e4ngig) <\/p>\n<p>Abmessungen &amp; Gewicht<br \/>\nPlatzbedarf ca.: 6.500 x 3.500 mm<br \/>\nMaschinengewicht ca.: 12,5 t <\/p>\n<p>Die Maschine kann nach Terminvereinbarung Strom besichtigt werden.<br \/>\nAenderungen und Irrtuemer in den technischen Daten und Angaben sowie Zwischenverkauf vorbehalten!<\/p>\n<p>Refurbished 5-axis CNC machining centre Deckel MAHO DMF 250 linear in good condition.<br \/>\nYear of manufacture: 2004.<\/p>\n<p>Control: Heidenhain iTNC 530.<br \/>\nDane techniczne:<br \/>\nTravel distance X: 2,500 mm.<br \/>\nTravel distance Y: 920 mm.<br \/>\nTravel distance Z: 820 mm.<br \/>\nB-axis: x\/- 105\u00b0<\/p>\n<p>Work table: 3100 x 900 mm<\/p>\n<p>Spindle exception: HSK 63<br \/>\nSpindle speeds: 20 &#8211; 18,000 rpm<br \/>\nTool changer: 30 pcs.<\/p>\n<p>Equipped with:<br \/>\n- Przeno\u015bnik wi\u00f3r\u00f3w<br \/>\n&#8211; Cooling via spindle 40 bar<br \/>\n&#8211; Operating instructions<\/p>\n<p>Country of origin: Germany<br \/>\nMotor power: 35 KW<br \/>\nMachine LxWxH: 6000 x 3800 x 2950 mm<br \/>\nMachine weight: 25,000 kg<\/p>\n<p>Maszyn\u0119 mo\u017cna obejrze\u0107 po wcze\u015bniejszym um\u00f3wieniu.<br \/>\nZastrzega si\u0119 prawo do zmian i b\u0142\u0119d\u00f3w w danych technicznych i specyfikacjach, a tak\u017ce do wcze\u015bniejszej sprzeda\u017cy!<\/p>","protected":false},"excerpt":{"rendered":"<p>Standort: Deutschland, Baden-W\u00fcrttemberg S\u00fcdwest Zustand: Gebraucht Hersteller: DMG Modell: DMG Baujahr: 2001 Betriebsstunden: 0 Hersteller: DECKEL MAHO, Typ: DMF 220 linear, Baujahr: 2001 Steuerung: Siemens 840D Powerline Verfahrwege &amp; Achsen X-Achse (L\u00e4ngs): 2.200 mm Y-Achse (Quer): 560 mm Z-Achse (Vertikal): 720 mm Eilgang X\/Y\/Z: 50 m\/min Antrieb X-Achse: Hochdynamischer Linearantrieb Arbeitstisch Aufspannfl\u00e4che: 2.600 x 600 [&hellip;]<\/p>\n","protected":false},"featured_media":7689,"template":"","meta":[],"product_brand":[],"product_cat":[88],"product_tag":[],"class_list":{"0":"post-7695","1":"product","2":"type-product","3":"status-publish","4":"has-post-thumbnail","6":"product_cat-cnc-bearbeitungszentrum","8":"first","9":"instock","10":"taxable","11":"shipping-taxable","12":"product-type-simple"},"aioseo_notices":[],"_links":{"self":[{"href":"https:\/\/www.horn-wzm.de\/pl\/wp-json\/wp\/v2\/product\/7695","targetHints":{"allow":["GET"]}}],"collection":[{"href":"https:\/\/www.horn-wzm.de\/pl\/wp-json\/wp\/v2\/product"}],"about":[{"href":"https:\/\/www.horn-wzm.de\/pl\/wp-json\/wp\/v2\/types\/product"}],"version-history":[{"count":1,"href":"https:\/\/www.horn-wzm.de\/pl\/wp-json\/wp\/v2\/product\/7695\/revisions"}],"predecessor-version":[{"id":7696,"href":"https:\/\/www.horn-wzm.de\/pl\/wp-json\/wp\/v2\/product\/7695\/revisions\/7696"}],"wp:featuredmedia":[{"embeddable":true,"href":"https:\/\/www.horn-wzm.de\/pl\/wp-json\/wp\/v2\/media\/7689"}],"wp:attachment":[{"href":"https:\/\/www.horn-wzm.de\/pl\/wp-json\/wp\/v2\/media?parent=7695"}],"wp:term":[{"taxonomy":"product_brand","embeddable":true,"href":"https:\/\/www.horn-wzm.de\/pl\/wp-json\/wp\/v2\/product_brand?post=7695"},{"taxonomy":"product_cat","embeddable":true,"href":"https:\/\/www.horn-wzm.de\/pl\/wp-json\/wp\/v2\/product_cat?post=7695"},{"taxonomy":"product_tag","embeddable":true,"href":"https:\/\/www.horn-wzm.de\/pl\/wp-json\/wp\/v2\/product_tag?post=7695"}],"curies":[{"name":"wp","href":"https:\/\/api.w.org\/{rel}","templated":true}]}}