{"id":7645,"date":"2026-03-19T13:21:56","date_gmt":"2026-03-19T12:21:56","guid":{"rendered":"https:\/\/www.horn-wzm.de\/shop\/unkategorisiert\/star-sv-20_bj-1999-typ-420_intnr231505\/"},"modified":"2026-03-19T13:21:57","modified_gmt":"2026-03-19T12:21:57","slug":"star-sv-20_bj-1999-typ-420_intnr231505","status":"publish","type":"product","link":"https:\/\/www.horn-wzm.de\/pl\/shop\/cnc-langdrehmaschinen\/star-sv-20_bj-1999-typ-420_intnr231505\/","title":{"rendered":"Star SV-20_Bj.1999 Typ 420_IntNr231505"},"content":{"rendered":"<p><b>Lokalizacja:<\/b> Niemcy, Badenia-Wirtembergia, po\u0142udniowy zach\u00f3d<\/p>\n<p><b>Zustand:<\/b> U\u017cywany<\/p>\n<p><b>Hersteller:<\/b> STAR Micronics<\/p>\n<p><b>Modell:<\/b> STAR Micronics<\/p>\n<p><b>Godziny pracy:<\/b> 85000<\/p>\n<p>Typ maszyny Automatyczna tokarka CNC z przesuwnym wrzeciennikiem<br \/>\nProducent STAR<br \/>\nModel SV-20<br \/>\nRok budowy 1999<br \/>\nStan bardzo dobry (u\u017cywany)<br \/>\nBardzo dobrze utrzymana maszyna bezpo\u015brednio od u\u017cytkownika<br \/>\nMaszyna pracowa\u0142a tylko z olejem<br \/>\nBetriebsstunden um die<br \/>\nFANUC 16i-T  Steuerung mit 9 Achsen<br \/>\n9 Achsen (X \/ C1 \/ Y \/ E \/ B \/ A \/ X \/ C2)<br \/>\n\u00d8 pr\u0119ta maks. 20 mm<br \/>\nDrehl\u00e4nge max. 205 mm \/ 195mm<br \/>\nHauptspindel, Drehzahl max. 10.000 U\/min, C-Achse<br \/>\nGegenspindel mit Spannzange, Drehzahl max. 10.000 U\/min, C-Achse<br \/>\n4-fach Werkzeughalter<br \/>\n3 Querbohrapparate<br \/>\nRevolver mit 8 Stationen<br \/>\nTeilef\u00f6rderband<\/p>\n<p>K\u00fchlmitteleinsatz der Maschine: \u00d6l <\/p>\n<p>Lademagazin FMB Turbo 3-26 \/3200\/A \/  von \u00d83- \u00d826 mm  <\/p>\n<p>Die Maschine kann nach Terminvereinbarung Strom besichtigt werden.<br \/>\nAenderungen und Irrtuemer in den technischen Daten und Angaben sowie Zwischenverkauf vorbehalten!<\/p>\n<p>Typ maszyny Automatyczna tokarka CNC z przesuwnym wrzeciennikiem<br \/>\nProducent STAR<br \/>\nModel SV-20<br \/>\nrok budowy 1999<br \/>\nStan bardzo dobry (u\u017cywany)<br \/>\nBardzo dobrze utrzymana maszyna bezpo\u015brednio od u\u017cytkownika<br \/>\nMaszyna pracowa\u0142a tylko z olejem<br \/>\nOperating hours around<br \/>\nFANUC 16i-T control with 9 axes<br \/>\n9 axes (X \/ C1 \/ Y \/ E \/ B \/ A \/ X \/ C2)<br \/>\n\u00d8 pr\u0119ta maks. 20 mm<br \/>\nTurning length max. 205 mm \/ 195mm<br \/>\nMain spindle, max. speed 10,000 rpm, C-axis<br \/>\nCounter spindle with collet chuck, max. speed 10,000 rpm, C-axis<br \/>\n4-krotny uchwyt na narz\u0119dzia<br \/>\n3 jednostki wiercenia poprzecznego<br \/>\nWie\u017cyczka z 8 stacjami<br \/>\nVarious additional tool holders, quills<br \/>\nprzeno\u015bnik ta\u015bmowy cz\u0119\u015bci<\/p>\n<p>Ch\u0142odziwo maszyny: olej <\/p>\n<p>Loading magazine FMB Turbo 3-26 \/3200\/A \/ from \u00d83- \u00d826 mm <\/p>\n<p>The machine can be inspected by appointment.<br \/>\nChanges and errors in the technical data and information as well as prior sale reserved!<\/p>","protected":false},"excerpt":{"rendered":"<p>Standort: Deutschland, Baden-W\u00fcrttemberg S\u00fcdwest Zustand: Gebraucht Hersteller: STAR Micronics Modell: STAR Micronics Betriebsstunden: 85000 Maschinentyp CNC-Langdrehautomat Hersteller STAR Modell SV-20 Baujahr 1999 Zustand sehr gut (gebraucht) Sehr gepflegte Maschine direkt vom Anwender Maschine ist nur mit \u00d6l gelaufen Betriebsstunden um die FANUC 16i-T Steuerung mit 9 Achsen 9 Achsen (X \/ C1 \/ Y \/ [&hellip;]<\/p>\n","protected":false},"featured_media":7641,"template":"","meta":[],"product_brand":[],"product_cat":[81],"product_tag":[],"class_list":{"0":"post-7645","1":"product","2":"type-product","3":"status-publish","4":"has-post-thumbnail","6":"product_cat-cnc-langdrehmaschinen","8":"first","9":"instock","10":"taxable","11":"shipping-taxable","12":"product-type-simple"},"aioseo_notices":[],"_links":{"self":[{"href":"https:\/\/www.horn-wzm.de\/pl\/wp-json\/wp\/v2\/product\/7645","targetHints":{"allow":["GET"]}}],"collection":[{"href":"https:\/\/www.horn-wzm.de\/pl\/wp-json\/wp\/v2\/product"}],"about":[{"href":"https:\/\/www.horn-wzm.de\/pl\/wp-json\/wp\/v2\/types\/product"}],"version-history":[{"count":1,"href":"https:\/\/www.horn-wzm.de\/pl\/wp-json\/wp\/v2\/product\/7645\/revisions"}],"predecessor-version":[{"id":7646,"href":"https:\/\/www.horn-wzm.de\/pl\/wp-json\/wp\/v2\/product\/7645\/revisions\/7646"}],"wp:featuredmedia":[{"embeddable":true,"href":"https:\/\/www.horn-wzm.de\/pl\/wp-json\/wp\/v2\/media\/7641"}],"wp:attachment":[{"href":"https:\/\/www.horn-wzm.de\/pl\/wp-json\/wp\/v2\/media?parent=7645"}],"wp:term":[{"taxonomy":"product_brand","embeddable":true,"href":"https:\/\/www.horn-wzm.de\/pl\/wp-json\/wp\/v2\/product_brand?post=7645"},{"taxonomy":"product_cat","embeddable":true,"href":"https:\/\/www.horn-wzm.de\/pl\/wp-json\/wp\/v2\/product_cat?post=7645"},{"taxonomy":"product_tag","embeddable":true,"href":"https:\/\/www.horn-wzm.de\/pl\/wp-json\/wp\/v2\/product_tag?post=7645"}],"curies":[{"name":"wp","href":"https:\/\/api.w.org\/{rel}","templated":true}]}}