{"id":7549,"date":"2026-03-13T12:16:11","date_gmt":"2026-03-13T11:16:11","guid":{"rendered":"https:\/\/www.horn-wzm.de\/shop\/unkategorisiert\/hermle-c40u-bj-2003_intnr231507\/"},"modified":"2026-03-13T12:16:11","modified_gmt":"2026-03-13T11:16:11","slug":"hermle-c40u-bj-2003_intnr231507","status":"publish","type":"product","link":"https:\/\/www.horn-wzm.de\/pl\/shop\/cnc-bearbeitungszentrum\/hermle-c40u-bj-2003_intnr231507\/","title":{"rendered":"Hermle C40U, Bj. 2003_IntNr231507"},"content":{"rendered":"<p><b>Lokalizacja:<\/b> Niemcy, Badenia-Wirtembergia, po\u0142udniowy zach\u00f3d<\/p>\n<p><b>Zustand:<\/b> U\u017cywany<\/p>\n<p><b>Hersteller:<\/b> Hermle<\/p>\n<p><b>Modell:<\/b> Hermle<\/p>\n<p><b>Rok budowy:<\/b> 2003<\/p>\n<p>5-Achsen-Universal-Bearbeitungszentrum Hermle Typ: C 40 U<br \/>\nBaujahr: 2003<br \/>\nSteuerung: Heidenhain iTNC 530<br \/>\nOdleg\u0142o\u015bci podr\u00f3\u017cy:<br \/>\nX-Achse: 850 mm<br \/>\nY-Achse: 700 mm<br \/>\nZ-Achse: 500 mm<br \/>\nNC-Schwenkrundtisch:<br \/>\nDurchmesser: \u00d8 800 mm<br \/>\nSchwenkbereich A-Achse: +25\u00b0 \/ -110\u00b0<br \/>\nDrehbereich C-Achse: 360\u00b0<br \/>\nMaschinengewicht ca. 10,5 t<\/p>\n<p>Akcesoria:<br \/>\npe\u0142na dokumentacja<br \/>\nUrz\u0105dzenie ch\u0142odz\u0105ce<br \/>\nJednostka hydrauliczna<br \/>\nObrotowy st\u00f3\u0142 obrotowy NC<br \/>\nelektryczne pokr\u0119t\u0142o<br \/>\nSonda pomiarowa Renishaw<\/p>\n<p>Die Maschine kann nach Terminvereinbarung Strom besichtigt werden.<br \/>\nAenderungen und Irrtuemer in den technischen Daten und Angaben sowie Zwischenverkauf vorbehalten!<\/p>\n<p>5-axis universal machining centre Hermle Type: C 40 U<br \/>\nYear of manufacture: 2003<br \/>\nControl: Heidenhain iTNC 530<br \/>\nOdleg\u0142o\u015bci podr\u00f3\u017cy:<br \/>\nX-axis: 850 mm<br \/>\nY-axis: 700 mm<br \/>\nZ-axis: 500 mm<br \/>\nNC swivel rotary table:<br \/>\nDiameter: \u00d8 800 mm<br \/>\nSwivel range A-axis: +25\u00b0 \/ -110\u00b0<br \/>\nRotation range C-axis: 360\u00b0<br \/>\nMachine weight approx. 10.5 t<\/p>\n<p>Akcesoria:<br \/>\nPe\u0142na dokumentacja<br \/>\nCoolant system<br \/>\nJednostka hydrauliczna<br \/>\nNC swivel rotary table<br \/>\nElectric handwheel<br \/>\nSonda pomiarowa Renishaw<\/p>\n<p>Maszyn\u0119 mo\u017cna obejrze\u0107 po wcze\u015bniejszym um\u00f3wieniu.<br \/>\nZastrzega si\u0119 prawo do zmian i b\u0142\u0119d\u00f3w w danych technicznych i specyfikacjach, a tak\u017ce do wcze\u015bniejszej sprzeda\u017cy!<\/p>","protected":false},"excerpt":{"rendered":"<p>Standort: Deutschland, Baden-W\u00fcrttemberg S\u00fcdwest Zustand: Gebraucht Hersteller: Hermle Modell: Hermle Baujahr: 2003 5-Achsen-Universal-Bearbeitungszentrum Hermle Typ: C 40 U Baujahr: 2003 Steuerung: Heidenhain iTNC 530 Verfahrwege: X-Achse: 850 mm Y-Achse: 700 mm Z-Achse: 500 mm NC-Schwenkrundtisch: Durchmesser: \u00d8 800 mm Schwenkbereich A-Achse: +25\u00b0 \/ -110\u00b0 Drehbereich C-Achse: 360\u00b0 Maschinengewicht ca. 10,5 t Zubeh\u00f6r: kompl. Dokumentation K\u00fchlmitteleinrichtung [&hellip;]<\/p>\n","protected":false},"featured_media":7545,"template":"","meta":[],"product_brand":[],"product_cat":[88],"product_tag":[],"class_list":{"0":"post-7549","1":"product","2":"type-product","3":"status-publish","4":"has-post-thumbnail","6":"product_cat-cnc-bearbeitungszentrum","8":"first","9":"instock","10":"taxable","11":"shipping-taxable","12":"product-type-simple"},"aioseo_notices":[],"_links":{"self":[{"href":"https:\/\/www.horn-wzm.de\/pl\/wp-json\/wp\/v2\/product\/7549","targetHints":{"allow":["GET"]}}],"collection":[{"href":"https:\/\/www.horn-wzm.de\/pl\/wp-json\/wp\/v2\/product"}],"about":[{"href":"https:\/\/www.horn-wzm.de\/pl\/wp-json\/wp\/v2\/types\/product"}],"version-history":[{"count":1,"href":"https:\/\/www.horn-wzm.de\/pl\/wp-json\/wp\/v2\/product\/7549\/revisions"}],"predecessor-version":[{"id":7550,"href":"https:\/\/www.horn-wzm.de\/pl\/wp-json\/wp\/v2\/product\/7549\/revisions\/7550"}],"wp:featuredmedia":[{"embeddable":true,"href":"https:\/\/www.horn-wzm.de\/pl\/wp-json\/wp\/v2\/media\/7545"}],"wp:attachment":[{"href":"https:\/\/www.horn-wzm.de\/pl\/wp-json\/wp\/v2\/media?parent=7549"}],"wp:term":[{"taxonomy":"product_brand","embeddable":true,"href":"https:\/\/www.horn-wzm.de\/pl\/wp-json\/wp\/v2\/product_brand?post=7549"},{"taxonomy":"product_cat","embeddable":true,"href":"https:\/\/www.horn-wzm.de\/pl\/wp-json\/wp\/v2\/product_cat?post=7549"},{"taxonomy":"product_tag","embeddable":true,"href":"https:\/\/www.horn-wzm.de\/pl\/wp-json\/wp\/v2\/product_tag?post=7549"}],"curies":[{"name":"wp","href":"https:\/\/api.w.org\/{rel}","templated":true}]}}