{"id":7480,"date":"2026-03-07T12:31:54","date_gmt":"2026-03-07T11:31:54","guid":{"rendered":"https:\/\/www.horn-wzm.de\/shop\/unkategorisiert\/gebr-lns-express-220_bj-2027-intnr231503\/"},"modified":"2026-03-07T12:31:55","modified_gmt":"2026-03-07T11:31:55","slug":"gebr-lns-express-220_bj-2027-intnr231503","status":"publish","type":"product","link":"https:\/\/www.horn-wzm.de\/pl\/shop\/stangenzufuehrungen\/gebr-lns-express-220_bj-2027-intnr231503\/","title":{"rendered":"gebr. LNS Express 220_Bj. 2027 IntNr231503"},"content":{"rendered":"<p><b>Lokalizacja:<\/b> Niemcy, Badenia-Wirtembergia, po\u0142udniowy zach\u00f3d<\/p>\n<p><b>Zustand:<\/b> U\u017cywany<\/p>\n<p><b>Hersteller:<\/b> LNS<\/p>\n<p><b>Modell:<\/b> LNS<\/p>\n<p><b>Rok budowy:<\/b> 2007<\/p>\n<p>CNC-Lademagazin LNS Express 220<br \/>\nRok budowy: 2007<br \/>\nTyp: Podajnik pr\u0119t\u00f3w<\/p>\n<p>\u0141atwa konwersja kana\u0142u prowadz\u0105cego w mniej ni\u017c ok. 2 minuty.<br \/>\nKompletna wymiana element\u00f3w prowadz\u0105cych jest mo\u017cliwa w czasie kr\u00f3tszym ni\u017c ok. 8 minut.<\/p>\n<p>Szczeg\u00f3\u0142y techniczne:<br \/>\nZakres \u015brednic: od 2 mm do 20 mm<br \/>\nKana\u0142 \u00d8 22 mm<br \/>\nMaksymalna d\u0142ugo\u015b\u0107 pr\u0119ta: 3000 mm<br \/>\nWymiary instalacyjne \/ wymiary (d\u0142. x szer. x wys.): 3 970 x 480 x 1 250 mm<br \/>\nWaga: oko\u0142o 850 kg<br \/>\nZustand: voll funktionsf\u00e4hig<\/p>\n<p>Die Maschine kann nach Terminvereinbarung Strom besichtigt werden.<br \/>\nAenderungen und Irrtuemer in den technischen Daten und Angaben sowie Zwischenverkauf vorbehalten!<\/p>\n<p>I<br \/>\nCNC loading magazine LNS Express 220<br \/>\nRok produkcji: 2007<br \/>\nType: Bar loading magazine<\/p>\n<p>Easy changeover of the guide channel in less than approx. 2 minutes.<br \/>\nComplete changeover of the guide elements possible in less than approx. 8 minutes.<\/p>\n<p>Technical details:<br \/>\nDiameter range: 2 mm to 20 mm<br \/>\nChannel \u00d8 22 mm<br \/>\nMaximum bar length: 3,000 mm<br \/>\nInstallation dimensions \/ dimensions (L x W x H): 3,970 x 480 x 1,250 mm<br \/>\nWeight: approx. 850 kg<br \/>\nCondition: fully functional<\/p>\n<p>The machine can be viewed in operation by appointment.<br \/>\nZastrzega si\u0119 prawo do zmian i b\u0142\u0119d\u00f3w w danych technicznych i specyfikacjach, a tak\u017ce do wcze\u015bniejszej sprzeda\u017cy!<\/p>\n<p>Przet\u0142umaczono za pomoc\u0105 DeepL.com (wersja bezp\u0142atna)<\/p>","protected":false},"excerpt":{"rendered":"<p>Standort: Deutschland, Baden-W\u00fcrttemberg S\u00fcdwest Zustand: Gebraucht Hersteller: LNS Modell: LNS Baujahr: 2007 CNC-Lademagazin LNS Express 220 Baujahr: 2007 Typ: Stangenlademagazin Einfaches Umr\u00fcsten des F\u00fchrungskanals in weniger als ca. 2 Minuten. Komplettwechsel der F\u00fchrungselemente in unter ca. 8 Minuten m\u00f6glich. Technische Details: Durchmesserbereich: 2 mm bis 20 mm Kanal \u00d8 22mm Maximale Stangenl\u00e4nge: 3.000 mm Aufstellma\u00df [&hellip;]<\/p>\n","protected":false},"featured_media":7475,"template":"","meta":[],"product_brand":[],"product_cat":[85],"product_tag":[],"class_list":{"0":"post-7480","1":"product","2":"type-product","3":"status-publish","4":"has-post-thumbnail","6":"product_cat-stangenzufuehrungen","8":"first","9":"instock","10":"taxable","11":"shipping-taxable","12":"product-type-simple"},"aioseo_notices":[],"_links":{"self":[{"href":"https:\/\/www.horn-wzm.de\/pl\/wp-json\/wp\/v2\/product\/7480","targetHints":{"allow":["GET"]}}],"collection":[{"href":"https:\/\/www.horn-wzm.de\/pl\/wp-json\/wp\/v2\/product"}],"about":[{"href":"https:\/\/www.horn-wzm.de\/pl\/wp-json\/wp\/v2\/types\/product"}],"version-history":[{"count":1,"href":"https:\/\/www.horn-wzm.de\/pl\/wp-json\/wp\/v2\/product\/7480\/revisions"}],"predecessor-version":[{"id":7481,"href":"https:\/\/www.horn-wzm.de\/pl\/wp-json\/wp\/v2\/product\/7480\/revisions\/7481"}],"wp:featuredmedia":[{"embeddable":true,"href":"https:\/\/www.horn-wzm.de\/pl\/wp-json\/wp\/v2\/media\/7475"}],"wp:attachment":[{"href":"https:\/\/www.horn-wzm.de\/pl\/wp-json\/wp\/v2\/media?parent=7480"}],"wp:term":[{"taxonomy":"product_brand","embeddable":true,"href":"https:\/\/www.horn-wzm.de\/pl\/wp-json\/wp\/v2\/product_brand?post=7480"},{"taxonomy":"product_cat","embeddable":true,"href":"https:\/\/www.horn-wzm.de\/pl\/wp-json\/wp\/v2\/product_cat?post=7480"},{"taxonomy":"product_tag","embeddable":true,"href":"https:\/\/www.horn-wzm.de\/pl\/wp-json\/wp\/v2\/product_tag?post=7480"}],"curies":[{"name":"wp","href":"https:\/\/api.w.org\/{rel}","templated":true}]}}