{"id":7419,"date":"2026-02-24T12:43:21","date_gmt":"2026-02-24T11:43:21","guid":{"rendered":"https:\/\/www.horn-wzm.de\/shop\/unkategorisiert\/gebr-haas-vf-2ss-he_4_5-achsen_bj-11_2006_-intnr231427-2\/"},"modified":"2026-02-24T12:43:21","modified_gmt":"2026-02-24T11:43:21","slug":"gebr-haas-vf-2ss-he_4_5-achsen_bj-11_2006_-intnr231427-2","status":"publish","type":"product","link":"https:\/\/www.horn-wzm.de\/pl\/shop\/cnc-bearbeitungszentrum\/gebr-haas-vf-2ss-he_4_5-achsen_bj-11_2006_-intnr231427-2\/","title":{"rendered":"Haas VF-2SS HE_4_5-Axes_Bj.11_2006_ IntNr231427"},"content":{"rendered":"<p><b>Lokalizacja:<\/b> Niemcy, Badenia-Wirtembergia, po\u0142udniowy zach\u00f3d<\/p>\n<p><b>Zustand:<\/b> U\u017cywany<\/p>\n<p><b>Hersteller:<\/b> HAAS<\/p>\n<p><b>Modell:<\/b> HAAS<\/p>\n<p><b>Rok budowy:<\/b> 2006<\/p>\n<p>Haas VF-2SS HE (rok 2006) - 4\/5 osi<br \/>\nGodziny pracy:<br \/>\nTyp maszyny: Pionowe centrum obr\u00f3bcze (CNC) - Haas VF-2SS HE<br \/>\nRok budowy: 2006<br \/>\nJednostka steruj\u0105ca: Haas NGC<br \/>\nTyp nap\u0119du: wysokoobrotowe wrzeciono (wysoka wydajno\u015b\u0107)<br \/>\nMo\u017cliwo\u015bci osi: obr\u00f3bka 4- \/ 5-osiowa <\/p>\n<p>Dane mechaniczne<br \/>\nOdleg\u0142o\u015bci podr\u00f3\u017cy:<br \/>\nO\u015b X: 762 mm<br \/>\nO\u015b Y: 406 mm<br \/>\nO\u015b Z: 508 mm<br \/>\nPowierzchnia sto\u0142u: 762 x 406 mm<br \/>\nObci\u0105\u017cenie sto\u0142u: do 450 kg<br \/>\nWrzeciono \/ nap\u0119d<br \/>\nTyp wrzeciona: Wrzeciono wysokoobrotowe typu Inline<br \/>\nZakres pr\u0119dko\u015bci: do 12 000 obr. <\/p>\n<p>Nap\u0119dy osi<br \/>\nO\u015b X\/Y\/Z: recyrkulacyjna \u015bruba kulowa, precyzyjne prowadnice<br \/>\n4\/5 o\u015b: zintegrowany st\u00f3\u0142 obrotowy\/obrotowy, sterowany CNC<\/p>\n<p>Magazyn Revolver<br \/>\nPojemno\u015b\u0107: 24 miejsca na narz\u0119dzia<br \/>\nSp\u00e4nef\u00f6rderer<\/p>\n<p>Napi\u0119cie elektryczne: 400 V, 50 Hz, 3-fazowe<\/p>\n<p>Wymiary podstawy \/ instalacji: ok. 2200 mm x 2000 mm (szer. x g\u0142.)<\/p>\n<p>Masa maszyny: oko\u0142o 3 600 kg<\/p>\n<p>Maszyna w pe\u0142ni sprawna elektrycznie i mechanicznie<br \/>\nDokumentacja techniczna <\/p>\n<p>Die Maschine kann nach Terminvereinbarung Strom besichtigt werden.<br \/>\nAenderungen und Irrtuemer in den technischen Daten und Angaben sowie Zwischenverkauf vorbehalten!<\/p>\n<p>Haas VF-2SS HE (rok 2006) - 4\/5 osi<br \/>\nGodziny pracy: na \u017c\u0105danie<br \/>\nTyp maszyny: Pionowe centrum obr\u00f3bcze (CNC) - Haas VF-2SS HE<br \/>\nRok produkcji: 2006<br \/>\nKontrola: Haas NGC<br \/>\nUk\u0142ad nap\u0119dowy: Wrzeciono wysokoobrotowe (wysoka wydajno\u015b\u0107)<br \/>\nMo\u017cliwo\u015bci osi: obr\u00f3bka 4- \/ 5-osiowa<br \/>\nDane mechaniczne<br \/>\nPodr\u00f3\u017ce:<br \/>\nO\u015b X: 762 mm<br \/>\nO\u015b Y: 406 mm<br \/>\nO\u015b Z: 508 mm<br \/>\nRozmiar sto\u0142u: 762 \u00d7 406 mm<br \/>\nObci\u0105\u017cenie sto\u0142u: do 450 kg<br \/>\nWrzeciono \/ nap\u0119d<br \/>\nTyp wrzeciona: Wrzeciono wysokoobrotowe typu Inline<br \/>\nZakres pr\u0119dko\u015bci: do 12 000 obr.<br \/>\nNap\u0119dy osiowe<br \/>\nOsie X\/Y\/Z: Nap\u0119dy \u015brubowe, precyzyjne prowadnice liniowe<br \/>\n4\/5 o\u015b: Zintegrowany st\u00f3\u0142 uchylno-obrotowy, sterowany CNC<br \/>\nMagazyn narz\u0119dziowy<br \/>\nPojemno\u015b\u0107: 24 pozycje narz\u0119dzi<br \/>\nPrzeno\u015bnik wi\u00f3r\u00f3w:Tak<br \/>\nDane elektryczne<br \/>\nZasilanie: 400 V, 50 Hz, 3-fazowe<br \/>\n Wymiary \/ waga<\/p>\n<p>Powierzchnia pod\u0142ogi: ok. 2200 \u00d7 2000 mm (szer. \u00d7 g\u0142.)<br \/>\nMasa maszyny: oko\u0142o 3 600 kg<\/p>\n<p>Stan \/ Uwagi<br \/>\nMaszyna jest w pe\u0142ni funkcjonalna pod wzgl\u0119dem elektrycznym i mechanicznym.<br \/>\nDost\u0119pna dokumentacja techniczna<\/p>\n<p>Maszyna mo\u017ce by\u0107 sprawdzona pod napi\u0119ciem po wcze\u015bniejszym um\u00f3wieniu. Dane techniczne i opisy mog\u0105 ulec zmianie i zawiera\u0107 b\u0142\u0119dy.<\/p>","protected":false},"excerpt":{"rendered":"<p>Standort: Deutschland, Baden-W\u00fcrttemberg S\u00fcdwest Zustand: Gebraucht Hersteller: HAAS Modell: HAAS Baujahr: 2006 Haas VF-2SS HE (Bj. 2006) \u2013 4\/5-Achsen Betriebsstunden: Maschinentyp: Vertikales Bearbeitungszentrum (CNC) \u2013 Haas VF-2SS HE Baujahr: 2006 Steuerung: Haas NGC Antriebsart: Hochgeschwindigkeits-Spindel (High Efficiency) Achsf\u00e4higkeit: 4- \/ 5-Achsen Bearbeitung Mechanische Daten Verfahrwege: X-Achse: 762 mm Y-Achse: 406 mm Z-Achse: 508 mm Tischfl\u00e4che: [&hellip;]<\/p>\n","protected":false},"featured_media":7414,"template":"","meta":[],"product_brand":[],"product_cat":[88],"product_tag":[],"class_list":{"0":"post-7419","1":"product","2":"type-product","3":"status-publish","4":"has-post-thumbnail","6":"product_cat-cnc-bearbeitungszentrum","8":"first","9":"instock","10":"taxable","11":"shipping-taxable","12":"product-type-simple"},"aioseo_notices":[],"_links":{"self":[{"href":"https:\/\/www.horn-wzm.de\/pl\/wp-json\/wp\/v2\/product\/7419","targetHints":{"allow":["GET"]}}],"collection":[{"href":"https:\/\/www.horn-wzm.de\/pl\/wp-json\/wp\/v2\/product"}],"about":[{"href":"https:\/\/www.horn-wzm.de\/pl\/wp-json\/wp\/v2\/types\/product"}],"version-history":[{"count":1,"href":"https:\/\/www.horn-wzm.de\/pl\/wp-json\/wp\/v2\/product\/7419\/revisions"}],"predecessor-version":[{"id":7420,"href":"https:\/\/www.horn-wzm.de\/pl\/wp-json\/wp\/v2\/product\/7419\/revisions\/7420"}],"wp:featuredmedia":[{"embeddable":true,"href":"https:\/\/www.horn-wzm.de\/pl\/wp-json\/wp\/v2\/media\/7414"}],"wp:attachment":[{"href":"https:\/\/www.horn-wzm.de\/pl\/wp-json\/wp\/v2\/media?parent=7419"}],"wp:term":[{"taxonomy":"product_brand","embeddable":true,"href":"https:\/\/www.horn-wzm.de\/pl\/wp-json\/wp\/v2\/product_brand?post=7419"},{"taxonomy":"product_cat","embeddable":true,"href":"https:\/\/www.horn-wzm.de\/pl\/wp-json\/wp\/v2\/product_cat?post=7419"},{"taxonomy":"product_tag","embeddable":true,"href":"https:\/\/www.horn-wzm.de\/pl\/wp-json\/wp\/v2\/product_tag?post=7419"}],"curies":[{"name":"wp","href":"https:\/\/api.w.org\/{rel}","templated":true}]}}