{"id":7348,"date":"2026-02-11T15:24:55","date_gmt":"2026-02-11T14:24:55","guid":{"rendered":"https:\/\/www.horn-wzm.de\/shop\/unkategorisiert\/deckel-maho-dmf-250-bj-2004-intnr231486\/"},"modified":"2026-02-11T15:44:38","modified_gmt":"2026-02-11T14:44:38","slug":"deckel-maho-dmf-250-bj-2004-intnr231486","status":"publish","type":"product","link":"https:\/\/www.horn-wzm.de\/pl\/shop\/cnc-bearbeitungszentrum\/deckel-maho-dmf-250-bj-2004-intnr231486\/","title":{"rendered":"Deckel Maho DMF 250 linear Bj. 2004, IntNr231486"},"content":{"rendered":"<p><b>Lokalizacja:<\/b> Niemcy, Badenia-Wirtembergia, po\u0142udniowy zach\u00f3d<\/p>\n<p><b>Zustand:<\/b> U\u017cywany<\/p>\n<p><b>Hersteller:<\/b> DMG<\/p>\n<p><b>Modell:<\/b> DMG<\/p>\n<p><b>Rok budowy:<\/b> 2004<\/p>\n<p><b>Godziny pracy:<\/b> 0<\/p>\n<p>Gebrauchtes \u00fcberholtes 5-Achs CNC Bearbeitungszentrum Deckel MAHO DMF 250 linear<br \/>\nBaujahr 2004<\/p>\n<p>Steuerung: Heidenhain iTNC 530<br \/>\nTechnische Daten:<br \/>\nVerfahrweg X: 2.500 mm<br \/>\nVerfahrweg Y: 920 mm<br \/>\nVerfahrweg Z: 820 mm<br \/>\nB-Achse: x\/- 105\u00b0<\/p>\n<p>Arbeitstisch: 3100 x 900 mm<\/p>\n<p>Spindel Ausnahme: HSK 63<br \/>\nSpindel Drehzahlen: 20 &#8211; 18.000 U\/min.<br \/>\nWerkzeugwechsler: 30 Stk.<\/p>\n<p>Ausgestattet mit:<br \/>\n- Przeno\u015bnik wi\u00f3r\u00f3w<br \/>\n&#8211; K\u00fchlung durch Spindel 40 Bar<br \/>\n&#8211; Betriebsanleitung<\/p>\n<p>Ursprungsland: Deutschland<br \/>\nMotor Leistung: 35 KW<br \/>\nMaschine LxBxH: 6000 x 3800 x 2950 mm<br \/>\nMaschine Gewicht: 25.000 kg<\/p>\n<p>Die Maschine kann nach Terminvereinbarung Strom besichtigt werden.<br \/>\nAenderungen und Irrtuemer in den technischen Daten und Angaben sowie Zwischenverkauf vorbehalten!<\/p>\n<p>Refurbished 5-axis CNC machining centre Deckel MAHO DMF 250 linear in good condition.<br \/>\nYear of manufacture: 2004.<\/p>\n<p>Control: Heidenhain iTNC 530.<br \/>\nDane techniczne:<br \/>\nTravel distance X: 2,500 mm.<br \/>\nTravel distance Y: 920 mm.<br \/>\nTravel distance Z: 820 mm.<br \/>\nB-axis: x\/- 105\u00b0<\/p>\n<p>Work table: 3100 x 900 mm<\/p>\n<p>Spindle exception: HSK 63<br \/>\nSpindle speeds: 20 &#8211; 18,000 rpm<br \/>\nTool changer: 30 pcs.<\/p>\n<p>Equipped with:<br \/>\n- Przeno\u015bnik wi\u00f3r\u00f3w<br \/>\n&#8211; Cooling via spindle 40 bar<br \/>\n&#8211; Operating instructions<\/p>\n<p>Country of origin: Germany<br \/>\nMotor power: 35 KW<br \/>\nMachine LxWxH: 6000 x 3800 x 2950 mm<br \/>\nMachine weight: 25,000 kg<\/p>\n<p>Maszyn\u0119 mo\u017cna obejrze\u0107 po wcze\u015bniejszym um\u00f3wieniu.<br \/>\nZastrzega si\u0119 prawo do zmian i b\u0142\u0119d\u00f3w w danych technicznych i specyfikacjach, a tak\u017ce do wcze\u015bniejszej sprzeda\u017cy!<\/p>","protected":false},"excerpt":{"rendered":"<p>Standort: Deutschland, Baden-W\u00fcrttemberg S\u00fcdwest Zustand: Gebraucht Hersteller: DMG Modell: DMG Baujahr: 2004 Betriebsstunden: 0 Gebrauchtes \u00fcberholtes 5-Achs CNC Bearbeitungszentrum Deckel MAHO DMF 250 linear Baujahr 2004 Steuerung: Heidenhain iTNC 530 Technische Daten: Verfahrweg X: 2.500 mm Verfahrweg Y: 920 mm Verfahrweg Z: 820 mm B-Achse: x\/- 105\u00b0 Arbeitstisch: 3100 x 900 mm Spindel Ausnahme: HSK [&hellip;]<\/p>\n","protected":false},"featured_media":7358,"template":"","meta":[],"product_brand":[],"product_cat":[88],"product_tag":[],"class_list":{"0":"post-7348","1":"product","2":"type-product","3":"status-publish","4":"has-post-thumbnail","6":"product_cat-cnc-bearbeitungszentrum","8":"first","9":"instock","10":"taxable","11":"shipping-taxable","12":"product-type-simple"},"aioseo_notices":[],"_links":{"self":[{"href":"https:\/\/www.horn-wzm.de\/pl\/wp-json\/wp\/v2\/product\/7348","targetHints":{"allow":["GET"]}}],"collection":[{"href":"https:\/\/www.horn-wzm.de\/pl\/wp-json\/wp\/v2\/product"}],"about":[{"href":"https:\/\/www.horn-wzm.de\/pl\/wp-json\/wp\/v2\/types\/product"}],"version-history":[{"count":3,"href":"https:\/\/www.horn-wzm.de\/pl\/wp-json\/wp\/v2\/product\/7348\/revisions"}],"predecessor-version":[{"id":7365,"href":"https:\/\/www.horn-wzm.de\/pl\/wp-json\/wp\/v2\/product\/7348\/revisions\/7365"}],"wp:featuredmedia":[{"embeddable":true,"href":"https:\/\/www.horn-wzm.de\/pl\/wp-json\/wp\/v2\/media\/7358"}],"wp:attachment":[{"href":"https:\/\/www.horn-wzm.de\/pl\/wp-json\/wp\/v2\/media?parent=7348"}],"wp:term":[{"taxonomy":"product_brand","embeddable":true,"href":"https:\/\/www.horn-wzm.de\/pl\/wp-json\/wp\/v2\/product_brand?post=7348"},{"taxonomy":"product_cat","embeddable":true,"href":"https:\/\/www.horn-wzm.de\/pl\/wp-json\/wp\/v2\/product_cat?post=7348"},{"taxonomy":"product_tag","embeddable":true,"href":"https:\/\/www.horn-wzm.de\/pl\/wp-json\/wp\/v2\/product_tag?post=7348"}],"curies":[{"name":"wp","href":"https:\/\/api.w.org\/{rel}","templated":true}]}}