{"id":7260,"date":"2026-01-28T15:34:52","date_gmt":"2026-01-28T14:34:52","guid":{"rendered":"https:\/\/www.horn-wzm.de\/shop\/unkategorisiert\/gebr-lademagazin-fmb-turbo-3-26-bj-2003-a-intnr231478\/"},"modified":"2026-02-11T13:37:40","modified_gmt":"2026-02-11T12:37:40","slug":"gebr-lademagazin-fmb-turbo-3-26-bj-2003-a-intnr231478","status":"publish","type":"product","link":"https:\/\/www.horn-wzm.de\/pl\/shop\/stangenzufuehrungen\/gebr-lademagazin-fmb-turbo-3-26-bj-2003-a-intnr231478\/","title":{"rendered":"gebr. Lademagazin FMB Turbo 3 26 Bj. 2003 (A) (IntNr231478)"},"content":{"rendered":"<p><b>Lokalizacja:<\/b> Niemcy, Badenia-Wirtembergia, po\u0142udniowy zach\u00f3d<\/p>\n<p><b>Zustand:<\/b> U\u017cywany<\/p>\n<p><b>Hersteller:<\/b> FMB<\/p>\n<p><b>Modell:<\/b> FMB<\/p>\n<p><b>Rok budowy:<\/b> 2003<\/p>\n<p>FMB Stangenlademagazin TURBO 3-26 3200 A, Bj. 2003<\/p>\n<p>Kraj produkcji: Niemcy<br \/>\nCE Konformit\u00e4tserkl\u00e4rung<br \/>\nTechnische Daten<br \/>\nStangendurchmesser : 3-26 mm<br \/>\nStangenl\u00e4nge : 3200 mm<br \/>\nzuletzt angebaut an CNC-Langdrehmaschine<\/p>\n<p>WAGA I WYMIARY<br \/>\nAbmessungen Lademagazin: ca. 4300 x 701 x 1400 mm<br \/>\nGewicht Lademagazin: ca. 980 kg<\/p>\n<p>Die Maschine kann nach Terminvereinbarung Strom besichtigt werden.<br \/>\nAenderungen und Irrtuemer in den technischen Daten und Angaben sowie Zwischenverkauf vorbehalten!<\/p>\n<p>FMB TURBO 3-26 3200 A bar loader, built in 2003<\/p>\n<p>Kraj produkcji: Niemcy<br \/>\nDeklaracja zgodno\u015bci CE<br \/>\nDane techniczne<br \/>\nBar diameter: 3-26 mm<br \/>\nBar length: 3200 mm<br \/>\nLast installed on a CNC sliding head lathe<\/p>\n<p>WAGA I WYMIARY<br \/>\nDimensions of loading magazine: approx. 4300 x 701 x 1400 mm<br \/>\nWeight of loading magazine: approx. 980 kg<\/p>\n<p>Maszyn\u0119 mo\u017cna obejrze\u0107 po wcze\u015bniejszym um\u00f3wieniu.<br \/>\nZastrzega si\u0119 prawo do zmian i b\u0142\u0119d\u00f3w w danych technicznych i specyfikacjach, a tak\u017ce do wcze\u015bniejszej sprzeda\u017cy!<\/p>","protected":false},"excerpt":{"rendered":"<p>Standort: Deutschland, Baden-W\u00fcrttemberg S\u00fcdwest Zustand: Gebraucht Hersteller: FMB Modell: FMB Baujahr: 2003 FMB Stangenlademagazin TURBO 3-26 3200 A, Bj. 2003 Herstellerland: Deutschland CE Konformit\u00e4tserkl\u00e4rung Technische Daten Stangendurchmesser : 3-26 mm Stangenl\u00e4nge : 3200 mm zuletzt angebaut an CNC-Langdrehmaschine GEWICHT UND ABMESSUNGEN Abmessungen Lademagazin: ca. 4300 x 701 x 1400 mm Gewicht Lademagazin: ca. 980 kg [&hellip;]<\/p>\n","protected":false},"featured_media":7322,"template":"","meta":[],"product_brand":[],"product_cat":[85],"product_tag":[],"class_list":{"0":"post-7260","1":"product","2":"type-product","3":"status-publish","4":"has-post-thumbnail","6":"product_cat-stangenzufuehrungen","8":"first","9":"instock","10":"taxable","11":"shipping-taxable","12":"product-type-simple"},"aioseo_notices":[],"_links":{"self":[{"href":"https:\/\/www.horn-wzm.de\/pl\/wp-json\/wp\/v2\/product\/7260","targetHints":{"allow":["GET"]}}],"collection":[{"href":"https:\/\/www.horn-wzm.de\/pl\/wp-json\/wp\/v2\/product"}],"about":[{"href":"https:\/\/www.horn-wzm.de\/pl\/wp-json\/wp\/v2\/types\/product"}],"version-history":[{"count":1,"href":"https:\/\/www.horn-wzm.de\/pl\/wp-json\/wp\/v2\/product\/7260\/revisions"}],"predecessor-version":[{"id":7261,"href":"https:\/\/www.horn-wzm.de\/pl\/wp-json\/wp\/v2\/product\/7260\/revisions\/7261"}],"wp:featuredmedia":[{"embeddable":true,"href":"https:\/\/www.horn-wzm.de\/pl\/wp-json\/wp\/v2\/media\/7322"}],"wp:attachment":[{"href":"https:\/\/www.horn-wzm.de\/pl\/wp-json\/wp\/v2\/media?parent=7260"}],"wp:term":[{"taxonomy":"product_brand","embeddable":true,"href":"https:\/\/www.horn-wzm.de\/pl\/wp-json\/wp\/v2\/product_brand?post=7260"},{"taxonomy":"product_cat","embeddable":true,"href":"https:\/\/www.horn-wzm.de\/pl\/wp-json\/wp\/v2\/product_cat?post=7260"},{"taxonomy":"product_tag","embeddable":true,"href":"https:\/\/www.horn-wzm.de\/pl\/wp-json\/wp\/v2\/product_tag?post=7260"}],"curies":[{"name":"wp","href":"https:\/\/api.w.org\/{rel}","templated":true}]}}