{"id":7102,"date":"2026-01-12T13:40:26","date_gmt":"2026-01-12T12:40:26","guid":{"rendered":"https:\/\/www.horn-wzm.de\/shop\/unkategorisiert\/gebr-cnc-kurzdrehmaschine-used-cnc-lathe-star-sr32-jn-2015-intnr231186\/"},"modified":"2026-01-12T13:40:26","modified_gmt":"2026-01-12T12:40:26","slug":"gebr-tokarka-cnc-krotka-uzywana-tokarka-cnc-star-sr32-jn-2015-intnr231186","status":"publish","type":"product","link":"https:\/\/www.horn-wzm.de\/pl\/shop\/cnc-kurzdrehmaschinen\/gebr-cnc-kurzdrehmaschine-used-cnc-lathe-star-sr32-jn-2015-intnr231186\/","title":{"rendered":"u\u017cywana tokarka cnc STAR SR32-JN, 2015 (IntNo231186)"},"content":{"rendered":"<p><b>Lokalizacja:<\/b> Niemcy, Badenia-Wirtembergia, po\u0142udniowy zach\u00f3d<\/p>\n<p><b>Zustand:<\/b> Jak nowy<\/p>\n<p><b>Hersteller:<\/b> STAR Micronics<\/p>\n<p><b>Modell:<\/b> STAR Micronics<\/p>\n<p><b>Rok budowy:<\/b> 2015<\/p>\n<p><b>Godziny pracy:<\/b> 16000<\/p>\n<p>Tokarka CNC z wrzeciennikiem przesuwnym STAR SR32JN Nowo\u015b\u0107, rok 2015<br \/>\nSystem sterowania, Fanuc, seria 32i-B,<br \/>\n7 osi (X\/Z\/Y\/C1\/X1\/Z1\/C2,<br \/>\n\u00d8 pr\u0119ta maks. 32 mm,<br \/>\nD\u0142ugo\u015b\u0107 toczenia maks. 80 mm,<br \/>\nHauptspindel, Drehzahl max. 7.000 U\/min, C-Achse 0,001 Grad,<br \/>\n\u015arednica przeciwwrzeciona maks. 32 mm,<br \/>\nPr\u0119dko\u015b\u0107 obrotowa przeciwwrzeciona maks. 7000 obr,<br \/>\nUchwyt narz\u0119dziowy na \u0142\u0105cznie 23 narz\u0119dzia (liniowy uchwyt narz\u0119dziowy, mocowanie przednie, obr\u00f3bka tylna),<br \/>\nPompa ch\u0142odziwa o zwi\u0119kszonej wydajno\u015bci<br \/>\nTeilef\u00f6rderband,<br \/>\nPrzeno\u015bnik wi\u00f3r\u00f3w Mayfran,<br \/>\n***Zestaw serwisowy emulsji***<br \/>\nMagazyn za\u0142adowczy FMB turbo 3-36\/3200 \/ A \/ podkonstrukcja kr\u00f3tkoobrotowa<br \/>\nP\u0142yn ch\u0142odz\u0105cy u\u017cywany w maszynie: Emulsja<\/p>\n<p>Die Maschine kann nach Terminvereinbarung unter Strom besichtigt werden.<br \/>\nAenderungen und Irrtuemer in den technischen Daten und Angaben sowie Zwischenverkauf vorbehalten!<\/p>\n<p>U\u017cywana tokarka CNC typu szwajcarskiego STAR SR32-JN Nowa, rok 2015<br \/>\nsterowanie, marka Fanuc, seria 32i-B,<br \/>\n7 osi (X\/Z\/Y\/C1\/X1\/Z1\/C2,<br \/>\nbar-\u00d8 maks. 32 mm,<br \/>\nd\u0142ugo\u015b\u0107 obrotu maks. 80 mm,<br \/>\nwrzeciono g\u0142\u00f3wne, pr\u0119dko\u015b\u0107 maks. 7000 obr\/min, o\u015b C 0,001 stopnia,<br \/>\nWrzeciono tylne \u00d8 maks. 32 mm,<br \/>\npr\u0119dko\u015b\u0107 maks. 7000 obr\/min, o\u015b C,<br \/>\nuchwyt narz\u0119dziowy dla \u0142\u0105cznie 23 narz\u0119dzi (liniowy uchwyt narz\u0119dziowy, mocowanie przednie, obr\u00f3bka tylna),<br \/>\nprzeno\u015bnik ta\u015bmowy cz\u0119\u015bci,<br \/>\nPrzeno\u015bnik wi\u00f3r\u00f3w Mayfran,<br \/>\n***Zestaw serwisowy emulsji***<br \/>\nmagazynek \u0142adowarki FMB turbo 3-36\/3200 \/ A \/akcesoria do obs\u0142ugi<br \/>\nobracanie bez tulei prowadz\u0105cej.<br \/>\nZastosowanie ch\u0142odziwa w maszynie: emulsja<\/p>\n<p>Po wcze\u015bniejszym um\u00f3wieniu si\u0119 maszyna mo\u017ce zosta\u0107 sprawdzona pod napi\u0119ciem.<br \/>\nChanges and errors in the technical data and information and subject to prior sale!<\/p>","protected":false},"excerpt":{"rendered":"<p>Standort: Deutschland, Baden-W\u00fcrttemberg S\u00fcdwest Zustand: Neuwertig Hersteller: STAR Micronics Modell: STAR Micronics Baujahr: 2015 Betriebsstunden: 16000 gebr. CNC-Langdrehmaschine STAR SR32JN New, Bj. 2015 Steuerung, Fabr. Fanuc, Serie 32i-B, 7 Achsen (X\/Z\/Y\/C1\/X1\/Z1\/C2, Stangen-\u00d8 max. 32 mm, Drehl\u00e4nge max. 80 mm, Hauptspindel, Drehzahl max. 7.000 U\/min, C-Achse 0,001 Grad, Gegenspindel-\u00d8 max. 32 mm, Gegenspindeldrehzahl max. 7.000 U\/min, [&hellip;]<\/p>\n","protected":false},"featured_media":7095,"template":"","meta":[],"product_brand":[],"product_cat":[87],"product_tag":[],"class_list":{"0":"post-7102","1":"product","2":"type-product","3":"status-publish","4":"has-post-thumbnail","6":"product_cat-cnc-kurzdrehmaschinen","8":"first","9":"instock","10":"taxable","11":"shipping-taxable","12":"product-type-simple"},"aioseo_notices":[],"_links":{"self":[{"href":"https:\/\/www.horn-wzm.de\/pl\/wp-json\/wp\/v2\/product\/7102","targetHints":{"allow":["GET"]}}],"collection":[{"href":"https:\/\/www.horn-wzm.de\/pl\/wp-json\/wp\/v2\/product"}],"about":[{"href":"https:\/\/www.horn-wzm.de\/pl\/wp-json\/wp\/v2\/types\/product"}],"version-history":[{"count":1,"href":"https:\/\/www.horn-wzm.de\/pl\/wp-json\/wp\/v2\/product\/7102\/revisions"}],"predecessor-version":[{"id":7103,"href":"https:\/\/www.horn-wzm.de\/pl\/wp-json\/wp\/v2\/product\/7102\/revisions\/7103"}],"wp:featuredmedia":[{"embeddable":true,"href":"https:\/\/www.horn-wzm.de\/pl\/wp-json\/wp\/v2\/media\/7095"}],"wp:attachment":[{"href":"https:\/\/www.horn-wzm.de\/pl\/wp-json\/wp\/v2\/media?parent=7102"}],"wp:term":[{"taxonomy":"product_brand","embeddable":true,"href":"https:\/\/www.horn-wzm.de\/pl\/wp-json\/wp\/v2\/product_brand?post=7102"},{"taxonomy":"product_cat","embeddable":true,"href":"https:\/\/www.horn-wzm.de\/pl\/wp-json\/wp\/v2\/product_cat?post=7102"},{"taxonomy":"product_tag","embeddable":true,"href":"https:\/\/www.horn-wzm.de\/pl\/wp-json\/wp\/v2\/product_tag?post=7102"}],"curies":[{"name":"wp","href":"https:\/\/api.w.org\/{rel}","templated":true}]}}