{"id":7093,"date":"2026-01-09T14:41:21","date_gmt":"2026-01-09T13:41:21","guid":{"rendered":"https:\/\/www.horn-wzm.de\/shop\/unkategorisiert\/index-abc_fanuc_-cnc-drehmaschine-bj-2017-_intnr231463\/"},"modified":"2026-01-09T14:41:21","modified_gmt":"2026-01-09T13:41:21","slug":"index-abc_fanuc_-tokarka-cnc-bj-2017-_intnr231463","status":"publish","type":"product","link":"https:\/\/www.horn-wzm.de\/pl\/shop\/cnc-drehmaschinen-0-199mm-drehd\/index-abc_fanuc_-cnc-drehmaschine-bj-2017-_intnr231463\/","title":{"rendered":"Indeks ABC_Fanuc_ Tokarka CNC rok 2017 _IntNo231463"},"content":{"rendered":"<p><b>Lokalizacja:<\/b> Niemcy, Badenia-Wirtembergia, po\u0142udniowy zach\u00f3d<\/p>\n<p><b>Zustand:<\/b> U\u017cywany<\/p>\n<p><b>Hersteller:<\/b> Hardinge<\/p>\n<p><b>Modell:<\/b> Hardinge<\/p>\n<p><b>Rok budowy:<\/b> 2017<\/p>\n<p><b>Godziny pracy:<\/b> 15000<\/p>\n<p>Oznaczenie maszyny: Kr\u00f3tka tokarka CNC<br \/>\nProducent: Index<br \/>\nModel: ABC<br \/>\nRok budowy: 2017<br \/>\nSystem sterowania: Fanuc 32 i-B<br \/>\nFunkcjonalno\u015b\u0107: w pe\u0142ni funkcjonalny<br \/>\nGodziny przetwarzania: ok. godzin<\/p>\n<p>Technische Daten<br \/>\nOtw\u00f3r wrzeciona: \u00d8 42 mm<br \/>\nTrawers i dane zasilaj\u0105ce<br \/>\nSkok osi X: oko\u0142o 90 mm<br \/>\nSkok osi Z: oko\u0142o 280 mm<br \/>\nSzybki przesuw X: ok. 27 m\/min<br \/>\nSzybki przesuw Z: ok. 36 m\/min<\/p>\n<p>G\u00f3rna wie\u017ca (g\u0142\u00f3wny no\u015bnik narz\u0119dzi):<br \/>\nLiczba stacji: 8 (w tym 1 z mo\u017cliwo\u015bci\u0105 synchronizacji)<br \/>\nUchwyt narz\u0119dzia: VDI 25<br \/>\nObs\u0142uguje narz\u0119dzia nap\u0119dzane.<\/p>\n<p>Dolna wie\u017cyczka:<br \/>\nLiczba stacji: 6<br \/>\nBez nap\u0119du<\/p>\n<p>Odwrotna strona:<br \/>\n5 stacji do obr\u00f3bki tylnej<\/p>\n<p>Jednoczesna obr\u00f3bka z u\u017cyciem do 3 narz\u0119dzi w tym samym czasie<\/p>\n<p>Uk\u0142ad ch\u0142odzenia - przeno\u015bnik wi\u00f3r\u00f3w <\/p>\n<p>Podajnik pr\u0119t\u00f3w IRCO ILS MUK 7012-II Rok 2015<br \/>\nAkcesoria \/ Narz\u0119dzia \/ Instrukcje obs\u0142ugi<\/p>\n<p>Waga i wymiary maszyny<br \/>\nWymiary maszyny: oko\u0142o 2830 \u00d7 1500 \u00d7 2200 mm<br \/>\nWaga maszyny: ok. 3500 kg<\/p>\n<p>Waga i wymiary przeno\u015bnika wi\u00f3r\u00f3w z systemem ch\u0142odzenia<br \/>\nWymiary maszyny: ok. 1600 \u00d7 1250 \u00d7 1780 mm<br \/>\nWaga maszyny: ok. 680 kg<\/p>\n<p>Waga i wymiary podajnika pr\u0119t\u00f3w IRCO ILS MUK<br \/>\nWymiary maszyny: ok. 1800 \u00d7 1000 \u00d7 1280 mm<br \/>\nWaga maszyny: oko\u0142o 650 kg<\/p>\n<p>Maszyna jest w pe\u0142ni funkcjonalna i w dobrym stanie.<br \/>\nW celu uzyskania dalszych informacji lub obejrzenia pod napi\u0119ciem, prosimy o kontakt.<br \/>\nZastrzega si\u0119 prawo do zmian i b\u0142\u0119d\u00f3w w danych technicznych i specyfikacjach oraz wcze\u015bniejszej sprzeda\u017cy!<\/p>\n<p>Oznaczenie maszyny: Tokarka CNC do kr\u00f3tkiego toczenia<br \/>\nProducent: Index<br \/>\nModel: ABC<br \/>\nRok produkcji: 2017<br \/>\nSystem sterowania: Fanuc 32i-B<br \/>\nStatus operacyjny: w pe\u0142ni operacyjny<br \/>\nGodziny pracy: oko\u0142o ___ godzin<\/p>\n<p>Dane techniczne<\/p>\n<p>Otw\u00f3r wrzeciona: \u00d8 42 mm<\/p>\n<p>Dane dotycz\u0105ce podr\u00f3\u017cy i paszy:<\/p>\n<p>Skok osi X: oko\u0142o 90 mm<\/p>\n<p>Skok osi Z: oko\u0142o 280 mm<\/p>\n<p>Szybki posuw X: ok. 27 m\/min<\/p>\n<p>Szybki posuw Z: ok. 36 m\/min<\/p>\n<p>G\u00f3rna g\u0142owica rewolwerowa (g\u0142\u00f3wny no\u015bnik narz\u0119dzi):<\/p>\n<p>Liczba stacji: 8 (1 z mo\u017cliwo\u015bci\u0105 synchronizacji)<\/p>\n<p>Uchwyt narz\u0119dzia: VDI 25<\/p>\n<p>Obs\u0142uguje narz\u0119dzia sterowane<\/p>\n<p>Dolna wie\u017cyczka:<\/p>\n<p>Liczba stacji: 6<\/p>\n<p>Bez nap\u0119du<\/p>\n<p>Tylna strona:<\/p>\n<p>5 stacji do operacji na zapleczu<\/p>\n<p>Obr\u00f3bka symultaniczna: do 3 narz\u0119dzi jednocze\u015bnie<\/p>\n<p>Uk\u0142ad ch\u0142odzenia i przeno\u015bnik wi\u00f3r\u00f3w<\/p>\n<p>Podajnik pr\u0119t\u00f3w: IRCO ILS MUK 7012-II, rok 2015<\/p>\n<p>Akcesoria \/ Narz\u0119dzia \/ Instrukcje obs\u0142ugi<\/p>\n<p>Wymiary i waga maszyny<\/p>\n<p>Maszyna: ok. 2830 \u00d7 1500 \u00d7 2200 mm, waga: ok. 3500 kg<\/p>\n<p>System ch\u0142odzenia i przeno\u015bnik wi\u00f3r\u00f3w: ok. 1600 \u00d7 1250 \u00d7 1780 mm, waga: ok. 680 kg<\/p>\n<p>Podajnik pr\u0119t\u00f3w IRCO ILS MUK: ok. 1800 \u00d7 1000 \u00d7 1280 mm, waga: ok. 650 kg<\/p>\n<p>Maszyna jest w pe\u0142ni sprawna i w dobrym stanie.<br \/>\nW celu uzyskania dalszych informacji lub demonstracji na \u017cywo, prosimy o kontakt.<br \/>\nDane techniczne i informacje mog\u0105 ulec zmianie i zawiera\u0107 b\u0142\u0119dy. Zastrzega si\u0119 mo\u017cliwo\u015b\u0107 wcze\u015bniejszej sprzeda\u017cy.<\/p>","protected":false},"excerpt":{"rendered":"<p>Standort: Deutschland, Baden-W\u00fcrttemberg S\u00fcdwest Zustand: Gebraucht Hersteller: Hardinge Modell: Hardinge Baujahr: 2017 Betriebsstunden: 15000 Maschinenbezeichnung: CNC-Kurzdrehmaschine Hersteller: Index Modell: ABC Baujahr: 2017 Steuerung: Fanuc 32 i- B Funktionsf\u00e4higkeit: voll funktionsf\u00e4hig Bearbeitungsstunden: ca. Stunden Technische Daten Spindelbohrung: \u00d8 42 mm Verfahr- und Vorschubdaten X-Achse Verfahrweg: ca. 90 mm Z-Achse Verfahrweg: ca. 280 mm Eilgang X: ca. [&hellip;]<\/p>\n","protected":false},"featured_media":7087,"template":"","meta":[],"product_brand":[],"product_cat":[80],"product_tag":[],"class_list":{"0":"post-7093","1":"product","2":"type-product","3":"status-publish","4":"has-post-thumbnail","6":"product_cat-cnc-drehmaschinen-0-199mm-drehd","8":"first","9":"instock","10":"taxable","11":"shipping-taxable","12":"product-type-simple"},"aioseo_notices":[],"_links":{"self":[{"href":"https:\/\/www.horn-wzm.de\/pl\/wp-json\/wp\/v2\/product\/7093","targetHints":{"allow":["GET"]}}],"collection":[{"href":"https:\/\/www.horn-wzm.de\/pl\/wp-json\/wp\/v2\/product"}],"about":[{"href":"https:\/\/www.horn-wzm.de\/pl\/wp-json\/wp\/v2\/types\/product"}],"version-history":[{"count":1,"href":"https:\/\/www.horn-wzm.de\/pl\/wp-json\/wp\/v2\/product\/7093\/revisions"}],"predecessor-version":[{"id":7094,"href":"https:\/\/www.horn-wzm.de\/pl\/wp-json\/wp\/v2\/product\/7093\/revisions\/7094"}],"wp:featuredmedia":[{"embeddable":true,"href":"https:\/\/www.horn-wzm.de\/pl\/wp-json\/wp\/v2\/media\/7087"}],"wp:attachment":[{"href":"https:\/\/www.horn-wzm.de\/pl\/wp-json\/wp\/v2\/media?parent=7093"}],"wp:term":[{"taxonomy":"product_brand","embeddable":true,"href":"https:\/\/www.horn-wzm.de\/pl\/wp-json\/wp\/v2\/product_brand?post=7093"},{"taxonomy":"product_cat","embeddable":true,"href":"https:\/\/www.horn-wzm.de\/pl\/wp-json\/wp\/v2\/product_cat?post=7093"},{"taxonomy":"product_tag","embeddable":true,"href":"https:\/\/www.horn-wzm.de\/pl\/wp-json\/wp\/v2\/product_tag?post=7093"}],"curies":[{"name":"wp","href":"https:\/\/api.w.org\/{rel}","templated":true}]}}