{"id":7085,"date":"2026-01-09T13:07:33","date_gmt":"2026-01-09T12:07:33","guid":{"rendered":"https:\/\/www.horn-wzm.de\/shop\/unkategorisiert\/hardinge-gt27sp-gg-121_fanuc_fmb-unirobot-cnc-drehmaschine-bj-2021-_intnr231462\/"},"modified":"2026-01-09T13:07:33","modified_gmt":"2026-01-09T12:07:33","slug":"hardinge-gt27sp-gg-121_fanuc_fmb-unirobot-tokarka-cnc-rok-2021-_intnr231462","status":"publish","type":"product","link":"https:\/\/www.horn-wzm.de\/pl\/shop\/cnc-drehmaschinen-0-199mm-drehd\/hardinge-gt27sp-gg-121_fanuc_fmb-unirobot-cnc-drehmaschine-bj-2021-_intnr231462\/","title":{"rendered":"HARDINGE GT27SP GG-121_Fanuc_FMB Tokarka CNC Unirobot rok 2021 _IntNo231462"},"content":{"rendered":"<p><b>Lokalizacja:<\/b> Niemcy, Badenia-Wirtembergia, po\u0142udniowy zach\u00f3d<\/p>\n<p><b>Zustand:<\/b> U\u017cywany<\/p>\n<p><b>Hersteller:<\/b> Hardinge<\/p>\n<p><b>Modell:<\/b> Hardinge<\/p>\n<p><b>Rok budowy:<\/b> 2021<\/p>\n<p><b>Godziny pracy:<\/b> 15000<\/p>\n<p>Oznaczenie maszyny: Kr\u00f3tka tokarka CNC<br \/>\nProducent: Hardinge<br \/>\nModel: GT27SP GG-121<br \/>\nRok budowy: 2021<br \/>\nSystem sterowania: Fanuc 32<br \/>\nFunkcjonalno\u015b\u0107: w pe\u0142ni funkcjonalny<br \/>\nCzas pracy: oko\u0142o 15 000 godzin<\/p>\n<p>Technische Daten<br \/>\nOtw\u00f3r wrzeciona: \u00d8 27 mm<br \/>\nUchwyt wrzeciona: A2-5<br \/>\nUchwyt maks. 80 mm<br \/>\nMaks. Pr\u0119dko\u015b\u0107 wrzeciona: 6000 min-\u00b9<br \/>\nO\u015b X: 607 mm<br \/>\nO\u015b Z: 286 mm<\/p>\n<p>Uk\u0142ad ch\u0142odzenia<\/p>\n<p>System za\u0142adunku i roz\u0142adunku FMB<br \/>\nAkcesoria \/ Narz\u0119dzia \/ Instrukcje obs\u0142ugi<\/p>\n<p>Waga i wymiary maszyny<br \/>\nWymiary maszyny: ok. 1850 \u00d7 1750 \u00d7 1750 mm<br \/>\nWaga maszyny: ok. 2100 kg<\/p>\n<p>Waga i wymiary System za\u0142adunku i roz\u0142adunku<br \/>\nWymiary maszyny: ok. 1900 \u00d7 950 \u00d7 2000 mm<br \/>\nWaga maszyny: ok. 1000 kg<\/p>\n<p>Waga i wymiary uk\u0142adu ch\u0142odzenia<br \/>\nWymiary maszyny: ok. 1500 \u00d7 800 \u00d7 1100 mm<br \/>\nWaga maszyny: ok. 250 kg<\/p>\n<p>Maszyna jest w pe\u0142ni funkcjonalna i w dobrym stanie.<br \/>\nW celu uzyskania dalszych informacji lub obejrzenia pod napi\u0119ciem, prosimy o kontakt.<br \/>\nZastrzega si\u0119 prawo do zmian i b\u0142\u0119d\u00f3w w danych technicznych i specyfikacjach oraz wcze\u015bniejszej sprzeda\u017cy!<\/p>\n<p>Typ maszyny: Kr\u00f3tka tokarka CNC<br \/>\nProducent: Hardinge<br \/>\nModel: GT27SP GG-121<br \/>\nRok produkcji: 2021<br \/>\nSterowanie: Fanuc 32i<br \/>\nStatus operacyjny: w pe\u0142ni operacyjny<br \/>\nCzas pracy: oko\u0142o 15 000 godzin<\/p>\n<p>Dane techniczne<\/p>\n<p>Otw\u00f3r wrzeciona: \u00d8 27 mm<\/p>\n<p>Ko\u0144c\u00f3wka wrzeciona: A2-5<\/p>\n<p>Pojemno\u015b\u0107 uchwytu: maks. 80 mm<\/p>\n<p>Maksymalna pr\u0119dko\u015b\u0107 obrotowa wrzeciona: 6000 obr.<\/p>\n<p>Skok osi X: 607 mm<\/p>\n<p>Skok osi Z: 286 mm<\/p>\n<p>Uk\u0142ad ch\u0142odzenia<\/p>\n<p>System za\u0142adunku i roz\u0142adunku<\/p>\n<p>Akcesoria \/ Narz\u0119dzia \/ Instrukcje obs\u0142ugi<\/p>\n<p>Wymiary i waga maszyny<\/p>\n<p>Wymiary maszyny: oko\u0142o 1850 \u00d7 1750 \u00d7 1750 mm<\/p>\n<p>Waga maszyny: ok. 2100 kg<\/p>\n<p>Wymiary i waga systemu za\u0142adunku\/roz\u0142adunku<\/p>\n<p>Wymiary: oko\u0142o 1900 \u00d7 950 \u00d7 2000 mm<\/p>\n<p>Waga: ok. 1000 kg<\/p>\n<p>Wymiary i waga uk\u0142adu ch\u0142odzenia<\/p>\n<p>Wymiary: ok. 1500 \u00d7 800 \u00d7 1100 mm<\/p>\n<p>Waga: oko\u0142o 250 kg<\/p>\n<p>Maszyna jest w pe\u0142ni sprawna i w dobrym stanie.<br \/>\nW celu uzyskania dalszych informacji lub zorganizowania demonstracji na \u017cywo, prosimy o kontakt.<br \/>\nWszystkie dane techniczne i informacje s\u0105 przybli\u017cone. Z zastrze\u017ceniem wcze\u015bniejszej sprzeda\u017cy i b\u0142\u0119d\u00f3w.<\/p>","protected":false},"excerpt":{"rendered":"<p>Standort: Deutschland, Baden-W\u00fcrttemberg S\u00fcdwest Zustand: Gebraucht Hersteller: Hardinge Modell: Hardinge Baujahr: 2021 Betriebsstunden: 15000 Maschinenbezeichnung: CNC-Kurzdrehmaschine Hersteller: Hardinge Modell: GT27SP GG-121 Baujahr: 2021 Steuerung: Fanuc 32 Funktionsf\u00e4higkeit: voll funktionsf\u00e4hig Bearbeitungsstunden: ca. 15.000 Stunden Technische Daten Spindelbohrung: \u00d8 27 mm Spindelaufnahme: A2-5 Spannfutter max. 80mm Max. Spindeldrehzahl: 6.000 min\u207b\u00b9 X-Achse: 607 mm Z-Achse: 286 mm K\u00fchlmittelsystem [&hellip;]<\/p>\n","protected":false},"featured_media":7080,"template":"","meta":[],"product_brand":[],"product_cat":[80],"product_tag":[],"class_list":{"0":"post-7085","1":"product","2":"type-product","3":"status-publish","4":"has-post-thumbnail","6":"product_cat-cnc-drehmaschinen-0-199mm-drehd","8":"first","9":"instock","10":"taxable","11":"shipping-taxable","12":"product-type-simple"},"aioseo_notices":[],"_links":{"self":[{"href":"https:\/\/www.horn-wzm.de\/pl\/wp-json\/wp\/v2\/product\/7085","targetHints":{"allow":["GET"]}}],"collection":[{"href":"https:\/\/www.horn-wzm.de\/pl\/wp-json\/wp\/v2\/product"}],"about":[{"href":"https:\/\/www.horn-wzm.de\/pl\/wp-json\/wp\/v2\/types\/product"}],"version-history":[{"count":1,"href":"https:\/\/www.horn-wzm.de\/pl\/wp-json\/wp\/v2\/product\/7085\/revisions"}],"predecessor-version":[{"id":7086,"href":"https:\/\/www.horn-wzm.de\/pl\/wp-json\/wp\/v2\/product\/7085\/revisions\/7086"}],"wp:featuredmedia":[{"embeddable":true,"href":"https:\/\/www.horn-wzm.de\/pl\/wp-json\/wp\/v2\/media\/7080"}],"wp:attachment":[{"href":"https:\/\/www.horn-wzm.de\/pl\/wp-json\/wp\/v2\/media?parent=7085"}],"wp:term":[{"taxonomy":"product_brand","embeddable":true,"href":"https:\/\/www.horn-wzm.de\/pl\/wp-json\/wp\/v2\/product_brand?post=7085"},{"taxonomy":"product_cat","embeddable":true,"href":"https:\/\/www.horn-wzm.de\/pl\/wp-json\/wp\/v2\/product_cat?post=7085"},{"taxonomy":"product_tag","embeddable":true,"href":"https:\/\/www.horn-wzm.de\/pl\/wp-json\/wp\/v2\/product_tag?post=7085"}],"curies":[{"name":"wp","href":"https:\/\/api.w.org\/{rel}","templated":true}]}}