{"id":7032,"date":"2025-12-12T15:28:23","date_gmt":"2025-12-12T14:28:23","guid":{"rendered":"https:\/\/www.horn-wzm.de\/shop\/unkategorisiert\/traub-tns-26-dgy_bj-1992_-intnr231415\/"},"modified":"2025-12-12T15:28:23","modified_gmt":"2025-12-12T14:28:23","slug":"traub-tns-26-dgy_bj-1992_-intnr231415","status":"publish","type":"product","link":"https:\/\/www.horn-wzm.de\/pl\/shop\/cnc-kurzdrehmaschinen\/traub-tns-26-dgy_bj-1992_-intnr231415\/","title":{"rendered":"Traub TNS 26 DGY_Bj.1992_ IntNr231415"},"content":{"rendered":"<p><b>Lokalizacja:<\/b> Niemcy, Badenia-Wirtembergia, po\u0142udniowy zach\u00f3d<\/p>\n<p><b>Zustand:<\/b> U\u017cywany<\/p>\n<p><b>Hersteller:<\/b> MARZENIE<\/p>\n<p><b>Modell:<\/b> MARZENIE<\/p>\n<p><b>Rok budowy:<\/b> 1992<\/p>\n<p><b>Godziny pracy:<\/b> 83492<\/p>\n<p>Tokarka CNC Traub TNS 26 DGY 2 z rewolwerowym wrzecionem g\u0142\u00f3wnym i przeciwwrzecionem<br \/>\nRok budowy: 1992<br \/>\nCzas przetwarzania: 83492<br \/>\nSystem sterowania Mitsubishi FR - SF System TX 8F<br \/>\nTyp maszyny: Dwuwrzecionowe centrum tokarskie z osi\u0105 Y i nap\u0119dzanymi narz\u0119dziami<\/p>\n<p>Wrzeciono g\u0142\u00f3wne<br \/>\nPrzej\u015bcie pr\u0119ta \u00d8 ok. 26 mm.<br \/>\nmaks. d\u0142ugo\u015b\u0107 obrotu 270 mm<br \/>\nMaksymalna pr\u0119dko\u015b\u0107 do ok. 7000 obr.<br \/>\nWrzeciono zewn\u0119trzne \u00d8 60 mm<br \/>\nMoc nap\u0119du ok. 11 kW <\/p>\n<p>Przeciwwrzeciono<br \/>\nmaks. \u00d8 ok. 26 mm przys\u0142ony.<br \/>\nPr\u0119dko\u015b\u0107 ok. 7000 obr.<br \/>\nMoc nap\u0119du ok. 5,5 kW<\/p>\n<p>Wie\u017cyczki \/ wie\u017cyczki narz\u0119dziowe:<\/p>\n<p>2 stacje rewolwerowe (g\u00f3rna i dolna lub dwie rewolwery) z nap\u0119dzanymi narz\u0119dziami.<br \/>\nG\u00f3rna wie\u017cyczka z osi\u0105 Y<br \/>\nUchwyt narz\u0119dzia np. zgodnie z DIN 69880: 25 x48 i 16 \u00d7 16 mm<br \/>\nNap\u0119dzane uchwyty narz\u0119dziowe na rewolwer 12<br \/>\nmaks. pr\u0119dko\u015b\u0107: 8000 obr.<br \/>\nMoc 2,6 kW<br \/>\nMoment obrotowy 4 Nm<br \/>\nWrzeciono g\u0142\u00f3wne i przeciwwrzeciono: o\u015b C<\/p>\n<p>Podajnik pr\u0119t\u00f3w STAMAG DN 26<br \/>\nPrzeno\u015bnik wi\u00f3r\u00f3w Ruez<br \/>\nHandb\u00fccher<\/p>\n<p>Maszyna jest w pe\u0142ni sprawna pod wzgl\u0119dem elektrycznym i mechanicznym i mo\u017ce zosta\u0107 sprawdzona pod napi\u0119ciem po wcze\u015bniejszym um\u00f3wieniu.<br \/>\nAenderungen und Irrtuemer in den technischen Daten und Angaben sowie Zwischenverkauf vorbehalten!<\/p>\n<p>Tokarka CNC Traub TNS 26 DGY 2 G\u0142owica rewolwerowa Wrzeciono g\u0142\u00f3wne i przeciwwrzeciono<br \/>\nRok produkcji: 1992<br \/>\nCzas obr\u00f3bki: 83,492<br \/>\nSterowanie Mitsubishi FR - SF System TX 8F<br \/>\nTyp maszyny: Dwuwrzecionowe centrum tokarskie z osi\u0105 Y i nap\u0119dzanymi narz\u0119dziami<\/p>\n<p>Wrzeciono g\u0142\u00f3wne<br \/>\nPojemno\u015b\u0107 pr\u0119ta \u00d8 ok. 26 mm.<br \/>\nMaks. d\u0142ugo\u015b\u0107 obrotu 270 mm<br \/>\nMaksymalna pr\u0119dko\u015b\u0107 do ok. 7000 obr.<br \/>\n\u00d8 zewn\u0119trzna wrzeciona 60 mm<br \/>\nMoc nap\u0119du ok. 11 kW <\/p>\n<p>Przeciwwrzeciono<br \/>\nMaks. \u00d8 ok. 26 mm.<br \/>\nPr\u0119dko\u015b\u0107 ok. 7000 obr.<br \/>\nMoc nap\u0119du ok. 5,5 kW<\/p>\n<p>Wie\u017cyczki \/ rewolwer narz\u0119dziowy:<\/p>\n<p>2 stacje rewolwerowe (g\u00f3rna i dolna lub dwie wie\u017cyczki) z nap\u0119dzanymi narz\u0119dziami.<br \/>\nG\u00f3rna g\u0142owica z osi\u0105 Y<br \/>\nUchwyt narz\u0119dzia, np. zgodnie z DIN 69880: 25 \u00d7 48 i 16 \u00d7 16 mm<br \/>\nNap\u0119dzane uchwyty narz\u0119dziowe na wie\u017c\u0119 12<br \/>\nMaks. pr\u0119dko\u015b\u0107: 8000 obr.<br \/>\nMoc 2,6 kW<br \/>\nMoment obrotowy 4 Nm<br \/>\nWrzeciono g\u0142\u00f3wne i przeciwwrzeciono: o\u015b C<\/p>\n<p>Magazynek pr\u0119towy STAMAG DN 26<br \/>\nPrzeno\u015bnik wi\u00f3r\u00f3w Ruez<br \/>\nPodr\u0119czniki<\/p>\n<p>Maszyna jest w pe\u0142ni funkcjonalna, zar\u00f3wno pod wzgl\u0119dem elektrycznym, jak i mechanicznym, i mo\u017cna j\u0105 obejrze\u0107 pod napi\u0119ciem po wcze\u015bniejszym um\u00f3wieniu si\u0119.<br \/>\nZastrzega si\u0119 prawo do zmian i b\u0142\u0119d\u00f3w w danych technicznych i specyfikacjach, a tak\u017ce do wcze\u015bniejszej sprzeda\u017cy!<\/p>","protected":false},"excerpt":{"rendered":"<p>Standort: Deutschland, Baden-W\u00fcrttemberg S\u00fcdwest Zustand: Gebraucht Hersteller: TRAUB Modell: TRAUB Baujahr: 1992 Betriebsstunden: 83492 CNC-Drehmaschine Traub TNS 26 DGY 2 Revolver Haupt- und Gegenspindel Baujahr: 1992 Bearbeitungszeit: 83492 Steuerung Mitsubishi FR &#8211; SF System TX 8F Maschinenbauart: Doppelspindel-Drehzentrum mit Y-Achse und angetriebenen Werkzeugen Hauptspindel Stangendurchlass \u00d8 ca. 26 mm. max. Drehl\u00e4nge 270mm Maximaldrehzahl bis ca. [&hellip;]<\/p>\n","protected":false},"featured_media":7022,"template":"","meta":[],"product_brand":[],"product_cat":[87],"product_tag":[],"class_list":{"0":"post-7032","1":"product","2":"type-product","3":"status-publish","4":"has-post-thumbnail","6":"product_cat-cnc-kurzdrehmaschinen","8":"first","9":"instock","10":"taxable","11":"shipping-taxable","12":"product-type-simple"},"aioseo_notices":[],"_links":{"self":[{"href":"https:\/\/www.horn-wzm.de\/pl\/wp-json\/wp\/v2\/product\/7032","targetHints":{"allow":["GET"]}}],"collection":[{"href":"https:\/\/www.horn-wzm.de\/pl\/wp-json\/wp\/v2\/product"}],"about":[{"href":"https:\/\/www.horn-wzm.de\/pl\/wp-json\/wp\/v2\/types\/product"}],"version-history":[{"count":1,"href":"https:\/\/www.horn-wzm.de\/pl\/wp-json\/wp\/v2\/product\/7032\/revisions"}],"predecessor-version":[{"id":7033,"href":"https:\/\/www.horn-wzm.de\/pl\/wp-json\/wp\/v2\/product\/7032\/revisions\/7033"}],"wp:featuredmedia":[{"embeddable":true,"href":"https:\/\/www.horn-wzm.de\/pl\/wp-json\/wp\/v2\/media\/7022"}],"wp:attachment":[{"href":"https:\/\/www.horn-wzm.de\/pl\/wp-json\/wp\/v2\/media?parent=7032"}],"wp:term":[{"taxonomy":"product_brand","embeddable":true,"href":"https:\/\/www.horn-wzm.de\/pl\/wp-json\/wp\/v2\/product_brand?post=7032"},{"taxonomy":"product_cat","embeddable":true,"href":"https:\/\/www.horn-wzm.de\/pl\/wp-json\/wp\/v2\/product_cat?post=7032"},{"taxonomy":"product_tag","embeddable":true,"href":"https:\/\/www.horn-wzm.de\/pl\/wp-json\/wp\/v2\/product_tag?post=7032"}],"curies":[{"name":"wp","href":"https:\/\/api.w.org\/{rel}","templated":true}]}}