{"id":7009,"date":"2025-12-11T12:07:19","date_gmt":"2025-12-11T11:07:19","guid":{"rendered":"https:\/\/www.horn-wzm.de\/shop\/unkategorisiert\/biglia-b-465y2_bj-2009_-intnr231413-2\/"},"modified":"2025-12-11T12:07:19","modified_gmt":"2025-12-11T11:07:19","slug":"biglia-b-465y2_bj-2009_-intnr231413-2","status":"publish","type":"product","link":"https:\/\/www.horn-wzm.de\/pl\/shop\/cnc-kurzdrehmaschinen\/biglia-b-465y2_bj-2009_-intnr231413-2\/","title":{"rendered":"Biglia B 465Y2_Year 2009_ IntNo231413"},"content":{"rendered":"<p><b>Lokalizacja:<\/b> Niemcy, Badenia-Wirtembergia, po\u0142udniowy zach\u00f3d<\/p>\n<p><b>Zustand:<\/b> U\u017cywany<\/p>\n<p><b>Hersteller:<\/b> Biglia<\/p>\n<p><b>Modell:<\/b> Biglia<\/p>\n<p><b>Rok budowy:<\/b> 2009<\/p>\n<p><b>Godziny pracy:<\/b> 20627<\/p>\n<p>Tokarka CNC Biglia B465 Y2<br \/>\nRok budowy: 2009<br \/>\nCzas przetwarzania: ok. 21 000 h<br \/>\nNr seryjny: 10625<br \/>\nWydajna tokarka uniwersalna CNC z przeciwwrzecionem i osi\u0105 Y.<br \/>\nSystem sterowania: Fanuc 31i-B<br \/>\nMaks. \u015arednica toczenia dla obr\u00f3bki pr\u0119t\u00f3w: 65 mm<br \/>\nMaks. \u015arednica toczenia dla obr\u00f3bki uchwytu: 230 mm<br \/>\nD\u0142ugo\u015b\u0107 obrotu: ok. 250 (320) mm<br \/>\nMaks. \u015arednica obwodowa: ok. 520 mm<\/p>\n<p>Wrzeciono g\u0142\u00f3wne (HSP):<br \/>\nNos wrzeciona: 6\u2033<br \/>\n\u015arednica wrzeciona: 80 mm<br \/>\nPr\u0119dko\u015b\u0107: 4,000-5,000 min-\u00b9<\/p>\n<p>Przeciwwrzeciono (GSP):<br \/>\nNos wrzeciona: 5\u2033<br \/>\n\u015arednica wrzeciona: 55 mm<br \/>\nPr\u0119dko\u015b\u0107: 5000 min-\u00b9<br \/>\nG\u0142owica narz\u0119dziowa: 2 \u00d7 12 stacji, nap\u0119dzana<br \/>\nSkok osi Y: \u00b150 mm<\/p>\n<p>Sprz\u0119t:<br \/>\n2 wie\u017cyczki, ka\u017cda z 12 pozycjami narz\u0119dzi i 24 nap\u0119dzanymi narz\u0119dziami<br \/>\n2 osie C i 2 osie Y<\/p>\n<p>\u0141adowarka pr\u0119t\u00f3w CNCDB70 od Giovanni Cucchi<br \/>\nSystem roz\u0142adunku detali z przeno\u015bnikiem ta\u015bmowym<br \/>\nPrzeno\u015bnik wi\u00f3r\u00f3w z 2 pompami o ci\u015bnieniu 7 bar wraz z filtrem<br \/>\nPistolet natryskowy (4 bar)<br \/>\nPompa wysokoci\u015bnieniowa 25 bar z filtrem<br \/>\nWyd\u0142u\u017cony wyrzutnik 200 mm<br \/>\nWszystkie uchwyty narz\u0119dzi pokazane na zdj\u0119ciach<\/p>\n<p>Dost\u0119pna pe\u0142na dokumentacja techniczna<\/p>\n<p>Maszyna jest w pe\u0142ni sprawna pod wzgl\u0119dem elektrycznym i mechanicznym i mo\u017ce zosta\u0107 sprawdzona pod napi\u0119ciem po wcze\u015bniejszym um\u00f3wieniu.<br \/>\nAenderungen und Irrtuemer in den technischen Daten und Angaben sowie Zwischenverkauf vorbehalten!<\/p>\n<p>Tokarka CNC Biglia B465 Y2<br \/>\nRok produkcji: 2009<br \/>\nCzas obr\u00f3bki: 20 627 h<\/p>\n<p>Wydajna tokarka uniwersalna CNC z przeciwwrzecionem i osi\u0105 Y.<br \/>\nSterowanie: Fanuc 31i-B<br \/>\nMaksymalna \u015brednica toczenia do obr\u00f3bki pr\u0119t\u00f3w: 65 mm<br \/>\nMaks. \u015brednica toczenia dla obr\u00f3bki w uchwycie: 230 mm<br \/>\nD\u0142ugo\u015b\u0107 obrotu: ok. 250 (320) mm<br \/>\nMaks. \u015brednica obrotu: ok. 520 mm<\/p>\n<p>Wrzeciono g\u0142\u00f3wne (HSP):<br \/>\nNos wrzeciona: 6\u2033<br \/>\n\u015arednica wrzeciona: 80 mm<br \/>\nPr\u0119dko\u015b\u0107: 4000-5000 obr.<\/p>\n<p>Przeciwwrzeciono (GSP):<br \/>\nNos wrzeciona: 5\u2033<br \/>\n\u015arednica wrzeciona: 55 mm<br \/>\nPr\u0119dko\u015b\u0107: 5000 obr.<br \/>\nG\u0142owica narz\u0119dziowa: 2 \u00d7 12 stacji, nap\u0119dzana<br \/>\nSkok osi Y: \u00b150 mm<\/p>\n<p>Sprz\u0119t:<br \/>\n2 wie\u017cyczki, ka\u017cda z 12 pozycjami narz\u0119dzi i 24 nap\u0119dzanymi narz\u0119dziami<br \/>\n2 osie C i 2 osie Y<\/p>\n<p>Podajnik pr\u0119t\u00f3w CNCDB70 od Giovanni Cucchi<br \/>\nSystem roz\u0142adunku detali z przeno\u015bnikiem ta\u015bmowym<br \/>\nPrzeno\u015bnik wi\u00f3r\u00f3w z 2 pompami, 7 bar ka\u017cda, z filtrem<br \/>\nPistolet natryskowy (4 bar)<br \/>\nPompa wysokoci\u015bnieniowa 25 bar z filtrem<br \/>\nWyd\u0142u\u017cony wyrzutnik 200 mm<br \/>\nWszystkie uchwyty narz\u0119dzi pokazane na zdj\u0119ciach<\/p>\n<p>Dost\u0119pna pe\u0142na dokumentacja techniczna<\/p>\n<p>Maszyna jest w pe\u0142ni funkcjonalna, zar\u00f3wno pod wzgl\u0119dem elektrycznym, jak i mechanicznym, i mo\u017cna j\u0105 obejrze\u0107 pod napi\u0119ciem po wcze\u015bniejszym um\u00f3wieniu si\u0119.<br \/>\nZastrzega si\u0119 prawo do zmian i b\u0142\u0119d\u00f3w w danych technicznych i specyfikacjach, a tak\u017ce do wcze\u015bniejszej sprzeda\u017cy!<\/p>","protected":false},"excerpt":{"rendered":"<p>Standort: Deutschland, Baden-W\u00fcrttemberg S\u00fcdwest Zustand: Gebraucht Hersteller: Biglia Modell: Biglia Baujahr: 2009 Betriebsstunden: 20627 CNC-Drehmaschine Biglia B465 Y2 Baujahr: 2009 Bearbeitungszeit: ca. 21.000 h Seriennr: 10625 Leistungsstarke CNC-Universal-Drehmaschine mit Gegenspindel und Y-Achse. Steuerung: Fanuc 31i-B Max. Drehdurchmesser bei Stangenbearbeitung: 65 mm Max. Drehdurchmesser bei Futterbearbeitung: 230 mm Drehl\u00e4nge: ca. 250 (320) mm Max. Umlaufdurchmesser: ca. [&hellip;]<\/p>\n","protected":false},"featured_media":6999,"template":"","meta":[],"product_brand":[],"product_cat":[87],"product_tag":[],"class_list":{"0":"post-7009","1":"product","2":"type-product","3":"status-publish","4":"has-post-thumbnail","6":"product_cat-cnc-kurzdrehmaschinen","8":"first","9":"instock","10":"taxable","11":"shipping-taxable","12":"product-type-simple"},"aioseo_notices":[],"_links":{"self":[{"href":"https:\/\/www.horn-wzm.de\/pl\/wp-json\/wp\/v2\/product\/7009","targetHints":{"allow":["GET"]}}],"collection":[{"href":"https:\/\/www.horn-wzm.de\/pl\/wp-json\/wp\/v2\/product"}],"about":[{"href":"https:\/\/www.horn-wzm.de\/pl\/wp-json\/wp\/v2\/types\/product"}],"version-history":[{"count":1,"href":"https:\/\/www.horn-wzm.de\/pl\/wp-json\/wp\/v2\/product\/7009\/revisions"}],"predecessor-version":[{"id":7010,"href":"https:\/\/www.horn-wzm.de\/pl\/wp-json\/wp\/v2\/product\/7009\/revisions\/7010"}],"wp:featuredmedia":[{"embeddable":true,"href":"https:\/\/www.horn-wzm.de\/pl\/wp-json\/wp\/v2\/media\/6999"}],"wp:attachment":[{"href":"https:\/\/www.horn-wzm.de\/pl\/wp-json\/wp\/v2\/media?parent=7009"}],"wp:term":[{"taxonomy":"product_brand","embeddable":true,"href":"https:\/\/www.horn-wzm.de\/pl\/wp-json\/wp\/v2\/product_brand?post=7009"},{"taxonomy":"product_cat","embeddable":true,"href":"https:\/\/www.horn-wzm.de\/pl\/wp-json\/wp\/v2\/product_cat?post=7009"},{"taxonomy":"product_tag","embeddable":true,"href":"https:\/\/www.horn-wzm.de\/pl\/wp-json\/wp\/v2\/product_tag?post=7009"}],"curies":[{"name":"wp","href":"https:\/\/api.w.org\/{rel}","templated":true}]}}