{"id":6983,"date":"2025-12-10T14:31:35","date_gmt":"2025-12-10T13:31:35","guid":{"rendered":"https:\/\/www.horn-wzm.de\/shop\/unkategorisiert\/hanwha-xd10-y2_bj-08_2022_intnr231438\/"},"modified":"2025-12-12T11:24:19","modified_gmt":"2025-12-12T10:24:19","slug":"hanwha-xd10-y2_bj-08_2022_intnr231438","status":"publish","type":"product","link":"https:\/\/www.horn-wzm.de\/pl\/shop\/cnc-langdrehmaschinen\/hanwha-xd10-y2_bj-08_2022_intnr231438\/","title":{"rendered":"Hanwha XD10 Y2_Year 08_2022_IntNo231438"},"content":{"rendered":"<p><b>Lokalizacja:<\/b> Niemcy, Badenia-Wirtembergia, po\u0142udniowy zach\u00f3d<\/p>\n<p><b>Zustand:<\/b> Jak nowy<\/p>\n<p><b>Hersteller:<\/b> HANWHA<\/p>\n<p><b>Modell:<\/b> HANWHA<\/p>\n<p><b>Rok budowy:<\/b> 2022<\/p>\n<p>Tokarka Hanwha CNC z g\u0142owic\u0105 przesuwn\u0105 XD10 Y2 Najlepszy stan<\/p>\n<p>Godziny pracy wrzeciona<br \/>\nBetriebsstunden<br \/>\nRok budowy 08_2022<br \/>\nSterowanie Fanuc serii 0i<\/p>\n<p>Tokarka Hanwha CNC z wrzeciennikiem przesuwnym XD10 Y2 ze sterowaniem Fanuc serii 0i<br \/>\nTokarka Hanwha CNC z wrzeciennikiem przesuwnym XD10 Y2 to wysoce precyzyjna tokarka z wrzeciennikiem przesuwnym ze zintegrowanym sterowaniem Fanuc serii 0i, przeznaczona do obr\u00f3bki ma\u0142ych \u015brednic w produkcji seryjnej. Posiada wrzeciono g\u0142\u00f3wne, przeciwwrzeciono, bogate oprzyrz\u0105dowanie i akcesoria do wydajnych proces\u00f3w produkcyjnych.<br \/>\nWrzeciono g\u0142\u00f3wne<\/p>\n<p>Maksymalna \u015brednica toczenia: 10 mm<br \/>\nMaksymalna \u015brednica otworu wrzeciona: 15 mm<br \/>\nMaksymalna pr\u0119dko\u015b\u0107: 15 000 obr.<br \/>\nMaksymalna moc: 3,7 kW (wbudowany silnik)<br \/>\nSkok Z1: 155 mm<br \/>\nZsynchronizowana tuleja prowadz\u0105ca: Typ F853<br \/>\nUchwyt tulei zaciskowej: Typ 120E<\/p>\n<p>Przeciwwrzeciono<\/p>\n<p>Maksymalna pr\u0119dko\u015b\u0107: 10 000 obr.<br \/>\nMoc maksymalna: 1,1 kW<br \/>\nO\u015b C: Rozdzielczo\u015b\u0107 0,001\u00b0<br \/>\nMaksymalna \u015brednica kranu: 10 mm<br \/>\nSkok Z2: 180 mm<br \/>\nUchwyt tulei zaciskowej: Typ 120E<\/p>\n<p>Suwak narz\u0119dziowy X1, Y1:<br \/>\nP\u0142ytka uchwytu narz\u0119dziowego dla 5 zewn\u0119trznych narz\u0119dzi tokarskich (8 x 8 mm)<\/p>\n<p>Urz\u0105dzenie do wiercenia\/frezowania poprzecznego:<br \/>\nIlo\u015b\u0107: 4 nap\u0119dzane wrzeciona wiertarskie\/frezarskie (ER11)<br \/>\nMoc: 0,55 kW przy 10 000 obr.<br \/>\nPrzednia jednostka wiertarska dla 4 wrzecion wiertarskich (ER11)<\/p>\n<p>Przetwarzanie na odwrotnej stronie:<br \/>\nNo\u015bnik narz\u0119dzi dla 8 narz\u0119dzi z osi\u0105 Y2<br \/>\n4 nap\u0119dzane wrzeciona wiertarskie\/frezarskie (modu\u0142owe ER11)<br \/>\n4 sta\u0142e wrzeciona wierc\u0105ce\/frezuj\u0105ce (modu\u0142owe ER11)<br \/>\nMoc: 0,55 kW przy 9000 obr.<\/p>\n<p>Szybki przesuw: 32 m\/min (Z1, Z2, Y, X2); 24 m\/min (X1)<br \/>\nPod\u0142\u0105czone obci\u0105\u017cenie: 12 kVA<\/p>\n<p>System sterowania<br \/>\nTyp: Hanwha Fanuc seria 0iTF<br \/>\nLiczba osi: 6 (X1, Z1, Y1, Y2, X2, Z2)<br \/>\nJednoczesne 4-osiowe sterowanie<br \/>\nZewn\u0119trzny panel sterowania z pokr\u0119t\u0142em<br \/>\nKolorowy monitor 9,5\u2033 (LCD\/MDI)<br \/>\nFunkcja automatycznego wy\u0142\u0105czania (PowerOff)<br \/>\nFunkcja sprawdzania programu (uruchomienie testowe mo\u017cliwe za pomoc\u0105 pokr\u0119t\u0142a)<br \/>\nPrzeno\u015bnik ta\u015bmowy cz\u0119\u015bci z tac\u0105 odbiorcz\u0105<br \/>\nSkrzynka narz\u0119dziowa i zestaw narz\u0119dzi serwisowych<br \/>\nZbiornik p\u0142ynu ch\u0142odz\u0105cego: 140 litr\u00f3w<br \/>\nPneumatyczne urz\u0105dzenie do przedmuchiwania chwytaka wrzeciona podbieraj\u0105cego<br \/>\nPodr\u0119cznik i dokumentacja w j\u0119zyku niemieckim i angielskim (konserwacja i przeno\u015bnik wi\u00f3r\u00f3w)<br \/>\nPodajnik pr\u0119t\u00f3w FMB Turbo 2-20 \/ 3200 mm \u201eC\u201c (\u015brednica pr\u0119ta: 2-23 mm 1 zestaw do konwersji i rura teleskopowa)<\/p>\n<p>Maszyna w pe\u0142ni sprawna elektrycznie i mechanicznie<br \/>\nDost\u0119pna pe\u0142na dokumentacja techniczna<\/p>\n<p>Die Maschine kann nach Terminvereinbarung Strom besichtigt werden.<br \/>\nAenderungen und Irrtuemer in den technischen Daten und Angaben sowie Zwischenverkauf vorbehalten!<\/p>\n<p>Tokarka szwajcarska CNC Hanwha XD10 Y2 w doskona\u0142ym stanie<br \/>\nGodziny pracy wrzeciona<br \/>\nGodziny pracy<br \/>\nRok produkcji: 08_2022<br \/>\nSterowanie Fanuc serii 0i<br \/>\nTokarka szwajcarska CNC Hanwha XD10 Y2 ze sterowaniem Fanuc serii 0i<br \/>\nCNC tokarka szwajcarska Hanwha XD10 Y2 to wysoce precyzyjna automatyczna tokarka szwajcarska ze zintegrowanym sterowaniem Fanuc serii 0i, przeznaczona do obr\u00f3bki ma\u0142ych \u015brednic w produkcji seryjnej. Wyposa\u017cona jest we wrzeciono g\u0142\u00f3wne, wrzeciono pomocnicze, bogate oprzyrz\u0105dowanie i akcesoria do wydajnych proces\u00f3w produkcyjnych.<\/p>\n<p>Wrzeciono g\u0142\u00f3wne<br \/>\nMaksymalna \u015brednica toczenia: 10 mm<br \/>\nMaksymalna \u015brednica otworu wrzeciona: 15 mm<br \/>\nMaksymalna pr\u0119dko\u015b\u0107: 15 000 obr.<br \/>\nMaksymalna moc: 3,7 kW (wbudowany silnik)<br \/>\nSkok Z1: 155 mm<br \/>\nZesp\u00f3\u0142 synchronicznej obrotowej tulei prowadz\u0105cej: Typ F853<br \/>\nTuleja zaciskowa: Typ 120E<br \/>\nWrzeciono pomocnicze<br \/>\nMaksymalna pr\u0119dko\u015b\u0107: 10 000 obr.<br \/>\nMoc maksymalna: 1,1 kW<br \/>\nO\u015b C: Rozdzielczo\u015b\u0107 0,001\u00b0<br \/>\nMaksymalna \u015brednica podbieracza: 10 mm<br \/>\nSkok Z2: 180 mm<br \/>\nTuleja zaciskowa: Typ 120E<br \/>\nProwadnica narz\u0119dzia X1, Y1:<br \/>\nP\u0142ytka uchwytu narz\u0119dziowego dla 5 zewn\u0119trznych narz\u0119dzi tokarskich (8 x 8 mm)<br \/>\nUrz\u0105dzenie do wiercenia\/frezowania poprzecznego:<br \/>\nLiczba: 4 nap\u0119dzane wrzeciona wiertarskie\/frezarskie (ER11)<br \/>\nMoc: 0,55 kW przy 10 000 obr.<br \/>\nUrz\u0105dzenie do wiercenia czo\u0142owego dla 4 wrzecion wiertarskich (ER11)<br \/>\nObr\u00f3bka wsteczna:<br \/>\nNo\u015bnik narz\u0119dzi dla 8 narz\u0119dzi z osi\u0105 Y2<br \/>\n4 nap\u0119dzane wrzeciona wiertarskie\/frezarskie (modu\u0142owe ER11)<br \/>\n4 sta\u0142e wrzeciona wierc\u0105ce\/frezuj\u0105ce (modu\u0142owe ER11)<br \/>\nMoc: 0,55 kW przy 9000 obr.<br \/>\nSzybkie przemieszczanie: 32 m\/min (Z1, Z2, Y, X2); 24 m\/min (X1)<br \/>\nPod\u0142\u0105czone obci\u0105\u017cenie: 12 kVA<br \/>\nKontrola<br \/>\nTyp: Hanwha Fanuc seria 0iTF<br \/>\nLiczba osi: 6 (X1, Z1, Y1, Y2, X2, Z2)<br \/>\nJednoczesne 4-osiowe sterowanie<br \/>\nZewn\u0119trzny panel sterowania z pokr\u0119t\u0142em<br \/>\nKolorowy monitor 9,5\u2033 (LCD\/MDI)<br \/>\nFunkcja automatycznego wy\u0142\u0105czania zasilania (PowerOff)<br \/>\nFunkcja sprawdzania programu (mo\u017cliwe uruchomienie testowe za pomoc\u0105 pokr\u0119t\u0142a)<br \/>\nPrzeno\u015bnik ta\u015bmowy cz\u0119\u015bci z tac\u0105 zbiorcz\u0105<br \/>\nSkrzynka narz\u0119dziowa i zestaw narz\u0119dzi serwisowych<br \/>\nZbiornik p\u0142ynu ch\u0142odz\u0105cego: 140 litr\u00f3w<br \/>\nPneumatyczne urz\u0105dzenie do przedmuchiwania tulei wrzeciona podbieraj\u0105cego<br \/>\nPodr\u0119cznik i dokumentacja w j\u0119zyku niemieckim i angielskim (instrukcje konserwacji i obs\u0142ugi, w tym lista parametr\u00f3w i protok\u00f3\u0142 testowy)<br \/>\nPrzeno\u015bnik wi\u00f3r\u00f3w<br \/>\nMagazynek do pr\u0119t\u00f3w FMB Turbo 2-20 \/ 3200 mm \u201eC\u201c (\u015brednica pr\u0119ta: 2-23 mm, 1 zestaw do konwersji i rura teleskopowa)<br \/>\nMaszyna w pe\u0142ni sprawna elektrycznie i mechanicznie<br \/>\nW pe\u0142ni dost\u0119pna dokumentacja techniczna<br \/>\nPo wcze\u015bniejszym um\u00f3wieniu si\u0119 maszyna mo\u017ce zosta\u0107 sprawdzona pod napi\u0119ciem.<br \/>\nZmiany i b\u0142\u0119dy w danych technicznych i specyfikacjach, jak r\u00f3wnie\u017c wcze\u015bniejsza sprzeda\u017c zastrze\u017cone!<\/p>","protected":false},"excerpt":{"rendered":"<p>Standort: Deutschland, Baden-W\u00fcrttemberg S\u00fcdwest Zustand: Neuwertig Hersteller: HANWHA Modell: HANWHA Baujahr: 2022 Hanwha CNC-Langdrehmaschine XD10 Y2 Top Zustand Spindelstunden Betriebsstunden Baujahr 08_2022 Fanuc-Steuerung der 0i-Serie Hanwha CNC-Langdrehmaschine XD10 Y2 mit Fanuc-Steuerung der 0i-Serie Die Hanwha CNC-Langdrehmaschine XD10 Y2 ist eine hochpr\u00e4zise Langdrehautomat mit integrierter Fanuc-Steuerung der 0i-Serie, konzipiert f\u00fcr die Bearbeitung kleiner Durchmesser in der [&hellip;]<\/p>\n","protected":false},"featured_media":7011,"template":"","meta":[],"product_brand":[],"product_cat":[81],"product_tag":[],"class_list":{"0":"post-6983","1":"product","2":"type-product","3":"status-publish","4":"has-post-thumbnail","6":"product_cat-cnc-langdrehmaschinen","8":"first","9":"instock","10":"taxable","11":"shipping-taxable","12":"product-type-simple"},"aioseo_notices":[],"_links":{"self":[{"href":"https:\/\/www.horn-wzm.de\/pl\/wp-json\/wp\/v2\/product\/6983","targetHints":{"allow":["GET"]}}],"collection":[{"href":"https:\/\/www.horn-wzm.de\/pl\/wp-json\/wp\/v2\/product"}],"about":[{"href":"https:\/\/www.horn-wzm.de\/pl\/wp-json\/wp\/v2\/types\/product"}],"version-history":[{"count":3,"href":"https:\/\/www.horn-wzm.de\/pl\/wp-json\/wp\/v2\/product\/6983\/revisions"}],"predecessor-version":[{"id":6998,"href":"https:\/\/www.horn-wzm.de\/pl\/wp-json\/wp\/v2\/product\/6983\/revisions\/6998"}],"wp:featuredmedia":[{"embeddable":true,"href":"https:\/\/www.horn-wzm.de\/pl\/wp-json\/wp\/v2\/media\/7011"}],"wp:attachment":[{"href":"https:\/\/www.horn-wzm.de\/pl\/wp-json\/wp\/v2\/media?parent=6983"}],"wp:term":[{"taxonomy":"product_brand","embeddable":true,"href":"https:\/\/www.horn-wzm.de\/pl\/wp-json\/wp\/v2\/product_brand?post=6983"},{"taxonomy":"product_cat","embeddable":true,"href":"https:\/\/www.horn-wzm.de\/pl\/wp-json\/wp\/v2\/product_cat?post=6983"},{"taxonomy":"product_tag","embeddable":true,"href":"https:\/\/www.horn-wzm.de\/pl\/wp-json\/wp\/v2\/product_tag?post=6983"}],"curies":[{"name":"wp","href":"https:\/\/api.w.org\/{rel}","templated":true}]}}