{"id":6951,"date":"2025-11-17T11:10:23","date_gmt":"2025-11-17T10:10:23","guid":{"rendered":"https:\/\/www.horn-wzm.de\/shop\/unkategorisiert\/gebr-star-sr-32_bj-1998_intnr231025\/"},"modified":"2025-11-17T11:10:23","modified_gmt":"2025-11-17T10:10:23","slug":"gebr-star-sr-32_bj-1998_intnr231025","status":"publish","type":"product","link":"https:\/\/www.horn-wzm.de\/pl\/shop\/cnc-langdrehmaschinen\/gebr-star-sr-32_bj-1998_intnr231025\/","title":{"rendered":"gebr. Star SR-32_Bj.1998_IntNr231025"},"content":{"rendered":"<p><b>Standort:<\/b> Deutschland, Baden-W\u00fcrttemberg S\u00fcdwest<\/p>\n<p><b>Zustand:<\/b> Gebraucht<\/p>\n<p><b>Hersteller:<\/b> STAR Micronics<\/p>\n<p><b>Modell:<\/b> STAR Micronics<\/p>\n<p><b>Baujahr:<\/b> 1998<\/p>\n<p><b>Betriebsstunden:<\/b> 60931<\/p>\n<p>Gebr. Star SR &#8211; 32<br \/>\nBj. 1998<br \/>\nBetriebsstunden 60931<br \/>\nSeriennr: 330_030901<br \/>\nIntNr231025<br \/>\nSteuerung: CNC Fanuc 18i Tb<br \/>\nBearbeitungsdurchmesser: max. 32mm<br \/>\nMaximale Werkst\u00fcckl\u00e4nge: 125 mm<br \/>\nSpindelstock Verfahrweg: 310 mm<br \/>\nC-Achse: 1\u00b0<br \/>\nAnzahl der Achsen: 7<br \/>\nBohrleistung fester Werkzeugdurchmesser: 13 mm<br \/>\nBohrleistung rotierender Werkzeugdurchmesser: 8mm<br \/>\nGewindebohren: M12 (mit angetriebenem Werkzeug M6)<br \/>\nFr\u00e4sleistung: \u00d8 10 mm<br \/>\nSpindeldrehzahlen: 350 &#8211; 7000 (angetriebene und glatte Werkzeuge)<\/p>\n<p>K\u00fchlmitteleinsatz der Maschine: \u00d6l<br \/>\nCE Konformit\u00e4tserkl\u00e4rung<br \/>\nLt. Abgeber: Querantrieb Fanuc Antriebsystem defekt und wurde von Star Micronics deaktiviert.<\/p>\n<p>Abmessungen der Maschine 1700x2512x1700 mm<br \/>\nGewicht der Maschine 2900 kg<\/p>\n<p>Stangenlademagazin FMB TURBO 5-42.<br \/>\nStangenkapazit\u00e4t 5-42 mm Anbauvariante &#8222;A&#8220;<\/p>\n<p>Scharnierbandf\u00f6rderer MAYFRAN<\/p>\n<p>L\u00f6schanlage Kraft und Bauer und L\u00f6schmittelbeh\u00e4lter CO2<br \/>\n(10 kg)<\/p>\n<p>Betriebs- und Wartungshandbuch<br \/>\nBetriebswerkzeuge<\/p>\n<p>Abmessungen Maschine: ca. 1700 x 2512 x 1700 [mm]\nGewicht Maschine: ca. 2900 [kg]\n<p>Abmessungen Lademagazin: ca. 4500 x 1000 x 1800 [mm]\nGewicht Lademagazin: ca. 1800 [kg]\n<p>Abmessungen Peripherie &amp; Zubeh\u00f6r: ca. 1900 x 700 x 800 [mm]\nGewicht Peripherie &amp; Zubeh\u00f6r: ca. 200 [kg]\n<p>Die Maschine kann nach Terminvereinbarung Strom besichtigt werden.<br \/>\nAenderungen und Irrtuemer in den technischen Daten und Angaben vorbehalten!<\/p>\n<p>Used. Star SR &#8211; 32<br \/>\nYear 1998<br \/>\nOperating hours 60931<br \/>\nControl: CNC Fanuc 18i Tb<br \/>\nMachining diameter: max. 32mm<br \/>\nMaximum workpiece length: 125 mm<br \/>\nHeadstock travel: 310 mm<br \/>\nC-axis: 1\u00b0<br \/>\nNumber of axes: 7<br \/>\nDrilling capacity fixed tool diameter: 13 mm<br \/>\nDrilling capacity rotating tool diameter: 8 mm<br \/>\nTapping: M12 (with driven tool M6)<br \/>\nMilling capacity: \u00d8 10 mm<br \/>\nSpindle speeds: 350 &#8211; 7000 (driven and smooth tools)<\/p>\n<p>Coolant used in the machine: Oil<br \/>\nCE declaration of conformity<br \/>\nOperating and maintenance manual<br \/>\nOperating tools<br \/>\nAccording to the sender: Fanuc transverse drive system defective and was deactivated by Star Micronics.<\/p>\n<p>Machine dimensions 1700x2512x1700 mm<br \/>\nWeight of the machine 2900 kg<\/p>\n<p>Bar feeder FMB TURBO 5-42.<br \/>\nBar capacity 5-42 mm attachment variant &#8222;A&#8220;<\/p>\n<p>Hinged belt conveyor MAYFRAN<\/p>\n<p>Small extinguishing system Kraft and Bauer and extinguishing agent container CO2<br \/>\n(10 kg)<\/p>\n<p>Machine dimensions: approx. 1700 x 2512 x 1700 [mm]\nMachine weight: approx. 2900 [kg]\n<p>Loading magazine dimensions: approx. 4500 x 1000 x 1800 [mm]\nWeight of loading magazine: approx. 1800 [kg]\n<p>Dimensions peripherals &amp; accessories: approx. 1900 x 700 x 800 [mm]\nWeight of peripherals &amp; accessories: approx. 200 [kg]\n<p>The machine can be inspected by appointment.<br \/>\nChanges and errors in the technical data and information as well as prior sale reserved!<\/p>\n","protected":false},"excerpt":{"rendered":"<p>Standort: Deutschland, Baden-W\u00fcrttemberg S\u00fcdwest Zustand: Gebraucht Hersteller: STAR Micronics Modell: STAR Micronics Baujahr: 1998 Betriebsstunden: 60931 Gebr. Star SR &#8211; 32 Bj. 1998 Betriebsstunden 60931 Seriennr: 330_030901 IntNr231025 Steuerung: CNC Fanuc 18i Tb Bearbeitungsdurchmesser: max. 32mm Maximale Werkst\u00fcckl\u00e4nge: 125 mm Spindelstock Verfahrweg: 310 mm C-Achse: 1\u00b0 Anzahl der Achsen: 7 Bohrleistung fester Werkzeugdurchmesser: 13 mm [&hellip;]<\/p>\n","protected":false},"featured_media":6943,"template":"","meta":[],"product_brand":[],"product_cat":[81],"product_tag":[],"class_list":{"0":"post-6951","1":"product","2":"type-product","3":"status-publish","4":"has-post-thumbnail","6":"product_cat-cnc-langdrehmaschinen","8":"first","9":"instock","10":"taxable","11":"shipping-taxable","12":"product-type-simple"},"aioseo_notices":[],"_links":{"self":[{"href":"https:\/\/www.horn-wzm.de\/pl\/wp-json\/wp\/v2\/product\/6951","targetHints":{"allow":["GET"]}}],"collection":[{"href":"https:\/\/www.horn-wzm.de\/pl\/wp-json\/wp\/v2\/product"}],"about":[{"href":"https:\/\/www.horn-wzm.de\/pl\/wp-json\/wp\/v2\/types\/product"}],"version-history":[{"count":1,"href":"https:\/\/www.horn-wzm.de\/pl\/wp-json\/wp\/v2\/product\/6951\/revisions"}],"predecessor-version":[{"id":6952,"href":"https:\/\/www.horn-wzm.de\/pl\/wp-json\/wp\/v2\/product\/6951\/revisions\/6952"}],"wp:featuredmedia":[{"embeddable":true,"href":"https:\/\/www.horn-wzm.de\/pl\/wp-json\/wp\/v2\/media\/6943"}],"wp:attachment":[{"href":"https:\/\/www.horn-wzm.de\/pl\/wp-json\/wp\/v2\/media?parent=6951"}],"wp:term":[{"taxonomy":"product_brand","embeddable":true,"href":"https:\/\/www.horn-wzm.de\/pl\/wp-json\/wp\/v2\/product_brand?post=6951"},{"taxonomy":"product_cat","embeddable":true,"href":"https:\/\/www.horn-wzm.de\/pl\/wp-json\/wp\/v2\/product_cat?post=6951"},{"taxonomy":"product_tag","embeddable":true,"href":"https:\/\/www.horn-wzm.de\/pl\/wp-json\/wp\/v2\/product_tag?post=6951"}],"curies":[{"name":"wp","href":"https:\/\/api.w.org\/{rel}","templated":true}]}}