{"id":6878,"date":"2025-10-31T17:47:24","date_gmt":"2025-10-31T16:47:24","guid":{"rendered":"https:\/\/www.horn-wzm.de\/shop\/unkategorisiert\/teilereinigungsanlage-pero-ro_bj-2019-intnr231388\/"},"modified":"2025-10-31T17:50:10","modified_gmt":"2025-10-31T16:50:10","slug":"system-czyszczenia-czesci-pero-ro_bj-2019-intnr231388","status":"publish","type":"product","link":"https:\/\/www.horn-wzm.de\/pl\/shop\/industrielle-reinigungsanlagen\/teilereinigungsanlage-pero-ro_bj-2019-intnr231388\/","title":{"rendered":"System czyszczenia cz\u0119\u015bci PERO RO_Year 2019 IntNo231388"},"content":{"rendered":"<p><b>Lokalizacja:<\/b> Niemcy, Badenia-Wirtembergia, po\u0142udniowy zach\u00f3d<\/p>\n<p><b>Zustand:<\/b> U\u017cywany<\/p>\n<p><b>Hersteller:<\/b> Pero<\/p>\n<p><b>Modell:<\/b> Pero<\/p>\n<p><b>Rok budowy:<\/b> 2019<\/p>\n<p>Opis techniczny - PERO RO<br \/>\nPrzemys\u0142owy system czyszczenia cz\u0119\u015bci na bazie rozpuszczalnik\u00f3w<br \/>\nPERO RO to wysokowydajny przemys\u0142owy system czyszczenia cz\u0119\u015bci do skutecznego i przyjaznego dla \u015brodowiska czyszczenia detali i komponent\u00f3w za pomoc\u0105 rozpuszczalnik\u00f3w. Nadaje si\u0119 do szerokiego zakresu zastosowa\u0144 w przemy\u015ble metalowym i gwarantuje wysokie standardy czysto\u015bci przy ekonomicznej eksploatacji.<br \/>\nCechy:<br \/>\n- Czyszczenie rozpuszczalnikami organicznymi (np. w\u0119glowodorami lub zmodyfikowanymi alkoholami)<br \/>\n- Zamkni\u0119ty proces roboczy ze zintegrowanym obiegiem rozpuszczalnika<br \/>\n- Nadaje si\u0119 do ma\u0142ych i \u015brednich partii i r\u00f3\u017cnych geometrii komponent\u00f3w<br \/>\n- Zautomatyzowana kontrola procesu zapewniaj\u0105ca powtarzalne wyniki czyszczenia<br \/>\n- Wytrzyma\u0142a konstrukcja do ci\u0105g\u0142ego u\u017cytku przemys\u0142owego<br \/>\nTypowe obszary zastosowa\u0144:<br \/>\n- Odt\u0142uszczanie cz\u0119\u015bci toczonych i frezowanych<br \/>\n- Czyszczenie przed instalacj\u0105 lub powlekaniem<br \/>\n- Usuwanie smar\u00f3w ch\u0142odz\u0105cych, olej\u00f3w i cz\u0105stek sta\u0142ych<\/p>\n<p>Die Maschine kann nach Terminvereinbarung Strom besichtigt werden.<br \/>\nAenderungen und Irrtuemer in den technischen Daten und Angaben sowie Zwischenverkauf vorbehalten!<\/p>\n<p>Opis techniczny - PERO RO<br \/>\nPrzemys\u0142owy system czyszczenia cz\u0119\u015bci na bazie rozpuszczalnik\u00f3w<br \/>\nPERO RO to wydajny przemys\u0142owy system czyszczenia cz\u0119\u015bci do skutecznego i przyjaznego dla \u015brodowiska czyszczenia detali i komponent\u00f3w za pomoc\u0105 rozpuszczalnik\u00f3w. Nadaje si\u0119 do szerokiego zakresu zastosowa\u0144 w przemy\u015ble metalowym i gwarantuje wysokie standardy czysto\u015bci przy ekonomicznej eksploatacji.<br \/>\nCechy:<br \/>\n- Czyszczenie rozpuszczalnikami organicznymi (np. w\u0119glowodorami lub zmodyfikowanymi alkoholami)<br \/>\n- Zamkni\u0119ty proces roboczy ze zintegrowanym obiegiem rozpuszczalnika<br \/>\n- Nadaje si\u0119 do ma\u0142ych i \u015brednich partii i r\u00f3\u017cnych geometrii komponent\u00f3w<br \/>\n- Zautomatyzowana kontrola procesu zapewniaj\u0105ca powtarzalne wyniki czyszczenia<br \/>\n- Wytrzyma\u0142a konstrukcja do ci\u0105g\u0142ego u\u017cytku przemys\u0142owego<br \/>\nTypowe obszary zastosowa\u0144:<br \/>\n- Odt\u0142uszczanie cz\u0119\u015bci toczonych i frezowanych<br \/>\n- Czyszczenie przed monta\u017cem lub powlekaniem<br \/>\n- Usuwanie smar\u00f3w ch\u0142odz\u0105cych, olej\u00f3w i cz\u0105stek sta\u0142ych<\/p>\n<p>Maszyn\u0119 mo\u017cna obejrze\u0107 po wcze\u015bniejszym um\u00f3wieniu.<br \/>\nZastrzega si\u0119 prawo do zmian i b\u0142\u0119d\u00f3w w danych technicznych i specyfikacjach, a tak\u017ce do wcze\u015bniejszej sprzeda\u017cy!<\/p>","protected":false},"excerpt":{"rendered":"<p>Standort: Deutschland, Baden-W\u00fcrttemberg S\u00fcdwest Zustand: Gebraucht Hersteller: Pero Modell: Pero Baujahr: 2019 Technische Beschreibung \u2013 PERO RO Industrielle Teilereinigungsanlage auf L\u00f6semittelbasis Die PERO RO ist eine leistungsstarke industrielle Teilereinigungsanlage zur effektiven und umweltgerechten Reinigung von Werkst\u00fccken und Bauteilen mit L\u00f6semitteln. Sie eignet sich f\u00fcr unterschiedlichste Anwendungen in der metallverarbeitenden Industrie und garantiert hohe Sauberkeitsstandards bei [&hellip;]<\/p>\n","protected":false},"featured_media":6880,"template":"","meta":[],"product_brand":[],"product_cat":[97],"product_tag":[],"class_list":{"0":"post-6878","1":"product","2":"type-product","3":"status-publish","4":"has-post-thumbnail","6":"product_cat-industrielle-reinigungsanlagen","8":"first","9":"instock","10":"taxable","11":"shipping-taxable","12":"product-type-simple"},"aioseo_notices":[],"_links":{"self":[{"href":"https:\/\/www.horn-wzm.de\/pl\/wp-json\/wp\/v2\/product\/6878","targetHints":{"allow":["GET"]}}],"collection":[{"href":"https:\/\/www.horn-wzm.de\/pl\/wp-json\/wp\/v2\/product"}],"about":[{"href":"https:\/\/www.horn-wzm.de\/pl\/wp-json\/wp\/v2\/types\/product"}],"version-history":[{"count":2,"href":"https:\/\/www.horn-wzm.de\/pl\/wp-json\/wp\/v2\/product\/6878\/revisions"}],"predecessor-version":[{"id":6888,"href":"https:\/\/www.horn-wzm.de\/pl\/wp-json\/wp\/v2\/product\/6878\/revisions\/6888"}],"wp:featuredmedia":[{"embeddable":true,"href":"https:\/\/www.horn-wzm.de\/pl\/wp-json\/wp\/v2\/media\/6880"}],"wp:attachment":[{"href":"https:\/\/www.horn-wzm.de\/pl\/wp-json\/wp\/v2\/media?parent=6878"}],"wp:term":[{"taxonomy":"product_brand","embeddable":true,"href":"https:\/\/www.horn-wzm.de\/pl\/wp-json\/wp\/v2\/product_brand?post=6878"},{"taxonomy":"product_cat","embeddable":true,"href":"https:\/\/www.horn-wzm.de\/pl\/wp-json\/wp\/v2\/product_cat?post=6878"},{"taxonomy":"product_tag","embeddable":true,"href":"https:\/\/www.horn-wzm.de\/pl\/wp-json\/wp\/v2\/product_tag?post=6878"}],"curies":[{"name":"wp","href":"https:\/\/api.w.org\/{rel}","templated":true}]}}