{"id":6868,"date":"2025-10-31T17:40:10","date_gmt":"2025-10-31T16:40:10","guid":{"rendered":"https:\/\/www.horn-wzm.de\/shop\/unkategorisiert\/teilereinigungsanlage-pero-r1-414-ex_bj-2079_intnr231417\/"},"modified":"2025-10-31T17:40:10","modified_gmt":"2025-10-31T16:40:10","slug":"system-czyszczenia-czesci-pero-r1-414-ex_bj-2079_intnr231417","status":"publish","type":"product","link":"https:\/\/www.horn-wzm.de\/pl\/shop\/industrielle-reinigungsanlagen\/teilereinigungsanlage-pero-r1-414-ex_bj-2079_intnr231417\/","title":{"rendered":"System czyszczenia cz\u0119\u015bci PERO R1 \/ 414 EX_Bj. 2079_IntNr231417"},"content":{"rendered":"<p><b>Lokalizacja:<\/b> Niemcy, Badenia-Wirtembergia, po\u0142udniowy zach\u00f3d<\/p>\n<p><b>Zustand:<\/b> U\u017cywany<\/p>\n<p><b>Hersteller:<\/b> Pero<\/p>\n<p><b>Modell:<\/b> Pero<\/p>\n<p><b>Rok budowy:<\/b> 2017<\/p>\n<p>Opis techniczny - PERO RO<br \/>\nProducent: PERO AG<br \/>\nModel: RO R1 \/ 414-EX<br \/>\nRok 2017 \/ 10<\/p>\n<p>Typ maszyny: System czyszcz\u0105cy \/ system odt\u0142uszczaj\u0105cy<br \/>\nProces: Czyszczenie rozpuszczalnikiem (np. zmodyfikowane alkohole lub w\u0119glowodory)<\/p>\n<p>Dane techniczne (typowe dla tej serii):<\/p>\n<p>System czyszczenia: obieg zamkni\u0119ty, w pe\u0142ni automatyczny<\/p>\n<p>Rozmiar komory roboczej: ok. 530 \u00d7 320 \u00d7 200 mm<\/p>\n<p>Maks. Waga partii: ok. 50-80 kg<\/p>\n<p>Rozpuszczalnik: zmodyfikowany alkohol (na bazie w\u0119glowodor\u00f3w)<\/p>\n<p>Suszenie: Suszenie pr\u00f3\u017cniowe<\/p>\n<p>Sterowanie: sterowanie PLC z panelem dotykowym<\/p>\n<p>Wyposa\u017cenie: zintegrowana jednostka destylacyjna, system filtr\u00f3w, separacja oleju<\/p>\n<p>Pob\u00f3r mocy: oko\u0142o 10 - 15 kW<\/p>\n<p>Pompa pr\u00f3\u017cniowa: zintegrowana<\/p>\n<p>Stan: bardzo dobry, zadbany - z bie\u017c\u0105cej produkcji<\/p>\n<p>Funkcje specjalne:<\/p>\n<p>Energooszcz\u0119dny system czyszczenia z zamkni\u0119tym obiegiem rozpuszczalnika<\/p>\n<p>Wysoka jako\u015b\u0107 czyszczenia przy minimalnym zu\u017cyciu rozpuszczalnika<\/p>\n<p>Idealny do precyzyjnej in\u017cynierii i obr\u00f3bki skrawaniem<\/p>\n<p>Die Maschine kann nach Terminvereinbarung Strom besichtigt werden.<br \/>\nAenderungen und Irrtuemer in den technischen Daten und Angaben sowie Zwischenverkauf vorbehalten!<\/p>\n<p>Producent: PERO AG<br \/>\nModel: RO R1 \/ 414-EX<br \/>\nRok produkcji: 10\/2017<\/p>\n<p>Typ maszyny: System czyszcz\u0105cy \/ jednostka odt\u0142uszczaj\u0105ca<br \/>\nProces: Czyszczenie rozpuszczalnikiem (np. zmodyfikowane alkohole lub w\u0119glowodory)<\/p>\n<p>Dane techniczne (typowe dla tej serii):<\/p>\n<p>System czyszczenia: System zamkni\u0119ty, w pe\u0142ni automatyczny<\/p>\n<p>Wymiary komory roboczej: ok. 530 \u00d7 320 \u00d7 200 mm<\/p>\n<p>Maksymalna waga partii: ok. 50-80 kg<\/p>\n<p>Rozpuszczalnik: zmodyfikowany alkohol (na bazie w\u0119glowodor\u00f3w)<\/p>\n<p>Suszenie: Suszenie pr\u00f3\u017cniowe<\/p>\n<p>System sterowania: sterowanie PLC z panelem dotykowym<\/p>\n<p>Wyposa\u017cenie: Zintegrowana jednostka destylacyjna, system filtracji, separator oleju<\/p>\n<p>Pob\u00f3r mocy: oko\u0142o 10 - 15 kW<\/p>\n<p>Pompa pr\u00f3\u017cniowa: zintegrowana<\/p>\n<p>Stan: Bardzo dobry, dobrze utrzymany stan - z bie\u017c\u0105cej produkcji<\/p>\n<p>Funkcje specjalne:<\/p>\n<p>Energooszcz\u0119dny system czyszczenia z zamkni\u0119tym obiegiem rozpuszczalnika<\/p>\n<p>Doskona\u0142a jako\u015b\u0107 czyszczenia przy minimalnym zu\u017cyciu rozpuszczalnika<\/p>\n<p>Idealny dla przemys\u0142u precyzyjnego i ci\u0119cia metalu<\/p>\n<p>Po wcze\u015bniejszym um\u00f3wieniu si\u0119 maszyna mo\u017ce zosta\u0107 sprawdzona pod napi\u0119ciem.<br \/>\nDane techniczne i specyfikacje mog\u0105 ulec zmianie i zawiera\u0107 b\u0142\u0119dy. Zastrzega si\u0119 mo\u017cliwo\u015b\u0107 wcze\u015bniejszej sprzeda\u017cy.<\/p>","protected":false},"excerpt":{"rendered":"<p>Standort: Deutschland, Baden-W\u00fcrttemberg S\u00fcdwest Zustand: Gebraucht Hersteller: Pero Modell: Pero Baujahr: 2017 Technische Beschreibung \u2013 PERO RO Hersteller: PERO AG Modell: RO R1 \/ 414-EX Bj. 2017 \/ 10 Maschinentyp: Reinigungsanlage \/ Entfettungsanlage Verfahren: L\u00f6semittelreinigung (z. B. modifizierte Alkohole oder Kohlenwasserstoffe) Technische Daten (typisch f\u00fcr diese Baureihe): Reinigungssystem: geschlossener Kreislauf, vollautomatisch Arbeitskammergr\u00f6\u00dfe: ca. 530 \u00d7 [&hellip;]<\/p>\n","protected":false},"featured_media":6864,"template":"","meta":[],"product_brand":[],"product_cat":[97],"product_tag":[],"class_list":{"0":"post-6868","1":"product","2":"type-product","3":"status-publish","4":"has-post-thumbnail","6":"product_cat-industrielle-reinigungsanlagen","8":"first","9":"instock","10":"taxable","11":"shipping-taxable","12":"product-type-simple"},"aioseo_notices":[],"_links":{"self":[{"href":"https:\/\/www.horn-wzm.de\/pl\/wp-json\/wp\/v2\/product\/6868","targetHints":{"allow":["GET"]}}],"collection":[{"href":"https:\/\/www.horn-wzm.de\/pl\/wp-json\/wp\/v2\/product"}],"about":[{"href":"https:\/\/www.horn-wzm.de\/pl\/wp-json\/wp\/v2\/types\/product"}],"version-history":[{"count":1,"href":"https:\/\/www.horn-wzm.de\/pl\/wp-json\/wp\/v2\/product\/6868\/revisions"}],"predecessor-version":[{"id":6869,"href":"https:\/\/www.horn-wzm.de\/pl\/wp-json\/wp\/v2\/product\/6868\/revisions\/6869"}],"wp:featuredmedia":[{"embeddable":true,"href":"https:\/\/www.horn-wzm.de\/pl\/wp-json\/wp\/v2\/media\/6864"}],"wp:attachment":[{"href":"https:\/\/www.horn-wzm.de\/pl\/wp-json\/wp\/v2\/media?parent=6868"}],"wp:term":[{"taxonomy":"product_brand","embeddable":true,"href":"https:\/\/www.horn-wzm.de\/pl\/wp-json\/wp\/v2\/product_brand?post=6868"},{"taxonomy":"product_cat","embeddable":true,"href":"https:\/\/www.horn-wzm.de\/pl\/wp-json\/wp\/v2\/product_cat?post=6868"},{"taxonomy":"product_tag","embeddable":true,"href":"https:\/\/www.horn-wzm.de\/pl\/wp-json\/wp\/v2\/product_tag?post=6868"}],"curies":[{"name":"wp","href":"https:\/\/api.w.org\/{rel}","templated":true}]}}