{"id":6677,"date":"2025-10-18T11:40:49","date_gmt":"2025-10-18T09:40:49","guid":{"rendered":"https:\/\/www.horn-wzm.de\/shop\/unkategorisiert\/star-sv-32jii_bj-2002_-typ-440_intnr231159\/"},"modified":"2025-10-18T11:40:49","modified_gmt":"2025-10-18T09:40:49","slug":"star-sv-32jii_bj-2002_-type-440_intnr231159","status":"publish","type":"product","link":"https:\/\/www.horn-wzm.de\/pl\/shop\/cnc-langdrehmaschinen\/star-sv-32jii_bj-2002_-typ-440_intnr231159\/","title":{"rendered":"Star SV-32JII_Year 2002_Type 440_IntNo231159"},"content":{"rendered":"<p><b>Lokalizacja:<\/b> Niemcy, Badenia-Wirtembergia, po\u0142udniowy zach\u00f3d<\/p>\n<p><b>Zustand:<\/b> U\u017cywany<\/p>\n<p><b>Hersteller:<\/b> STAR Micronics<\/p>\n<p><b>Modell:<\/b> STAR Micronics<\/p>\n<p><b>Rok budowy:<\/b> 2002<\/p>\n<p><b>Godziny pracy:<\/b> 18000<\/p>\n<p>IntNo231159<br \/>\nTyp maszyny Automatyczna tokarka CNC z przesuwnym wrzeciennikiem<br \/>\nProducent STAR Micronics<br \/>\nModel SV32 JII<br \/>\nRok budowy 2002<br \/>\nStan bardzo dobry (u\u017cywany)<br \/>\nBardzo dobrze utrzymana maszyna bezpo\u015brednio od u\u017cytkownika<br \/>\nMaszyna pracowa\u0142a tylko z olejem<br \/>\nCzas pracy oko\u0142o 18 000 godzin.<br \/>\nStandardowe akcesoria do maszyn<br \/>\n. Tuleja prowadz\u0105ca z nap\u0119dem synchronicznym<br \/>\n. O\u015b C na wrzecionie g\u0142\u00f3wnym i odbieraj\u0105cym<br \/>\n. Przeno\u015bnik ta\u015bmowy przedmiotu obrabianego<br \/>\n. Tuleja zaciskowa wrzeciona g\u0142\u00f3wnego F37 (673-53)<br \/>\n. Wrzeciono zabierakowe tulei zaciskowej F37 (673-73)<br \/>\n. 3-wrzecionowa jednostka do wiercenia poprzecznego<br \/>\n. 4-stanowiskowy uchwyt narz\u0119dziowy 16x16mm<br \/>\n. Wrzeciono podbieraj\u0105ce o pojemno\u015bci 32 mm<br \/>\n. Cz\u0119\u015bciowe urz\u0105dzenie wydmuchowe z przodu<br \/>\n. Wyrzutnik cz\u0119\u015bci , Os\u0142ona wyrzutu cz\u0119\u015bci,<br \/>\n. Ochrona przed p\u0119kni\u0119ciami stali<br \/>\n. Oddzielny zbiornik oleju ch\u0142odz\u0105cego z monitorowaniem poziomu i przep\u0142ywu<br \/>\n. Automatyczna jednostka centralnego smarowania z monitorowaniem poziomu oleju<br \/>\n. \u015aruby i p\u0142ytki poziomuj\u0105ce, skrzynka narz\u0119dziowa<br \/>\n. Interfejs dla podajnika pr\u0119t\u00f3w<br \/>\n. Interfejs RS232C<\/p>\n<p>Magazynek \u0142aduj\u0105cy FMB Turbo 3-26 zbudowany w 2004 roku<br \/>\nSystem ga\u015bniczy Kraft &amp; Bauer \/ GUT Feuerschutz<br \/>\nPrzeno\u015bnik wi\u00f3r\u00f3w Mayfran<\/p>\n<p>Die Maschine kann nach Terminvereinbarung Strom besichtigt werden.<br \/>\nAenderungen und Irrtuemer in den technischen Daten und Angaben sowie Zwischenverkauf vorbehalten!<\/p>\n<p>IntNo231159<br \/>\nTyp maszyny Automatyczna tokarka CNC z przesuwnym wrzeciennikiem<br \/>\nProducent STAR Micronics<br \/>\nModel SV32 JII<br \/>\nrok budowy 2002<br \/>\nStan bardzo dobry (u\u017cywany)<br \/>\nBardzo dobrze utrzymana maszyna bezpo\u015brednio od u\u017cytkownika<br \/>\nMaszyna pracowa\u0142a tylko z olejem<br \/>\nCzas pracy oko\u0142o 18 000 godzin<br \/>\nStandardowe akcesoria maszyny<br \/>\n. Tuleja prowadz\u0105ca z nap\u0119dem synchronicznym<br \/>\n. O\u015b C na wrzecionie g\u0142\u00f3wnym i odbieraj\u0105cym<br \/>\n. Przeno\u015bnik ta\u015bmowy przedmiotu obrabianego<br \/>\n. Tuleja zaciskowa wrzeciona g\u0142\u00f3wnego F37 (673-53)<br \/>\n. Wrzeciono odbieraj\u0105ce tulei zaciskowej F37 (673-73)<br \/>\n. 3-wrzecionowa jednostka do wiercenia poprzecznego<br \/>\n. 4-stanowiskowy uchwyt narz\u0119dziowy 16x16mm<br \/>\n. Wrzeciono podbieraj\u0105ce o pojemno\u015bci 32 mm<br \/>\n. Cz\u0119\u015bciowe urz\u0105dzenie wydmuchowe z przodu<br \/>\n. Wyrzutnik cz\u0119\u015bci, os\u0142ona wyrzutu cz\u0119\u015bci ,<br \/>\n. Zabezpieczenie przed p\u0119kni\u0119ciem stali<br \/>\n. Oddzielny zbiornik oleju ch\u0142odz\u0105cego z monitorowaniem poziomu i przep\u0142ywu<br \/>\n. Automatyczna jednostka centralnego smarowania z monitorowaniem poziomu oleju<br \/>\n. \u015aruby i p\u0142yty poziomuj\u0105ce, skrzynka narz\u0119dziowa<br \/>\n. Interfejs dla podajnika pr\u0119t\u00f3w<br \/>\n. Interfejs RS232C<\/p>\n<p>Magazyn za\u0142adunkowy FMB Turbo 3-26 rok 2004<br \/>\nSystem ga\u015bniczy Kraft &amp; Bauer \/ GUT Feuerschutz<br \/>\nPrzeno\u015bnik wi\u00f3r\u00f3w Mayfran<\/p>\n<p>The machine can be inspected by appointment.<br \/>\nChanges and errors in the technical data and information as well as prior sale reserved!<\/p>","protected":false},"excerpt":{"rendered":"<p>Standort: Deutschland, Baden-W\u00fcrttemberg S\u00fcdwest Zustand: Gebraucht Hersteller: STAR Micronics Modell: STAR Micronics Baujahr: 2002 Betriebsstunden: 18000 IntNr231159 Maschinentyp CNC-Langdrehautomat Hersteller STAR Micronics Modell SV32 JII Baujahr 2002 Zustand sehr gut (gebraucht) Sehr gepflegte Maschine direkt vom Anwender Maschine ist nur mit \u00d6l gelaufen Betriebsstunden um die 18.000std. Standardzubeh\u00f6r Maschine . Synchron angetriebene F\u00fchrungsb\u00fcchse . C-Achse [&hellip;]<\/p>\n","protected":false},"featured_media":6671,"template":"","meta":[],"product_brand":[],"product_cat":[81],"product_tag":[],"class_list":{"0":"post-6677","1":"product","2":"type-product","3":"status-publish","4":"has-post-thumbnail","6":"product_cat-cnc-langdrehmaschinen","8":"first","9":"instock","10":"taxable","11":"shipping-taxable","12":"product-type-simple"},"aioseo_notices":[],"_links":{"self":[{"href":"https:\/\/www.horn-wzm.de\/pl\/wp-json\/wp\/v2\/product\/6677","targetHints":{"allow":["GET"]}}],"collection":[{"href":"https:\/\/www.horn-wzm.de\/pl\/wp-json\/wp\/v2\/product"}],"about":[{"href":"https:\/\/www.horn-wzm.de\/pl\/wp-json\/wp\/v2\/types\/product"}],"version-history":[{"count":1,"href":"https:\/\/www.horn-wzm.de\/pl\/wp-json\/wp\/v2\/product\/6677\/revisions"}],"predecessor-version":[{"id":6678,"href":"https:\/\/www.horn-wzm.de\/pl\/wp-json\/wp\/v2\/product\/6677\/revisions\/6678"}],"wp:featuredmedia":[{"embeddable":true,"href":"https:\/\/www.horn-wzm.de\/pl\/wp-json\/wp\/v2\/media\/6671"}],"wp:attachment":[{"href":"https:\/\/www.horn-wzm.de\/pl\/wp-json\/wp\/v2\/media?parent=6677"}],"wp:term":[{"taxonomy":"product_brand","embeddable":true,"href":"https:\/\/www.horn-wzm.de\/pl\/wp-json\/wp\/v2\/product_brand?post=6677"},{"taxonomy":"product_cat","embeddable":true,"href":"https:\/\/www.horn-wzm.de\/pl\/wp-json\/wp\/v2\/product_cat?post=6677"},{"taxonomy":"product_tag","embeddable":true,"href":"https:\/\/www.horn-wzm.de\/pl\/wp-json\/wp\/v2\/product_tag?post=6677"}],"curies":[{"name":"wp","href":"https:\/\/api.w.org\/{rel}","templated":true}]}}