{"id":6669,"date":"2025-10-14T08:47:35","date_gmt":"2025-10-14T06:47:35","guid":{"rendered":"https:\/\/www.horn-wzm.de\/shop\/unkategorisiert\/star-sv-20_bj-1999-typ-420_intnr231160\/"},"modified":"2025-12-16T11:41:11","modified_gmt":"2025-12-16T10:41:11","slug":"star-sv-20_bj-1999-typ-420_intnr231160","status":"publish","type":"product","link":"https:\/\/www.horn-wzm.de\/pl\/shop\/cnc-langdrehmaschinen\/star-sv-20_bj-1999-typ-420_intnr231160\/","title":{"rendered":"Star SV-20_Year 1999 Type 420_IntNo231160"},"content":{"rendered":"<p><b>Lokalizacja:<\/b> Niemcy, Badenia-Wirtembergia, po\u0142udniowy zach\u00f3d<\/p>\n<p><b>Zustand:<\/b> U\u017cywany<\/p>\n<p><b>Hersteller:<\/b> STAR Micronics<\/p>\n<p><b>Modell:<\/b> STAR Micronics<\/p>\n<p><b>Rok budowy:<\/b> 1999<\/p>\n<p><b>Godziny pracy:<\/b> 78000<\/p>\n<p>IntNo231160<br \/>\nTyp maszyny Automatyczna tokarka CNC z przesuwnym wrzeciennikiem<br \/>\nProducent STAR<br \/>\nModel SV-20<br \/>\nRok budowy 1999<br \/>\nStan bardzo dobry (u\u017cywany)<br \/>\nBardzo dobrze utrzymana maszyna bezpo\u015brednio od u\u017cytkownika<br \/>\nMaszyna pracowa\u0142a tylko z olejem<br \/>\nCzas pracy oko\u0142o 78 000 godzin.<br \/>\nSystem sterowania FANUC 16i-T z 9 osiami,<br \/>\n9 osi (X \/ C1 \/ Y \/ E \/ B \/ A \/ X \/ C2),<br \/>\n\u00d8 pr\u0119ta maks. 20 mm<br \/>\nD\u0142ugo\u015b\u0107 toczenia maks. 205 mm \/ 195 mm,<br \/>\nWrzeciono g\u0142\u00f3wne, maks. pr\u0119dko\u015b\u0107 10 000 obr,<br \/>\nPrzeciwwrzeciono z uchwytem zaciskowym, maks. pr\u0119dko\u015b\u0107 10 000 obr,<br \/>\n4-fach Werkzeughalter<br \/>\n3 Querbohrapparate<br \/>\nRevolver mit 8 Stationen<br \/>\nverschiedene zus\u00e4tzliche Werkzeughalter, Pinolen,<br \/>\nTeilef\u00f6rderband<br \/>\nTankinhalt 170L<\/p>\n<p>K\u00fchlmitteleinsatz der Maschine: \u00d6l <\/p>\n<p>Magazynek za\u0142adowczy FMB Turbo 3-26 \/3200\/A \/ od \u00d83- \u00d826 mm Rok 1999<br \/>\nSystem ga\u015bniczy Kraft &amp; Bauer \/ GUT Feuerschutz<br \/>\nPrzeno\u015bnik wi\u00f3r\u00f3w Mayfran<\/p>\n<p>Die Maschine kann nach Terminvereinbarung Strom besichtigt werden.<br \/>\nAenderungen und Irrtuemer in den technischen Daten und Angaben sowie Zwischenverkauf vorbehalten!<\/p>\n<p>IntNo231160<br \/>\nTyp maszyny Automatyczna tokarka CNC z przesuwnym wrzeciennikiem<br \/>\nProducent STAR<br \/>\nModel SV-20<br \/>\nrok budowy 1999<br \/>\nStan bardzo dobry (u\u017cywany)<br \/>\nBardzo dobrze utrzymana maszyna bezpo\u015brednio od u\u017cytkownika<br \/>\nMaszyna pracowa\u0142a tylko z olejem<br \/>\nCzas pracy oko\u0142o 78 000 godzin<br \/>\nSterowanie FANUC 16i-T z 9 osiami,<br \/>\n9 osi (X \/ C1 \/ Y \/ E \/ B \/ A \/ X \/ C2),<br \/>\n\u00d8 pr\u0119ta maks. 20 mm<br \/>\nD\u0142ugo\u015b\u0107 toczenia maks. 205 mm \/ 195 mm,<br \/>\nWrzeciono g\u0142\u00f3wne, maks. pr\u0119dko\u015b\u0107 10 000 obr,<br \/>\nPrzeciwwrzeciono z uchwytem zaciskowym, maks. pr\u0119dko\u015b\u0107 10 000 obr,<br \/>\n4-krotny uchwyt na narz\u0119dzia<br \/>\n3 jednostki wiercenia poprzecznego<br \/>\nWie\u017cyczka z 8 stacjami<br \/>\nR\u00f3\u017cne dodatkowe uchwyty na narz\u0119dzia, pi\u00f3ra,<br \/>\nprzeno\u015bnik ta\u015bmowy cz\u0119\u015bci<br \/>\nPojemno\u015b\u0107 zbiornika 170 l<\/p>\n<p>Ch\u0142odziwo maszyny: olej <\/p>\n<p>Magazynek za\u0142adowczy FMB Turbo 3-26 \/3200\/A \/ od \u00d83- \u00d826 mm Rok budowy 1999<br \/>\nSystem ga\u015bniczy Kraft &amp; Bauer \/ GUT ochrona przeciwpo\u017carowa<br \/>\nPrzeno\u015bnik wi\u00f3r\u00f3w Mayfran<\/p>\n<p>The machine can be inspected by appointment.<br \/>\nChanges and errors in the technical data and information as well as prior sale reserved!<\/p>","protected":false},"excerpt":{"rendered":"<p>Standort: Deutschland, Baden-W\u00fcrttemberg S\u00fcdwest Zustand: Gebraucht Hersteller: STAR Micronics Modell: STAR Micronics Baujahr: 1999 Betriebsstunden: 78000 IntNr231160 Maschinentyp CNC-Langdrehautomat Hersteller STAR Modell SV-20 Baujahr 1999 Zustand sehr gut (gebraucht) Sehr gepflegte Maschine direkt vom Anwender Maschine ist nur mit \u00d6l gelaufen Betriebsstunden um die 78.000std. FANUC 16i-T Steuerung mit 9 Achsen, 9 Achsen (X \/ [&hellip;]<\/p>\n","protected":false},"featured_media":7054,"template":"","meta":[],"product_brand":[],"product_cat":[81],"product_tag":[],"class_list":{"0":"post-6669","1":"product","2":"type-product","3":"status-publish","4":"has-post-thumbnail","6":"product_cat-cnc-langdrehmaschinen","8":"first","9":"instock","10":"taxable","11":"shipping-taxable","12":"product-type-simple"},"aioseo_notices":[],"_links":{"self":[{"href":"https:\/\/www.horn-wzm.de\/pl\/wp-json\/wp\/v2\/product\/6669","targetHints":{"allow":["GET"]}}],"collection":[{"href":"https:\/\/www.horn-wzm.de\/pl\/wp-json\/wp\/v2\/product"}],"about":[{"href":"https:\/\/www.horn-wzm.de\/pl\/wp-json\/wp\/v2\/types\/product"}],"version-history":[{"count":1,"href":"https:\/\/www.horn-wzm.de\/pl\/wp-json\/wp\/v2\/product\/6669\/revisions"}],"predecessor-version":[{"id":6670,"href":"https:\/\/www.horn-wzm.de\/pl\/wp-json\/wp\/v2\/product\/6669\/revisions\/6670"}],"wp:featuredmedia":[{"embeddable":true,"href":"https:\/\/www.horn-wzm.de\/pl\/wp-json\/wp\/v2\/media\/7054"}],"wp:attachment":[{"href":"https:\/\/www.horn-wzm.de\/pl\/wp-json\/wp\/v2\/media?parent=6669"}],"wp:term":[{"taxonomy":"product_brand","embeddable":true,"href":"https:\/\/www.horn-wzm.de\/pl\/wp-json\/wp\/v2\/product_brand?post=6669"},{"taxonomy":"product_cat","embeddable":true,"href":"https:\/\/www.horn-wzm.de\/pl\/wp-json\/wp\/v2\/product_cat?post=6669"},{"taxonomy":"product_tag","embeddable":true,"href":"https:\/\/www.horn-wzm.de\/pl\/wp-json\/wp\/v2\/product_tag?post=6669"}],"curies":[{"name":"wp","href":"https:\/\/api.w.org\/{rel}","templated":true}]}}