{"id":6186,"date":"2025-08-19T15:10:04","date_gmt":"2025-08-19T13:10:04","guid":{"rendered":"https:\/\/www.horn-wzm.de\/shop\/unkategorisiert\/hermle-c30u-bab-zentrum-_2004_intnr231358\/"},"modified":"2025-10-30T16:36:45","modified_gmt":"2025-10-30T15:36:45","slug":"hermle-c30u-bab-center-_2004_intnr231358","status":"publish","type":"product","link":"https:\/\/www.horn-wzm.de\/pl\/shop\/cnc-bearbeitungszentrum\/hermle-c30u-bab-zentrum-_2004_intnr231358\/","title":{"rendered":"Hermle C30U, rok 2004_IntNo231358"},"content":{"rendered":"<p><b>Lokalizacja:<\/b> Niemcy, Badenia-Wirtembergia, po\u0142udniowy zach\u00f3d<\/p>\n<p><b>Zustand:<\/b> U\u017cywany<\/p>\n<p><b>Hersteller:<\/b> Hermle<\/p>\n<p><b>Modell:<\/b> Hermle<\/p>\n<p><b>Rok budowy:<\/b> 2004<\/p>\n<p>System sterowania iTNC 530 Heidenhain<br \/>\nW\u0142\u0105czony program: Godziny: 49 000<br \/>\nLiczba godzin w\u0142\u0105czenia wrzeciona: 42 300<br \/>\nOsie w ruchu: 45 000<br \/>\nx-way 650 mm<br \/>\ny-path 600mm<br \/>\nz-path 500 mm<br \/>\nWrzeciono g\u0142\u00f3wne:<br \/>\nPr\u0119dko\u015b\u0107 maks. 18 000 obr.<br \/>\nCh\u0142odzenie wewn\u0119trzne (IKZ)<br \/>\nSprz\u0119g\u0142o zewn\u0119trzne (AKZ)<br \/>\nMoc nap\u0119du - wrzeciono g\u0142\u00f3wne 19 kW<br \/>\nUchwyt narz\u0119dziowy SK 40<br \/>\nObrotowy st\u00f3\u0142 obrotowy:<br \/>\n\u015arednica sto\u0142u obrotowego 280 mm<br \/>\nZakres obrotu A: -30 \/ + 115 \u00b0<br \/>\nobrotowy C: 360<br \/>\nMaks. obci\u0105\u017cenie sto\u0142u ok. 1000 kg<br \/>\nPr\u0119dko\u015b\u0107 A: 25 \/ C: 65 obr.<br \/>\nZmieniarka narz\u0119dzi:<br \/>\nLiczba pozycji narz\u0119dzia 32 poz.<br \/>\nLiczba pozycji narz\u0119dzia Magazyn 88 poz.<br \/>\nUchwyt narz\u0119dziowy SK 40<br \/>\nmaks. \u015brednica narz\u0119dzia 80 mm<br \/>\nmaks. \u015brednica narz\u0119dzia z woln\u0105 s\u0105siedni\u0105 skrzynk\u0105. 125 mm<br \/>\nmaks. d\u0142ugo\u015b\u0107 narz\u0119dzia 300 mm<br \/>\nMaks. waga narz\u0119dzia 8,0 kg<br \/>\npasze:<br \/>\nSzybki przesuw (X \/ Y \/ Z) 45 m\/min<br \/>\nRozdzielczo\u015b\u0107 systemu pomiarowego 0,0001 mm<br \/>\nCa\u0142kowite zapotrzebowanie na moc 41 kVA<br \/>\nMasa maszyny ok. 9,5 tony<\/p>\n<p>Akcesoria:<br \/>\npe\u0142na dokumentacja<br \/>\nSp\u00e4nef\u00f6rderer<br \/>\nUrz\u0105dzenie ch\u0142odz\u0105ce<br \/>\nWewn\u0119trzny dop\u0142yw ch\u0142odziwa<br \/>\nJednostka hydrauliczna<br \/>\nObrotowy st\u00f3\u0142 obrotowy NC<br \/>\nZmieniacz narz\u0119dzi 2 x 80 pozycji<br \/>\nelektryczne pokr\u0119t\u0142o<br \/>\nSonda pomiarowa Renishaw<br \/>\n20 Uchwyt na narz\u0119dzia<\/p>\n<p>Die Maschine kann nach Terminvereinbarung Strom besichtigt werden.<br \/>\nAenderungen und Irrtuemer in den technischen Daten und Angaben sowie Zwischenverkauf vorbehalten!<\/p>\n<p>Sterowanie iTNC 530 Heidenhain<br \/>\nW\u0142\u0105czony program: godzin: 49 000<br \/>\nLiczba godzin w\u0142\u0105czenia wrzeciona: 42 300<br \/>\nOsie w ruchu: 45 000<br \/>\nx-path 650 mm<br \/>\n\u015bcie\u017cka y 600 mm<br \/>\nz-path 500 mm<br \/>\nWrzeciono g\u0142\u00f3wne:<br \/>\nmaks. pr\u0119dko\u015b\u0107 18 000 obr.<br \/>\nCh\u0142odzenie wewn\u0119trzne (IKZ)<br \/>\nCh\u0142odzenie zewn\u0119trzne (AKZ)<br \/>\nMoc nap\u0119du - wrzeciono g\u0142\u00f3wne 19 kW<br \/>\nUchwyt narz\u0119dziowy SK 40<br \/>\nObrotowy st\u00f3\u0142 obrotowy:<br \/>\n\u015arednica sto\u0142u obrotowego 280 mm<br \/>\nZakres obrotu A: -30 \/ + 115 \u00b0<br \/>\nobr\u00f3t C: 360<br \/>\nMaks. obci\u0105\u017cenie sto\u0142u ok. 1000 kg<br \/>\nPr\u0119dko\u015b\u0107 A: 25 \/ C: 65 obr.<br \/>\nZmieniarka narz\u0119dzi:<br \/>\nLiczba pozycji narz\u0119dzia 32 poz.<br \/>\nLiczba pozycji narz\u0119dzia Magazyn 88 poz.<br \/>\nUchwyt narz\u0119dziowy SK 40<br \/>\nMaks. \u015brednica narz\u0119dzia 80 mm<br \/>\nMaks. \u015brednica narz\u0119dzia z woln\u0105 s\u0105siedni\u0105 skrzynk\u0105 125 mm<br \/>\nMaks. d\u0142ugo\u015b\u0107 narz\u0119dzia 300 mm<br \/>\nmaks. waga narz\u0119dzia 8,0 kg<br \/>\nPr\u0119dko\u015bci podawania:<br \/>\nSzybki przesuw (X \/ Y \/ Z) 45 m\/min<br \/>\nRozdzielczo\u015b\u0107 systemu pomiarowego 0,0001 mm<br \/>\nCa\u0142kowite zapotrzebowanie na moc 41 kVA<br \/>\nMasa maszyny ok. 9,5 tony<br \/>\nWymagana przestrze\u0144 ok. 3,5 x 3,5 x 3,5 m<\/p>\n<p>Akcesoria:<br \/>\nPe\u0142na dokumentacja<br \/>\nPrzeno\u015bnik wi\u00f3r\u00f3w<br \/>\nUrz\u0105dzenie ch\u0142odz\u0105ce<br \/>\nWewn\u0119trzny dop\u0142yw ch\u0142odziwa<br \/>\nJednostka hydrauliczna<br \/>\nObrotowy st\u00f3\u0142 obrotowy NC<br \/>\nzmieniacz narz\u0119dzi 2 x 80 pozycji<br \/>\npokr\u0119t\u0142o elektryczne<br \/>\nSonda pomiarowa Renishaw<br \/>\n20 uchwyt\u00f3w narz\u0119dziowych<\/p>\n<p>The machine can be inspected by appointment.<br \/>\nChanges and errors in the technical data and information as well as prior sale reserved!<\/p>","protected":false},"excerpt":{"rendered":"<p>Standort: Deutschland, Baden-W\u00fcrttemberg S\u00fcdwest Zustand: Gebraucht Hersteller: Hermle Modell: Hermle Baujahr: 2004 Steuerung iTNC 530 Heidenhain Programlauf EIN: Stunden: 49.000 Spindel EIN Stunden: 42.300 Achsen in Bewegung: 45.000 x-Weg 650 mm y-Weg 600mm z-Weg 500 mm Hauptspindel: Drehzahl max. 18.000 U\/min Innenkuehlung (IKZ) Aussenkuelung (AKZ) Antriebsleistung &#8211; Hauptspindel 19 kW Werkzeugaufnahme SK 40 Schwenk-Rundtisch: Rundtisch-Durchmesser [&hellip;]<\/p>\n","protected":false},"featured_media":6832,"template":"","meta":[],"product_brand":[],"product_cat":[88],"product_tag":[],"class_list":{"0":"post-6186","1":"product","2":"type-product","3":"status-publish","4":"has-post-thumbnail","6":"product_cat-cnc-bearbeitungszentrum","8":"first","9":"instock","10":"taxable","11":"shipping-taxable","12":"product-type-simple"},"aioseo_notices":[],"_links":{"self":[{"href":"https:\/\/www.horn-wzm.de\/pl\/wp-json\/wp\/v2\/product\/6186","targetHints":{"allow":["GET"]}}],"collection":[{"href":"https:\/\/www.horn-wzm.de\/pl\/wp-json\/wp\/v2\/product"}],"about":[{"href":"https:\/\/www.horn-wzm.de\/pl\/wp-json\/wp\/v2\/types\/product"}],"version-history":[{"count":4,"href":"https:\/\/www.horn-wzm.de\/pl\/wp-json\/wp\/v2\/product\/6186\/revisions"}],"predecessor-version":[{"id":6841,"href":"https:\/\/www.horn-wzm.de\/pl\/wp-json\/wp\/v2\/product\/6186\/revisions\/6841"}],"wp:featuredmedia":[{"embeddable":true,"href":"https:\/\/www.horn-wzm.de\/pl\/wp-json\/wp\/v2\/media\/6832"}],"wp:attachment":[{"href":"https:\/\/www.horn-wzm.de\/pl\/wp-json\/wp\/v2\/media?parent=6186"}],"wp:term":[{"taxonomy":"product_brand","embeddable":true,"href":"https:\/\/www.horn-wzm.de\/pl\/wp-json\/wp\/v2\/product_brand?post=6186"},{"taxonomy":"product_cat","embeddable":true,"href":"https:\/\/www.horn-wzm.de\/pl\/wp-json\/wp\/v2\/product_cat?post=6186"},{"taxonomy":"product_tag","embeddable":true,"href":"https:\/\/www.horn-wzm.de\/pl\/wp-json\/wp\/v2\/product_tag?post=6186"}],"curies":[{"name":"wp","href":"https:\/\/api.w.org\/{rel}","templated":true}]}}