{"id":6131,"date":"2025-07-29T13:24:39","date_gmt":"2025-07-29T11:24:39","guid":{"rendered":"https:\/\/www.horn-wzm.de\/?post_type=product&#038;p=6131"},"modified":"2025-07-29T13:24:49","modified_gmt":"2025-07-29T11:24:49","slug":"magazyn-cellro-z-robotem-fanuc-rok-2005_intnr231261","status":"publish","type":"product","link":"https:\/\/www.horn-wzm.de\/pl\/shop\/zubehoer-sonstiges\/cellro-magazin-mit-fanuc-roboter-baujahr-2005_intnr231261\/","title":{"rendered":"Magazyn Cellro z robotem FANUC rok 2005_IntNr231261"},"content":{"rendered":"<p><b>Lokalizacja:<\/b> Niemcy, Badenia-Wirtembergia, po\u0142udniowy zach\u00f3d<\/p>\n<p><b>Zustand:<\/b> U\u017cywany<\/p>\n<p><b>Hersteller:<\/b> CELLRO<\/p>\n<p><b>Modell:<\/b> CELLRO<\/p>\n<p><b>Rok budowy:<\/b> 2005<\/p>\n<p>Magazyn Cellro z robotem FANUC 2005<\/p>\n<p>Zautomatyzowany system magazynowy Cellro - magazyn robota na 300 uchwyt\u00f3w narz\u0119dziowych<br \/>\nOpis techniczny magazynu Cellro z robotem Fanuc<\/p>\n<p>W\u0142a\u015bciwo\u015bci:<br \/>\n- Typ: Zautomatyzowany system magazynowania (magazyn robot\u00f3w)<br \/>\n- Pojemno\u015b\u0107: 300 uchwyt\u00f3w narz\u0119dziowych (do przechowywania i szybkiej wymiany narz\u0119dzi)<br \/>\n- Obszar zastosowa\u0144: obrabiarki CNC, tokarki, frezarki, automatyzacja proces\u00f3w produkcyjnych<\/p>\n<p>Funkcjonalno\u015b\u0107:<br \/>\n- Automatyzacja: System umo\u017cliwia automatyczne dostarczanie i wymian\u0119 narz\u0119dzi bez konieczno\u015bci r\u0119cznej interwencji. Osi\u0105ga si\u0119 to za pomoc\u0105 zrobotyzowanego ramienia.<br \/>\n- Przechowywanie: Narz\u0119dzia s\u0105 przechowywane w specjalnych gniazdach w magazynku i mog\u0105 by\u0107 szybko i sprawnie pobierane.<br \/>\n- Wymiana narz\u0119dzi: Narz\u0119dzia mog\u0105 by\u0107 wymieniane w najkr\u00f3tszym mo\u017cliwym czasie dzi\u0119ki zautomatyzowanemu procesowi. <\/p>\n<p>Die Maschine kann nach Terminvereinbarung unter Strom besichtigt werden.<br \/>\nZastrzega si\u0119 prawo do zmian i b\u0142\u0119d\u00f3w w danych technicznych i specyfikacjach oraz wcze\u015bniejszej sprzeda\u017cy!<\/p>\n<p>Magazyn Cellro z robotem FANUC 2005<\/p>\n<p>Zautomatyzowany system magazynowy Cellro - magazyn robota na 300 uchwyt\u00f3w narz\u0119dziowych<br \/>\nOpis techniczny magazynu Cellro z robotem Fanuc<\/p>\n<p>Cechy:<br \/>\n- Typ: Zautomatyzowany system magazynowania (magazyn robot\u00f3w)<br \/>\n- Pojemno\u015b\u0107: 300 uchwyt\u00f3w narz\u0119dziowych (do przechowywania i szybkiej wymiany narz\u0119dzi)<br \/>\n- Obszar zastosowa\u0144: obrabiarki CNC, tokarki, frezarki, automatyzacja proces\u00f3w produkcyjnych<\/p>\n<p>Funkcjonalno\u015b\u0107:<br \/>\n- Automatyzacja: System umo\u017cliwia automatyczne dostarczanie i wymian\u0119 narz\u0119dzi bez konieczno\u015bci r\u0119cznej interwencji. Jest to mo\u017cliwe dzi\u0119ki ramieniu robota.<br \/>\n- Przechowywanie: Narz\u0119dzia s\u0105 przechowywane w specjalnych miejscach w magazynie i mo\u017cna je szybko i sprawnie odzyska\u0107.<br \/>\n- Wymiana narz\u0119dzi: Narz\u0119dzia s\u0105 wymieniane w najkr\u00f3tszym mo\u017cliwym czasie dzi\u0119ki zautomatyzowanemu procesowi. <\/p>\n<p>Po wcze\u015bniejszym um\u00f3wieniu si\u0119 maszyna mo\u017ce zosta\u0107 sprawdzona pod napi\u0119ciem.<br \/>\nZastrzega si\u0119 prawo do zmian i b\u0142\u0119d\u00f3w w danych technicznych i specyfikacjach oraz wcze\u015bniejszej sprzeda\u017cy!<\/p>","protected":false},"excerpt":{"rendered":"<p>Standort: Deutschland, Baden-W\u00fcrttemberg S\u00fcdwest Zustand: Gebraucht Hersteller: CELLRO Modell: CELLRO Baujahr: 2005 Cellro Magazin mit FANUC-Roboter 2005 Cellro Magazin automatisiertes Lagersystem ein Robotermagazin f\u00fcr 300 Werkzeugaufnahmen Technische Beschreibung des Cellro Magazin mit Fanuc Roboter Eigenschaften: \u2022 Typ: Automatisiertes Lagersystem (Robotermagazin) \u2022 Kapazit\u00e4t: 300 Werkzeugaufnahmen (f\u00fcr die Lagerung und den schnellen Austausch von Werkzeugen) \u2022 Einsatzgebiet: [&hellip;]<\/p>\n","protected":false},"featured_media":5835,"template":"","meta":[],"product_brand":[],"product_cat":[94],"product_tag":[],"class_list":{"0":"post-6131","1":"product","2":"type-product","3":"status-publish","4":"has-post-thumbnail","6":"product_cat-zubehoer-sonstiges","8":"first","9":"instock","10":"taxable","11":"shipping-taxable","12":"product-type-simple"},"aioseo_notices":[],"_links":{"self":[{"href":"https:\/\/www.horn-wzm.de\/pl\/wp-json\/wp\/v2\/product\/6131","targetHints":{"allow":["GET"]}}],"collection":[{"href":"https:\/\/www.horn-wzm.de\/pl\/wp-json\/wp\/v2\/product"}],"about":[{"href":"https:\/\/www.horn-wzm.de\/pl\/wp-json\/wp\/v2\/types\/product"}],"version-history":[{"count":1,"href":"https:\/\/www.horn-wzm.de\/pl\/wp-json\/wp\/v2\/product\/6131\/revisions"}],"predecessor-version":[{"id":6139,"href":"https:\/\/www.horn-wzm.de\/pl\/wp-json\/wp\/v2\/product\/6131\/revisions\/6139"}],"wp:featuredmedia":[{"embeddable":true,"href":"https:\/\/www.horn-wzm.de\/pl\/wp-json\/wp\/v2\/media\/5835"}],"wp:attachment":[{"href":"https:\/\/www.horn-wzm.de\/pl\/wp-json\/wp\/v2\/media?parent=6131"}],"wp:term":[{"taxonomy":"product_brand","embeddable":true,"href":"https:\/\/www.horn-wzm.de\/pl\/wp-json\/wp\/v2\/product_brand?post=6131"},{"taxonomy":"product_cat","embeddable":true,"href":"https:\/\/www.horn-wzm.de\/pl\/wp-json\/wp\/v2\/product_cat?post=6131"},{"taxonomy":"product_tag","embeddable":true,"href":"https:\/\/www.horn-wzm.de\/pl\/wp-json\/wp\/v2\/product_tag?post=6131"}],"curies":[{"name":"wp","href":"https:\/\/api.w.org\/{rel}","templated":true}]}}