{"id":6130,"date":"2025-07-29T13:24:39","date_gmt":"2025-07-29T11:24:39","guid":{"rendered":"https:\/\/www.horn-wzm.de\/?post_type=product&#038;p=6130"},"modified":"2025-10-30T16:43:26","modified_gmt":"2025-10-30T15:43:26","slug":"1-gebr-lta-ac-500-rok-2010_-intnr231258","status":"publish","type":"product","link":"https:\/\/www.horn-wzm.de\/pl\/shop\/oel-emulsionsnebel-abzugsanlagen\/1-gebr-lta-ac-500-bj-2010_-intnr231258\/","title":{"rendered":"1 u\u017cywany LTA AC 500 rok 2010_ IntNo231258"},"content":{"rendered":"<p><b>Lokalizacja:<\/b> Niemcy, Badenia-Wirtembergia, po\u0142udniowy zach\u00f3d<\/p>\n<p><b>Zustand:<\/b> U\u017cywany<\/p>\n<p><b>Hersteller:<\/b> LTA<\/p>\n<p><b>Modell:<\/b> LTA<\/p>\n<p><b>Rok budowy:<\/b> 2010<\/p>\n<p>AC 500 lite<br \/>\n - Niskie zu\u017cycie energii dzi\u0119ki bezci\u015bnieniowym wk\u0142adom filtracyjnym i energooszcz\u0119dnym wentylatorom<br \/>\n\u00b7 Filtrationsstufen f\u00fcr die Abscheidung von K\u00fchlschmierstoffnebel<br \/>\n- Zasada filtracji M (M = mechaniczna)<br \/>\n\u00b7 Verwendung f\u00fcr Emulsionsnebel<br \/>\n\u00b7 Direktanbau an Maschine m\u00f6glich<br \/>\n\u00b7 Abscheidegrad bis 99%<br \/>\n- Wydajno\u015b\u0107 odsysania 800 m3\/h (470cfm)<br \/>\n- Wydajno\u015b\u0107 dmuchawy 1950 m3 \/ 5 (1 147 cfm)<br \/>\n- Zu\u017cycie energii 0,6 kW<br \/>\n- Napi\u0119cie: 400 V<br \/>\n- Wymiary: (d\u0142. x szer. x wys.): 500 x 500 x 590 mm<br \/>\n- Waga: 48 KG<\/p>\n<p>Aenderungen und Irrtuemer in den technischen Daten und Angaben sowie Zwischenverkauf vorbehalten!<\/p>\n<p>AC 500 lite<br \/>\n - Niskie zu\u017cycie energii dzi\u0119ki bezci\u015bnieniowym wk\u0142adom filtracyjnym i energooszcz\u0119dnym dmuchawom<br \/>\n- Stopnie filtracji do oddzielania mg\u0142y ch\u0142odz\u0105co-smaruj\u0105cej<br \/>\n- Zasada filtracji M<br \/>\n- Zastosowanie do mgie\u0142ki emulsyjnej<br \/>\n\u2013 Direct attachment to machine possible<br \/>\n\u2013 Separation efficiency up to 99<br \/>\n- Wydajno\u015b\u0107 odsysania 800 m3\/h (470cfm)<br \/>\n- Wydajno\u015b\u0107 dmuchawy 1950 m3 \/ 5 (1 147 cfm)<br \/>\n- Zu\u017cycie energii 0,6 kW<br \/>\n- Napi\u0119cie: 400 V<br \/>\n- Wymiary: (d\u0142. x szer. x wys.): 500 x 500 x 590 mm<br \/>\n- Waga: 48 KG<\/p>\n<p>Subject to changes and errors in the technical data and information as well as prior sale!<\/p>\n<p>Przet\u0142umaczono za pomoc\u0105 DeepL.com (wersja bezp\u0142atna)<\/p>","protected":false},"excerpt":{"rendered":"<p>Standort: Deutschland, Baden-W\u00fcrttemberg S\u00fcdwest Zustand: Gebraucht Hersteller: LTA Modell: LTA Baujahr: 2010 AC 500 solid &#8211; geringer Energieverbrauch dank druckverlustfreier Filterelemente sowie energieeffizienter Gebl\u00e4se \u00b7 Filtrationsstufen f\u00fcr die Abscheidung von K\u00fchlschmierstoffnebel \u00b7 Filtrationsprinzip M ( M = mechanisch) \u00b7 Verwendung f\u00fcr Emulsionsnebel \u00b7 Direktanbau an Maschine m\u00f6glich \u00b7 Abscheidegrad bis 99% &#8211; Absaugleistung 800 m3\/h [&hellip;]<\/p>\n","protected":false},"featured_media":6842,"template":"","meta":[],"product_brand":[],"product_cat":[79],"product_tag":[],"class_list":{"0":"post-6130","1":"product","2":"type-product","3":"status-publish","4":"has-post-thumbnail","6":"product_cat-oel-emulsionsnebel-abzugsanlagen","8":"first","9":"instock","10":"taxable","11":"shipping-taxable","12":"purchasable","13":"product-type-simple"},"aioseo_notices":[],"_links":{"self":[{"href":"https:\/\/www.horn-wzm.de\/pl\/wp-json\/wp\/v2\/product\/6130","targetHints":{"allow":["GET"]}}],"collection":[{"href":"https:\/\/www.horn-wzm.de\/pl\/wp-json\/wp\/v2\/product"}],"about":[{"href":"https:\/\/www.horn-wzm.de\/pl\/wp-json\/wp\/v2\/types\/product"}],"version-history":[{"count":1,"href":"https:\/\/www.horn-wzm.de\/pl\/wp-json\/wp\/v2\/product\/6130\/revisions"}],"predecessor-version":[{"id":6138,"href":"https:\/\/www.horn-wzm.de\/pl\/wp-json\/wp\/v2\/product\/6130\/revisions\/6138"}],"wp:featuredmedia":[{"embeddable":true,"href":"https:\/\/www.horn-wzm.de\/pl\/wp-json\/wp\/v2\/media\/6842"}],"wp:attachment":[{"href":"https:\/\/www.horn-wzm.de\/pl\/wp-json\/wp\/v2\/media?parent=6130"}],"wp:term":[{"taxonomy":"product_brand","embeddable":true,"href":"https:\/\/www.horn-wzm.de\/pl\/wp-json\/wp\/v2\/product_brand?post=6130"},{"taxonomy":"product_cat","embeddable":true,"href":"https:\/\/www.horn-wzm.de\/pl\/wp-json\/wp\/v2\/product_cat?post=6130"},{"taxonomy":"product_tag","embeddable":true,"href":"https:\/\/www.horn-wzm.de\/pl\/wp-json\/wp\/v2\/product_tag?post=6130"}],"curies":[{"name":"wp","href":"https:\/\/api.w.org\/{rel}","templated":true}]}}