{"id":6129,"date":"2025-07-29T13:24:39","date_gmt":"2025-07-29T11:24:39","guid":{"rendered":"https:\/\/www.horn-wzm.de\/?post_type=product&#038;p=6129"},"modified":"2025-07-29T13:24:46","modified_gmt":"2025-07-29T11:24:46","slug":"system-filtrow-buechele-i-system-przenosnikow-szpulowych-do-obrabiarek-cnc-dla-fanuc-robodrill-%ce%b1-d21lib5-plus-bab-center_2022_02_intnr231241","status":"publish","type":"product","link":"https:\/\/www.horn-wzm.de\/pl\/shop\/hochdruckanlagen\/buechele-filteranlage-und-spaenefoerdersystem-fuer-cnc-werkzeugmaschinen-fuer-fanuc-robodrill-%ce%b1-d21lib5-plus-bab-zentrum_2022_02_intnr231241\/","title":{"rendered":"System filtr\u00f3w B\u00fcchele i system transportu wi\u00f3r\u00f3w dla obrabiarek CNC dla FANUC ROBODRILL \u03b1-D21LiB5 Plus BAB-Zentrum_2022_02_IntNr231241"},"content":{"rendered":"<p><b>Lokalizacja:<\/b> Niemcy, Badenia-Wirtembergia, po\u0142udniowy zach\u00f3d<\/p>\n<p><b>Zustand:<\/b> Nowo\u015b\u0107<\/p>\n<p><b>Hersteller:<\/b> SF Systems B\u00fcchele<\/p>\n<p><b>Modell:<\/b> SF Systems B\u00fcchele<\/p>\n<p><b>Rok budowy:<\/b> 2024<\/p>\n<p><b>Godziny pracy:<\/b> 0<\/p>\n<p>IntNo231242<\/p>\n<p>System filtr\u00f3w i przeno\u015bnik\u00f3w wi\u00f3r\u00f3w B\u00fcchele SFB-600 do obrabiarek CNC dla centrum FANUC ROBODRILL \u03b1-D21LiB5 Plus BAB<br \/>\nPrzeno\u015bnik + system filtr\u00f3w o pe\u0142nym przep\u0142ywie<br \/>\nWykonanie:<br \/>\nSk\u0142ada si\u0119 z:<br \/>\nTyp: KF 200\/950<br \/>\nPompa \u015brubowa KTS 25-38-T; 400 V; 50 Hz<br \/>\nPompa od\u015brodkowa 1 MTR 10-14\/6; 400 V; 50 Hz<br \/>\nPompa od\u015brodkowa 2 MTR 3-23\/7; 400 V; 50 Hz<br \/>\nWersja: Wersja dla lewor\u0119cznych<br \/>\nFiltr kompaktowy KF 200 \/ 950<br \/>\nUchwyt na w\u0142\u00f3knin\u0119 KF top (zintegrowany z obudow\u0105)<br \/>\nWydajno\u015b\u0107 filtra 200 l\/min<br \/>\nW\u0142\u00f3knina filtracyjna PW 70\/70<br \/>\nWersja lewa<br \/>\nZbiornik: Typ FKA\/950<br \/>\nD\u0142ugo\u015b\u0107 1600 mm<br \/>\nSzeroko\u015b\u0107 1 010 mm<br \/>\nWysoko\u015b\u0107 900 mm<br \/>\nPrze\u015bwit 100 mm<br \/>\nPojemno\u015b\u0107 950 litr\u00f3w<br \/>\nMateria\u0142 stal, grubo\u015b\u0107 blachy 3 mm<br \/>\nPokrywa zbiornika z blachy stalowej<br \/>\nPrzygotowane po\u0142\u0105czenia ch\u0142odnicy<br \/>\nPrzewody rurowe do uchwytu pompy w listwie grodziowej<br \/>\nDysza wlotowo-wylotowa do ch\u0142odnicy o przep\u0142ywie ci\u0105g\u0142ym.<br \/>\nCzujnik poziomu 1 szt.<br \/>\nMarka: Knoll Balluff z wy\u015bwietlaczem wizualnym<br \/>\nLiczba punkt\u00f3w prze\u0142\u0105czania 3 ST<br \/>\nzgodnie z 70 915 11808<br \/>\nPompa 1 ST<br \/>\nPompa od\u015brodkowa do p\u0142ukania z\u0142o\u017ca<br \/>\nCi\u015bnienie 3,2 bar \/ Producent Grundfos<br \/>\nTyp MTR 10-16\/4<br \/>\nMoc 1,50 kW<br \/>\nPrzep\u0142yw 120-150 l\/min<br \/>\nPompa 1 ST<br \/>\nPompa od\u015brodkowa do zewn\u0119trznego ch\u0142odzenia\/mycia pistoletu<br \/>\nCi\u015bnienie 5,0 bar<br \/>\nProducent Grundfos<br \/>\nTyp MTR 3-36\/7<br \/>\nMoc 0,55 kW<br \/>\nPrzep\u0142yw obj\u0119to\u015bciowy 30-50 l\/min<br \/>\nInstalacja rurowa z zaworem 3\/2-drogowym MK10DR<br \/>\nKontrola:<br \/>\n1. drzwi zamkni\u0119te Sygna\u0142: Praca normalna Ch\u0142odzenie zewn\u0119trzne<br \/>\n2. drzwi otwarte Sygna\u0142: Praca pistoletu myj\u0105cego<br \/>\nprzed up\u0142ywem 60 sekund, a nast\u0119pnie zasygnalizuj,<br \/>\nPompa wy\u0142\u0105czona<br \/>\nPompa \u015brubowa KTS 25 1 ST<br \/>\nTyp: KTS 25<br \/>\nMoc przy 50 Hz i 400 V 4,00 kW<br \/>\nNapi\u0119cie przy 50 Hz 400 V<br \/>\nCz\u0119stotliwo\u015b\u0107 50 Hz<br \/>\nKlasa wydajno\u015bci IE3<br \/>\nBez kontroli cz\u0119stotliwo\u015bci<br \/>\nOrurowanie Tak<br \/>\nStandardowe orurowanie Tak<br \/>\nZaw\u00f3r DBV-60\/75<br \/>\nManometr BAR<br \/>\nPrzep\u0142yw obj\u0119to\u015bciowy 25 l\/min<br \/>\nCi\u015bnienie 60 bar<br \/>\nFunkcja IKZ<br \/>\nOrurowanie 1 szt.<br \/>\nRuroci\u0105gi wysokoci\u015bnieniowe<br \/>\nWykonanie Ermeto<br \/>\nElektryka 1 ST<br \/>\nWersja obudowy elektrycznej<br \/>\nCzujniki cyfrowe (punkt prze\u0142\u0105czania) 3 ST<br \/>\nCzujniki analogowe 3 ST<br \/>\nJednostki filtruj\u0105ce KF<br \/>\nSystem przeno\u015bnik\u00f3w Pod\u0142\u0105czany<br \/>\nSpecjalna kontrola<br \/>\nWy\u015bwietlacz tekstowy KTP 400 Comfort<br \/>\nObudowa Obudowa do monta\u017cu na\u015bciennego<br \/>\nCyfrowe\/analogowe czujniki poziomu<br \/>\nPrze\u0142\u0105cznik g\u0142\u00f3wny<br \/>\nKabel interfejsu 8 metr\u00f3w bie\u017c\u0105cych, ze z\u0142\u0105czem HARTING po obu stronach.<br \/>\nZ\u0142\u0105cze wsp\u00f3\u0142pracuj\u0105ce<br \/>\nKabel zasilaj\u0105cy o d\u0142ugo\u015bci 5 metr\u00f3w z wtyczk\u0105 CEE<\/p>\n<p>Maszyn\u0119 mo\u017cna obejrze\u0107 po wcze\u015bniejszym um\u00f3wieniu.<br \/>\nAenderungen und Irrtuemer in den technischen Daten und Angaben sowie Zwischenverkauf vorbehalten!<\/p>\n<p>System filtr\u00f3w B\u00fcchele i przeno\u015bnik wi\u00f3r\u00f3w do obrabiarek CNC dla centrum BAB FANUC ROBODRILL \u03b1-D21LiB5 Plus<br \/>\nPrzeno\u015bnik + system filtr\u00f3w o pe\u0142nym przep\u0142ywie<\/p>\n<p>Specyfikacja:<br \/>\nSk\u0142ada si\u0119 z:<\/p>\n<p>Typ: KF 200\/950<br \/>\nPompa \u015brubowa: KTS 25-38-T; 400 V; 50 Hz<br \/>\nPompa od\u015brodkowa 1: MTR 10-14\/6; 400 V; 50 Hz<br \/>\nPompa od\u015brodkowa 2: MTR 3-23\/7; 400 V; 50 Hz<br \/>\nKonfiguracja: Wersja lewostronna<br \/>\nFiltr kompaktowy KF 200 \/ 950<br \/>\nWlot w\u0142\u00f3kniny filtracyjnej: KF Top (zintegrowany z obudow\u0105)<br \/>\nWydajno\u015b\u0107 filtrowania: 200 l\/min<br \/>\nW\u0142\u00f3knina filtracyjna: PW 70\/70<br \/>\nWersja: Lewa<br \/>\nZbiornik: Typ FKA\/950<br \/>\nD\u0142ugo\u015b\u0107: 1600 mm<br \/>\nSzeroko\u015b\u0107: 1 010 mm<br \/>\nWysoko\u015b\u0107: 900 mm<br \/>\nPrze\u015bwit: 100 mm<br \/>\nPojemno\u015b\u0107: 950 litr\u00f3w<br \/>\nMateria\u0142: stal, grubo\u015b\u0107 blachy 3 mm<br \/>\nPokrywa zbiornika: blacha stalowa<br \/>\nPo\u0142\u0105czenia Cooler: Przygotowane<br \/>\nOrurowanie wlotu pompy: jedna listwa grodziowa<br \/>\nZ\u0142\u0105cza wlotowe i wylotowe: Dla ch\u0142odnicy cyrkulacyjnej<br \/>\nCzujnik poziomu nape\u0142nienia: 1 szt.<br \/>\nProducent: Knoll Balluff z wy\u015bwietlaczem wizualnym<br \/>\nLiczba punkt\u00f3w prze\u0142\u0105czania: 3 szt.<br \/>\nZgodnie z norm\u0105: 70 915 11808<br \/>\nPompy:<br \/>\nPompa od\u015brodkowa do p\u0142ukania z\u0142o\u017ca:<\/p>\n<p>Ci\u015bnienie: 3,2 bara<br \/>\nProducent: Grundfos<br \/>\nTyp: MTR 10-16\/4<br \/>\nMoc: 1,50 kW<br \/>\nNat\u0119\u017cenie przep\u0142ywu: 120-150 l\/min<br \/>\nPompa od\u015brodkowa do zewn\u0119trznego ch\u0142odzenia \/ mycia pistoletu:<\/p>\n<p>Ci\u015bnienie: 5,0 bar<br \/>\nProducent: Grundfos<br \/>\nTyp: MTR 3-36\/7<br \/>\nMoc: 0,55 kW<br \/>\nNat\u0119\u017cenie przep\u0142ywu: 30-50 l\/min<br \/>\nRuroci\u0105g z zaworem 3\/2-drogowym: MK10DR<br \/>\nSystem sterowania:<br \/>\nSygna\u0142 zamkni\u0119cia drzwi: Normalna praca - ch\u0142odzenie zewn\u0119trzne<br \/>\nSygna\u0142 otwarcia drzwi: praca pistoletu myj\u0105cego (do 60 sekund), nast\u0119pnie sygna\u0142 - pompa wy\u0142\u0105czona<br \/>\n\u015arubowa pompa wrzecionowa KTS 25 (1 szt.):<br \/>\nTyp: KTS 25<br \/>\nMoc przy 50 Hz \/ 400 V: 4,00 kW<br \/>\nNapi\u0119cie: 400 V<br \/>\nCz\u0119stotliwo\u015b\u0107: 50 Hz<br \/>\nKlasa wydajno\u015bci: IE3<br \/>\nBez kontroli cz\u0119stotliwo\u015bci<br \/>\nOrurowanie: Tak<br \/>\nStandardowe orurowanie: Tak<br \/>\nZaw\u00f3r DBV-60\/75<br \/>\nManometr: BAR<br \/>\nNat\u0119\u017cenie przep\u0142ywu: 25 l\/min<br \/>\nCi\u015bnienie: 60 bar<br \/>\nFunkcja: IKZ<br \/>\nDodatkowe przewody rurowe (1 szt.):<br \/>\nPrzewody wysokoci\u015bnieniowe<br \/>\nDesign: Ermeto<br \/>\nUk\u0142ad elektryczny (1 szt.):<br \/>\nElektryczna szafa sterownicza<br \/>\nCzujniki cyfrowe (punkt prze\u0142\u0105czania): 3 szt.<br \/>\nCzujniki analogowe: 3 szt.<br \/>\nJednostki filtruj\u0105ce: KF<br \/>\nModu\u0142owy system przeno\u015bnik\u00f3w<br \/>\nSpecjalny system kontroli<br \/>\nWy\u015bwietlacz tekstowy: KTP 400 Comfort<br \/>\nObudowa szafy sterowniczej: Szafa \u015bcienna<br \/>\nCzujniki poziomu nape\u0142nienia: cyfrowe\/analogowe<br \/>\nPrze\u0142\u0105cznik g\u0142\u00f3wny<br \/>\nKabel interfejsu: 8 metr\u00f3w, oba ko\u0144ce ze z\u0142\u0105czem HARTING wraz z pasuj\u0105c\u0105 wtyczk\u0105<br \/>\nKabel zasilaj\u0105cy: 5 metr\u00f3w z wtyczk\u0105 CEE<br \/>\nThe machine can be inspected by appointment.<br \/>\nZmiany i b\u0142\u0119dy w danych technicznych i specyfikacjach, a tak\u017ce wcze\u015bniejsza sprzeda\u017c s\u0105 zastrze\u017cone!<\/p>","protected":false},"excerpt":{"rendered":"<p>Standort: Deutschland, Baden-W\u00fcrttemberg S\u00fcdwest Zustand: Neu Hersteller: SF-Systeme B\u00fcchele Modell: SF-Systeme B\u00fcchele Baujahr: 2024 Betriebsstunden: 0 IntNr231242 B\u00fcchele SFB-600 Filteranlage und Sp\u00e4nef\u00f6rdersystem f\u00fcr CNC-Werkzeugmaschinen f\u00fcr FANUC ROBODRILL \u03b1-D21LiB5 Plus BAB-Zentrum F\u00f6rderer + Vollstromfilteranlage Ausf\u00fchrung: Bestehend aus: Typ: KF 200\/950 Schraubenspindelpumpe KTS 25-38-T; 400V; 50 Hz Kreiselpumpe 1 MTR 10-14\/6; 400 V; 50 Hz Kreiselpumpe 2 [&hellip;]<\/p>\n","protected":false},"featured_media":5531,"template":"","meta":[],"product_brand":[],"product_cat":[86],"product_tag":[],"class_list":{"0":"post-6129","1":"product","2":"type-product","3":"status-publish","4":"has-post-thumbnail","6":"product_cat-hochdruckanlagen","8":"first","9":"instock","10":"taxable","11":"shipping-taxable","12":"product-type-simple"},"aioseo_notices":[],"_links":{"self":[{"href":"https:\/\/www.horn-wzm.de\/pl\/wp-json\/wp\/v2\/product\/6129","targetHints":{"allow":["GET"]}}],"collection":[{"href":"https:\/\/www.horn-wzm.de\/pl\/wp-json\/wp\/v2\/product"}],"about":[{"href":"https:\/\/www.horn-wzm.de\/pl\/wp-json\/wp\/v2\/types\/product"}],"version-history":[{"count":1,"href":"https:\/\/www.horn-wzm.de\/pl\/wp-json\/wp\/v2\/product\/6129\/revisions"}],"predecessor-version":[{"id":6137,"href":"https:\/\/www.horn-wzm.de\/pl\/wp-json\/wp\/v2\/product\/6129\/revisions\/6137"}],"wp:featuredmedia":[{"embeddable":true,"href":"https:\/\/www.horn-wzm.de\/pl\/wp-json\/wp\/v2\/media\/5531"}],"wp:attachment":[{"href":"https:\/\/www.horn-wzm.de\/pl\/wp-json\/wp\/v2\/media?parent=6129"}],"wp:term":[{"taxonomy":"product_brand","embeddable":true,"href":"https:\/\/www.horn-wzm.de\/pl\/wp-json\/wp\/v2\/product_brand?post=6129"},{"taxonomy":"product_cat","embeddable":true,"href":"https:\/\/www.horn-wzm.de\/pl\/wp-json\/wp\/v2\/product_cat?post=6129"},{"taxonomy":"product_tag","embeddable":true,"href":"https:\/\/www.horn-wzm.de\/pl\/wp-json\/wp\/v2\/product_tag?post=6129"}],"curies":[{"name":"wp","href":"https:\/\/api.w.org\/{rel}","templated":true}]}}