{"id":6100,"date":"2025-07-01T17:32:11","date_gmt":"2025-07-01T15:32:11","guid":{"rendered":"https:\/\/www.horn-wzm.de\/shop\/unkategorisiert\/fmb-lademagazin-_schaltschrank-mit-inhalt_intnr231331\/"},"modified":"2025-07-01T17:32:11","modified_gmt":"2025-07-01T15:32:11","slug":"magazynek-ladujacy-fmb-_szafka-kontrolna-z-zawartoscia_intnr231331","status":"publish","type":"product","link":"https:\/\/www.horn-wzm.de\/pl\/shop\/zubehoer-sonstiges\/fmb-lademagazin-_schaltschrank-mit-inhalt_intnr231331\/","title":{"rendered":"Magazyn \u0142aduj\u0105cy FMB _szafa kontrolna z zawarto\u015bci\u0105_IntNo231331"},"content":{"rendered":"<p><b>Lokalizacja:<\/b> Niemcy, Badenia-Wirtembergia, po\u0142udniowy zach\u00f3d<\/p>\n<p><b>Zustand:<\/b> U\u017cywany<\/p>\n<p><b>Hersteller:<\/b> FMB<\/p>\n<p><b>Rok budowy:<\/b> 2001<\/p>\n<p>Magazyn \u0142adunkowy FMB - szafa sterownicza z zawarto\u015bci\u0105<br \/>\nStan: U\u017cywany | Mo\u017cliwa r\u00f3wnie\u017c sprzeda\u017c pojedynczych komponent\u00f3w<\/p>\n<p>Na sprzeda\u017c jest u\u017cywana szafa sterownicza FMB z w pe\u0142ni zainstalowan\u0105 technologi\u0105, jak pokazano na zdj\u0119ciach.<br \/>\n? Zakres dostawy (widoczny na zdj\u0119ciach):<br \/>\nSzafa rozdzielcza z kompletnym okablowaniem i systemem sterowania<br \/>\nKomponenty steruj\u0105ce (np. Siemens S5\/S7, przeka\u017aniki, zaciski, zasilacze, w razie potrzeby przetwornice cz\u0119stotliwo\u015bci)<br \/>\nMo\u017cliwa jest r\u00f3wnie\u017c sprzeda\u017c poszczeg\u00f3lnych komponent\u00f3w (np. PLC, panel, zasilacz, przeka\u017anik itp.).<br \/>\nProducent: FMB Maschinenbaugesellschaft mbH<br \/>\nTyp: Magazynek \u0142aduj\u0105cy \/ magazynek \u0142aduj\u0105cy pr\u0119ty<br \/>\nZasilanie: Standardowe 230\/400 V (w zale\u017cno\u015bci od jednostki steruj\u0105cej)<br \/>\nStan: u\u017cywane, nietestowane, jak na zdj\u0119ciu<br \/>\nDokumentacja: Dost\u0119pne dokumenty<br \/>\nAenderungen und Irrtuemer in den technischen Daten und Angaben sowie Zwischenverkauf vorbehalten!<\/p>\n<p>Magazyn \u0142adunkowy FMB - szafa sterownicza z zawarto\u015bci\u0105<br \/>\nStan: U\u017cywany | Mo\u017cliwa r\u00f3wnie\u017c sprzeda\u017c pojedynczych komponent\u00f3w<\/p>\n<p>Na sprzeda\u017c jest u\u017cywana szafa steruj\u0105ca magazynem \u0142aduj\u0105cym FMB wraz z w pe\u0142ni zainstalowan\u0105 technologi\u0105, jak pokazano na zdj\u0119ciach.<br \/>\n? Zakres dostawy (widoczny na zdj\u0119ciach):<br \/>\nSzafa sterownicza z kompletnym okablowaniem i sterowaniem<br \/>\nElementy sterowania (np. Siemens S5\/S7, przeka\u017aniki, zaciski, zasilacze, przemiennik cz\u0119stotliwo\u015bci, je\u015bli dotyczy)<br \/>\nPoszczeg\u00f3lne komponenty mog\u0105 by\u0107 r\u00f3wnie\u017c sprzedawane (np. PLC, panel, zasilacz, przeka\u017anik itp.). )<br \/>\nProducent: FMB Maschinenbaugesellschaft mbH<br \/>\nTyp: Magazynek \u0142aduj\u0105cy \/ magazynek \u0142aduj\u0105cy pr\u0119ty<br \/>\nZasilanie: Standardowe 230\/400 V (w zale\u017cno\u015bci od systemu sterowania)<br \/>\nStan: u\u017cywany, nietestowany, jak na zdj\u0119ciu<br \/>\nDokumentacja: Dost\u0119pne dokumenty<br \/>\nZastrzega si\u0119 prawo do zmian i b\u0142\u0119d\u00f3w w danych technicznych i specyfikacjach oraz wcze\u015bniejszej sprzeda\u017cy!<\/p>","protected":false},"excerpt":{"rendered":"<p>Standort: Deutschland, Baden-W\u00fcrttemberg S\u00fcdwest Zustand: Gebraucht Hersteller: FMB Baujahr: 2001 FMB Lademagazin \u2013 Schaltschrank mit Inhalt Zustand: Gebraucht | Verkauf auch einzelner Komponenten m\u00f6glich Zum Verkauf steht ein gebrauchter FMB Lademagazin Schaltschrank samt vollst\u00e4ndig verbauter Technik, wie auf den Bildern ersichtlich. ? Lieferumfang (wie auf Bildern sichtbar): Schaltschrank inkl. kompletter Verkabelung &amp; Steuerung Steuerungskomponenten (z.\u202fB. [&hellip;]<\/p>\n","protected":false},"featured_media":6095,"template":"","meta":[],"product_brand":[],"product_cat":[94],"product_tag":[],"class_list":{"0":"post-6100","1":"product","2":"type-product","3":"status-publish","4":"has-post-thumbnail","6":"product_cat-zubehoer-sonstiges","8":"first","9":"instock","10":"taxable","11":"shipping-taxable","12":"product-type-simple"},"aioseo_notices":[],"_links":{"self":[{"href":"https:\/\/www.horn-wzm.de\/pl\/wp-json\/wp\/v2\/product\/6100","targetHints":{"allow":["GET"]}}],"collection":[{"href":"https:\/\/www.horn-wzm.de\/pl\/wp-json\/wp\/v2\/product"}],"about":[{"href":"https:\/\/www.horn-wzm.de\/pl\/wp-json\/wp\/v2\/types\/product"}],"version-history":[{"count":1,"href":"https:\/\/www.horn-wzm.de\/pl\/wp-json\/wp\/v2\/product\/6100\/revisions"}],"predecessor-version":[{"id":6101,"href":"https:\/\/www.horn-wzm.de\/pl\/wp-json\/wp\/v2\/product\/6100\/revisions\/6101"}],"wp:featuredmedia":[{"embeddable":true,"href":"https:\/\/www.horn-wzm.de\/pl\/wp-json\/wp\/v2\/media\/6095"}],"wp:attachment":[{"href":"https:\/\/www.horn-wzm.de\/pl\/wp-json\/wp\/v2\/media?parent=6100"}],"wp:term":[{"taxonomy":"product_brand","embeddable":true,"href":"https:\/\/www.horn-wzm.de\/pl\/wp-json\/wp\/v2\/product_brand?post=6100"},{"taxonomy":"product_cat","embeddable":true,"href":"https:\/\/www.horn-wzm.de\/pl\/wp-json\/wp\/v2\/product_cat?post=6100"},{"taxonomy":"product_tag","embeddable":true,"href":"https:\/\/www.horn-wzm.de\/pl\/wp-json\/wp\/v2\/product_tag?post=6100"}],"curies":[{"name":"wp","href":"https:\/\/api.w.org\/{rel}","templated":true}]}}