{"id":6093,"date":"2025-07-01T17:08:52","date_gmt":"2025-07-01T15:08:52","guid":{"rendered":"https:\/\/www.horn-wzm.de\/shop\/unkategorisiert\/fmb-lademagazin-bedientableau-pcs090-auch-plus-2001_intnr231330\/"},"modified":"2025-07-01T17:08:52","modified_gmt":"2025-07-01T15:08:52","slug":"fmb-panel-sterowania-magazynkiem-pcs090-rowniez-plus-2001_intnr231330","status":"publish","type":"product","link":"https:\/\/www.horn-wzm.de\/pl\/shop\/zubehoer-sonstiges\/fmb-lademagazin-bedientableau-pcs090-auch-plus-2001_intnr231330\/","title":{"rendered":"FMB Panel sterowania magazynkiem PCS090 r\u00f3wnie\u017c Plus 2001_IntNr231330"},"content":{"rendered":"<p><b>Lokalizacja:<\/b> Niemcy, Badenia-Wirtembergia, po\u0142udniowy zach\u00f3d<\/p>\n<p><b>Zustand:<\/b> U\u017cywany<\/p>\n<p><b>Hersteller:<\/b> FMB<\/p>\n<p><b>Modell:<\/b> FMB<\/p>\n<p><b>Rok budowy:<\/b> 2001<\/p>\n<p>Panel sterowania PCS090 r\u00f3wnie\u017c Plus dla magazynka \u0142aduj\u0105cego FMB<br \/>\nMo\u017cliwo\u015b\u0107 obejrzenia po wcze\u015bniejszym um\u00f3wieniu.<br \/>\nZastrzega si\u0119 prawo do zmian i b\u0142\u0119d\u00f3w w danych technicznych i specyfikacjach oraz wcze\u015bniejszej sprzeda\u017cy!<\/p>\n<p>Panel sterowania PCS090 r\u00f3wnie\u017c Plus dla magazynka \u0142aduj\u0105cego FMB<br \/>\nMo\u017cliwo\u015b\u0107 obejrzenia po wcze\u015bniejszym um\u00f3wieniu.<br \/>\nSubject to changes and errors in the technical data and information as well as prior sale!<\/p>","protected":false},"excerpt":{"rendered":"<p>Standort: Deutschland, Baden-W\u00fcrttemberg S\u00fcdwest Zustand: Gebraucht Hersteller: FMB Modell: FMB Baujahr: 2001 Bedientableau PCS090 auch Plus f\u00fcr FMB Lademagazin Kann nach Terminvereinbarung besichtigt werden. \u00c4nderungen und Irrt\u00fcmer in den technischen Daten und Angaben sowie Zwischenverkauf vorbehalten! Control panel PCS090 also Plus for FMB loading magazine Can be viewed by appointment. Subject to changes and errors [&hellip;]<\/p>\n","protected":false},"featured_media":6091,"template":"","meta":[],"product_brand":[],"product_cat":[94],"product_tag":[],"class_list":{"0":"post-6093","1":"product","2":"type-product","3":"status-publish","4":"has-post-thumbnail","6":"product_cat-zubehoer-sonstiges","8":"first","9":"instock","10":"taxable","11":"shipping-taxable","12":"product-type-simple"},"aioseo_notices":[],"_links":{"self":[{"href":"https:\/\/www.horn-wzm.de\/pl\/wp-json\/wp\/v2\/product\/6093","targetHints":{"allow":["GET"]}}],"collection":[{"href":"https:\/\/www.horn-wzm.de\/pl\/wp-json\/wp\/v2\/product"}],"about":[{"href":"https:\/\/www.horn-wzm.de\/pl\/wp-json\/wp\/v2\/types\/product"}],"version-history":[{"count":1,"href":"https:\/\/www.horn-wzm.de\/pl\/wp-json\/wp\/v2\/product\/6093\/revisions"}],"predecessor-version":[{"id":6094,"href":"https:\/\/www.horn-wzm.de\/pl\/wp-json\/wp\/v2\/product\/6093\/revisions\/6094"}],"wp:featuredmedia":[{"embeddable":true,"href":"https:\/\/www.horn-wzm.de\/pl\/wp-json\/wp\/v2\/media\/6091"}],"wp:attachment":[{"href":"https:\/\/www.horn-wzm.de\/pl\/wp-json\/wp\/v2\/media?parent=6093"}],"wp:term":[{"taxonomy":"product_brand","embeddable":true,"href":"https:\/\/www.horn-wzm.de\/pl\/wp-json\/wp\/v2\/product_brand?post=6093"},{"taxonomy":"product_cat","embeddable":true,"href":"https:\/\/www.horn-wzm.de\/pl\/wp-json\/wp\/v2\/product_cat?post=6093"},{"taxonomy":"product_tag","embeddable":true,"href":"https:\/\/www.horn-wzm.de\/pl\/wp-json\/wp\/v2\/product_tag?post=6093"}],"curies":[{"name":"wp","href":"https:\/\/api.w.org\/{rel}","templated":true}]}}