{"id":6085,"date":"2025-07-01T16:49:18","date_gmt":"2025-07-01T14:49:18","guid":{"rendered":"https:\/\/www.horn-wzm.de\/shop\/unkategorisiert\/siemens-motor_1fk6083-6af71-1eh2-intnr231329\/"},"modified":"2025-07-01T16:49:18","modified_gmt":"2025-07-01T14:49:18","slug":"siemens-motor_1fk6083-6af71-1eh2-intnr231329","status":"publish","type":"product","link":"https:\/\/www.horn-wzm.de\/pl\/shop\/servomotoren\/siemens-motor_1fk6083-6af71-1eh2-intnr231329\/","title":{"rendered":"Siemens Motor_1FK6083-6AF71-1EH2 IntNo231329"},"content":{"rendered":"<p><b>Lokalizacja:<\/b> Niemcy, Badenia-Wirtembergia, po\u0142udniowy zach\u00f3d<\/p>\n<p><b>Zustand:<\/b> U\u017cywany<\/p>\n<p><b>Hersteller:<\/b> Siemens<\/p>\n<p><b>Modell:<\/b> Siemens<\/p>\n<p><b>Rok budowy:<\/b> 2004<\/p>\n<p><b>Godziny pracy:<\/b> 0<\/p>\n<p>Technische Daten<br \/>\nTyp: Serwomotor synchroniczny, seria 1FK6, 6-biegunowy<br \/>\nNominalny moment obrotowy: 16 Nm<br \/>\nPr\u0119dko\u015b\u0107 nominalna: 3000 obr\/min (przy 100 Hz)<br \/>\nCh\u0142odzenie: Ch\u0142odzenie w\u0142asne, konstrukcja IM B5 (V1, V3)<br \/>\nPod\u0142\u0105czenie: wtyczka zasilania i sygna\u0142u, mo\u017cliwo\u015b\u0107 obrotu o 270\u00b0<br \/>\nEnkoder: Enkoder absolutny EnDat 2048 S\/R (enkoder A-2048)<br \/>\nWa\u0142: G\u0142adki wa\u0142, klasa tolerancji N, z hamulcem przytrzymuj\u0105cym<br \/>\nStopie\u0144 ochrony: IP65, dodatkowy ko\u0142nierz DE IP67<br \/>\nWaga: oko\u0142o 18,4 kg<br \/>\nNumer taryfy celnej: 85015220<br \/>\nStandardowe po\u0142\u0105czenie przez systemy Siemens Sinamics \/ Simodrive.<br \/>\nPochodzenie: Niemcy<br \/>\nNorma: Zgodno\u015b\u0107 z dyrektyw\u0105 maszynow\u0105 2006\/42\/WE<br \/>\nSilnik mo\u017cna sprawdzi\u0107 po wcze\u015bniejszym um\u00f3wieniu.<br \/>\nAenderungen und Irrtuemer in den technischen Daten und Angaben sowie Zwischenverkauf vorbehalten!<\/p>\n<p>Dane techniczne<br \/>\nTyp: Serwomotor synchroniczny, seria 1FK6, 6-biegunowy<br \/>\nNominalny moment obrotowy: 16 Nm<br \/>\nPr\u0119dko\u015b\u0107 nominalna: 3000 obr\/min (przy 100 Hz)<br \/>\nCh\u0142odzenie: Ch\u0142odzenie w\u0142asne, konstrukcja IM B5 (V1, V3)<br \/>\nZ\u0142\u0105cze: Z\u0142\u0105cze zasilania i sygna\u0142owe, mo\u017cliwo\u015b\u0107 obrotu o 270\u00b0<br \/>\nEnkoder: Enkoder absolutny EnDat 2048 S\/R (enkoder A-2048)<br \/>\nWa\u0142: G\u0142adki wa\u0142, klasa tolerancji N, z hamulcem przytrzymuj\u0105cym<br \/>\nStopie\u0144 ochrony: IP65, dodatkowy ko\u0142nierz DE IP67<br \/>\nWaga: oko\u0142o 18,4 kg<br \/>\nNumer taryfy celnej: 85015220<br \/>\nStandardowe po\u0142\u0105czenie dla system\u00f3w Siemens Sinamics \/ Simodrive.<br \/>\nPochodzenie: Niemcy<br \/>\nNorma: zgodno\u015b\u0107 z dyrektyw\u0105 maszynow\u0105 2006\/42\/WE<br \/>\nSilnik mo\u017cna sprawdzi\u0107 po wcze\u015bniejszym um\u00f3wieniu.<br \/>\nChanges and errors in the technical data and information as well as prior sale reserved!<\/p>","protected":false},"excerpt":{"rendered":"<p>Standort: Deutschland, Baden-W\u00fcrttemberg S\u00fcdwest Zustand: Gebraucht Hersteller: Siemens Modell: Siemens Baujahr: 2004 Betriebsstunden: 0 Technische Daten Typ: Synchronsservomotor, Baureihe 1FK6, 6\u2011polig Nenndrehmoment: 16\u202fNm Nenndrehzahl: 3000\u202fU\/min (bei 100\u202fHz) K\u00fchlung: Selbstgek\u00fchlt, Bauform IM\u202fB5 (V1, V3) Anschluss: Leistungs\u2011 und Signalstecker, um 270\u00b0 drehbar Encoder: Absolutwertgeber EnDat\u202f2048\u202fS\/R (Encoder A\u20112048) Welle: Glatte Welle, Toleranzklasse N, mit Haltebremse Schutzart: IP65, zus\u00e4tzlich [&hellip;]<\/p>\n","protected":false},"featured_media":6082,"template":"","meta":[],"product_brand":[],"product_cat":[82],"product_tag":[],"class_list":{"0":"post-6085","1":"product","2":"type-product","3":"status-publish","4":"has-post-thumbnail","6":"product_cat-servomotoren","8":"first","9":"instock","10":"taxable","11":"shipping-taxable","12":"product-type-simple"},"aioseo_notices":[],"_links":{"self":[{"href":"https:\/\/www.horn-wzm.de\/pl\/wp-json\/wp\/v2\/product\/6085","targetHints":{"allow":["GET"]}}],"collection":[{"href":"https:\/\/www.horn-wzm.de\/pl\/wp-json\/wp\/v2\/product"}],"about":[{"href":"https:\/\/www.horn-wzm.de\/pl\/wp-json\/wp\/v2\/types\/product"}],"version-history":[{"count":1,"href":"https:\/\/www.horn-wzm.de\/pl\/wp-json\/wp\/v2\/product\/6085\/revisions"}],"predecessor-version":[{"id":6086,"href":"https:\/\/www.horn-wzm.de\/pl\/wp-json\/wp\/v2\/product\/6085\/revisions\/6086"}],"wp:featuredmedia":[{"embeddable":true,"href":"https:\/\/www.horn-wzm.de\/pl\/wp-json\/wp\/v2\/media\/6082"}],"wp:attachment":[{"href":"https:\/\/www.horn-wzm.de\/pl\/wp-json\/wp\/v2\/media?parent=6085"}],"wp:term":[{"taxonomy":"product_brand","embeddable":true,"href":"https:\/\/www.horn-wzm.de\/pl\/wp-json\/wp\/v2\/product_brand?post=6085"},{"taxonomy":"product_cat","embeddable":true,"href":"https:\/\/www.horn-wzm.de\/pl\/wp-json\/wp\/v2\/product_cat?post=6085"},{"taxonomy":"product_tag","embeddable":true,"href":"https:\/\/www.horn-wzm.de\/pl\/wp-json\/wp\/v2\/product_tag?post=6085"}],"curies":[{"name":"wp","href":"https:\/\/api.w.org\/{rel}","templated":true}]}}