{"id":6080,"date":"2025-07-01T16:38:30","date_gmt":"2025-07-01T14:38:30","guid":{"rendered":"https:\/\/www.horn-wzm.de\/shop\/unkategorisiert\/siemens-motor_1fk6063-6af71-1eh2-intnr231328\/"},"modified":"2025-07-01T16:38:30","modified_gmt":"2025-07-01T14:38:30","slug":"siemens-motor_1fk6063-6af71-1eh2-intnr231328","status":"publish","type":"product","link":"https:\/\/www.horn-wzm.de\/pl\/shop\/servomotoren\/siemens-motor_1fk6063-6af71-1eh2-intnr231328\/","title":{"rendered":"Siemens Motor_1FK6063-6AF71-1EH2 IntNo231328"},"content":{"rendered":"<p><b>Lokalizacja:<\/b> Niemcy, Badenia-Wirtembergia, po\u0142udniowy zach\u00f3d<\/p>\n<p><b>Zustand:<\/b> U\u017cywany<\/p>\n<p><b>Hersteller:<\/b> Siemens<\/p>\n<p><b>Modell:<\/b> Siemens<\/p>\n<p><b>Rok budowy:<\/b> 2004<\/p>\n<p><b>Godziny pracy:<\/b> 0<\/p>\n<p>Siemens SV_Motor_A06B-0866-B380 Silnik wrzeciona AC<br \/>\nTechnische Daten<br \/>\nTyp: Serwomotor synchroniczny, model 1FK6, 6-biegunowy<br \/>\nNominalny moment obrotowy: 11 Nm<br \/>\nPr\u0119dko\u015b\u0107 nominalna: 3000 obr\/min (100 Hz)<br \/>\nCh\u0142odzenie: Naturalne ch\u0142odzenie, konstrukcja IM B5 (V1, V3)<br \/>\nPod\u0142\u0105czenie: wtyczka zasilania\/sygna\u0142u, obracana o 270\u00b0<br \/>\nEnkoder: Enkoder absolutny EnDat 2048 S\/R (enkoder A-2048)<br \/>\nWa\u0142: g\u0142adki, klasa tolerancji N, ze zintegrowanym hamulcem przytrzymuj\u0105cym<br \/>\nStopie\u0144 ochrony: IP65, dodatkowo IP67 na ko\u0142nierzu wa\u0142u (DE)<br \/>\nWaga: oko\u0142o 14,6 kg<br \/>\nKonstrukcja\/ko\u0142nierz: ko\u0142nierz DE zgodny z IP67<br \/>\nPochodzenie: Niemcy<br \/>\nNorma: Zgodno\u015b\u0107 z dyrektyw\u0105 maszynow\u0105 2006\/42\/WE<br \/>\nSilnik mo\u017cna sprawdzi\u0107 po wcze\u015bniejszym um\u00f3wieniu.<br \/>\nAenderungen und Irrtuemer in den technischen Daten und Angaben sowie Zwischenverkauf vorbehalten!<\/p>\n<p>Dane techniczne<br \/>\nTyp: Synchroniczny silnik serwo, model 1FK6, 6-biegunowy<br \/>\nNominalny moment obrotowy: 11 Nm<br \/>\nPr\u0119dko\u015b\u0107 nominalna: 3000 obr\/min (100 Hz)<br \/>\nCh\u0142odzenie: Naturalne ch\u0142odzenie, konstrukcja IM B5 (V1, V3)<br \/>\nZ\u0142\u0105cze: Z\u0142\u0105cze zasilania\/sygna\u0142u, obracane o 270\u00b0<br \/>\nEnkoder: Enkoder absolutny EnDat 2048 S\/R (enkoder A-2048)<br \/>\nWa\u0142: g\u0142adki, klasa tolerancji N, ze zintegrowanym hamulcem przytrzymuj\u0105cym<br \/>\nStopie\u0144 ochrony: IP65, na ko\u0142nierzu wa\u0142u (DE) dodatkowo IP67<br \/>\nWaga: oko\u0142o 14,6 kg<br \/>\nKonstrukcja\/ko\u0142nierz: ko\u0142nierz DE zgodny z IP67<br \/>\nPochodzenie: Niemcy<br \/>\nNorma: zgodno\u015b\u0107 z dyrektyw\u0105 maszynow\u0105 2006\/42\/WE<\/p>\n<p>Silnik mo\u017cna sprawdzi\u0107 po wcze\u015bniejszym um\u00f3wieniu.<br \/>\nSubject to changes and errors in the technical data and information as well as prior sale!<\/p>\n<p>Przet\u0142umaczono za pomoc\u0105 DeepL.com (wersja bezp\u0142atna)<\/p>","protected":false},"excerpt":{"rendered":"<p>Standort: Deutschland, Baden-W\u00fcrttemberg S\u00fcdwest Zustand: Gebraucht Hersteller: Siemens Modell: Siemens Baujahr: 2004 Betriebsstunden: 0 Siemens SV_Motor_A06B-0866-B380 AC Spindel Motor Technische Daten Typ: Synchronsservomotor, Modell 1FK6, 6\u2011polig Nenndrehmoment: 11\u202fNm Nenndrehzahl: 3000\u202fU\/min (100\u202fHz) K\u00fchlung: Nat\u00fcrlich gek\u00fchlt, Bauform IM\u202fB5 (V1, V3) Anschluss: Leistungs-\/Signalstecker, drehbar um 270\u00b0 Encoder: Absolutwertgeber EnDat 2048 S\/R (Encoder A\u20112048) Welle: Glatt, Toleranzklasse N, mit [&hellip;]<\/p>\n","protected":false},"featured_media":6079,"template":"","meta":[],"product_brand":[],"product_cat":[82],"product_tag":[],"class_list":{"0":"post-6080","1":"product","2":"type-product","3":"status-publish","4":"has-post-thumbnail","6":"product_cat-servomotoren","8":"first","9":"instock","10":"taxable","11":"shipping-taxable","12":"product-type-simple"},"aioseo_notices":[],"_links":{"self":[{"href":"https:\/\/www.horn-wzm.de\/pl\/wp-json\/wp\/v2\/product\/6080","targetHints":{"allow":["GET"]}}],"collection":[{"href":"https:\/\/www.horn-wzm.de\/pl\/wp-json\/wp\/v2\/product"}],"about":[{"href":"https:\/\/www.horn-wzm.de\/pl\/wp-json\/wp\/v2\/types\/product"}],"version-history":[{"count":1,"href":"https:\/\/www.horn-wzm.de\/pl\/wp-json\/wp\/v2\/product\/6080\/revisions"}],"predecessor-version":[{"id":6081,"href":"https:\/\/www.horn-wzm.de\/pl\/wp-json\/wp\/v2\/product\/6080\/revisions\/6081"}],"wp:featuredmedia":[{"embeddable":true,"href":"https:\/\/www.horn-wzm.de\/pl\/wp-json\/wp\/v2\/media\/6079"}],"wp:attachment":[{"href":"https:\/\/www.horn-wzm.de\/pl\/wp-json\/wp\/v2\/media?parent=6080"}],"wp:term":[{"taxonomy":"product_brand","embeddable":true,"href":"https:\/\/www.horn-wzm.de\/pl\/wp-json\/wp\/v2\/product_brand?post=6080"},{"taxonomy":"product_cat","embeddable":true,"href":"https:\/\/www.horn-wzm.de\/pl\/wp-json\/wp\/v2\/product_cat?post=6080"},{"taxonomy":"product_tag","embeddable":true,"href":"https:\/\/www.horn-wzm.de\/pl\/wp-json\/wp\/v2\/product_tag?post=6080"}],"curies":[{"name":"wp","href":"https:\/\/api.w.org\/{rel}","templated":true}]}}