{"id":6056,"date":"2025-06-25T10:31:40","date_gmt":"2025-06-25T08:31:40","guid":{"rendered":"https:\/\/www.horn-wzm.de\/shop\/unkategorisiert\/gebr-lns_fox-ifs_absolute_ws-500_bj-2011oel-nebel-absauganlage-_intnr231315\/"},"modified":"2025-06-25T10:31:41","modified_gmt":"2025-06-25T08:31:41","slug":"gebr-lns_fox-ifs_absolute_ws-500_bj-2011oel-system-odsysania-mgly-_intnr231315","status":"publish","type":"product","link":"https:\/\/www.horn-wzm.de\/pl\/shop\/oel-emulsionsnebel-abzugsanlagen\/gebr-lns_fox-ifs_absolute_ws-500_bj-2011oel-nebel-absauganlage-_intnr231315\/","title":{"rendered":"LNS_FOX IFS_ABSOLUTE_WS 500_Bj. 2011System odsysania mg\u0142y olejowej _IntNr231315"},"content":{"rendered":"<p><b>Lokalizacja:<\/b> Niemcy, Badenia-Wirtembergia, po\u0142udniowy zach\u00f3d<\/p>\n<p><b>Zustand:<\/b> U\u017cywany<\/p>\n<p><b>Hersteller:<\/b> LNS<\/p>\n<p><b>Modell:<\/b> LNS<\/p>\n<p><b>Rok budowy:<\/b> 2011<\/p>\n<p>Dane techniczne - marka LNS FOX IFS WS 500<br \/>\nSpecyfikacja funkcji<br \/>\nModel FOX IFS WS 500<br \/>\nRok budowy 2011<br \/>\nWydajno\u015b\u0107 ok. 500 m\u00b3\/h<br \/>\nMoc silnika ok. 0,37 kW<br \/>\nNapi\u0119cie 400 V \/ 50 Hz (typowe)<br \/>\nWaga ok. 35 kg<br \/>\nWymiary ok. 465 \u00d7 500 \u00d7 1 145 mm (szer. x g\u0142\u0119b. x wys.)<br \/>\nEtapy filtrowania 1. filtr wst\u0119pny F52. Separator od\u015brodkowy3. Filtr ko\u0144cowy F5 (opcjonalnie HEPA H13)<br \/>\nSkuteczno\u015b\u0107 filtracji 99 % przy \u2265 1-2 \u00b5m (F9), opcjonalnie HEPA 99,95 % przy \u2265 0,1 \u00b5m<br \/>\nPoziom ha\u0142asu ok. 65 dB (WS2 mod. podobny)<br \/>\nAkcesoria i funkcje<br \/>\n- Kompaktowa konstrukcja do monta\u017cu bezpo\u015brednio na maszynach CNC lub obok nich<br \/>\n- Statystyka ssania<br \/>\n- Trzy etapy czyszczenia dla skutecznej separacji oleju i mg\u0142y emulsyjnej<br \/>\n- Filtr nabojowy mo\u017cna opcjonalnie wyposa\u017cy\u0107 w zestaw HEPA<br \/>\n- \u0141atwa konserwacja, cicha praca i trwa\u0142e elementy filtruj\u0105ce <\/p>\n<p>Aenderungen und Irrtuemer in den technischen Daten und Angaben sowie Zwischenverkauf vorbehalten!<\/p>\n<p>Dane techniczne - marka LNS FOX IFS WS 500<br \/>\nSpecyfikacja funkcji<br \/>\nModel FOX IFS WS 500<br \/>\nRok produkcji 2011<br \/>\nWydajno\u015b\u0107 ok. 500 m\u00b3\/h<br \/>\nMoc silnika ok. 0,37 kW<br \/>\nNapi\u0119cie 400 V \/ 50 Hz (typowe)<br \/>\nWaga ok. 35 kg<br \/>\nWymiary ok. 465 \u00d7 500 \u00d7 1 145 mm (szer. x g\u0142\u0119b. x wys.)<br \/>\nEtapy filtrowania 1. filtr wst\u0119pny F52. Separator od\u015brodkowy3. Filtr ko\u0144cowy F5 (opcjonalnie HEPA H13)<br \/>\nSkuteczno\u015b\u0107 filtracji 99 % przy \u2265 1-2 \u00b5m (F9), opcjonalnie HEPA 99,95 % przy \u2265 0,1 \u00b5m<br \/>\nPoziom ha\u0142asu ok. 65 dB (WS2 mod. podobny)<br \/>\nAkcesoria i funkcje<br \/>\n- Kompaktowa konstrukcja do monta\u017cu bezpo\u015brednio na maszynach CNC lub obok nich<br \/>\n- Statystyka dla ekstrakcji<br \/>\n- Trzy etapy czyszczenia dla skutecznej separacji oleju i mg\u0142y emulsyjnej<br \/>\n- Filtr nabojowy mo\u017cna opcjonalnie wyposa\u017cy\u0107 w zestaw HEPA<br \/>\n- \u0141atwa konserwacja, cicha praca i trwa\u0142e elementy filtruj\u0105ce <\/p>\n<p>Subject to changes and errors in the technical data and information as well as prior sale!<\/p>","protected":false},"excerpt":{"rendered":"<p>Standort: Deutschland, Baden-W\u00fcrttemberg S\u00fcdwest Zustand: Gebraucht Hersteller: LNS Modell: LNS Baujahr: 2011 Technische Daten \u2013 gebr. LNS FOX IFS WS\u202f500 Merkmal Spezifikation Modell FOX IFS WS\u202f500 Baujahr 2011 F\u00f6rderleistung ca. 500\u202fm\u00b3\/h Motorleistung ca. 0,37\u202fkW Spannung 400\u202fV \/ 50\u202fHz (typisch) Gewicht ca. 35\u202fkg Abmessungen ca.\u202f465\u202f\u00d7\u202f500\u202f\u00d7\u202f1\u202f145\u202fmm (BxTxH) Filterstufen 1. Vorfilter F52. Zentrifugalabscheider3. Nachfilter F5 (optional HEPA H13) [&hellip;]<\/p>\n","protected":false},"featured_media":6051,"template":"","meta":[],"product_brand":[],"product_cat":[79],"product_tag":[],"class_list":{"0":"post-6056","1":"product","2":"type-product","3":"status-publish","4":"has-post-thumbnail","6":"product_cat-oel-emulsionsnebel-abzugsanlagen","8":"first","9":"instock","10":"taxable","11":"shipping-taxable","12":"product-type-simple"},"aioseo_notices":[],"_links":{"self":[{"href":"https:\/\/www.horn-wzm.de\/pl\/wp-json\/wp\/v2\/product\/6056","targetHints":{"allow":["GET"]}}],"collection":[{"href":"https:\/\/www.horn-wzm.de\/pl\/wp-json\/wp\/v2\/product"}],"about":[{"href":"https:\/\/www.horn-wzm.de\/pl\/wp-json\/wp\/v2\/types\/product"}],"version-history":[{"count":1,"href":"https:\/\/www.horn-wzm.de\/pl\/wp-json\/wp\/v2\/product\/6056\/revisions"}],"predecessor-version":[{"id":6057,"href":"https:\/\/www.horn-wzm.de\/pl\/wp-json\/wp\/v2\/product\/6056\/revisions\/6057"}],"wp:featuredmedia":[{"embeddable":true,"href":"https:\/\/www.horn-wzm.de\/pl\/wp-json\/wp\/v2\/media\/6051"}],"wp:attachment":[{"href":"https:\/\/www.horn-wzm.de\/pl\/wp-json\/wp\/v2\/media?parent=6056"}],"wp:term":[{"taxonomy":"product_brand","embeddable":true,"href":"https:\/\/www.horn-wzm.de\/pl\/wp-json\/wp\/v2\/product_brand?post=6056"},{"taxonomy":"product_cat","embeddable":true,"href":"https:\/\/www.horn-wzm.de\/pl\/wp-json\/wp\/v2\/product_cat?post=6056"},{"taxonomy":"product_tag","embeddable":true,"href":"https:\/\/www.horn-wzm.de\/pl\/wp-json\/wp\/v2\/product_tag?post=6056"}],"curies":[{"name":"wp","href":"https:\/\/api.w.org\/{rel}","templated":true}]}}