{"id":5986,"date":"2025-05-13T14:40:57","date_gmt":"2025-05-13T12:40:57","guid":{"rendered":"https:\/\/www.horn-wzm.de\/shop\/unkategorisiert\/smw-hfkn-d-165-45-a5-dreibacken-keilstangenfutter-three-jaw-wedge-bar-chuck-intnr231293\/"},"modified":"2025-05-13T14:40:57","modified_gmt":"2025-05-13T12:40:57","slug":"smw-hfkn-d-165-45-a5-trojszczekowy-klinowy-uchwyt-wiertarski-trojszczekowy-klinowy-uchwyt-wiertarski-intnr231293","status":"publish","type":"product","link":"https:\/\/www.horn-wzm.de\/pl\/shop\/spannzangen\/smw-hfkn-d-165-45-a5-dreibacken-keilstangenfutter-three-jaw-wedge-bar-chuck-intnr231293\/","title":{"rendered":"SMW HFKN-D 165\/45\/A5 Tr\u00f3jszcz\u0119kowy uchwyt klinowy IntNr231293"},"content":{"rendered":"<p><b>Lokalizacja:<\/b> Niemcy, Badenia-Wirtembergia, po\u0142udniowy zach\u00f3d<\/p>\n<p><b>Zustand:<\/b> Jak nowy<\/p>\n<p><b>Modell:<\/b> zero<\/p>\n<p>Opis techniczny - SMW-Autoblok HFKN-D 165-45 A5<br \/>\nOznaczenie: Tr\u00f3jszcz\u0119kowy klinowy uchwyt pr\u0119towy<br \/>\nProducent: SMW-Autoblok<br \/>\nModel: HFKN-D 165-45 A5<br \/>\nKonstrukcja: Wysokowydajny uchwyt z nap\u0119dem klinowym<\/p>\n<p>Dane techniczne (typowe dla tego modelu):<br \/>\n\u00d8 uchwytu: 165 mm<\/p>\n<p>\u015arodkowy otw\u00f3r przelotowy (otw\u00f3r): ok. 45 mm<\/p>\n<p>Gniazdo: A5 (DIN 55026)<\/p>\n<p>Uruchamianie: Hydrauliczny (mechanizm klinowy)<\/p>\n<p>Liczba szcz\u0119k: 3 (zacisk centralny)<\/p>\n<p>Maks. Si\u0142a zacisku: w zale\u017cno\u015bci od ci\u015bnienia hydraulicznego ok. 45-60 kN<\/p>\n<p>Maks. Pr\u0119dko\u015b\u0107: ok. 5000 obr.<\/p>\n<p>Dok\u0142adno\u015b\u0107 powtarzania: typowo \u2264 0,01 mm<\/p>\n<p>Typ szcz\u0119k: standardowe szcz\u0119ki mi\u0119kkie lub twarde, mo\u017cliwe w zale\u017cno\u015bci od wyposa\u017cenia<\/p>\n<p>Aenderungen und Irrtuemer in den technischen Daten und Angaben sowie Zwischenverkauf vorbehalten!<\/p>\n<p>U\u017cywany opis techniczny - SMW-Autoblok HFKN-D 165-45 A5<br \/>\nOznaczenie: Tr\u00f3jszcz\u0119kowy klinowy uchwyt wiertarski<br \/>\nProducent: SMW-Autoblok<br \/>\nModel: HFKN-D 165-45 A5<br \/>\nKonstrukcja: wysokowydajny uchwyt zasilaj\u0105cy z si\u0142ownikiem klinowym<\/p>\n<p>Dane techniczne (typowe dla tego modelu):<br \/>\n\u015arednica uchwytu: 165 mm<\/p>\n<p>Centralny otw\u00f3r przelotowy: ok. 45 mm<\/p>\n<p>Interfejs monta\u017cowy: A5 (DIN 55026)<\/p>\n<p>Uruchamianie: hydrauliczne (mechanizm klinowy)<\/p>\n<p>Liczba szcz\u0119k: 3 (samocentruj\u0105ce)<\/p>\n<p>Maks. si\u0142a zacisku: ok. 45-60 kN (w zale\u017cno\u015bci od ci\u015bnienia hydraulicznego)<\/p>\n<p>Maks. pr\u0119dko\u015b\u0107: ok. 5000 obr.<\/p>\n<p>Powtarzalno\u015b\u0107: zazwyczaj \u2264 0,01 mm<\/p>\n<p>Typ szcz\u0119k: standardowe szcz\u0119ki mi\u0119kkie lub twarde, w zale\u017cno\u015bci od konfiguracji<\/p>\n<p>Zastrzega si\u0119 prawo do zmian technicznych, b\u0142\u0119d\u00f3w i wcze\u015bniejszej sprzeda\u017cy.<\/p>","protected":false},"excerpt":{"rendered":"<p>Standort: Deutschland, Baden-W\u00fcrttemberg S\u00fcdwest Zustand: Neuwertig Modell: null gebr. Technische Beschreibung \u2013 SMW-Autoblok HFKN-D 165-45 A5 Bezeichnung: Dreibacken-Keilstangenfutter Hersteller: SMW-Autoblok Modell: HFKN-D 165-45 A5 Ausf\u00fchrung: Hochleistungs-Kraftspannfutter mit Keilstangenantrieb ?\ufe0f Technische Daten (typisch f\u00fcr dieses Modell): Spannfutter-\u00d8: 165\u202fmm Zentrales Durchgangsbohrung (Bohrung): ca. 45\u202fmm Aufnahme: A5 (DIN 55026) Bet\u00e4tigung: Hydraulisch (Keilstangenmechanismus) Backenzahl: 3 (zentrisch spannend) Max. Spannkraft: [&hellip;]<\/p>\n","protected":false},"featured_media":5985,"template":"","meta":[],"product_brand":[],"product_cat":[92],"product_tag":[],"class_list":{"0":"post-5986","1":"product","2":"type-product","3":"status-publish","4":"has-post-thumbnail","6":"product_cat-spannzangen","8":"first","9":"instock","10":"taxable","11":"shipping-taxable","12":"product-type-simple"},"aioseo_notices":[],"_links":{"self":[{"href":"https:\/\/www.horn-wzm.de\/pl\/wp-json\/wp\/v2\/product\/5986","targetHints":{"allow":["GET"]}}],"collection":[{"href":"https:\/\/www.horn-wzm.de\/pl\/wp-json\/wp\/v2\/product"}],"about":[{"href":"https:\/\/www.horn-wzm.de\/pl\/wp-json\/wp\/v2\/types\/product"}],"version-history":[{"count":1,"href":"https:\/\/www.horn-wzm.de\/pl\/wp-json\/wp\/v2\/product\/5986\/revisions"}],"predecessor-version":[{"id":5987,"href":"https:\/\/www.horn-wzm.de\/pl\/wp-json\/wp\/v2\/product\/5986\/revisions\/5987"}],"wp:featuredmedia":[{"embeddable":true,"href":"https:\/\/www.horn-wzm.de\/pl\/wp-json\/wp\/v2\/media\/5985"}],"wp:attachment":[{"href":"https:\/\/www.horn-wzm.de\/pl\/wp-json\/wp\/v2\/media?parent=5986"}],"wp:term":[{"taxonomy":"product_brand","embeddable":true,"href":"https:\/\/www.horn-wzm.de\/pl\/wp-json\/wp\/v2\/product_brand?post=5986"},{"taxonomy":"product_cat","embeddable":true,"href":"https:\/\/www.horn-wzm.de\/pl\/wp-json\/wp\/v2\/product_cat?post=5986"},{"taxonomy":"product_tag","embeddable":true,"href":"https:\/\/www.horn-wzm.de\/pl\/wp-json\/wp\/v2\/product_tag?post=5986"}],"curies":[{"name":"wp","href":"https:\/\/api.w.org\/{rel}","templated":true}]}}