{"id":5955,"date":"2025-05-13T13:49:17","date_gmt":"2025-05-13T11:49:17","guid":{"rendered":"https:\/\/www.horn-wzm.de\/shop\/unkategorisiert\/gebr-biglia-wkz-halter-praezisionsbohrstangenhalter-2-x-o-32-used-toolholder-oesterle-art-354-5522-d32-bi09_intnr231286\/"},"modified":"2025-05-13T13:49:17","modified_gmt":"2025-05-13T11:49:17","slug":"gebr-biglia-wkz-uchwyt-precyzyjny-uchwyt-wytaczarski-2-x-o-32-uzywany-uchwyt-narzedziowy-oesterle-art-354-5522-d32-bi09_intnr231286","status":"publish","type":"product","link":"https:\/\/www.horn-wzm.de\/pl\/shop\/werkzeughalter\/gebr-biglia-wkz-halter-praezisionsbohrstangenhalter-2-x-o-32-used-toolholder-oesterle-art-354-5522-d32-bi09_intnr231286\/","title":{"rendered":"Biglia WKZ uchwyt do wytaczade\u0142 precyzyjnych 2 x \u00d8 32 \/u\u017cywany uchwyt narz\u0119dziowy Oesterle Art. 354 5522 D32 BI09_IntNr231286"},"content":{"rendered":"<p><b>Lokalizacja:<\/b> Niemcy, Badenia-Wirtembergia, po\u0142udniowy zach\u00f3d<\/p>\n<p><b>Zustand:<\/b> U\u017cywany<\/p>\n<p><b>Hersteller:<\/b> Oesterle<\/p>\n<p><b>Rok budowy:<\/b> 2015<\/p>\n<p>Markowy uchwyt narz\u0119dziowy \/ uchwyt do precyzyjnego wytaczania<br \/>\nProducent: Oesterle + Partner GbR \/ Niemcy<br \/>\nKompatybilne urz\u0105dzenia<br \/>\nUchwyt narz\u0119dzia<br \/>\nBMT 55<br \/>\nIKZ i AKZ<br \/>\nB 301 Y\/B301 YS<br \/>\nB 446 T2\/B 446 T3<br \/>\nB 545 M \/ S \/ SM \/ Y \/ YS<br \/>\nB 565 M \/ S \/ SM \/ Y \/ YS<br \/>\nB 620 - M \/ SM \/ Y \/ YS<br \/>\nB 650 - 658 M \/ SM \/ Y \/ YS<br \/>\nB750 M \/B750 SM \/B750 Y \/B750 YS - 12-krotno\u015b\u0107<br \/>\nB750 M \/B750 SM \/B750 Y \/B750 YS - 16-krotno\u015b\u0107<br \/>\nB1250M \/B1250SM \/B1250Y \/B1250YS 12-krotny<br \/>\nB1250M \/B1250SM \/B1250Y \/B120YS - 16-krotno\u015b\u0107<\/p>\n<p>Uchwyt narz\u0119dziowy \/ uchwyt do wytaczade\u0142 precyzyjnych <\/p>\n<p> 2 x \u00d8 32 mm <\/p>\n<p>Aenderungen und Irrtuemer in den technischen Daten und Angaben sowie Zwischenverkauf vorbehalten!<\/p>\n<p>U\u017cywane uchwyty narz\u0119dziowe \/ Uchwyty do wytaczade\u0142 precyzyjnych<br \/>\nProducent: Oesterle + Partner GbR \/ Niemcy<\/p>\n<p>Kompatybilne urz\u0105dzenia:<br \/>\nInterfejs narz\u0119dzia: BMT 55<br \/>\nZasilanie ch\u0142odziwem: Wewn\u0119trzne (IKZ) i zewn\u0119trzne (AKZ)<\/p>\n<p>B 301 Y \/ B 301 YS<\/p>\n<p>B 446 T2 \/ B 446 T3<\/p>\n<p>B 545 M \/ S \/ SM \/ Y \/ YS<\/p>\n<p>B 565 M \/ S \/ SM \/ Y \/ YS<\/p>\n<p>B 620 - M \/ SM \/ Y \/ YS<\/p>\n<p>B 650 - 658 M \/ SM \/ Y \/ YS<\/p>\n<p>B 750 M \/ B 750 SM \/ B 750 Y \/ B 750 YS - 12-pozycyjny<\/p>\n<p>B 750 M \/ B 750 SM \/ B 750 Y \/ B 750 YS - 16-pozycyjny<\/p>\n<p>B 1250 M \/ B 1250 SM \/ B 1250 Y \/ B 1250 YS - 12-pozycyjny<\/p>\n<p>B 1250 M \/ B 1250 SM \/ B 1250 Y \/ B 1250 YS - 16-pozycyjny<\/p>\n<p>Interfejs narz\u0119dziowy \/ precyzyjny uchwyt wiertarski:<br \/>\n2 x \u00d8 32 mm<\/p>\n<p>Z zastrze\u017ceniem wcze\u015bniejszej sprzeda\u017cy. Dane techniczne i specyfikacje mog\u0105 podlega\u0107 zmianom i b\u0142\u0119dom.<\/p>","protected":false},"excerpt":{"rendered":"<p>Standort: Deutschland, Baden-W\u00fcrttemberg S\u00fcdwest Zustand: Gebraucht Hersteller: Oesterle Baujahr: 2015 gebr. Werkzeughalter \/ Pr\u00e4zisionsbohrstangenhalter Hersteller: Oesterle + Partner GbR \/ Deutschland Kompatible Maschinen Werkzeugaufnahme BMT 55 IKZ und AKZ B 301 Y\/B301 YS B 446 T2\/B 446 T3 B 545 M \/ S \/ SM \/ Y \/ YS B 565 M \/ S \/ [&hellip;]<\/p>\n","protected":false},"featured_media":5952,"template":"","meta":[],"product_brand":[],"product_cat":[84],"product_tag":[],"class_list":{"0":"post-5955","1":"product","2":"type-product","3":"status-publish","4":"has-post-thumbnail","6":"product_cat-werkzeughalter","8":"first","9":"instock","10":"taxable","11":"shipping-taxable","12":"product-type-simple"},"aioseo_notices":[],"_links":{"self":[{"href":"https:\/\/www.horn-wzm.de\/pl\/wp-json\/wp\/v2\/product\/5955","targetHints":{"allow":["GET"]}}],"collection":[{"href":"https:\/\/www.horn-wzm.de\/pl\/wp-json\/wp\/v2\/product"}],"about":[{"href":"https:\/\/www.horn-wzm.de\/pl\/wp-json\/wp\/v2\/types\/product"}],"version-history":[{"count":1,"href":"https:\/\/www.horn-wzm.de\/pl\/wp-json\/wp\/v2\/product\/5955\/revisions"}],"predecessor-version":[{"id":5956,"href":"https:\/\/www.horn-wzm.de\/pl\/wp-json\/wp\/v2\/product\/5955\/revisions\/5956"}],"wp:featuredmedia":[{"embeddable":true,"href":"https:\/\/www.horn-wzm.de\/pl\/wp-json\/wp\/v2\/media\/5952"}],"wp:attachment":[{"href":"https:\/\/www.horn-wzm.de\/pl\/wp-json\/wp\/v2\/media?parent=5955"}],"wp:term":[{"taxonomy":"product_brand","embeddable":true,"href":"https:\/\/www.horn-wzm.de\/pl\/wp-json\/wp\/v2\/product_brand?post=5955"},{"taxonomy":"product_cat","embeddable":true,"href":"https:\/\/www.horn-wzm.de\/pl\/wp-json\/wp\/v2\/product_cat?post=5955"},{"taxonomy":"product_tag","embeddable":true,"href":"https:\/\/www.horn-wzm.de\/pl\/wp-json\/wp\/v2\/product_tag?post=5955"}],"curies":[{"name":"wp","href":"https:\/\/api.w.org\/{rel}","templated":true}]}}