{"id":5938,"date":"2025-05-09T17:04:34","date_gmt":"2025-05-09T15:04:34","guid":{"rendered":"https:\/\/www.horn-wzm.de\/shop\/unkategorisiert\/gebr-biglia-wkz-halter-angetr-used-toolholder-driven-oesterle-art-300-5521-e32-bi09-mit-ikz_intnr231282\/"},"modified":"2025-05-09T17:04:35","modified_gmt":"2025-05-09T15:04:35","slug":"gebr-biglia-wkz-uchwyt-angetr-uzywany-uchwyt-narzedziowy-napedzany-oesterle-art-300-5521-e32-bi09-z-ikz_intnr231282","status":"publish","type":"product","link":"https:\/\/www.horn-wzm.de\/pl\/shop\/werkzeughalter\/gebr-biglia-wkz-halter-angetr-used-toolholder-driven-oesterle-art-300-5521-e32-bi09-mit-ikz_intnr231282\/","title":{"rendered":"Biglia u\u017cywany uchwyt narz\u0119dziowy nap\u0119dzany Oesterle Art. 300 5521 E32 BI09 z IKZ_IntNr231282"},"content":{"rendered":"<p><b>Lokalizacja:<\/b> Niemcy, Badenia-Wirtembergia, po\u0142udniowy zach\u00f3d<\/p>\n<p><b>Zustand:<\/b> U\u017cywany<\/p>\n<p><b>Hersteller:<\/b> Oesterle<\/p>\n<p><b>Rok budowy:<\/b> 2015<\/p>\n<p>Nap\u0119dzane uchwyty narz\u0119dziowe z IKZ<br \/>\nProducent: Oesterle + Partner GbR \/ Niemcy<br \/>\nKompatybilne urz\u0105dzenia<br \/>\nUchwyt narz\u0119dzia<br \/>\nG\u0142owica wierc\u0105co-frezuj\u0105ca<br \/>\nER32 1:1<br \/>\nBMT 55<br \/>\nIKZ i AKZ<br \/>\nB 301 Y\/B301 YS<br \/>\nB 446 T2\/B 446 T3<br \/>\nB 545 M \/ S \/ SM \/ Y \/ YS<br \/>\nB 565 M \/ S \/ SM \/ Y \/ YS<br \/>\nB 620 - M \/ SM \/ Y \/ YS<br \/>\nB 650 - 658 M \/ SM \/ Y \/ YS<br \/>\nB750 M \/B750 SM \/B750 Y \/B750 YS - 12-krotno\u015b\u0107<br \/>\nB750 M \/B750 SM \/B750 Y \/B750 YS - 16-krotno\u015b\u0107<br \/>\nB1250M \/B1250SM \/B1250Y \/B1250YS 12-krotny<br \/>\nB1250M \/B1250SM \/B1250Y \/B120YS - 16-krotno\u015b\u0107<\/p>\n<p>Z IKZ i szybk\u0105 regulacj\u0105 przewodu ch\u0142odz\u0105cego (pat.)<\/p>\n<p>Uchwyt narz\u0119dzia<br \/>\n DIN 6499 ER 32<br \/>\n( d ) Zakres mocowania<br \/>\n0,5 - 20 mm<br \/>\nIKZ + ch\u0142odzenie zewn\u0119trzne<br \/>\ndo obr\u00f3bki promieniowej <\/p>\n<p>Aenderungen und Irrtuemer in den technischen Daten und Angaben sowie Zwischenverkauf vorbehalten!<\/p>\n<p>U\u017cywane oprawki narz\u0119dziowe z wewn\u0119trznym uk\u0142adem ch\u0142odzenia (ICS)<br \/>\nProducent: Oesterle + Partner GbR \/ Niemcy<\/p>\n<p>Kompatybilne maszyny<br \/>\nInterfejs uchwytu narz\u0119dziowego<br \/>\nG\u0142owica wierc\u0105co-frezuj\u0105ca<br \/>\nER32 1:1<br \/>\nBMT 55<br \/>\nICS (wewn\u0119trzne zasilanie ch\u0142odziwem) i ECS (zewn\u0119trzne zasilanie ch\u0142odziwem)<\/p>\n<p>Kompatybilne modele maszyn:<\/p>\n<p>B 301 Y \/ B301 YS<\/p>\n<p>B 446 T2 \/ B 446 T3<\/p>\n<p>B 545 M \/ S \/ SM \/ Y \/ YS<\/p>\n<p>B 565 M \/ S \/ SM \/ Y \/ YS<\/p>\n<p>B 620 - M \/ SM \/ Y \/ YS<\/p>\n<p>B 650 - 658 M \/ SM \/ Y \/ YS<\/p>\n<p>B750 M \/ B750 SM \/ B750 Y \/ B750 YS - 12-pozycyjny<\/p>\n<p>B750 M \/ B750 SM \/ B750 Y \/ B750 YS - 16-pozycyjny<\/p>\n<p>B1250M \/ B1250SM \/ B1250Y \/ B1250YS - 12-pozycyjny<\/p>\n<p>B1250M \/ B1250SM \/ B1250Y \/ B1250YS - 16-pozycyjny<\/p>\n<p>Wyposa\u017cony w system ICS i opatentowan\u0105 szybk\u0105 regulacj\u0119 przewodu ch\u0142odziwa.<\/p>\n<p>Interfejs narz\u0119dzia<br \/>\nDIN 6499 ER 32<br \/>\n(d) Zakres mocowania: 0,5 - 20 mm<br \/>\nICS + ch\u0142odzenie zewn\u0119trzne<br \/>\nDo obr\u00f3bki promieniowej<\/p>\n<p>Specyfikacje techniczne i informacje mog\u0105 ulec zmianie. Wcze\u015bniejsza sprzeda\u017c zastrze\u017cona!<\/p>","protected":false},"excerpt":{"rendered":"<p>Standort: Deutschland, Baden-W\u00fcrttemberg S\u00fcdwest Zustand: Gebraucht Hersteller: Oesterle Baujahr: 2015 gebr. angetriebene Werkzeughalter mit IKZ Hersteller: Oesterle + Partner GbR \/ Deutschland Kompatible Maschinen Werkzeugaufnahme Bohr- und Fr\u00e4skopf ER32 1:1 BMT 55 IKZ und AKZ B 301 Y\/B301 YS B 446 T2\/B 446 T3 B 545 M \/ S \/ SM \/ Y \/ YS [&hellip;]<\/p>\n","protected":false},"featured_media":5936,"template":"","meta":[],"product_brand":[],"product_cat":[84],"product_tag":[],"class_list":{"0":"post-5938","1":"product","2":"type-product","3":"status-publish","4":"has-post-thumbnail","6":"product_cat-werkzeughalter","8":"first","9":"instock","10":"taxable","11":"shipping-taxable","12":"product-type-simple"},"aioseo_notices":[],"_links":{"self":[{"href":"https:\/\/www.horn-wzm.de\/pl\/wp-json\/wp\/v2\/product\/5938","targetHints":{"allow":["GET"]}}],"collection":[{"href":"https:\/\/www.horn-wzm.de\/pl\/wp-json\/wp\/v2\/product"}],"about":[{"href":"https:\/\/www.horn-wzm.de\/pl\/wp-json\/wp\/v2\/types\/product"}],"version-history":[{"count":1,"href":"https:\/\/www.horn-wzm.de\/pl\/wp-json\/wp\/v2\/product\/5938\/revisions"}],"predecessor-version":[{"id":5939,"href":"https:\/\/www.horn-wzm.de\/pl\/wp-json\/wp\/v2\/product\/5938\/revisions\/5939"}],"wp:featuredmedia":[{"embeddable":true,"href":"https:\/\/www.horn-wzm.de\/pl\/wp-json\/wp\/v2\/media\/5936"}],"wp:attachment":[{"href":"https:\/\/www.horn-wzm.de\/pl\/wp-json\/wp\/v2\/media?parent=5938"}],"wp:term":[{"taxonomy":"product_brand","embeddable":true,"href":"https:\/\/www.horn-wzm.de\/pl\/wp-json\/wp\/v2\/product_brand?post=5938"},{"taxonomy":"product_cat","embeddable":true,"href":"https:\/\/www.horn-wzm.de\/pl\/wp-json\/wp\/v2\/product_cat?post=5938"},{"taxonomy":"product_tag","embeddable":true,"href":"https:\/\/www.horn-wzm.de\/pl\/wp-json\/wp\/v2\/product_tag?post=5938"}],"curies":[{"name":"wp","href":"https:\/\/api.w.org\/{rel}","templated":true}]}}