{"id":5906,"date":"2025-05-08T15:18:51","date_gmt":"2025-05-08T13:18:51","guid":{"rendered":"https:\/\/www.horn-wzm.de\/shop\/unkategorisiert\/gebr-biglia-wkz-halter-angetr-used-toolholder-driven-oesterle-art-310-5521-e32-bi09-kja-3-mit-ikz_intnr231278\/"},"modified":"2025-05-13T15:16:38","modified_gmt":"2025-05-13T13:16:38","slug":"gebr-biglia-wkz-uchwyt-angetr-uzywany-uchwyt-narzedziowy-napedzany-oesterle-art-310-5521-e32-bi09-kja-3-z-ikz_intnr231278","status":"publish","type":"product","link":"https:\/\/www.horn-wzm.de\/pl\/shop\/werkzeughalter\/gebr-biglia-wkz-halter-angetr-used-toolholder-driven-oesterle-art-310-5521-e32-bi09-kja-3-mit-ikz_intnr231278\/","title":{"rendered":"Biglia u\u017cywany uchwyt narz\u0119dziowy nap\u0119dzany Oesterle Art. 310 5521-E32 BI09 KJA-3 z IKZ_IntNr231278"},"content":{"rendered":"<p><b>Lokalizacja:<\/b> Niemcy, Badenia-Wirtembergia, po\u0142udniowy zach\u00f3d<\/p>\n<p><b>Zustand:<\/b> U\u017cywany<\/p>\n<p><b>Hersteller:<\/b> Oesterle<\/p>\n<p><b>Modell:<\/b> Oesterle<\/p>\n<p><b>Rok budowy:<\/b> 2015<\/p>\n<p>Nap\u0119dzane uchwyty narz\u0119dziowe z IKZ<br \/>\nProducent: Oesterle + Partner GbR \/ Niemcy<br \/>\nKompatybilne urz\u0105dzenia<br \/>\nUchwyt narz\u0119dzia<br \/>\nG\u0142owica wierc\u0105co-frezuj\u0105ca<br \/>\n90 stopni Biglia - BMT55 BH 100 mm<br \/>\nB 301 Y\/B301 YS<br \/>\nB 446 T2\/B 446 T3<br \/>\nB 545 M \/ S \/ SM \/ Y \/ YS<br \/>\nB 565 M \/ S \/ SM \/ Y \/ YS<br \/>\nB 620 - M \/ SM \/ Y \/ YS<br \/>\nB 650 - 658 M \/ SM \/ Y \/ YS<br \/>\nB750 M \/B750 SM \/B750 Y \/B750 YS - 12-krotno\u015b\u0107<br \/>\nB750 M \/B750 SM \/B750 Y \/B750 YS - 16-krotno\u015b\u0107<br \/>\nB1250M \/B1250SM \/B1250Y \/B1250YS 12-krotny<br \/>\nB1250M \/B1250SM \/B1250Y \/B120YS - 16-krotno\u015b\u0107<br \/>\nBIGLIA - BMT55\u00d7<br \/>\nPower-Line<br \/>\nZ IKZ i szybk\u0105 regulacj\u0105 przewodu ch\u0142odz\u0105cego (pat.)<br \/>\nPower Line<br \/>\n(\u0142o\u017cysko sto\u017ckowe)<br \/>\nArt. 310 5521-E32 BI09 KJA<br \/>\nUchwyt narz\u0119dzia<br \/>\n DIN 6499 ER 32<br \/>\n( d ) Zakres mocowania<br \/>\n1,0 - 20 mm<br \/>\nIKZ + ch\u0142odzenie zewn\u0119trzne<br \/>\nbar 85<\/p>\n<p>U\u017cywany uchwyt narz\u0119dziowy z wewn\u0119trznym ch\u0142odzeniem (IKZ)<br \/>\nProducent: Oesterle + Partner GbR \/ Niemcy<\/p>\n<p>Kompatybilne urz\u0105dzenia:<br \/>\nBiglia - BMT55 BH, 100 mm<br \/>\nB 301 Y\/B301 YS<br \/>\nB 446 T2\/B 446 T3<br \/>\nB 545 M \/ S \/ SM \/ Y \/ YS<br \/>\nB 565 M \/ S \/ SM \/ Y \/ YS<br \/>\nB 620 - M \/ SM \/ Y \/ YS<br \/>\nB 650 - 658 M \/ SM \/ Y \/ YS<br \/>\nB750 M \/B750 SM \/B750 Y \/B750 YS - 12-krotno\u015b\u0107<br \/>\nB750 M \/B750 SM \/B750 Y \/B750 YS - 16-krotno\u015b\u0107<br \/>\nB1250M \/B1250SM \/B1250Y \/B1250YS 12-krotny<br \/>\nB1250M \/B1250SM \/B1250Y \/B120YS - 16-krotno\u015b\u0107<br \/>\nBIGLIA - BMT55\u00d7<\/p>\n<p>Typ uchwytu narz\u0119dzia:<br \/>\nG\u0142owica wierc\u0105co-frezuj\u0105ca, k\u0105t 90<br \/>\nSeria Power-Line z wewn\u0119trznym uk\u0142adem ch\u0142odzenia (IKZ) i opatentowanym przewodem ch\u0142odziwa z szybk\u0105 regulacj\u0105<br \/>\nPower-Line (z \u0142o\u017cyskami sto\u017ckowymi)<\/p>\n<p>Nr artyku\u0142u: 310 5521-E32 BI09 KJA<\/p>\n<p>Interfejs narz\u0119dzia:<br \/>\nDIN 6499 ER 32<br \/>\nZakres mocowania (d): 1,0 - 20 mm<\/p>\n<p>Zasilanie ch\u0142odziwem:<br \/>\nCh\u0142odziwo wewn\u0119trzne (IKZ) + ch\u0142odzenie zewn\u0119trzne<br \/>\nMaks. Ci\u015bnienie: 85 bar<\/p>","protected":false},"excerpt":{"rendered":"<p>Standort: Deutschland, Baden-W\u00fcrttemberg S\u00fcdwest Zustand: Gebraucht Hersteller: Oesterle Modell: Oesterle Baujahr: 2015 gebr. angetriebene Werkzeughalter mit IKZ Hersteller: Oesterle + Partner GbR \/ Deutschland Kompatible Maschinen Werkzeugaufnahme Bohr- und Fr\u00e4skopf 90 Grad Biglia \u2013 BMT55 BH 100 mm B 301 Y\/B301 YS B 446 T2\/B 446 T3 B 545 M \/ S \/ SM \/ [&hellip;]<\/p>\n","protected":false},"featured_media":5998,"template":"","meta":[],"product_brand":[],"product_cat":[84],"product_tag":[],"class_list":{"0":"post-5906","1":"product","2":"type-product","3":"status-publish","4":"has-post-thumbnail","6":"product_cat-werkzeughalter","8":"first","9":"instock","10":"taxable","11":"shipping-taxable","12":"purchasable","13":"product-type-simple"},"aioseo_notices":[],"_links":{"self":[{"href":"https:\/\/www.horn-wzm.de\/pl\/wp-json\/wp\/v2\/product\/5906","targetHints":{"allow":["GET"]}}],"collection":[{"href":"https:\/\/www.horn-wzm.de\/pl\/wp-json\/wp\/v2\/product"}],"about":[{"href":"https:\/\/www.horn-wzm.de\/pl\/wp-json\/wp\/v2\/types\/product"}],"version-history":[{"count":4,"href":"https:\/\/www.horn-wzm.de\/pl\/wp-json\/wp\/v2\/product\/5906\/revisions"}],"predecessor-version":[{"id":6000,"href":"https:\/\/www.horn-wzm.de\/pl\/wp-json\/wp\/v2\/product\/5906\/revisions\/6000"}],"wp:featuredmedia":[{"embeddable":true,"href":"https:\/\/www.horn-wzm.de\/pl\/wp-json\/wp\/v2\/media\/5998"}],"wp:attachment":[{"href":"https:\/\/www.horn-wzm.de\/pl\/wp-json\/wp\/v2\/media?parent=5906"}],"wp:term":[{"taxonomy":"product_brand","embeddable":true,"href":"https:\/\/www.horn-wzm.de\/pl\/wp-json\/wp\/v2\/product_brand?post=5906"},{"taxonomy":"product_cat","embeddable":true,"href":"https:\/\/www.horn-wzm.de\/pl\/wp-json\/wp\/v2\/product_cat?post=5906"},{"taxonomy":"product_tag","embeddable":true,"href":"https:\/\/www.horn-wzm.de\/pl\/wp-json\/wp\/v2\/product_tag?post=5906"}],"curies":[{"name":"wp","href":"https:\/\/api.w.org\/{rel}","templated":true}]}}